{"id":2856,"date":"2015-11-24T15:42:57","date_gmt":"2015-11-24T15:42:57","guid":{"rendered":"https:\/\/tri-volt.com\/nema-7-enclosure-300-lbs-stainless\/"},"modified":"2023-11-24T16:37:50","modified_gmt":"2023-11-24T16:37:50","slug":"boitier-nema-7-300-lbs-inoxydable","status":"publish","type":"page","link":"https:\/\/tri-volt.com\/fr\/energie\/thermoplongeur-a-ailettes-en-acier-inoxydable\/boitier-nema-7-300-lbs-inoxydable\/","title":{"rendered":"Bo\u00eetier Nema 7 &#8211; 300 lbs &#8211; Inoxydable"},"content":{"rendered":"<p>&nbsp;<\/p>\n<p><b>bride de 3\u2019\u2019, 4\u2019\u2019, 5\u2019\u2019, 6\u2019\u2019, 8\u2019\u2019 et 10\u2019\u2019<\/b><a href=\"https:\/\/tri-volt.com\/wp-content\/uploads\/2015\/11\/ss-3po-flange-300-n7_chart.jpg\" target=\"_blank\" rel=\"noopener\"><br style=\"font-weight: 400;\" \/><img decoding=\"async\" class=\"alignleft wp-image-906\" src=\"https:\/\/tri-volt.com\/wp-content\/uploads\/2015\/11\/ss-3po-flange-300-n7_chart.jpg\" alt=\"SS-3inch-flange-300lbs-Nema7\" width=\"100%\" \/><\/a><\/p>\n<p><a href=\"https:\/\/tri-volt.com\/wp-content\/uploads\/2015\/11\/ss-6po-flange-300-n7_chart.jpg\" target=\"_blank\" rel=\"noopener\"><img decoding=\"async\" class=\"alignleft wp-image-906\" src=\"https:\/\/tri-volt.com\/wp-content\/uploads\/2015\/11\/ss-6po-flange-300-n7_chart.jpg\" alt=\"SS-6inch-flange-300lbs-Nema7\" width=\"100%\" \/><\/a><\/p>\n<p><a href=\"https:\/\/tri-volt.com\/wp-content\/uploads\/2015\/11\/ss-8po-flange-300-n7_chart.jpg\" target=\"_blank\" rel=\"noopener\"><img decoding=\"async\" class=\"alignleft wp-image-906\" src=\"https:\/\/tri-volt.com\/wp-content\/uploads\/2015\/11\/ss-8po-flange-300-n7_chart.jpg\" alt=\"SS-8inch-flange-300lbs-Nema7\" width=\"100%\" \/><\/a><\/p>\n<p><a href=\"https:\/\/tri-volt.com\/wp-content\/uploads\/2015\/11\/ss-10po-flange-300-n7_chart.jpg\" target=\"_blank\" rel=\"noopener\"><img decoding=\"async\" class=\"alignleft wp-image-906\" src=\"https:\/\/tri-volt.com\/wp-content\/uploads\/2015\/11\/ss-10po-flange-300-n7_chart.jpg\" alt=\"SS-10inch-flange-300lbs-Nema7\" width=\"100%\" \/><\/a><\/p>\n<p>&nbsp;<\/p>\n<p>&nbsp;<\/p>\n<p>&nbsp;<\/p>\n<p><strong>Tous nos produits ont subi des tests internes stricts et des tests CSA. CAN\/CSA-C22.2 No. 72-10 (2013) et UL 499 Treizi\u00e8me \u00c9ditions; Classe 2871-02 et 2871-82.<\/strong><\/p>\n<p><span style=\"font-weight: 400;\">Les industries Trivolt adopte un syst\u00e8me de contr\u00f4le de qualit\u00e9 interne strict (QMSM-2009). Chaque appareil de chauffage est test\u00e9 pour sa r\u00e9sistance et sa tenue di\u00e9lectrique. Tous nos appareils de chauffage sont approuv\u00e9s par les marquages CSA, UL et CE.<\/span><\/p>\n","protected":false},"excerpt":{"rendered":"<p>&nbsp; bride de 3\u2019\u2019, 4\u2019\u2019, 5\u2019\u2019, 6\u2019\u2019, 8\u2019\u2019 et 10\u2019\u2019 &nbsp; &nbsp; &nbsp; Tous nos produits ont subi des tests internes stricts et des tests CSA. CAN\/CSA-C22.2 No. 72-10 (2013) et UL 499 Treizi\u00e8me \u00c9ditions; Classe 2871-02 et 2871-82. Les industries Trivolt adopte un syst\u00e8me de contr\u00f4le de qualit\u00e9 interne strict (QMSM-2009). Chaque appareil de [&hellip;]<\/p>\n","protected":false},"author":12,"featured_media":0,"parent":2951,"menu_order":0,"comment_status":"closed","ping_status":"closed","template":"","meta":{"footnotes":""},"class_list":["post-2856","page","type-page","status-publish","hentry"],"aioseo_notices":[],"_links":{"self":[{"href":"https:\/\/tri-volt.com\/fr\/wp-json\/wp\/v2\/pages\/2856","targetHints":{"allow":["GET"]}}],"collection":[{"href":"https:\/\/tri-volt.com\/fr\/wp-json\/wp\/v2\/pages"}],"about":[{"href":"https:\/\/tri-volt.com\/fr\/wp-json\/wp\/v2\/types\/page"}],"author":[{"embeddable":true,"href":"https:\/\/tri-volt.com\/fr\/wp-json\/wp\/v2\/users\/12"}],"replies":[{"embeddable":true,"href":"https:\/\/tri-volt.com\/fr\/wp-json\/wp\/v2\/comments?post=2856"}],"version-history":[{"count":8,"href":"https:\/\/tri-volt.com\/fr\/wp-json\/wp\/v2\/pages\/2856\/revisions"}],"predecessor-version":[{"id":3150,"href":"https:\/\/tri-volt.com\/fr\/wp-json\/wp\/v2\/pages\/2856\/revisions\/3150"}],"up":[{"embeddable":true,"href":"https:\/\/tri-volt.com\/fr\/wp-json\/wp\/v2\/pages\/2951"}],"wp:attachment":[{"href":"https:\/\/tri-volt.com\/fr\/wp-json\/wp\/v2\/media?parent=2856"}],"curies":[{"name":"wp","href":"https:\/\/api.w.org\/{rel}","templated":true}]}}