{"id":2865,"date":"2018-05-01T15:56:17","date_gmt":"2018-05-01T15:56:17","guid":{"rendered":"https:\/\/tri-volt.com\/90o-compression-style\/"},"modified":"2023-11-22T15:08:03","modified_gmt":"2023-11-22T15:08:03","slug":"modele-a-compression-a-90-degres","status":"publish","type":"page","link":"https:\/\/tri-volt.com\/fr\/industriel\/thermocouples\/modele-a-compression-a-90-degres\/","title":{"rendered":"Mod\u00e8le \u00e0 compression \u00e0 90 degr\u00e9s"},"content":{"rendered":"<table id=\"products-inline\" style=\"width: 100%;\" border=\"1\" cellspacing=\"1\" cellpadding=\"1\" align=\"center\">\n<tbody>\n<tr>\n<td class=\"top-tt-title\" colspan=\"3\" bgcolor=\"#003774\">THERMOCOUPLES \u00c0 COMPRESSION \u00c0 90 DEGR\u00c9S<\/td>\n<\/tr>\n<tr>\n<td width=\"140\">TC-J-X-24SS-SL<\/td>\n<td rowspan=\"10\" valign=\"middle\"><img loading=\"lazy\" decoding=\"async\" class=\"alignnone size-medium wp-image-1850\" src=\"https:\/\/tri-volt.com\/wp-content\/uploads\/2018\/05\/90-degree-compression-1-300x115.jpg\" alt=\"\" width=\"300\" height=\"115\" srcset=\"https:\/\/tri-volt.com\/wp-content\/uploads\/2018\/05\/90-degree-compression-1-300x115.jpg 300w, https:\/\/tri-volt.com\/wp-content\/uploads\/2018\/05\/90-degree-compression-1.jpg 512w\" sizes=\"auto, (max-width: 300px) 100vw, 300px\" \/><\/td>\n<td rowspan=\"10\" valign=\"middle\">\n<ul>\n<li><span style=\"font-weight: 400;\">Tube de 3\/16\u2019\u2019 \u00e0\u00a0 90 degr\u00e9s<\/span><\/li>\n<li>Tresse en acier inoxydable<\/li>\n<li>Cosse \u00e0 b\u00eache 10-32 standard<\/li>\n<li>Type J ou Type K (remplacer J par K dans le num\u00e9ro de l&rsquo;article)<\/li>\n<li>Longueurs de c\u00e2ble standard: 24\u201d, 36\u201d, 48\u201d, 60\u201d, 72\u201d, 84\u201d, 96\u201d, 108\u201d, 120\u201d et 144\u201d<\/li>\n<\/ul>\n<\/td>\n<\/tr>\n<tr>\n<td>TC-J-X-36SS-SL<\/td>\n<\/tr>\n<tr>\n<td>TC-J-X-48SS-SL<\/td>\n<\/tr>\n<tr>\n<td>TC-J-X-60SS-SL<\/td>\n<\/tr>\n<tr>\n<td>TC-J-X-72SS-SL<\/td>\n<\/tr>\n<tr>\n<td>TC-J-X-84SS-SL<\/td>\n<\/tr>\n<tr>\n<td>TC-J-X-96SS-SL<\/td>\n<\/tr>\n<tr>\n<td>TC-J-X-108SS-SL<\/td>\n<\/tr>\n<tr>\n<td>TC-J-X-120SS-SL<\/td>\n<\/tr>\n<tr>\n<td>TC-J-X-144SS-SL<\/td>\n<\/tr>\n<tr>\n<td style=\"padding: 0;\" colspan=\"3\" bgcolor=\"#000000\" height=\"1\"><\/td>\n<\/tr>\n<tr>\n<td width=\"140\">TC-J-X-24SS-PLG<\/td>\n<td rowspan=\"10\" valign=\"middle\"><img loading=\"lazy\" decoding=\"async\" class=\"alignnone size-medium wp-image-1851\" src=\"https:\/\/tri-volt.com\/wp-content\/uploads\/2018\/05\/90-degree-compression-2-300x115.jpg\" alt=\"\" width=\"300\" height=\"115\" srcset=\"https:\/\/tri-volt.com\/wp-content\/uploads\/2018\/05\/90-degree-compression-2-300x115.jpg 300w, https:\/\/tri-volt.com\/wp-content\/uploads\/2018\/05\/90-degree-compression-2.jpg 512w\" sizes=\"auto, (max-width: 300px) 100vw, 300px\" \/><\/td>\n<td rowspan=\"10\" valign=\"middle\">\n<ul>\n<li>Tube de 3\/16\u00a0\u00bb \u00e0 90 degr\u00e9s<\/li>\n<li>Tresse en acier inoxydable<\/li>\n<li>Prise<\/li>\n<li>Type J ou Type K (remplacer J par K dans le num\u00e9ro de l&rsquo;article)<\/li>\n<li>Longueurs de c\u00e2ble standard: 24\u201d, 36\u201d, 48\u201d, 60\u201d, 72\u201d, 84\u201d, 96\u201d, 108\u201d, 120\u201d et 144\u201d<\/li>\n<\/ul>\n<\/td>\n<\/tr>\n<tr>\n<td>TC-J-X-36SS-PLG<\/td>\n<\/tr>\n<tr>\n<td>TC-J-X-48SS-PLG<\/td>\n<\/tr>\n<tr>\n<td>TC-J-X-60SS-PLG<\/td>\n<\/tr>\n<tr>\n<td>TC-J-X-72SS-PLG<\/td>\n<\/tr>\n<tr>\n<td>TC-J-X-84SS-PLG<\/td>\n<\/tr>\n<tr>\n<td>TC-J-X-96SS-PLG<\/td>\n<\/tr>\n<tr>\n<td>TC-J-X-108SS-PLG<\/td>\n<\/tr>\n<tr>\n<td>TC-J-X-120SS-PLG<\/td>\n<\/tr>\n<tr>\n<td>TC-J-X-144SS-PLG<\/td>\n<\/tr>\n<tr>\n<td style=\"padding: 0;\" colspan=\"3\" bgcolor=\"#000000\" height=\"1\"><\/td>\n<\/tr>\n<tr>\n<td width=\"140\">TC-J-X-24AC-SL<\/td>\n<td rowspan=\"10\" valign=\"middle\"><img loading=\"lazy\" decoding=\"async\" class=\"alignnone size-medium wp-image-1852\" src=\"https:\/\/tri-volt.com\/wp-content\/uploads\/2018\/05\/90-degree-compression-3-300x115.jpg\" alt=\"\" width=\"300\" height=\"115\" srcset=\"https:\/\/tri-volt.com\/wp-content\/uploads\/2018\/05\/90-degree-compression-3-300x115.jpg 300w, https:\/\/tri-volt.com\/wp-content\/uploads\/2018\/05\/90-degree-compression-3.jpg 512w\" sizes=\"auto, (max-width: 300px) 100vw, 300px\" \/><\/td>\n<td rowspan=\"10\" valign=\"middle\">\n<ul>\n<li>Tube de 3\/16\u00a0\u00bb \u00e0 90 degr\u00e9s<\/li>\n<li>C\u00e2ble d&rsquo;armure (CA)<\/li>\n<li>Crosse \u00e0 b\u00eache 10-32 standard<\/li>\n<li>Type J or Type K (remplacer J par K dans le num\u00e9ro de l&rsquo;article)<\/li>\n<li>Longueurs de c\u00e2ble standard: 24\u201d, 36\u201d, 48\u201d, 60\u201d, 72\u201d, 84\u201d, 96\u201d, 108\u201d, 120\u201d et 144\u201d<\/li>\n<\/ul>\n<\/td>\n<\/tr>\n<tr>\n<td>TC-J-X-36AC-SL<\/td>\n<\/tr>\n<tr>\n<td>TC-J-X-48AC-SL<\/td>\n<\/tr>\n<tr>\n<td>TC-J-X-60AC-SL<\/td>\n<\/tr>\n<tr>\n<td>TC-J-X-72AC-SL<\/td>\n<\/tr>\n<tr>\n<td>TC-J-X-84AC-SL<\/td>\n<\/tr>\n<tr>\n<td>TC-J-X-96AC-SL<\/td>\n<\/tr>\n<tr>\n<td>TC-J-X-108AC-SL<\/td>\n<\/tr>\n<tr>\n<td>TC-J-X-120AC-SL<\/td>\n<\/tr>\n<tr>\n<td>TC-J-X-144AC-SL<\/td>\n<\/tr>\n<tr>\n<td style=\"padding: 0;\" colspan=\"3\" bgcolor=\"#000000\" height=\"1\"><\/td>\n<\/tr>\n<tr>\n<td width=\"140\">TC-J-X-24AC-PLG<\/td>\n<td rowspan=\"10\" valign=\"middle\"><img loading=\"lazy\" decoding=\"async\" class=\"alignnone size-medium wp-image-1853\" src=\"https:\/\/tri-volt.com\/wp-content\/uploads\/2018\/05\/90-degree-compression-4-300x115.jpg\" alt=\"\" width=\"300\" height=\"115\" srcset=\"https:\/\/tri-volt.com\/wp-content\/uploads\/2018\/05\/90-degree-compression-4-300x115.jpg 300w, https:\/\/tri-volt.com\/wp-content\/uploads\/2018\/05\/90-degree-compression-4.jpg 512w\" sizes=\"auto, (max-width: 300px) 100vw, 300px\" \/><\/td>\n<td rowspan=\"10\" valign=\"middle\">\n<ul>\n<li>Tube de 3\/16\u00a0\u00bb \u00e0 90 degr\u00e9s<\/li>\n<li>C\u00e2ble d&rsquo;armure (CA)<\/li>\n<li>Prise<\/li>\n<li>Type J ou Type K (remplacer J par K dans le num\u00e9ro de l&rsquo;article)<\/li>\n<li>Longueurs de c\u00e2ble standard: 24\u201d, 36\u201d, 48\u201d, 60\u201d, 72\u201d, 84\u201d, 96\u201d, 108\u201d, 120\u201d et 144\u201d<\/li>\n<\/ul>\n<\/td>\n<\/tr>\n<tr>\n<td>TC-J-X-36AC-PLG<\/td>\n<\/tr>\n<tr>\n<td>TC-J-X-48AC-PLG<\/td>\n<\/tr>\n<tr>\n<td>TC-J-X-60AC-PLG<\/td>\n<\/tr>\n<tr>\n<td>TC-J-X-72AC-PLG<\/td>\n<\/tr>\n<tr>\n<td>TC-J-X-84AC-PLG<\/td>\n<\/tr>\n<tr>\n<td>TC-J-X-96AC-PLG<\/td>\n<\/tr>\n<tr>\n<td>TC-J-X-108AC-PLG<\/td>\n<\/tr>\n<tr>\n<td>TC-J-X-120AC-PLG<\/td>\n<\/tr>\n<tr>\n<td>TC-J-X-144AC-PLG<\/td>\n<\/tr>\n<tr>\n<td style=\"padding: 0;\" colspan=\"3\" bgcolor=\"#000000\" height=\"1\"><\/td>\n<\/tr>\n<\/tbody>\n<\/table>\n","protected":false},"excerpt":{"rendered":"<p>THERMOCOUPLES \u00c0 COMPRESSION \u00c0 90 DEGR\u00c9S TC-J-X-24SS-SL Tube de 3\/16\u2019\u2019 \u00e0\u00a0 90 degr\u00e9s Tresse en acier inoxydable Cosse \u00e0 b\u00eache 10-32 standard Type J ou Type K (remplacer J par K dans le num\u00e9ro de l&rsquo;article) Longueurs de c\u00e2ble standard: 24\u201d, 36\u201d, 48\u201d, 60\u201d, 72\u201d, 84\u201d, 96\u201d, 108\u201d, 120\u201d et 144\u201d TC-J-X-36SS-SL TC-J-X-48SS-SL TC-J-X-60SS-SL TC-J-X-72SS-SL [&hellip;]<\/p>\n","protected":false},"author":12,"featured_media":0,"parent":3253,"menu_order":0,"comment_status":"closed","ping_status":"closed","template":"","meta":{"footnotes":""},"class_list":["post-2865","page","type-page","status-publish","hentry"],"aioseo_notices":[],"_links":{"self":[{"href":"https:\/\/tri-volt.com\/fr\/wp-json\/wp\/v2\/pages\/2865","targetHints":{"allow":["GET"]}}],"collection":[{"href":"https:\/\/tri-volt.com\/fr\/wp-json\/wp\/v2\/pages"}],"about":[{"href":"https:\/\/tri-volt.com\/fr\/wp-json\/wp\/v2\/types\/page"}],"author":[{"embeddable":true,"href":"https:\/\/tri-volt.com\/fr\/wp-json\/wp\/v2\/users\/12"}],"replies":[{"embeddable":true,"href":"https:\/\/tri-volt.com\/fr\/wp-json\/wp\/v2\/comments?post=2865"}],"version-history":[{"count":2,"href":"https:\/\/tri-volt.com\/fr\/wp-json\/wp\/v2\/pages\/2865\/revisions"}],"predecessor-version":[{"id":2877,"href":"https:\/\/tri-volt.com\/fr\/wp-json\/wp\/v2\/pages\/2865\/revisions\/2877"}],"up":[{"embeddable":true,"href":"https:\/\/tri-volt.com\/fr\/wp-json\/wp\/v2\/pages\/3253"}],"wp:attachment":[{"href":"https:\/\/tri-volt.com\/fr\/wp-json\/wp\/v2\/media?parent=2865"}],"curies":[{"name":"wp","href":"https:\/\/api.w.org\/{rel}","templated":true}]}}