{"id":2906,"date":"2012-03-05T17:10:21","date_gmt":"2012-03-05T17:10:21","guid":{"rendered":"https:\/\/tri-volt.com\/about-us\/"},"modified":"2023-12-06T14:54:51","modified_gmt":"2023-12-06T14:54:51","slug":"a-propos","status":"publish","type":"page","link":"https:\/\/tri-volt.com\/fr\/a-propos\/","title":{"rendered":"\u00c0 Propos"},"content":{"rendered":"<h3><span style=\"font-weight: 400;\">TriVolt Industries est un fabricant d\u2019\u00e9l\u00e9ments chauffants \u00e9lectriques depuis 2001. Servir de diff\u00e9rents types de march\u00e9s, du moulage par injection et extrusion, emballage, moulage par pression et soufflage, extrusion de caoutchouc, fabricants de moules, produits chimiques, alimentaires, p\u00e9trole et gaz, ainsi que l\u2019industrie ferroviaire. <\/span><\/h3>\n<p><span style=\"font-weight: 400;\">Notre croissance exceptionnelle est le r\u00e9sultat de notre engagement \u00e0 fournir des produits de qualit\u00e9 motiv\u00e9s par les commentaires continus des clients.<\/span><\/p>\n<p><span style=\"font-weight: 400;\">Le message de nos clients est clair : \u00ab fournir des appareils de chauffage de qualit\u00e9 et respecter les dates de livraison promises \u00bb.<\/span><\/p>\n<p><span style=\"font-weight: 400;\">L\u2019\u00e9quipe de TriVolt est d\u00e9vou\u00e9e, exp\u00e9riment\u00e9e et efficace, assurant au client un approvisionnement en produits de chauffage bien construit la premi\u00e8re fois et fournissant des livraisons \u00e0 temps.<\/span><\/p>\n<p><span style=\"font-weight: 400;\">\u00c0 cette fin,TriVolt Industries investit massivement dans la recherche et le d\u00e9veloppement, avec un personnel hautement qualifi\u00e9 et les derniers \u00e9quipements de contr\u00f4le. Nous avons con\u00e7u des m\u00e9canismes d\u2019installation et de fermeture sp\u00e9cifiques sur nos \u00e9l\u00e9ments chauffants \u00e9lectriques qui am\u00e9liorent consid\u00e9rablement les produits de chauffage existants et fournissent des r\u00e9sultats \u00e9normes.<\/span><\/p>\n<p><span style=\"font-weight: 400;\">Un syst\u00e8me d\u2019am\u00e9lioration continue surveille et garantit que nous ne perdons jamais de vue ce qui est important pour nos clients. Notre syst\u00e8me de contr\u00f4le qualit\u00e9 interne (QMSM-2009) garantit qu\u2019un \u00e9l\u00e9ment chauffant fiable est livr\u00e9 \u00e0 chaque fois. Chaque appareil de chauffage subit une vari\u00e9t\u00e9 de tests maximisant l\u2019efficacit\u00e9 et l\u2019utilisation r\u00e9ussie.<\/span><\/p>\n<p><span style=\"font-weight: 400;\">Tous nos \u00e9l\u00e9ments chauffants sont actuellement certifi\u00e9s CSA et\/ou NRTCUL et\/ou CE.<\/span><\/p>\n<p><span style=\"font-weight: 400;\">TriVolt Industries peut \u00e9galement se conformer \u00e0 toutes les sp\u00e9cifications du client telles que \u00ab Buy America \u00bb. Notre installation \u00e0 Westfield, MA, \u00c9tats-Unis, se pr\u00eate \u00e0 effectuer l\u2019assemblage final des appareils de chauffage et des syst\u00e8mes pour r\u00e9pondre \u00e0 toute exigence de contenu Buy-America.<\/span><\/p>\n<p><span style=\"font-weight: 400;\">Nos normes \u00e9lev\u00e9es s\u2019\u00e9tendent au-del\u00e0 de notre gamme de produits. Nous avons gagn\u00e9 et maintenu le respect de nos clients en menant nos affaires d\u2019une mani\u00e8re franche, ouverte et honn\u00eate. Les produits de qualit\u00e9 fournis par une organisation r\u00e9put\u00e9e pour son int\u00e9grit\u00e9 sont ce que nos clients attendent, m\u00e9ritent et re\u00e7oivent de TriVolt Industries.<\/span><\/p>\n<p>&nbsp;<\/p>\n<p>&nbsp;<\/p>\n","protected":false},"excerpt":{"rendered":"<p>TriVolt Industries est un fabricant d\u2019\u00e9l\u00e9ments chauffants \u00e9lectriques depuis 2001. Servir de diff\u00e9rents types de march\u00e9s, du moulage par injection et extrusion, emballage, moulage par pression et soufflage, extrusion de caoutchouc, fabricants de moules, produits chimiques, alimentaires, p\u00e9trole et gaz, ainsi que l\u2019industrie ferroviaire. Notre croissance exceptionnelle est le r\u00e9sultat de notre engagement \u00e0 fournir [&hellip;]<\/p>\n","protected":false},"author":12,"featured_media":3398,"parent":0,"menu_order":0,"comment_status":"closed","ping_status":"closed","template":"","meta":{"footnotes":""},"class_list":["post-2906","page","type-page","status-publish","has-post-thumbnail","hentry"],"aioseo_notices":[],"_links":{"self":[{"href":"https:\/\/tri-volt.com\/fr\/wp-json\/wp\/v2\/pages\/2906","targetHints":{"allow":["GET"]}}],"collection":[{"href":"https:\/\/tri-volt.com\/fr\/wp-json\/wp\/v2\/pages"}],"about":[{"href":"https:\/\/tri-volt.com\/fr\/wp-json\/wp\/v2\/types\/page"}],"author":[{"embeddable":true,"href":"https:\/\/tri-volt.com\/fr\/wp-json\/wp\/v2\/users\/12"}],"replies":[{"embeddable":true,"href":"https:\/\/tri-volt.com\/fr\/wp-json\/wp\/v2\/comments?post=2906"}],"version-history":[{"count":3,"href":"https:\/\/tri-volt.com\/fr\/wp-json\/wp\/v2\/pages\/2906\/revisions"}],"predecessor-version":[{"id":3431,"href":"https:\/\/tri-volt.com\/fr\/wp-json\/wp\/v2\/pages\/2906\/revisions\/3431"}],"wp:featuredmedia":[{"embeddable":true,"href":"https:\/\/tri-volt.com\/fr\/wp-json\/wp\/v2\/media\/3398"}],"wp:attachment":[{"href":"https:\/\/tri-volt.com\/fr\/wp-json\/wp\/v2\/media?parent=2906"}],"curies":[{"name":"wp","href":"https:\/\/api.w.org\/{rel}","templated":true}]}}