{"id":2909,"date":"2012-03-05T18:19:16","date_gmt":"2012-03-05T18:19:16","guid":{"rendered":"https:\/\/tri-volt.com\/industrial\/"},"modified":"2024-02-27T14:42:22","modified_gmt":"2024-02-27T14:42:22","slug":"industriel","status":"publish","type":"page","link":"https:\/\/tri-volt.com\/fr\/industriel\/","title":{"rendered":"Industriel"},"content":{"rendered":"<h3><span style=\"font-weight: 400;\">TriVolt Industries est un fournisseur de chauffages \u00e9lectriques et de capteurs. Nous desservons diff\u00e9rents types de march\u00e9s, du moulage par injection et de l\u2019extrusion, de l\u2019emballage, de la pression et du moulage par soufflage, de l\u2019extrusion de caoutchouc, des fabricants de moules, de l\u2019industrie chimique, alimentaire, ferroviaire et plus encore.<\/span><\/h3>\n<p><span style=\"font-weight: 400;\">Nous introduisons continuellement de nouveaux produits dans notre gamme existante de r\u00e9chauffeurs \u00e9lectriques, de capteurs et de contr\u00f4leurs con\u00e7us pour am\u00e9liorer la valeur et la qualit\u00e9 de TriVolt en tant que fabricant et fournisseur. Nous vous invitons \u00e0 jeter un coup d\u2019\u0153il \u00e0 nos produits qui incluent la bande de mica, la bande de mica, la bande en c\u00e9ramique, les r\u00e9chauffeurs de cartouche et de bobine, les thermocouples, les r\u00e9chauffeurs tubulaires et d\u2019immersion, les r\u00e9chauffeurs de conduit, les r\u00e9chauffeurs de bande de SSH et de canal, ainsi qu\u2019une grande vari\u00e9t\u00e9 d\u2019accessoires \u00e9lectriques.<\/span><\/p>\n<p><span style=\"font-weight: 400;\">Les \u00e9l\u00e9ments chauffants industriels TriVolt sont fabriqu\u00e9s avec des mat\u00e9riaux de la plus haute qualit\u00e9 avec des marques telles que Kanthal, Radix Wire et Dofasco. Nos r\u00e9chauffeurs \u00e9lectriques sont disponibles en standard ou r\u00e9sistant \u00e0 l\u2019humidit\u00e9, avec une vari\u00e9t\u00e9 de m\u00e9canismes de serrage, options d\u2019installation, terminaisons, options de fil, raccords de montage et supports.<\/span><\/p>\n<p><!--\n<a href=\"https:\/\/tri-volt.com\/wp-content\/uploads\/2012\/03\/trivolt_heaters_and_sensors_2019.pdf\" target=\"_blank\" rel=\"noopener\"><img loading=\"lazy\" decoding=\"async\" src=\"https:\/\/tri-volt.com\/wp-content\/themes\/trivolt\/images\/icone_doc_pdf.png\" alt=\"pdf\" width=\"24\" height=\"24\" \/> T\u00e9l\u00e9charger la brochure &gt; <\/a>--><\/p>\n<p>&nbsp;<\/p>\n<p><span style=\"font-weight: 400;\">TriVolt Industries adopte un syst\u00e8me de contr\u00f4le qualit\u00e9 interne rigoureux (QMSM-2009) qui garantit qu\u2019un produit fiable est livr\u00e9 \u00e0 chaque fois. Des m\u00e9thodes de test pr\u00e9cises sont utilis\u00e9es pour garantir des performances optimales dans les produits et les processus de fabrication. Des pr\u00e9cautions particuli\u00e8res sont prises contre les contaminants et pour assurer la compatibilit\u00e9 des mat\u00e9riaux. Tous nos produits d\u2019\u00e9l\u00e9ment chauffant ont des certificats d\u2019approbation internationaux de CSA, UL et CE.<\/span><\/p>\n<p><span style=\"font-weight: 400;\">Qualit\u00e9, innovation et service \u00e0 la client\u00e8le sont nos priorit\u00e9s.<\/span><\/p>\n","protected":false},"excerpt":{"rendered":"<p>TriVolt Industries est un fournisseur de chauffages \u00e9lectriques et de capteurs. Nous desservons diff\u00e9rents types de march\u00e9s, du moulage par injection et de l\u2019extrusion, de l\u2019emballage, de la pression et du moulage par soufflage, de l\u2019extrusion de caoutchouc, des fabricants de moules, de l\u2019industrie chimique, alimentaire, ferroviaire et plus encore. Nous introduisons continuellement de nouveaux [&hellip;]<\/p>\n","protected":false},"author":12,"featured_media":3409,"parent":0,"menu_order":0,"comment_status":"closed","ping_status":"closed","template":"","meta":{"footnotes":""},"class_list":["post-2909","page","type-page","status-publish","has-post-thumbnail","hentry"],"aioseo_notices":[],"_links":{"self":[{"href":"https:\/\/tri-volt.com\/fr\/wp-json\/wp\/v2\/pages\/2909","targetHints":{"allow":["GET"]}}],"collection":[{"href":"https:\/\/tri-volt.com\/fr\/wp-json\/wp\/v2\/pages"}],"about":[{"href":"https:\/\/tri-volt.com\/fr\/wp-json\/wp\/v2\/types\/page"}],"author":[{"embeddable":true,"href":"https:\/\/tri-volt.com\/fr\/wp-json\/wp\/v2\/users\/12"}],"replies":[{"embeddable":true,"href":"https:\/\/tri-volt.com\/fr\/wp-json\/wp\/v2\/comments?post=2909"}],"version-history":[{"count":3,"href":"https:\/\/tri-volt.com\/fr\/wp-json\/wp\/v2\/pages\/2909\/revisions"}],"predecessor-version":[{"id":3542,"href":"https:\/\/tri-volt.com\/fr\/wp-json\/wp\/v2\/pages\/2909\/revisions\/3542"}],"wp:featuredmedia":[{"embeddable":true,"href":"https:\/\/tri-volt.com\/fr\/wp-json\/wp\/v2\/media\/3409"}],"wp:attachment":[{"href":"https:\/\/tri-volt.com\/fr\/wp-json\/wp\/v2\/media?parent=2909"}],"curies":[{"name":"wp","href":"https:\/\/api.w.org\/{rel}","templated":true}]}}