{"id":2918,"date":"2012-03-08T23:13:03","date_gmt":"2012-03-08T23:13:03","guid":{"rendered":"https:\/\/tri-volt.com\/about-us\/quality-assurance-certifications\/"},"modified":"2023-12-05T18:33:46","modified_gmt":"2023-12-05T18:33:46","slug":"assurance-de-la-qualite-et-certifications","status":"publish","type":"page","link":"https:\/\/tri-volt.com\/fr\/a-propos\/assurance-de-la-qualite-et-certifications\/","title":{"rendered":"Assurance de la qualit\u00e9 et certifications"},"content":{"rendered":"<p>&nbsp;<\/p>\n<p><span style=\"font-weight: 400;\">Tous nos \u00e9l\u00e9ments chauffants sont actuellement certifi\u00e9s CSA et\/ou NRTCUL et\/ou CE.<\/span><\/p>\n<p><span style=\"font-weight: 400;\">Nos produits sont fabriqu\u00e9s et contr\u00f4l\u00e9s par notre syst\u00e8me interne de gestion de la qualit\u00e9. Ce programme permet \u00e0 TriVolt de suivre la qualit\u00e9 de chaque composant qui compose nos produits et surveille la fabrication de tous les r\u00e9chauffeurs \u00e9lectriques et capteurs fabriqu\u00e9s et assembl\u00e9s dans nos installations.<\/span><\/p>\n<hr \/>\n<p><img loading=\"lazy\" decoding=\"async\" class=\" alignnone\" src=\"https:\/\/tri-volt.com\/wp-content\/themes\/trivolt\/images\/icone_doc_pdf.png\" alt=\"pdf\" width=\"24\" height=\"24\" \/><a style=\"text-decoration: none;\" href=\"https:\/\/tri-volt.com\/wp-content\/uploads\/2015\/02\/CSA-Certificate-of-Compliance.pdf\" target=\"_blank\" rel=\"noopener noreferrer\"><strong>\u00a0\u00a0\u00a0\u00a0CSA Std.C22.2. no 72-M1984<\/strong><\/a><\/p>\n<hr \/>\n<p><img loading=\"lazy\" decoding=\"async\" class=\" alignnone\" src=\"https:\/\/tri-volt.com\/wp-content\/themes\/trivolt\/images\/icone_doc_pdf.png\" alt=\"pdf\" width=\"24\" height=\"24\" \/><a style=\"text-decoration: none;\" href=\"https:\/\/tri-volt.com\/wp-content\/uploads\/2015\/02\/CSA-Certificate-of-Compliance.pdf\" target=\"_blank\" rel=\"noopener noreferrer\"><strong>\u00a0\u00a0\u00a0\u00a0UL Standard 1030 6th Edition<\/strong><\/a><\/p>\n<hr \/>\n<p><img loading=\"lazy\" decoding=\"async\" class=\" alignnone\" src=\"https:\/\/tri-volt.com\/wp-content\/themes\/trivolt\/images\/icone_doc_pdf.png\" alt=\"pdf\" width=\"24\" height=\"24\" \/><a style=\"text-decoration: none;\" href=\"https:\/\/tri-volt.com\/wp-content\/uploads\/2015\/02\/CE-Letter-of-Attestation.pdf\" target=\"_blank\" rel=\"noopener noreferrer\"><strong>\u00a0\u00a0\u00a0\u00a0EN 60335-1:2004<\/strong><\/a><\/p>\n<hr \/>\n<p><img loading=\"lazy\" decoding=\"async\" class=\" alignnone\" src=\"https:\/\/tri-volt.com\/wp-content\/themes\/trivolt\/images\/icone_doc_pdf.png\" alt=\"pdf\" width=\"24\" height=\"24\" \/><a style=\"text-decoration: none;\" href=\"https:\/\/tri-volt.com\/wp-content\/uploads\/2015\/02\/TEST-REPORT-CRIQ-670-32820.pdf\" target=\"_blank\" rel=\"noopener noreferrer\"><strong>\u00a0\u00a0\u00a0\u00a0Chocs et vibrations\u00a0: CEI 61373; Cat\u00e9gorie 1; Classe B<\/strong><\/a><\/p>\n<hr \/>\n<p><img loading=\"lazy\" decoding=\"async\" class=\" alignnone\" src=\"https:\/\/tri-volt.com\/wp-content\/themes\/trivolt\/images\/icone_doc_pdf.png\" alt=\"pdf\" width=\"24\" height=\"24\" \/><a style=\"text-decoration: none;\" href=\"https:\/\/tri-volt.com\/wp-content\/uploads\/2015\/02\/CoFC_2661531.pdf\" target=\"_blank\" rel=\"noopener noreferrer\"><strong>\u00a0\u00a0\u00a0\u00a0CAN\/CSA-C22.2 No. 72-10 (2013)<\/strong><\/a><\/p>\n<hr \/>\n<p><img loading=\"lazy\" decoding=\"async\" class=\" alignnone\" src=\"https:\/\/tri-volt.com\/wp-content\/themes\/trivolt\/images\/icone_doc_pdf.png\" alt=\"pdf\" width=\"24\" height=\"24\" \/><a style=\"text-decoration: none;\" href=\"https:\/\/tri-volt.com\/wp-content\/uploads\/2015\/02\/CoFC_2661531.pdf\" target=\"_blank\" rel=\"noopener noreferrer\"><strong>\u00a0\u00a0\u00a0\u00a0UL 499 Treizi\u00e8me \u00e9dition; Classe 2871-02 et 2871-82.<\/strong><\/a><\/p>\n<hr \/>\n<p><img loading=\"lazy\" decoding=\"async\" class=\" alignnone\" src=\"https:\/\/tri-volt.com\/wp-content\/themes\/trivolt\/images\/icone_doc_pdf.png\" alt=\"pdf\" width=\"24\" height=\"24\" \/><a style=\"text-decoration: none;\" href=\"https:\/\/tri-volt.com\/wp-content\/uploads\/2015\/02\/4-Certification-140828.pdf\" target=\"_blank\" rel=\"noopener noreferrer\"><strong>\u00a0\u00a0\u00a0\u00a0EU RoHS directif 2011\/65\/EU<\/strong><\/a><\/p>\n<hr \/>\n<p><img loading=\"lazy\" decoding=\"async\" class=\" alignnone\" src=\"https:\/\/tri-volt.com\/wp-content\/themes\/trivolt\/images\/icone_doc_pdf.png\" alt=\"pdf\" width=\"24\" height=\"24\" \/><a style=\"text-decoration: none;\" href=\"https:\/\/tri-volt.com\/wp-content\/uploads\/2012\/03\/finned-immersion-heaters.pdf\" target=\"_blank\" rel=\"noopener noreferrer\"><strong> \u00a0\u00a0\u00a0Thermoplongeurs \u00e0 ailettes<br \/>\n<\/strong><\/a><\/p>\n<hr \/>\n<p><img loading=\"lazy\" decoding=\"async\" class=\" alignnone\" src=\"https:\/\/tri-volt.com\/wp-content\/themes\/trivolt\/images\/icone_doc_pdf.png\" alt=\"pdf\" width=\"24\" height=\"24\" \/><a style=\"text-decoration: none;\" href=\"https:\/\/tri-volt.com\/wp-content\/uploads\/2012\/03\/cofc_70052480_en.pdf\" target=\"_blank\" rel=\"noopener noreferrer\"><strong> \u00a0\u00a0\u00a0CoFC 70052480 EN<\/strong><\/a><\/p>\n<hr \/>\n<p><img loading=\"lazy\" decoding=\"async\" class=\" alignnone\" src=\"https:\/\/tri-volt.com\/wp-content\/themes\/trivolt\/images\/icone_doc_pdf.png\" alt=\"pdf\" width=\"24\" height=\"24\" \/>\u00a0 \u00a0<a style=\"text-decoration: none;\" href=\"https:\/\/tri-volt.com\/wp-content\/uploads\/2012\/03\/cofc_70056306_en.pdf\" target=\"_blank\" rel=\"noopener noreferrer\"><strong>Hazloc<\/strong><\/a><\/p>\n","protected":false},"excerpt":{"rendered":"<p>&nbsp; Tous nos \u00e9l\u00e9ments chauffants sont actuellement certifi\u00e9s CSA et\/ou NRTCUL et\/ou CE. Nos produits sont fabriqu\u00e9s et contr\u00f4l\u00e9s par notre syst\u00e8me interne de gestion de la qualit\u00e9. Ce programme permet \u00e0 TriVolt de suivre la qualit\u00e9 de chaque composant qui compose nos produits et surveille la fabrication de tous les r\u00e9chauffeurs \u00e9lectriques et capteurs [&hellip;]<\/p>\n","protected":false},"author":12,"featured_media":0,"parent":2906,"menu_order":0,"comment_status":"open","ping_status":"open","template":"","meta":{"footnotes":""},"class_list":["post-2918","page","type-page","status-publish","hentry"],"aioseo_notices":[],"_links":{"self":[{"href":"https:\/\/tri-volt.com\/fr\/wp-json\/wp\/v2\/pages\/2918","targetHints":{"allow":["GET"]}}],"collection":[{"href":"https:\/\/tri-volt.com\/fr\/wp-json\/wp\/v2\/pages"}],"about":[{"href":"https:\/\/tri-volt.com\/fr\/wp-json\/wp\/v2\/types\/page"}],"author":[{"embeddable":true,"href":"https:\/\/tri-volt.com\/fr\/wp-json\/wp\/v2\/users\/12"}],"replies":[{"embeddable":true,"href":"https:\/\/tri-volt.com\/fr\/wp-json\/wp\/v2\/comments?post=2918"}],"version-history":[{"count":2,"href":"https:\/\/tri-volt.com\/fr\/wp-json\/wp\/v2\/pages\/2918\/revisions"}],"predecessor-version":[{"id":3415,"href":"https:\/\/tri-volt.com\/fr\/wp-json\/wp\/v2\/pages\/2918\/revisions\/3415"}],"up":[{"embeddable":true,"href":"https:\/\/tri-volt.com\/fr\/wp-json\/wp\/v2\/pages\/2906"}],"wp:attachment":[{"href":"https:\/\/tri-volt.com\/fr\/wp-json\/wp\/v2\/media?parent=2918"}],"curies":[{"name":"wp","href":"https:\/\/api.w.org\/{rel}","templated":true}]}}