{"id":2921,"date":"2012-03-08T23:02:41","date_gmt":"2012-03-08T23:02:41","guid":{"rendered":"https:\/\/tri-volt.com\/industrial\/cartridge-heater\/"},"modified":"2023-11-30T14:45:01","modified_gmt":"2023-11-30T14:45:01","slug":"cartouche-chauffante","status":"publish","type":"page","link":"https:\/\/tri-volt.com\/fr\/industriel\/cartouche-chauffante\/","title":{"rendered":"Cartouche Chauffante"},"content":{"rendered":"<p><span style=\"font-weight: 400;\">Les r\u00e9chauffeurs \u00e0 cartouche HeaterCartridge sont des \u00e9l\u00e9ments chauffants \u00e9lectriques cylindriques install\u00e9s dans des espaces limit\u00e9s dans des applications n\u00e9cessitant une forte concentration de chaleur. Prot\u00e9g\u00e9e par une gaine en acier inoxydable, la densit\u00e9 en watts peut atteindre jusqu\u2019\u00e0 320 watts par pouce carr\u00e9 et les temp\u00e9ratures de fonctionnement peuvent atteindre 1400 \u00b0F.<\/span><\/p>\n<p><span style=\"font-weight: 400;\">Ces types de r\u00e9chauffeurs sont largement utilis\u00e9s pour chauffer des solides tels que la presse \u00e0 injection, les plaques chauffantes et d\u2019autres outils divers ou pour chauffer des liquides et des gaz. Les r\u00e9chauffeurs \u00e0 cartouche sont utilis\u00e9s dans une grande vari\u00e9t\u00e9 d\u2019industries telles que le traitement du plastique et des pi\u00e8ces en caoutchouc, l\u2019industrie automobile, l\u2019industrie alimentaire et sont couramment utilis\u00e9s dans les industries chimiques, \u00e9lectroniques, m\u00e9dicales et nucl\u00e9aires.<\/span><\/p>\n<p><span style=\"font-weight: 400;\">Les r\u00e9chauffeurs\u00a0 de cartouche peuvent \u00eatre fabriqu\u00e9s en 3 technologies principales, haute densit\u00e9 (CCHC), moyenne gamme (CCMC) ou basse densit\u00e9 (CCBC) selon l\u2019application, la dimension et les exigences de densit\u00e9 de watt. Pour des applications sp\u00e9cifiques telles que les radiateurs et les s\u00e8che-serviettes, il existe des chauffe-cartouches \u00e0 double isolation. Les cartouches autor\u00e9gul\u00e9es sont id\u00e9ales pour le d\u00e9givrage et les \u00e9vaporateurs et les r\u00e9chauffeurs \u00e0 boulons sont g\u00e9n\u00e9ralement utilis\u00e9s pour les assemblages m\u00e9caniques.<\/span><\/p>\n<p>Veuillez consulter nos <a href=\"#conditions\">conditions d\u2019utilisation<\/a> ci-dessous.<\/p>\n<p>Trivolt Industries adopte un syst\u00e8me de contr\u00f4le qualit\u00e9 interne rigoureux (QMSM-2009). Chaque r\u00e9chauffeur est test\u00e9 pour la r\u00e9sistance et le di\u00e9lectrique. Tous nos r\u00e9chauffeurs sont homologu\u00e9s CSA, UL et CE.<\/p>\n<div id=\"box-specs\" style=\"height: 241px;\">\n<ul id=\"tabs\">\n<li class=\"selected\" title=\"tab-1\"><strong>Applications<\/strong><\/li>\n<li title=\"tab-2\"><strong>Sp\u00e9cifications<\/strong><\/li>\n<li title=\"tab-3\"><strong>Constructions<\/strong><\/li>\n<li title=\"tab-4\"><strong>Diff\u00e9rents Types<\/strong><\/li>\n<li title=\"tab-5\"><strong>Options<\/strong><\/li>\n<\/ul>\n<div id=\"tab-cont\" style=\"height: 218px;\">\n<div id=\"tab-1\" class=\"thetab\">\n<ul>\n<li>Plaques chauffantes<\/li>\n<li>Fluides de chauffage<\/li>\n<li>Industries du plastique et du caoutchouc<\/li>\n<li>Industrie automobile<\/li>\n<li>Industrie alimentaire<\/li>\n<li>Chimique<\/li>\n<li>Industrie nucl\u00e9aire<\/li>\n<li>Mat\u00e9riel m\u00e9dical<\/li>\n<\/ul>\n<\/div>\n<div id=\"tab-2\" class=\"thetab\">\n<ul>\n<li>Tension standard 230v (220v\/240v)<\/li>\n<li>Tension maximale de 480 V<\/li>\n<li>Haute densit\u00e9 (CCHC) pour les applications utilisant des densit\u00e9s de watts entre 0 et 220 watts par m\u00b2 et des temp\u00e9ratures de gaine allant jusqu\u2019\u00e0 800 \u00b0C<\/li>\n<li>Gamme moyenne (CCMC) con\u00e7ue pour les applications de chauffage de grande taille avec des densit\u00e9s de watts de 0 \u00e0 76 watts par sq. in.<\/li>\n<li>Basse densit\u00e9 (CCBC) d\u00e9velopp\u00e9e pour les applications qui n\u2019utilisent pas une densit\u00e9 de puissance \u00e9lev\u00e9e. Pour les densit\u00e9s de watts de 0 \u00e0 41,5 watts par par pouce carr\u00e9.<\/li>\n<\/ul>\n<\/div>\n<div id=\"tab-3\" class=\"thetab\">\n<ul>\n<li>Diam\u00e8tres standard : 0,25 po \u00e0 1 po (\u00e9galement disponible en m\u00e9trique)<\/li>\n<li>Longueur standard : 1,25 po \u00e0 12 po (\u00e9galement disponible en m\u00e9trique)<\/li>\n<li>Longueur de fil standard : 10 po (250 mm)<\/li>\n<li>La haute densit\u00e9 (CCHC) est faite de magn\u00e9sie fortement comprim\u00e9e (MgO) et de gaine d\u2019acier inoxydable<\/li>\n<li>Moyenne port\u00e9e (CCMC) le fil chauffant est maintenu en magn\u00e9sie (MgO) qui est fortement comprim\u00e9.<\/li>\n<li>La basse densit\u00e9 (CCBC) est faite avec le tube standard d\u2019acier inoxydable 0.5mm \u00e9pais, le MgO et l\u2019isolateur en c\u00e9ramique.<\/li>\n<\/ul>\n<p>&nbsp;<\/p>\n<\/div>\n<div id=\"tab-4\" class=\"thetab\">\n<ul>\n<li>3 phases<\/li>\n<li>Avec thermocouple<\/li>\n<li>Avec ou sans t\u00eate en c\u00e9ramique<\/li>\n<li>Avec puissance variable<\/li>\n<li>Carr\u00e9 ou plat<\/li>\n<li>Double isolation<\/li>\n<li>Autor\u00e9gul\u00e9<\/li>\n<li>\u00c9l\u00e9ment cylindrique en c\u00e9ramique<\/li>\n<\/ul>\n<\/div>\n<div id=\"tab-5\" class=\"thetab\">\n<ul>\n<li>Connexions des fils conducteurs<\/li>\n<li>Perles de c\u00e9ramique<\/li>\n<li>Tresse droite (SS)<\/li>\n<li>C\u00e2ble de blindage droit (AC)<\/li>\n<li>Courb\u00e9<\/li>\n<li>Sortie de d\u00e9rivation 90\u00b0<\/li>\n<li>Angle droit avec silicone<\/li>\n<li>Angle droit avec tube en acier inoxydable et c\u00e2ble d\u2019armure<\/li>\n<li>Joint en silicone<\/li>\n<li>Bornes filet\u00e9es<\/li>\n<li>Extension de gaine \u00e0 angle droit<\/li>\n<li>Bride de montage<\/li>\n<li>Raccord filet\u00e9<\/li>\n<\/ul>\n<\/div>\n<\/div>\n<\/div>\n<h3 id=\"conditions\">Conditions d&rsquo;utilisation<\/h3>\n<ul>\n<li>Ne pas utiliser le CCHC \u00e0 l\u2019air libre.<\/li>\n<li>Ne pas manipuler les r\u00e9chauffeurs par leurs c\u00e2bles.<\/li>\n<li>S\u2019assurer que le r\u00e9gulateur et la position des sondes sont utilis\u00e9s correctement.<\/li>\n<li>L\u2019assemblage doit \u00eatre adopt\u00e9 en fonction de la charge et de la temp\u00e9rature. Mais dans le cas d\u2019une densit\u00e9 de watt \u00e9lev\u00e9e, il peut \u00eatre n\u00e9cessaire de r\u00e9duire l\u2019ajustement du trou.<\/li>\n<li>Ne pas installer si les puissances sont trop \u00e9lev\u00e9es. Les appareils de chauffage auront une dur\u00e9e de vie plus courte. Toujours utiliser autant de r\u00e9chauffeurs que n\u00e9cessaire pour diminuer la densit\u00e9 des watts (W\/in2).<\/li>\n<li>L\u2019utilisation de graisse thermique favorise le transfert de chaleur. Des graisses sp\u00e9ciales sont disponibles pour \u00e9viter l\u2019oxydation de l\u2019al\u00e9sage et donc augmenter l\u2019ajustement du trou lors du remplacement de la cartouche. Attention lors de l\u2019utilisation de la graisse : elle ne doit pas \u00eatre en contact avec les c\u00e2bles ou avec la t\u00eate en c\u00e9ramique.<\/li>\n<li>Prot\u00e9ger les c\u00e2bles d\u2019alimentation des \u00e9l\u00e9ments suivants :\n<ul>\n<li>flexion<\/li>\n<li>temp\u00e9ratures \u00e9lev\u00e9es<\/li>\n<li>humidit\u00e9<\/li>\n<li>graisser<\/li>\n<li>absorption de mati\u00e8re<\/li>\n<li>Choc thermique<\/li>\n<\/ul>\n<\/li>\n<li>Le trou entre le bo\u00eetier et la cartouche doit \u00eatre aussi petit que possible pour obtenir de bons r\u00e9sultats.<\/li>\n<li>Lors de l\u2019utilisation du CCHC \u00e0 haute temp\u00e9rature ou avec un flux thermique important : il est n\u00e9cessaire d\u2019utiliser un r\u00e9gulateur externe (comme une sonde de temp\u00e9rature install\u00e9e \u00e0 environ 0,625 du CCHC) ou interne (comme un CCHC avec un thermocouple int\u00e9gr\u00e9).<\/li>\n<li>En cas d\u2019humidit\u00e9 ambiante ou si vous n\u2019utilisez pas de CCHC pendant plusieurs mois : proc\u00e9der \u00e0 de petits chauffages successifs avant de fonctionner \u00e0 pleine utilisation.<\/li>\n<\/ul>\n","protected":false},"excerpt":{"rendered":"<p>Les r\u00e9chauffeurs \u00e0 cartouche HeaterCartridge sont des \u00e9l\u00e9ments chauffants \u00e9lectriques cylindriques install\u00e9s dans des espaces limit\u00e9s dans des applications n\u00e9cessitant une forte concentration de chaleur. Prot\u00e9g\u00e9e par une gaine en acier inoxydable, la densit\u00e9 en watts peut atteindre jusqu\u2019\u00e0 320 watts par pouce carr\u00e9 et les temp\u00e9ratures de fonctionnement peuvent atteindre 1400 \u00b0F. Ces types [&hellip;]<\/p>\n","protected":false},"author":12,"featured_media":0,"parent":2909,"menu_order":0,"comment_status":"open","ping_status":"open","template":"","meta":{"footnotes":""},"class_list":["post-2921","page","type-page","status-publish","hentry"],"aioseo_notices":[],"_links":{"self":[{"href":"https:\/\/tri-volt.com\/fr\/wp-json\/wp\/v2\/pages\/2921","targetHints":{"allow":["GET"]}}],"collection":[{"href":"https:\/\/tri-volt.com\/fr\/wp-json\/wp\/v2\/pages"}],"about":[{"href":"https:\/\/tri-volt.com\/fr\/wp-json\/wp\/v2\/types\/page"}],"author":[{"embeddable":true,"href":"https:\/\/tri-volt.com\/fr\/wp-json\/wp\/v2\/users\/12"}],"replies":[{"embeddable":true,"href":"https:\/\/tri-volt.com\/fr\/wp-json\/wp\/v2\/comments?post=2921"}],"version-history":[{"count":7,"href":"https:\/\/tri-volt.com\/fr\/wp-json\/wp\/v2\/pages\/2921\/revisions"}],"predecessor-version":[{"id":3388,"href":"https:\/\/tri-volt.com\/fr\/wp-json\/wp\/v2\/pages\/2921\/revisions\/3388"}],"up":[{"embeddable":true,"href":"https:\/\/tri-volt.com\/fr\/wp-json\/wp\/v2\/pages\/2909"}],"wp:attachment":[{"href":"https:\/\/tri-volt.com\/fr\/wp-json\/wp\/v2\/media?parent=2921"}],"curies":[{"name":"wp","href":"https:\/\/api.w.org\/{rel}","templated":true}]}}