{"id":2924,"date":"2014-01-27T16:51:52","date_gmt":"2014-01-27T16:51:52","guid":{"rendered":"https:\/\/tri-volt.com\/industrial\/cartridge-heater\/accessories\/"},"modified":"2023-11-22T14:55:09","modified_gmt":"2023-11-22T14:55:09","slug":"accessoires","status":"publish","type":"page","link":"https:\/\/tri-volt.com\/fr\/industriel\/cartouche-chauffante\/accessoires\/","title":{"rendered":"Accessoires"},"content":{"rendered":"<table id=\"products\" style=\"width: 100%;\" cellspacing=\"1\" cellpadding=\"1\" align=\"center\">\n<tbody>\n<tr>\n<td valign=\"top\" width=\"234\">\n<div class=\"theimage\"><span class=\"title\">ACC_11<\/span><br \/>\n<img decoding=\"async\" title=\"\" src=\"https:\/\/tri-volt.com\/wp-content\/uploads\/2014\/01\/trivolt_cartridge-heater_00_acc11.jpg\" alt=\"\" \/><\/div>\n<ul>\n<li><span style=\"font-weight: 400;\">Raccord filet\u00e9 simple interne<\/span><\/li>\n<\/ul>\n<\/td>\n<td valign=\"top\" width=\"234\">\n<div class=\"theimage\"><span class=\"title\">ACC_12<\/span><br \/>\n<img decoding=\"async\" title=\"\" src=\"https:\/\/tri-volt.com\/wp-content\/uploads\/2014\/01\/trivolt_cartridge-heater_01_acc12.jpg\" alt=\"\" \/><\/div>\n<ul>\n<li><span style=\"font-weight: 400;\">Raccord filet\u00e9 simple externe<\/span><\/li>\n<\/ul>\n<\/td>\n<td valign=\"top\" width=\"234\">\n<div class=\"theimage\"><span class=\"title\">ACC_13<\/span><br \/>\n<img decoding=\"async\" title=\"\" src=\"https:\/\/tri-volt.com\/wp-content\/uploads\/2014\/01\/trivolt_cartridge-heater_02_acc13.jpg\" alt=\"\" \/><\/div>\n<ul>\n<li><span style=\"font-weight: 400;\">Bride de montage<\/span><\/li>\n<\/ul>\n<\/td>\n<\/tr>\n<tr>\n<td valign=\"top\" width=\"234\">\n<div class=\"theimage\"><span class=\"title\">ACC_14<\/span><br \/>\n<img decoding=\"async\" title=\"\" src=\"https:\/\/tri-volt.com\/wp-content\/uploads\/2014\/01\/trivolt_cartridge-heater_03_acc14.jpg\" alt=\"\" \/><\/div>\n<ul>\n<li><span style=\"font-weight: 400;\">Pilier<\/span><\/li>\n<\/ul>\n<\/td>\n<td valign=\"top\" width=\"234\">\n<div class=\"theimage\"><span class=\"title\">ACC_19<\/span><br \/>\n<img decoding=\"async\" title=\"\" src=\"https:\/\/tri-volt.com\/wp-content\/uploads\/2014\/01\/trivolt_cartridge-heater_04_acc19.jpg\" alt=\"\" \/><\/div>\n<ul>\n<li><span style=\"font-weight: 400;\">Puce d\u2019ancrage<\/span><\/li>\n<\/ul>\n<\/td>\n<td valign=\"top\" width=\"234\">\n<div class=\"theimage\"><span class=\"title\">ACC_20<\/span><br \/>\n<img decoding=\"async\" title=\"\" src=\"https:\/\/tri-volt.com\/wp-content\/uploads\/2014\/01\/trivolt_cartridge-heater_05_acc20.jpg\" alt=\"\" \/><\/div>\n<ul>\n<li><span style=\"font-weight: 400;\">Bornes d\u2019extr\u00e9mit\u00e9<\/span><\/li>\n<\/ul>\n<\/td>\n<\/tr>\n<tr>\n<td valign=\"top\" width=\"234\">\n<div class=\"theimage\"><span class=\"title\">ACC_26A<\/span><br \/>\n<img decoding=\"async\" title=\"\" src=\"https:\/\/tri-volt.com\/wp-content\/uploads\/2014\/01\/trivolt_cartridge-heater_06_acc26.jpg\" alt=\"\" \/><\/div>\n<ul>\n<li><span style=\"font-weight: 400;\">Fiche<\/span><\/li>\n<\/ul>\n<\/td>\n<td valign=\"top\" width=\"234\">\n<div class=\"theimage\"><span class=\"title\">ACC_27<\/span><br \/>\n<img decoding=\"async\" title=\"\" src=\"https:\/\/tri-volt.com\/wp-content\/uploads\/2014\/01\/trivolt_cartridge-heater_07_acc27.jpg\" alt=\"\" \/><\/div>\n<ul>\n<li><span style=\"font-weight: 400;\">Ressort<\/span><\/li>\n<\/ul>\n<\/td>\n<td valign=\"top\" width=\"234\">\n<div class=\"theimage\"><span class=\"title\">ACC_31<\/span><br \/>\n<img decoding=\"async\" title=\"\" src=\"https:\/\/tri-volt.com\/wp-content\/uploads\/2014\/01\/trivolt_cartridge-heater_08_acc31.jpg\" alt=\"\" \/><\/div>\n<ul>\n<li><span style=\"font-weight: 400;\">Raccord filet\u00e9<\/span><\/li>\n<\/ul>\n<\/td>\n<\/tr>\n<tr>\n<td valign=\"top\" width=\"234\">\n<div class=\"theimage\"><span class=\"title\">ACC_32<\/span><br \/>\n<img decoding=\"async\" title=\"\" src=\"https:\/\/tri-volt.com\/wp-content\/uploads\/2014\/01\/trivolt_cartridge-heater_09_acc32.jpg\" alt=\"\" \/><\/div>\n<ul>\n<li><span style=\"font-weight: 400;\">Embout renforc\u00e9<\/span><\/li>\n<\/ul>\n<\/td>\n<td valign=\"top\" width=\"234\">\n<div class=\"theimage\"><span class=\"title\" style=\"font-size: 13px; line-height: 25px;\">ACC_33<\/span><br \/>\n<img decoding=\"async\" title=\"\" src=\"https:\/\/tri-volt.com\/wp-content\/uploads\/2014\/01\/trivolt_cartridge-heater_10_acc33.jpg\" alt=\"\" \/><\/div>\n<ul>\n<li><span style=\"font-weight: 400;\">Enceinte terminale<\/span><\/li>\n<\/ul>\n<\/td>\n<td valign=\"top\" width=\"234\"><\/td>\n<\/tr>\n<\/tbody>\n<\/table>\n","protected":false},"excerpt":{"rendered":"<p>ACC_11 Raccord filet\u00e9 simple interne ACC_12 Raccord filet\u00e9 simple externe ACC_13 Bride de montage ACC_14 Pilier ACC_19 Puce d\u2019ancrage ACC_20 Bornes d\u2019extr\u00e9mit\u00e9 ACC_26A Fiche ACC_27 Ressort ACC_31 Raccord filet\u00e9 ACC_32 Embout renforc\u00e9 ACC_33 Enceinte terminale<\/p>\n","protected":false},"author":12,"featured_media":0,"parent":2921,"menu_order":0,"comment_status":"open","ping_status":"open","template":"","meta":{"footnotes":""},"class_list":["post-2924","page","type-page","status-publish","hentry"],"aioseo_notices":[],"_links":{"self":[{"href":"https:\/\/tri-volt.com\/fr\/wp-json\/wp\/v2\/pages\/2924","targetHints":{"allow":["GET"]}}],"collection":[{"href":"https:\/\/tri-volt.com\/fr\/wp-json\/wp\/v2\/pages"}],"about":[{"href":"https:\/\/tri-volt.com\/fr\/wp-json\/wp\/v2\/types\/page"}],"author":[{"embeddable":true,"href":"https:\/\/tri-volt.com\/fr\/wp-json\/wp\/v2\/users\/12"}],"replies":[{"embeddable":true,"href":"https:\/\/tri-volt.com\/fr\/wp-json\/wp\/v2\/comments?post=2924"}],"version-history":[{"count":3,"href":"https:\/\/tri-volt.com\/fr\/wp-json\/wp\/v2\/pages\/2924\/revisions"}],"predecessor-version":[{"id":3022,"href":"https:\/\/tri-volt.com\/fr\/wp-json\/wp\/v2\/pages\/2924\/revisions\/3022"}],"up":[{"embeddable":true,"href":"https:\/\/tri-volt.com\/fr\/wp-json\/wp\/v2\/pages\/2921"}],"wp:attachment":[{"href":"https:\/\/tri-volt.com\/fr\/wp-json\/wp\/v2\/media?parent=2924"}],"curies":[{"name":"wp","href":"https:\/\/api.w.org\/{rel}","templated":true}]}}