{"id":2927,"date":"2014-01-27T16:51:19","date_gmt":"2014-01-27T16:51:19","guid":{"rendered":"https:\/\/tri-volt.com\/industrial\/cartridge-heater\/cartridge-types\/"},"modified":"2023-11-22T14:53:32","modified_gmt":"2023-11-22T14:53:32","slug":"types-de-cartouches","status":"publish","type":"page","link":"https:\/\/tri-volt.com\/fr\/industriel\/cartouche-chauffante\/types-de-cartouches\/","title":{"rendered":"Types de cartouches"},"content":{"rendered":"<table id=\"products\" style=\"width: 100%;\" cellspacing=\"1\" cellpadding=\"1\" align=\"center\">\n<tbody>\n<tr>\n<td valign=\"top\" width=\"234\">\n<div class=\"theimage\"><span class=\"title\">STANDARD<\/span><br \/>\n<img decoding=\"async\" title=\"\" src=\"https:\/\/tri-volt.com\/wp-content\/uploads\/2014\/01\/trivolt_cartridge-heater_01_standard.jpg\" alt=\"\" \/><\/div>\n<\/td>\n<td valign=\"top\" width=\"234\">\n<div class=\"theimage\"><span class=\"title\">TRIPHAS\u00c9<\/span><br \/>\n<img decoding=\"async\" title=\"\" src=\"https:\/\/tri-volt.com\/wp-content\/uploads\/2014\/01\/trivolt_cartridge-heater_02_3phase.jpg\" alt=\"\" \/><\/div>\n<\/td>\n<td valign=\"top\" width=\"234\">\n<div class=\"theimage\"><span class=\"title\">AVEC THERMOCOUPLE<\/span><br \/>\n<img decoding=\"async\" title=\"\" src=\"https:\/\/tri-volt.com\/wp-content\/uploads\/2014\/01\/trivolt_cartridge-heater_03_thermocouple.jpg\" alt=\"\" \/><\/div>\n<\/td>\n<\/tr>\n<tr>\n<td valign=\"top\" width=\"234\">\n<div class=\"theimage\"><span class=\"title\">SANS T\u00caTE EN C\u00c9RAMIQUE<\/span><br \/>\n<img decoding=\"async\" title=\"\" src=\"https:\/\/tri-volt.com\/wp-content\/uploads\/2014\/01\/trivolt_cartridge-heater_04_ceramic.jpg\" alt=\"\" \/><\/div>\n<\/td>\n<td valign=\"top\" width=\"234\">\n<div class=\"theimage\"><span class=\"title\">\u00c0 BOUT FROID<\/span><br \/>\n<img decoding=\"async\" title=\"\" src=\"https:\/\/tri-volt.com\/wp-content\/uploads\/2014\/01\/trivolt_cartridge-heater_05_cold.jpg\" alt=\"\" \/><\/div>\n<\/td>\n<td valign=\"top\" width=\"234\">\n<div class=\"theimage\"><span class=\"title\">\u00c0 PUISSANCE VARIABLE<\/span><br \/>\n<img decoding=\"async\" title=\"\" src=\"https:\/\/tri-volt.com\/wp-content\/uploads\/2014\/01\/trivolt_cartridge-heater_06_wattage.jpg\" alt=\"\" \/><\/div>\n<\/td>\n<\/tr>\n<tr>\n<td valign=\"top\" width=\"234\">\n<div class=\"theimage\"><span class=\"title\">PLATE<\/span><br \/>\n<img decoding=\"async\" title=\"\" src=\"https:\/\/tri-volt.com\/wp-content\/uploads\/2014\/01\/trivolt_cartridge-heater_07_flat.jpg\" alt=\"\" \/><\/div>\n<\/td>\n<td valign=\"top\" width=\"234\">\n<div class=\"theimage\"><span class=\"title\">CARR\u00c9<\/span><br \/>\n<img decoding=\"async\" title=\"\" src=\"https:\/\/tri-volt.com\/wp-content\/uploads\/2014\/01\/trivolt_cartridge-heater_08_square.jpg\" alt=\"\" \/><\/div>\n<\/td>\n<td valign=\"top\" width=\"234\">\n<div class=\"theimage\"><span class=\"title\">\u00c0 DOUBLE ISOLATION<\/span><br \/>\n<img decoding=\"async\" title=\"\" src=\"https:\/\/tri-volt.com\/wp-content\/uploads\/2014\/01\/trivolt_cartridge-heater_09_double.jpg\" alt=\"\" \/><\/div>\n<\/td>\n<\/tr>\n<tr>\n<td valign=\"top\" width=\"234\">\n<div class=\"theimage\"><span class=\"title\">AUTOR\u00c9GLEMENT\u00c9<\/span><br \/>\n<img decoding=\"async\" title=\"\" src=\"https:\/\/tri-volt.com\/wp-content\/uploads\/2014\/01\/trivolt_cartridge-heater_10_self.jpg\" alt=\"\" \/><\/div>\n<\/td>\n<td valign=\"top\" width=\"234\">\n<div class=\"theimage\"><span class=\"title\" style=\"font-size: 11px; line-height: 16px;\">\u00c9L\u00c9MENT CYLINDRIQUE C\u00c9RAMIQUE<\/span><br \/>\n<img decoding=\"async\" title=\"\" src=\"https:\/\/tri-volt.com\/wp-content\/uploads\/2014\/01\/trivolt_cartridge-heater_11_ceramic.jpg\" alt=\"\" \/><\/div>\n<\/td>\n<td valign=\"top\" width=\"234\"><\/td>\n<\/tr>\n<\/tbody>\n<\/table>\n","protected":false},"excerpt":{"rendered":"<p>STANDARD TRIPHAS\u00c9 AVEC THERMOCOUPLE SANS T\u00caTE EN C\u00c9RAMIQUE \u00c0 BOUT FROID \u00c0 PUISSANCE VARIABLE PLATE CARR\u00c9 \u00c0 DOUBLE ISOLATION AUTOR\u00c9GLEMENT\u00c9 \u00c9L\u00c9MENT CYLINDRIQUE C\u00c9RAMIQUE<\/p>\n","protected":false},"author":12,"featured_media":0,"parent":2921,"menu_order":0,"comment_status":"open","ping_status":"open","template":"","meta":{"footnotes":""},"class_list":["post-2927","page","type-page","status-publish","hentry"],"aioseo_notices":[],"_links":{"self":[{"href":"https:\/\/tri-volt.com\/fr\/wp-json\/wp\/v2\/pages\/2927","targetHints":{"allow":["GET"]}}],"collection":[{"href":"https:\/\/tri-volt.com\/fr\/wp-json\/wp\/v2\/pages"}],"about":[{"href":"https:\/\/tri-volt.com\/fr\/wp-json\/wp\/v2\/types\/page"}],"author":[{"embeddable":true,"href":"https:\/\/tri-volt.com\/fr\/wp-json\/wp\/v2\/users\/12"}],"replies":[{"embeddable":true,"href":"https:\/\/tri-volt.com\/fr\/wp-json\/wp\/v2\/comments?post=2927"}],"version-history":[{"count":7,"href":"https:\/\/tri-volt.com\/fr\/wp-json\/wp\/v2\/pages\/2927\/revisions"}],"predecessor-version":[{"id":3019,"href":"https:\/\/tri-volt.com\/fr\/wp-json\/wp\/v2\/pages\/2927\/revisions\/3019"}],"up":[{"embeddable":true,"href":"https:\/\/tri-volt.com\/fr\/wp-json\/wp\/v2\/pages\/2921"}],"wp:attachment":[{"href":"https:\/\/tri-volt.com\/fr\/wp-json\/wp\/v2\/media?parent=2927"}],"curies":[{"name":"wp","href":"https:\/\/api.w.org\/{rel}","templated":true}]}}