{"id":2930,"date":"2014-01-27T16:52:11","date_gmt":"2014-01-27T16:52:11","guid":{"rendered":"https:\/\/tri-volt.com\/industrial\/cartridge-heater\/special-options\/"},"modified":"2023-11-22T14:55:32","modified_gmt":"2023-11-22T14:55:32","slug":"options-speciales","status":"publish","type":"page","link":"https:\/\/tri-volt.com\/fr\/industriel\/cartouche-chauffante\/options-speciales\/","title":{"rendered":"Options sp\u00e9ciales"},"content":{"rendered":"<table id=\"products\" style=\"width: 100%;\" cellspacing=\"1\" cellpadding=\"1\" align=\"center\">\n<tbody>\n<tr>\n<td valign=\"top\" width=\"234\">\n<div class=\"theimage\"><span class=\"title\">OPT_15<\/span><br \/>\n<img decoding=\"async\" title=\"\" src=\"https:\/\/tri-volt.com\/wp-content\/uploads\/2014\/01\/trivolt_cartridge-heater_00_opt15.jpg\" alt=\"\" \/><\/div>\n<ul>\n<li><span style=\"font-weight: 400;\">Joint en silicone<\/span><\/li>\n<\/ul>\n<\/td>\n<td valign=\"top\" width=\"234\">\n<div class=\"theimage\"><span class=\"title\">OPT_16<\/span><br \/>\n<img decoding=\"async\" title=\"\" src=\"https:\/\/tri-volt.com\/wp-content\/uploads\/2014\/01\/trivolt_cartridge-heater_01_opt16.jpg\" alt=\"\" \/><\/div>\n<ul>\n<li><span style=\"font-weight: 400;\">Enroulement de l\u2019\u00e9l\u00e9ment mis \u00e0 la terre<\/span><\/li>\n<\/ul>\n<\/td>\n<td valign=\"top\" width=\"234\">\n<div class=\"theimage\"><span class=\"title\">OPT_17<\/span><br \/>\n<img decoding=\"async\" title=\"\" src=\"https:\/\/tri-volt.com\/wp-content\/uploads\/2014\/01\/trivolt_cartridge-heater_02_opt17.jpg\" alt=\"\" \/><\/div>\n<ul>\n<li><span style=\"font-weight: 400;\">Bornes filet\u00e9es<\/span><\/li>\n<\/ul>\n<\/td>\n<\/tr>\n<tr>\n<td valign=\"top\" width=\"234\">\n<div class=\"theimage\"><span class=\"title\">OPT_18<\/span><br \/>\n<img decoding=\"async\" title=\"\" src=\"https:\/\/tri-volt.com\/wp-content\/uploads\/2014\/01\/trivolt_cartridge-heater_03_opt18.jpg\" alt=\"\" \/><\/div>\n<ul>\n<li><span style=\"font-weight: 400;\">Coupe d&rsquo;Europe<\/span><\/li>\n<\/ul>\n<\/td>\n<td valign=\"top\" width=\"234\">\n<div class=\"theimage\"><span class=\"title\">OPT_21<\/span><br \/>\n<img decoding=\"async\" title=\"\" src=\"https:\/\/tri-volt.com\/wp-content\/uploads\/2014\/01\/trivolt_cartridge-heater_04_opt21.jpg\" alt=\"\" \/><\/div>\n<ul>\n<li><span style=\"font-weight: 400;\">Sortie en plomb \u00e0 90\u00b0 de la gaine<\/span><\/li>\n<\/ul>\n<\/td>\n<td valign=\"top\" width=\"234\">\n<div class=\"theimage\"><span class=\"title\">OPT_23<\/span><br \/>\n<img decoding=\"async\" title=\"\" src=\"https:\/\/tri-volt.com\/wp-content\/uploads\/2014\/01\/trivolt_cartridge-heater_05_opt23.jpg\" alt=\"\" \/><\/div>\n<ul>\n<li><span style=\"font-weight: 400;\">Extension de gaine coud\u00e9e<\/span><\/li>\n<\/ul>\n<\/td>\n<\/tr>\n<tr>\n<td valign=\"top\" width=\"234\">\n<div class=\"theimage\"><span class=\"title\">OPT_30<\/span><br \/>\n<img decoding=\"async\" title=\"\" src=\"https:\/\/tri-volt.com\/wp-content\/uploads\/2014\/01\/trivolt_cartridge-heater_06_opt30.jpg\" alt=\"\" \/><\/div>\n<ul>\n<li><span style=\"font-weight: 400;\">Raccordement int\u00e9rieur sans t\u00eate<\/span><\/li>\n<\/ul>\n<\/td>\n<td valign=\"top\" width=\"234\">\n<div class=\"theimage\"><span class=\"title\">Plaque \u00e0 vis avec pince<\/span><br \/>\n<img decoding=\"async\" title=\"\" src=\"https:\/\/tri-volt.com\/wp-content\/uploads\/2014\/01\/trivolt_cartridge-heater_07_screw.jpg\" alt=\"\" \/><\/div>\n<ul>\n<li><span style=\"font-weight: 400;\">Plaque \u00e0 vis avec pince<\/span><\/li>\n<\/ul>\n<\/td>\n<td valign=\"top\" width=\"234\">\n<div class=\"theimage\"><span class=\"title\">Form\u00e9<\/span><br \/>\n<img decoding=\"async\" title=\"\" src=\"https:\/\/tri-volt.com\/wp-content\/uploads\/2014\/01\/trivolt_cartridge-heater_08_shaped.jpg\" alt=\"\" \/><\/div>\n<ul>\n<li><span style=\"font-weight: 400;\">Form\u00e9 en une forme<\/span><\/li>\n<\/ul>\n<\/td>\n<\/tr>\n<\/tbody>\n<\/table>\n","protected":false},"excerpt":{"rendered":"<p>OPT_15 Joint en silicone OPT_16 Enroulement de l\u2019\u00e9l\u00e9ment mis \u00e0 la terre OPT_17 Bornes filet\u00e9es OPT_18 Coupe d&rsquo;Europe OPT_21 Sortie en plomb \u00e0 90\u00b0 de la gaine OPT_23 Extension de gaine coud\u00e9e OPT_30 Raccordement int\u00e9rieur sans t\u00eate Plaque \u00e0 vis avec pince Plaque \u00e0 vis avec pince Form\u00e9 Form\u00e9 en une forme<\/p>\n","protected":false},"author":12,"featured_media":0,"parent":2921,"menu_order":0,"comment_status":"open","ping_status":"open","template":"","meta":{"footnotes":""},"class_list":["post-2930","page","type-page","status-publish","hentry"],"aioseo_notices":[],"_links":{"self":[{"href":"https:\/\/tri-volt.com\/fr\/wp-json\/wp\/v2\/pages\/2930","targetHints":{"allow":["GET"]}}],"collection":[{"href":"https:\/\/tri-volt.com\/fr\/wp-json\/wp\/v2\/pages"}],"about":[{"href":"https:\/\/tri-volt.com\/fr\/wp-json\/wp\/v2\/types\/page"}],"author":[{"embeddable":true,"href":"https:\/\/tri-volt.com\/fr\/wp-json\/wp\/v2\/users\/12"}],"replies":[{"embeddable":true,"href":"https:\/\/tri-volt.com\/fr\/wp-json\/wp\/v2\/comments?post=2930"}],"version-history":[{"count":4,"href":"https:\/\/tri-volt.com\/fr\/wp-json\/wp\/v2\/pages\/2930\/revisions"}],"predecessor-version":[{"id":3024,"href":"https:\/\/tri-volt.com\/fr\/wp-json\/wp\/v2\/pages\/2930\/revisions\/3024"}],"up":[{"embeddable":true,"href":"https:\/\/tri-volt.com\/fr\/wp-json\/wp\/v2\/pages\/2921"}],"wp:attachment":[{"href":"https:\/\/tri-volt.com\/fr\/wp-json\/wp\/v2\/media?parent=2930"}],"curies":[{"name":"wp","href":"https:\/\/api.w.org\/{rel}","templated":true}]}}