{"id":2933,"date":"2014-01-27T16:51:39","date_gmt":"2014-01-27T16:51:39","guid":{"rendered":"https:\/\/tri-volt.com\/industrial\/cartridge-heater\/standard-options\/"},"modified":"2023-11-22T14:54:35","modified_gmt":"2023-11-22T14:54:35","slug":"options-standards","status":"publish","type":"page","link":"https:\/\/tri-volt.com\/fr\/industriel\/cartouche-chauffante\/options-standards\/","title":{"rendered":"Options standards"},"content":{"rendered":"<table id=\"products\" style=\"width: 100%;\" cellspacing=\"1\" cellpadding=\"1\" align=\"center\">\n<tbody>\n<tr>\n<td valign=\"top\" width=\"234\">\n<div class=\"theimage\"><span class=\"title\">OPT_0<\/span><br \/>\n<img decoding=\"async\" title=\"\" src=\"https:\/\/tri-volt.com\/wp-content\/uploads\/2014\/01\/trivolt_cartridge-heater_00_opt0.jpg\" alt=\"\" \/><\/div>\n<ul>\n<li><span style=\"font-weight: 400;\">Connexion de fil de fibre de verre<\/span><\/li>\n<\/ul>\n<\/td>\n<td valign=\"top\" width=\"234\">\n<div class=\"theimage\"><span class=\"title\">OPT_1<\/span><br \/>\n<img decoding=\"async\" title=\"\" src=\"https:\/\/tri-volt.com\/wp-content\/uploads\/2014\/01\/trivolt_cartridge-heater_01_opt1.jpg\" alt=\"\" \/><\/div>\n<ul>\n<li><span style=\"font-weight: 400;\">Perles en c\u00e9ramique<\/span><\/li>\n<\/ul>\n<\/td>\n<td valign=\"top\" width=\"234\">\n<div class=\"theimage\"><span class=\"title\">OPT_2<\/span><br \/>\n<img decoding=\"async\" title=\"\" src=\"https:\/\/tri-volt.com\/wp-content\/uploads\/2014\/01\/trivolt_cartridge-heater_02_opt2.jpg\" alt=\"\" \/><\/div>\n<ul>\n<li><span style=\"font-weight: 400;\">C\u00e2ble de blindage droit (AC)<\/span><\/li>\n<\/ul>\n<\/td>\n<\/tr>\n<tr>\n<td valign=\"top\" width=\"234\">\n<div class=\"theimage\"><span class=\"title\">OPT_3<\/span><br \/>\n<img decoding=\"async\" title=\"\" src=\"https:\/\/tri-volt.com\/wp-content\/uploads\/2014\/01\/trivolt_cartridge-heater_03_opt3.jpg\" alt=\"\" \/><\/div>\n<ul>\n<li><span style=\"font-weight: 400;\">Tresse droite en acier inoxydable (SS)<\/span><\/li>\n<\/ul>\n<\/td>\n<td valign=\"top\" width=\"234\">\n<div class=\"theimage\"><span class=\"title\">OPT_4<\/span><br \/>\n<img decoding=\"async\" title=\"\" src=\"https:\/\/tri-volt.com\/wp-content\/uploads\/2014\/01\/trivolt_cartridge-heater_04_opt4.jpg\" alt=\"\" \/><\/div>\n<ul>\n<li><span style=\"font-weight: 400;\">C\u00e2bles multifils \u00e9tanches droits<\/span><\/li>\n<\/ul>\n<\/td>\n<td valign=\"top\" width=\"234\">\n<div class=\"theimage\"><span class=\"title\">OPT_5<\/span><br \/>\n<img decoding=\"async\" title=\"\" src=\"https:\/\/tri-volt.com\/wp-content\/uploads\/2014\/01\/trivolt_cartridge-heater_05_opt5.jpg\" alt=\"\" \/><\/div>\n<ul>\n<li><span style=\"font-weight: 400;\">\u00a0Pli\u00e9<\/span><\/li>\n<\/ul>\n<\/td>\n<\/tr>\n<tr>\n<td valign=\"top\" width=\"234\">\n<div class=\"theimage\"><span class=\"title\">OPT_6<\/span><br \/>\n<img decoding=\"async\" title=\"\" src=\"https:\/\/tri-volt.com\/wp-content\/uploads\/2014\/01\/trivolt_cartridge-heater_06_opt6.jpg\" alt=\"\" \/><\/div>\n<ul>\n<li><span style=\"font-weight: 400;\">C\u00e2ble de blindage pli\u00e9 (AC)<\/span><\/li>\n<\/ul>\n<\/td>\n<td valign=\"top\" width=\"234\">\n<div class=\"theimage\"><span class=\"title\">OPT_7<\/span><br \/>\n<img decoding=\"async\" title=\"\" src=\"https:\/\/tri-volt.com\/wp-content\/uploads\/2014\/01\/trivolt_cartridge-heater_07_opt7.jpg\" alt=\"\" \/><\/div>\n<ul>\n<li><span style=\"font-weight: 400;\">Sortie de d\u00e9rivation \u00e0 90\u00b0<\/span><\/li>\n<\/ul>\n<\/td>\n<td valign=\"top\" width=\"234\">\n<div class=\"theimage\"><span class=\"title\">OPT_8<\/span><br \/>\n<img decoding=\"async\" title=\"\" src=\"https:\/\/tri-volt.com\/wp-content\/uploads\/2014\/01\/trivolt_cartridge-heater_08_opt8.jpg\" alt=\"\" \/><\/div>\n<ul>\n<li><span style=\"font-weight: 400;\">C\u00e2ble de blindage de sortie en plomb de 90\u00b0<\/span><\/li>\n<\/ul>\n<\/td>\n<\/tr>\n<tr>\n<td valign=\"top\" width=\"234\">\n<div class=\"theimage\"><span class=\"title\">OPT_9<\/span><br \/>\n<img decoding=\"async\" title=\"\" src=\"https:\/\/tri-volt.com\/wp-content\/uploads\/2014\/01\/trivolt_cartridge-heater_09_opt9.jpg\" alt=\"\" \/><\/div>\n<ul>\n<li><span style=\"font-weight: 400;\">Tresse en acier inoxydable \u00e0 sortie en plomb \u00e0 90\u00b0 (SS)<\/span><\/li>\n<\/ul>\n<\/td>\n<td valign=\"top\" width=\"234\">\n<div class=\"theimage\"><span class=\"title\" style=\"font-size: 13px; line-height: 25px;\">OPT_10<\/span><br \/>\n<img decoding=\"async\" title=\"\" src=\"https:\/\/tri-volt.com\/wp-content\/uploads\/2014\/01\/trivolt_cartridge-heater_10_opt10.jpg\" alt=\"\" \/><\/div>\n<ul>\n<li><span style=\"font-weight: 400;\">Sortie en plomb \u00e0 90\u00b0 avec fils multicolores \u00e9tanches<\/span><\/li>\n<\/ul>\n<\/td>\n<td valign=\"top\" width=\"234\">\n<div class=\"theimage\"><span class=\"title\">OPT_22<\/span><br \/>\n<img decoding=\"async\" title=\"\" src=\"https:\/\/tri-volt.com\/wp-content\/uploads\/2014\/01\/trivolt_cartridge-heater_11_opt22.jpg\" alt=\"\" \/><\/div>\n<ul>\n<li><span style=\"font-weight: 400;\">Angle droit avec tube en silicone<\/span><\/li>\n<\/ul>\n<\/td>\n<\/tr>\n<tr>\n<td valign=\"top\" width=\"234\">\n<div class=\"theimage\"><span class=\"title\">OPT_25<\/span><br \/>\n<img decoding=\"async\" title=\"\" src=\"https:\/\/tri-volt.com\/wp-content\/uploads\/2014\/01\/trivolt_cartridge-heater_12_opt25.jpg\" alt=\"\" \/><\/div>\n<ul>\n<li><span style=\"font-weight: 400;\">Liaison renforc\u00e9e<\/span><\/li>\n<\/ul>\n<\/td>\n<td valign=\"top\" width=\"234\">\n<div class=\"theimage\"><span class=\"title\">OPT_28<\/span><br \/>\n<img decoding=\"async\" title=\"\" src=\"https:\/\/tri-volt.com\/wp-content\/uploads\/2014\/01\/trivolt_cartridge-heater_13_opt28.jpg\" alt=\"\" \/><\/div>\n<ul>\n<li><span style=\"font-weight: 400;\">Angle droit avec tube en acier inoxydable et c\u00e2ble de blindage (AC)<\/span><\/li>\n<\/ul>\n<\/td>\n<td valign=\"top\" width=\"234\">\n<div class=\"theimage\"><span class=\"title\">OPT_29<\/span><br \/>\n<img decoding=\"async\" title=\"\" src=\"https:\/\/tri-volt.com\/wp-content\/uploads\/2014\/01\/trivolt_cartridge-heater_14_opt29.jpg\" alt=\"\" \/><\/div>\n<ul>\n<li><span style=\"font-weight: 400;\">Connexion ext\u00e9rieure sans t\u00eate<\/span><\/li>\n<\/ul>\n<\/td>\n<\/tr>\n<\/tbody>\n<\/table>\n","protected":false},"excerpt":{"rendered":"<p>OPT_0 Connexion de fil de fibre de verre OPT_1 Perles en c\u00e9ramique OPT_2 C\u00e2ble de blindage droit (AC) OPT_3 Tresse droite en acier inoxydable (SS) OPT_4 C\u00e2bles multifils \u00e9tanches droits OPT_5 \u00a0Pli\u00e9 OPT_6 C\u00e2ble de blindage pli\u00e9 (AC) OPT_7 Sortie de d\u00e9rivation \u00e0 90\u00b0 OPT_8 C\u00e2ble de blindage de sortie en plomb de 90\u00b0 OPT_9 [&hellip;]<\/p>\n","protected":false},"author":12,"featured_media":0,"parent":2921,"menu_order":0,"comment_status":"open","ping_status":"open","template":"","meta":{"footnotes":""},"class_list":["post-2933","page","type-page","status-publish","hentry"],"aioseo_notices":[],"_links":{"self":[{"href":"https:\/\/tri-volt.com\/fr\/wp-json\/wp\/v2\/pages\/2933","targetHints":{"allow":["GET"]}}],"collection":[{"href":"https:\/\/tri-volt.com\/fr\/wp-json\/wp\/v2\/pages"}],"about":[{"href":"https:\/\/tri-volt.com\/fr\/wp-json\/wp\/v2\/types\/page"}],"author":[{"embeddable":true,"href":"https:\/\/tri-volt.com\/fr\/wp-json\/wp\/v2\/users\/12"}],"replies":[{"embeddable":true,"href":"https:\/\/tri-volt.com\/fr\/wp-json\/wp\/v2\/comments?post=2933"}],"version-history":[{"count":2,"href":"https:\/\/tri-volt.com\/fr\/wp-json\/wp\/v2\/pages\/2933\/revisions"}],"predecessor-version":[{"id":2935,"href":"https:\/\/tri-volt.com\/fr\/wp-json\/wp\/v2\/pages\/2933\/revisions\/2935"}],"up":[{"embeddable":true,"href":"https:\/\/tri-volt.com\/fr\/wp-json\/wp\/v2\/pages\/2921"}],"wp:attachment":[{"href":"https:\/\/tri-volt.com\/fr\/wp-json\/wp\/v2\/media?parent=2933"}],"curies":[{"name":"wp","href":"https:\/\/api.w.org\/{rel}","templated":true}]}}