{"id":2940,"date":"2018-10-09T15:01:08","date_gmt":"2018-10-09T15:01:08","guid":{"rendered":"https:\/\/tri-volt.com\/industrial\/split-cartridge-heater\/"},"modified":"2023-11-22T15:08:29","modified_gmt":"2023-11-22T15:08:29","slug":"rechauffeurs-a-cartouche-fendue","status":"publish","type":"page","link":"https:\/\/tri-volt.com\/fr\/industriel\/rechauffeurs-a-cartouche-fendue\/","title":{"rendered":"R\u00e9chauffeurs \u00e0 cartouche fendue"},"content":{"rendered":"<p>TEXTE A VENIR&#8230;.<\/p>\n<p>Trivolt Industries adopte un syst\u00e8me de contr\u00f4le qualit\u00e9 interne rigoureux (QMSM-2009). Chaque r\u00e9chauffeur est test\u00e9 pour la r\u00e9sistance et le di\u00e9lectrique. Tous nos r\u00e9chauffeurs sont homologu\u00e9s CSA, UL et CE.<\/p>\n<div id=\"box-specs\" style=\"height: 198px;\">\n<ul id=\"tabs\">\n<li class=\"selected\" title=\"tab-1\"><strong><strong>Cahier des charges<\/strong><\/strong><\/li>\n<li title=\"tab-2\"><strong>Construction<\/strong><\/li>\n<li title=\"tab-3\"><strong>Connexions \u00e9lectriques<\/strong><\/li>\n<li title=\"tab-4\"><strong>Bo\u00eetier du terminal<\/strong><\/li>\n<li title=\"tab-5\"><strong>M\u00e9thodes de serrage<\/strong><\/li>\n<\/ul>\n<div id=\"tab-cont\" style=\"height: 198px;\">\n<div id=\"tab-1\" class=\"thetab\">TEXTE A VENIR&#8230;.<\/div>\n<div id=\"tab-2\" class=\"thetab\">TEXTE A VENIR&#8230;.<\/div>\n<div id=\"tab-3\" class=\"thetab\">TEXTE A VENIR&#8230;.<\/div>\n<div id=\"tab-4\" class=\"thetab\">TEXTE A VENIR&#8230;.<\/div>\n<div id=\"tab-5\" class=\"thetab\">TEXTE A VENIR&#8230;.<\/div>\n<\/div>\n<\/div>\n","protected":false},"excerpt":{"rendered":"<p>TEXTE A VENIR&#8230;. Trivolt Industries adopte un syst\u00e8me de contr\u00f4le qualit\u00e9 interne rigoureux (QMSM-2009). Chaque r\u00e9chauffeur est test\u00e9 pour la r\u00e9sistance et le di\u00e9lectrique. Tous nos r\u00e9chauffeurs sont homologu\u00e9s CSA, UL et CE. Cahier des charges Construction Connexions \u00e9lectriques Bo\u00eetier du terminal M\u00e9thodes de serrage TEXTE A VENIR&#8230;. TEXTE A VENIR&#8230;. TEXTE A VENIR&#8230;. TEXTE [&hellip;]<\/p>\n","protected":false},"author":12,"featured_media":0,"parent":2909,"menu_order":0,"comment_status":"closed","ping_status":"closed","template":"","meta":{"footnotes":""},"class_list":["post-2940","page","type-page","status-publish","hentry"],"aioseo_notices":[],"_links":{"self":[{"href":"https:\/\/tri-volt.com\/fr\/wp-json\/wp\/v2\/pages\/2940","targetHints":{"allow":["GET"]}}],"collection":[{"href":"https:\/\/tri-volt.com\/fr\/wp-json\/wp\/v2\/pages"}],"about":[{"href":"https:\/\/tri-volt.com\/fr\/wp-json\/wp\/v2\/types\/page"}],"author":[{"embeddable":true,"href":"https:\/\/tri-volt.com\/fr\/wp-json\/wp\/v2\/users\/12"}],"replies":[{"embeddable":true,"href":"https:\/\/tri-volt.com\/fr\/wp-json\/wp\/v2\/comments?post=2940"}],"version-history":[{"count":5,"href":"https:\/\/tri-volt.com\/fr\/wp-json\/wp\/v2\/pages\/2940\/revisions"}],"predecessor-version":[{"id":3012,"href":"https:\/\/tri-volt.com\/fr\/wp-json\/wp\/v2\/pages\/2940\/revisions\/3012"}],"up":[{"embeddable":true,"href":"https:\/\/tri-volt.com\/fr\/wp-json\/wp\/v2\/pages\/2909"}],"wp:attachment":[{"href":"https:\/\/tri-volt.com\/fr\/wp-json\/wp\/v2\/media?parent=2940"}],"curies":[{"name":"wp","href":"https:\/\/api.w.org\/{rel}","templated":true}]}}