{"id":2948,"date":"2015-10-02T13:43:13","date_gmt":"2015-10-02T13:43:13","guid":{"rendered":"https:\/\/tri-volt.com\/nema-1-enclosure-150lbs-ss\/"},"modified":"2023-11-22T14:59:18","modified_gmt":"2023-11-22T14:59:18","slug":"boitier-nema-1-150-lbs-inoxydable","status":"publish","type":"page","link":"https:\/\/tri-volt.com\/fr\/energie\/thermoplongeur-a-ailettes-en-acier-inoxydable\/boitier-nema-1-150-lbs-inoxydable\/","title":{"rendered":"Bo\u00eetier Nema 1 \u2013 150 lbs \u2013 Inoxydable"},"content":{"rendered":"<p><strong>Bride de 3\u201d, 4\u201d, 5\u201d, 6\u201d, 8\u201d et 10\u201d<\/strong><\/p>\n<p><a href=\"https:\/\/tri-volt.com\/wp-content\/uploads\/2015\/10\/ss-3po-flange-150-n1_chart.jpg\" target=\"_blank\" rel=\"noopener\"><img decoding=\"async\" class=\"alignleft wp-image-906\" src=\"https:\/\/tri-volt.com\/wp-content\/uploads\/2015\/10\/ss-3po-flange-150-n1_chart.jpg\" alt=\"SS-3inch-flange-150lbs-Nema1\" width=\"100%\" \/><\/a><\/p>\n<p><a href=\"https:\/\/tri-volt.com\/wp-content\/uploads\/2015\/10\/ss-6po-flange-150-n1_chart.jpg\" target=\"_blank\" rel=\"noopener\"><img decoding=\"async\" class=\"alignleft wp-image-906\" src=\"https:\/\/tri-volt.com\/wp-content\/uploads\/2015\/10\/ss-6po-flange-150-n1_chart.jpg\" alt=\"SS-6inch-flange-150lbs-Nema1\" width=\"100%\" \/><\/a><\/p>\n<p><a href=\"https:\/\/tri-volt.com\/wp-content\/uploads\/2015\/10\/ss-8po-flange-150-n1_chart.jpg\" target=\"_blank\" rel=\"noopener\"><img decoding=\"async\" class=\"alignleft wp-image-906\" src=\"https:\/\/tri-volt.com\/wp-content\/uploads\/2015\/10\/ss-8po-flange-150-n1_chart.jpg\" alt=\"SS-8inch-flange-150lbs-Nema1\" width=\"100%\" \/><\/a><\/p>\n<p><a href=\"https:\/\/tri-volt.com\/wp-content\/uploads\/2015\/10\/ss-10po-flange-150-n1_chart.jpg\" target=\"_blank\" rel=\"noopener\"><img decoding=\"async\" class=\"alignleft wp-image-906\" src=\"https:\/\/tri-volt.com\/wp-content\/uploads\/2015\/10\/ss-10po-flange-150-n1_chart.jpg\" alt=\"SS-10inch-flange-150lbs-Nema1\" width=\"100%\" \/><\/a><\/p>\n<p><strong>Tous nos produits ont subi des tests internes stricts et des tests CSA. CAN\/CSA-C22.2 No. 72-10 (2013) et UL 499 Treizi\u00e8me \u00c9ditions; Classe 2871-02 et 2871-82.<\/strong><\/p>\n<p><span style=\"font-weight: 400;\">Les industries Trivolt adopte un syst\u00e8me de contr\u00f4le de qualit\u00e9 interne strict (QMSM-2009). Chaque appareil de chauffage est test\u00e9 pour sa r\u00e9sistance et sa tenue di\u00e9lectrique.Tous nos appareils de chauffage sont approuv\u00e9s par les marquages CSA, UL et CE.<\/span><\/p>\n","protected":false},"excerpt":{"rendered":"<p>Bride de 3\u201d, 4\u201d, 5\u201d, 6\u201d, 8\u201d et 10\u201d Tous nos produits ont subi des tests internes stricts et des tests CSA. CAN\/CSA-C22.2 No. 72-10 (2013) et UL 499 Treizi\u00e8me \u00c9ditions; Classe 2871-02 et 2871-82. Les industries Trivolt adopte un syst\u00e8me de contr\u00f4le de qualit\u00e9 interne strict (QMSM-2009). Chaque appareil de chauffage est test\u00e9 pour [&hellip;]<\/p>\n","protected":false},"author":12,"featured_media":0,"parent":2951,"menu_order":0,"comment_status":"closed","ping_status":"closed","template":"","meta":{"footnotes":""},"class_list":["post-2948","page","type-page","status-publish","hentry"],"aioseo_notices":[],"_links":{"self":[{"href":"https:\/\/tri-volt.com\/fr\/wp-json\/wp\/v2\/pages\/2948","targetHints":{"allow":["GET"]}}],"collection":[{"href":"https:\/\/tri-volt.com\/fr\/wp-json\/wp\/v2\/pages"}],"about":[{"href":"https:\/\/tri-volt.com\/fr\/wp-json\/wp\/v2\/types\/page"}],"author":[{"embeddable":true,"href":"https:\/\/tri-volt.com\/fr\/wp-json\/wp\/v2\/users\/12"}],"replies":[{"embeddable":true,"href":"https:\/\/tri-volt.com\/fr\/wp-json\/wp\/v2\/comments?post=2948"}],"version-history":[{"count":2,"href":"https:\/\/tri-volt.com\/fr\/wp-json\/wp\/v2\/pages\/2948\/revisions"}],"predecessor-version":[{"id":2950,"href":"https:\/\/tri-volt.com\/fr\/wp-json\/wp\/v2\/pages\/2948\/revisions\/2950"}],"up":[{"embeddable":true,"href":"https:\/\/tri-volt.com\/fr\/wp-json\/wp\/v2\/pages\/2951"}],"wp:attachment":[{"href":"https:\/\/tri-volt.com\/fr\/wp-json\/wp\/v2\/media?parent=2948"}],"curies":[{"name":"wp","href":"https:\/\/api.w.org\/{rel}","templated":true}]}}