{"id":2951,"date":"2015-10-01T16:17:50","date_gmt":"2015-10-01T16:17:50","guid":{"rendered":"https:\/\/tri-volt.com\/stainless-finned-immersion-heater\/"},"modified":"2024-02-27T15:42:53","modified_gmt":"2024-02-27T15:42:53","slug":"thermoplongeur-a-ailettes-en-acier-inoxydable","status":"publish","type":"page","link":"https:\/\/tri-volt.com\/fr\/energie\/thermoplongeur-a-ailettes-en-acier-inoxydable\/","title":{"rendered":"Thermoplongeur \u00e0 ailettes en acier inoxydable"},"content":{"rendered":"<p>Thermoplongeur Trivolt \u00e0 ailettes en acier inoxydable. (Texte \u00e0 venir.)<\/p>\n<div id=\"box-specs\" style=\"height: 198px;\">\n<ul id=\"tabs\">\n<li class=\"selected\" title=\"tab-1\"><strong>Sp\u00e9cifications<\/strong><\/li>\n<li title=\"tab-2\"><strong>Construction<\/strong><\/li>\n<li title=\"tab-3\"><span style=\"color: #000000;\"><span style=\"caret-color: #000000;\"><b>Connexions \u00e9lectriques<\/b><\/span><\/span><\/li>\n<li title=\"tab-4\"><span style=\"color: #000000;\"><span style=\"caret-color: #000000;\"><b>Bo\u00eetier du terminal<\/b><\/span><\/span><\/li>\n<li title=\"tab-5\"><span style=\"color: #000000;\"><span style=\"caret-color: #000000;\"><b>M\u00e9thodes de serrage<\/b><\/span><\/span><\/li>\n<\/ul>\n<div id=\"tab-cont\" style=\"height: 198px;\"><\/div>\n<\/div>\n<table id=\"products\" style=\"width: 100%;\" cellspacing=\"1\" cellpadding=\"1\" align=\"center\">\n<tbody>\n<tr>\n<td valign=\"top\" width=\"234\">\n<div class=\"theimage\">\n<span class=\"title\">NEMA 1<\/span><br \/>\n&nbsp;<\/div>\n<div>\n<br \/>\nBIENT\u00d4T DISPONIBLE&#8230;<\/div>\n<\/td>\n<td valign=\"top\" width=\"234\">\n<div class=\"theimage\">\n<span class=\"title\">NEMA 4<\/span><br \/>\n&nbsp;<\/div>\n<div>\n<br \/>\n<!--\n<a href=\"https:\/\/tri-volt.com\/wp-content\/uploads\/2015\/10\/ss-finned-inert-gases-nema-4-1.pdf\" target=\"PDFfiles\" rel=\"noopener\"><img loading=\"lazy\" decoding=\"async\" src=\"https:\/\/tri-volt.com\/wp-content\/themes\/trivolt\/images\/icone_doc_pdf.png\" alt=\"pdf\" width=\"24\" height=\"24\" \/>\u00a0GAZ NERT NEMA 4 \u2013 3\"<\/a>\n\n<a href=\"https:\/\/tri-volt.com\/wp-content\/uploads\/2015\/10\/ss-finned-inert-gases-nema-4-2.pdf\" target=\"PDFfiles\" rel=\"noopener\"><img loading=\"lazy\" decoding=\"async\" src=\"https:\/\/tri-volt.com\/wp-content\/themes\/trivolt\/images\/icone_doc_pdf.png\" alt=\"pdf\" width=\"24\" height=\"24\" \/>\u00a0GAZ INERTES NEMA 4 \u2013 6\"<\/a>\n\n<a href=\"https:\/\/tri-volt.com\/wp-content\/uploads\/2015\/10\/ss-finned-inert-gases-nema-4-3.pdf\" target=\"PDFfiles\" rel=\"noopener\"><img loading=\"lazy\" decoding=\"async\" src=\"https:\/\/tri-volt.com\/wp-content\/themes\/trivolt\/images\/icone_doc_pdf.png\" alt=\"pdf\" width=\"24\" height=\"24\" \/>\u00a0GAZ INERTES NEMA 4 - 8\"<\/a>\n\n<a href=\"https:\/\/tri-volt.com\/wp-content\/uploads\/2015\/10\/ss-finned-inert-gases-nema-4-4.pdf\" target=\"PDFfiles\" rel=\"noopener\"><img loading=\"lazy\" decoding=\"async\" src=\"https:\/\/tri-volt.com\/wp-content\/themes\/trivolt\/images\/icone_doc_pdf.png\" alt=\"pdf\" width=\"24\" height=\"24\" \/>\u00a0GAZ INERTES NEMA 4 - 10\"<\/a>\n-->\n<\/div>\n<\/td>\n<td valign=\"top\" width=\"234\">\n<div class=\"theimage\">\n<span class=\"title\">NEMA 7<\/span><br \/>\n&nbsp;<\/div>\n<div>\n<br \/>\n<!--\n<a href=\"https:\/\/tri-volt.com\/wp-content\/uploads\/2015\/10\/ss-finned-inert-gases-nema-7-1.pdf\" target=\"PDFfiles\" rel=\"noopener\"><img loading=\"lazy\" decoding=\"async\" src=\"https:\/\/tri-volt.com\/wp-content\/themes\/trivolt\/images\/icone_doc_pdf.png\" alt=\"pdf\" width=\"24\" height=\"24\" \/>\u00a0GAZ INERTES NEMA 7 - 3\"<\/a>\n\n<a href=\"https:\/\/tri-volt.com\/wp-content\/uploads\/2015\/10\/ss-finned-inert-gases-nema-7-2.pdf\" target=\"PDFfiles\" rel=\"noopener\"><img loading=\"lazy\" decoding=\"async\" src=\"https:\/\/tri-volt.com\/wp-content\/themes\/trivolt\/images\/icone_doc_pdf.png\" alt=\"pdf\" width=\"24\" height=\"24\" \/>\u00a0GAZ INERTES NEMA\"<\/a>\n\n<a href=\"https:\/\/tri-volt.com\/wp-content\/uploads\/2015\/10\/ss-finned-inert-gases-nema-7-3.pdf\" target=\"PDFfiles\" rel=\"noopener\"><img loading=\"lazy\" decoding=\"async\" src=\"https:\/\/tri-volt.com\/wp-content\/themes\/trivolt\/images\/icone_doc_pdf.png\" alt=\"pdf\" width=\"24\" height=\"24\" \/>\u00a0GAZ INERTES NEMA 7 - 8\"<\/a>\n\n<a href=\"https:\/\/tri-volt.com\/wp-content\/uploads\/2015\/10\/ss-finned-inert-gases-nema-7-4.pdf\" target=\"PDFfiles\" rel=\"noopener\"><img loading=\"lazy\" decoding=\"async\" src=\"https:\/\/tri-volt.com\/wp-content\/themes\/trivolt\/images\/icone_doc_pdf.png\" alt=\"pdf\" width=\"24\" height=\"24\" \/>\u00a0GAZ INERTES NEMA 7 - 10\"<\/a>\n-->\n<\/div>\n<\/td>\n<\/tr>\n<\/tbody>\n<\/table>\n","protected":false},"excerpt":{"rendered":"<p>Thermoplongeur Trivolt \u00e0 ailettes en acier inoxydable. (Texte \u00e0 venir.) Sp\u00e9cifications Construction Connexions \u00e9lectriques Bo\u00eetier du terminal M\u00e9thodes de serrage NEMA 1 &nbsp; BIENT\u00d4T DISPONIBLE&#8230; NEMA 4 &nbsp; NEMA 7 &nbsp;<\/p>\n","protected":false},"author":12,"featured_media":0,"parent":3049,"menu_order":0,"comment_status":"closed","ping_status":"closed","template":"","meta":{"footnotes":""},"class_list":["post-2951","page","type-page","status-publish","hentry"],"aioseo_notices":[],"_links":{"self":[{"href":"https:\/\/tri-volt.com\/fr\/wp-json\/wp\/v2\/pages\/2951","targetHints":{"allow":["GET"]}}],"collection":[{"href":"https:\/\/tri-volt.com\/fr\/wp-json\/wp\/v2\/pages"}],"about":[{"href":"https:\/\/tri-volt.com\/fr\/wp-json\/wp\/v2\/types\/page"}],"author":[{"embeddable":true,"href":"https:\/\/tri-volt.com\/fr\/wp-json\/wp\/v2\/users\/12"}],"replies":[{"embeddable":true,"href":"https:\/\/tri-volt.com\/fr\/wp-json\/wp\/v2\/comments?post=2951"}],"version-history":[{"count":7,"href":"https:\/\/tri-volt.com\/fr\/wp-json\/wp\/v2\/pages\/2951\/revisions"}],"predecessor-version":[{"id":3558,"href":"https:\/\/tri-volt.com\/fr\/wp-json\/wp\/v2\/pages\/2951\/revisions\/3558"}],"up":[{"embeddable":true,"href":"https:\/\/tri-volt.com\/fr\/wp-json\/wp\/v2\/pages\/3049"}],"wp:attachment":[{"href":"https:\/\/tri-volt.com\/fr\/wp-json\/wp\/v2\/media?parent=2951"}],"curies":[{"name":"wp","href":"https:\/\/api.w.org\/{rel}","templated":true}]}}