{"id":2961,"date":"2015-06-25T18:06:47","date_gmt":"2015-06-25T18:06:47","guid":{"rendered":"https:\/\/tri-volt.com\/price-book-and-services\/"},"modified":"2024-02-27T19:55:36","modified_gmt":"2024-02-27T19:55:36","slug":"portail-des-entreprises","status":"publish","type":"page","link":"https:\/\/tri-volt.com\/fr\/portail-des-entreprises\/","title":{"rendered":"Portail des entreprises"},"content":{"rendered":"<p><!--\n\n\n<ul>\n \t\n\n<li>Gallerie Photo<\/li>\n\n\n \t\n\n<li>Brochures\n\n\n<ul>\n \t\n\n<li><a href=\"https:\/\/tri-volt.com\/wp-content\/uploads\/2015\/06\/aluma-high-power-low-density.pdf\">Aluma haute puissance basse densit\u00e9<\/a><\/li>\n\n\n \t\n\n<li><a href=\"https:\/\/tri-volt.com\/wp-content\/uploads\/2015\/06\/moisture-proof-channel-heater.pdf\">R\u00e9chauffeur de canal \u00e9tanche \u00e0 l\u2019humidit\u00e9<\/a><\/li>\n\n\n \t\n\n<li><a href=\"https:\/\/tri-volt.com\/wp-content\/uploads\/2015\/06\/over-the-side-horizontal.pdf\">Sur le c\u00f4t\u00e9 Horizontal<\/a><\/li>\n\n\n \t\n\n<li><a href=\"https:\/\/tri-volt.com\/wp-content\/uploads\/2015\/06\/over-the-side-vertical.pdf\">Sur le c\u00f4t\u00e9 Vertical<\/a><\/li>\n\n\n \t\n\n<li><a href=\"https:\/\/tri-volt.com\/wp-content\/uploads\/2015\/06\/tri-volt-specifications.pdf\">Sp\u00e9cifications des trois volts<\/a><\/li>\n\n\n \t\n\n<li><a href=\"https:\/\/tri-volt.com\/wp-content\/uploads\/2023\/07\/HT65.pdf\" target=\"_blank\" rel=\"noopener\">HT-65 Diffusion thermique<\/a><\/li>\n\n\n \t\n\n<li><a href=\"https:\/\/tri-volt.com\/wp-content\/uploads\/2023\/07\/product-line-card-2020_print.pdf\" target=\"_blank\" rel=\"noopener\">Carte de gamme de produits 2020<\/a><\/li>\n\n\n \t\n\n<li><a href=\"https:\/\/tri-volt.com\/wp-content\/uploads\/2023\/07\/Supply-System.pdf\" target=\"_blank\" rel=\"noopener\">syst\u00e8me d'approvisionnement<\/a><\/li>\n\n\n \t\n\n<li><a href=\"https:\/\/tri-volt.com\/wp-content\/uploads\/2023\/07\/Triflex-Blade-heater-1.pdf\" target=\"_blank\" rel=\"noopener\">Chauffe-pales Triflex<\/a><\/li>\n\n\n \t\n\n<li><a href=\"https:\/\/tri-volt.com\/wp-content\/uploads\/2023\/07\/TriVolt-Circulation-systems.pdf\" target=\"_blank\" rel=\"noopener\">Syst\u00e8mes de circulation TriVolt<\/a><\/li>\n\n\n \t\n\n<li><a href=\"https:\/\/tri-volt.com\/wp-content\/uploads\/2023\/07\/TriVolt-Triflex-Blade-Plate-Heater-1.pdf\" target=\"_blank\" rel=\"noopener\">R\u00e9chauffeur de plaque de lame TriVolt Triflex<\/a><\/li>\n\n\n \t\n\n<li><a href=\"https:\/\/tri-volt.com\/wp-content\/uploads\/2023\/07\/Trivolt_Brochure_Train_2011.pdf\" target=\"_blank\" rel=\"noopener\">Train-brochure Trivolt 2011<\/a><\/li>\n\n\n<\/ul>\n\n\n<\/li>\n\n\n \t\n\n<li>Vid\u00e9os\n\n\n<ul>\n \t\n\n<li><a href=\"https:\/\/www.youtube.com\/watch?v=VVtXbwC1AHM\">R\u00e9chauffeur \u00e0 plaques hybride<\/a><\/li>\n\n\n \t\n\n<li><a href=\"https:\/\/www.youtube.com\/watch?v=o-bti8gjxGk\">Bande extensible<\/a><\/li>\n\n\n<\/ul>\n\n\n<\/li>\n\n\n \t\n\n<li>Fiches de s\u00e9lections\n\n\n<ul>\n \t\n\n<li><a href=\"https:\/\/tri-volt.com\/wp-content\/uploads\/2023\/07\/TriVolt-Order-Form-Ceramic-Band-heater.pdf\" target=\"_blank\" rel=\"noopener\">R\u00e9chauffeur \u00e0 bande en c\u00e9ramique \u2013 Formulaire de commande<\/a><\/li>\n\n\n \t\n\n<li><a href=\"https:\/\/tri-volt.com\/wp-content\/uploads\/2023\/07\/TriVolt-Order-Form-Immersion-heater.pdf\" target=\"_blank\" rel=\"noopener\">Thermoplongeur \u2013 Formulaire de commande<\/a><\/li>\n\n\n \t\n\n<li><a href=\"https:\/\/tri-volt.com\/wp-content\/uploads\/2023\/07\/TriVolt-Order-Form-Mica-Band-heater.pdf\" target=\"_blank\" rel=\"noopener\">R\u00e9chauffeur \u00e0 bande de mica \u2013 Formulaire de commande<\/a><\/li>\n\n\n \t\n\n<li><a href=\"https:\/\/tri-volt.com\/wp-content\/uploads\/2023\/07\/TriVolt-Order-Form-Moisture-Proof-Mica-Band.pdf\" target=\"_blank\" rel=\"noopener\">Bande de mica \u00e9tanche \u00e0 l\u2019humidit\u00e9 \u2013 Formulaire de commande<\/a><\/li>\n\n\n \t\n\n<li><a href=\"https:\/\/tri-volt.com\/wp-content\/uploads\/2023\/07\/TriVolt-Order-Form-Power-Band-heater.pdf\" target=\"_blank\" rel=\"noopener\">R\u00e9chauffeur \u00e0 bande de puissance \u2013 Formulaire de commande<\/a><\/li>\n\n\n<\/ul>\n\n\n<\/li>\n\n\n \t\n\n<li>Fiches de donn\u00e9es\n\n\n<ul>\n \t\n\n<li><a href=\"https:\/\/tri-volt.com\/wp-content\/uploads\/2023\/07\/TriVolt-Data-sheet-Screw-Plug-STD-1-NPT.pdf\" target=\"_blank\" rel=\"noopener\">Bouchon \u00e0 vis STD 1\u00a0\u00bb NPT<\/a><\/li>\n\n\n \t\n\n<li><a href=\"https:\/\/tri-volt.com\/wp-content\/uploads\/2023\/07\/TriVolt-Data-Sheet-Square-Flanged-tubular-IM-0001.pdf\" target=\"_blank\" rel=\"noopener\">Tube \u00e0 bride carr\u00e9e IM-0001<\/a><\/li>\n\n\n \t\n\n<li><a href=\"https:\/\/tri-volt.com\/wp-content\/uploads\/2023\/07\/TriVolt-Data-Sheet-Square-Flanged-tubular-IM-0002.pdf\" target=\"_blank\" rel=\"noopener\">Tube \u00e0 bride carr\u00e9e IM-0002<\/a><\/li>\n\n\n \t\n\n<li><a href=\"https:\/\/tri-volt.com\/wp-content\/uploads\/2023\/07\/TriVolt-Data-Sheet_Ceramic-Band.pdf\" target=\"_blank\" rel=\"noopener\">Bande en c\u00e9ramique<\/a><\/li>\n\n\n \t\n\n<li><a href=\"https:\/\/tri-volt.com\/wp-content\/uploads\/2023\/07\/TriVolt-Data-Sheet_Mica-Band-MP.pdf\" target=\"_blank\" rel=\"noopener\">Bande de mica MP<\/a><\/li>\n\n\n \t\n\n<li><a href=\"https:\/\/tri-volt.com\/wp-content\/uploads\/2023\/07\/TriVolt-Data-Sheet_Mica-Band.pdf\" target=\"_blank\" rel=\"noopener\">Bande de mica<\/a><\/li>\n\n\n \t\n\n<li><a href=\"https:\/\/tri-volt.com\/wp-content\/uploads\/2023\/07\/TriVolt-Data-Sheet_Power-Band.pdf\" target=\"_blank\" rel=\"noopener\">Bande de puissance<\/a><\/li>\n\n\n \t\n\n<li><a href=\"https:\/\/tri-volt.com\/wp-content\/uploads\/2023\/07\/TriVolt-Data-Sheet_Triflex-Blade-Plate-Heater.pdf\" target=\"_blank\" rel=\"noopener\">R\u00e9chauffeur de plaque de lame Triflex<\/a><\/li>\n\n\n \t\n\n<li><a href=\"https:\/\/tri-volt.com\/wp-content\/uploads\/2023\/11\/EXTH-Triflex-Heaters.pdf\" target=\"_blank\" rel=\"noopener\">R\u00e9chauffeurs triflex EXTH<\/a><\/li>\n\n\n<\/ul>\n\n\n<\/li>\n\n\n \t\n\n<li>Cartes de commercialisation<\/li>\n\n\n \t\n\n<li>Retour de marchandises<\/li>\n\n\n<\/ul>\n\n\n--><\/p>\n","protected":false},"excerpt":{"rendered":"","protected":false},"author":12,"featured_media":0,"parent":0,"menu_order":0,"comment_status":"closed","ping_status":"closed","template":"","meta":{"footnotes":""},"class_list":["post-2961","page","type-page","status-publish","hentry"],"aioseo_notices":[],"_links":{"self":[{"href":"https:\/\/tri-volt.com\/fr\/wp-json\/wp\/v2\/pages\/2961","targetHints":{"allow":["GET"]}}],"collection":[{"href":"https:\/\/tri-volt.com\/fr\/wp-json\/wp\/v2\/pages"}],"about":[{"href":"https:\/\/tri-volt.com\/fr\/wp-json\/wp\/v2\/types\/page"}],"author":[{"embeddable":true,"href":"https:\/\/tri-volt.com\/fr\/wp-json\/wp\/v2\/users\/12"}],"replies":[{"embeddable":true,"href":"https:\/\/tri-volt.com\/fr\/wp-json\/wp\/v2\/comments?post=2961"}],"version-history":[{"count":4,"href":"https:\/\/tri-volt.com\/fr\/wp-json\/wp\/v2\/pages\/2961\/revisions"}],"predecessor-version":[{"id":3565,"href":"https:\/\/tri-volt.com\/fr\/wp-json\/wp\/v2\/pages\/2961\/revisions\/3565"}],"wp:attachment":[{"href":"https:\/\/tri-volt.com\/fr\/wp-json\/wp\/v2\/media?parent=2961"}],"curies":[{"name":"wp","href":"https:\/\/api.w.org\/{rel}","templated":true}]}}