{"id":3008,"date":"2015-05-07T19:57:53","date_gmt":"2015-05-07T19:57:53","guid":{"rendered":"https:\/\/tri-volt.com\/industrial\/triflex-over-the-side-heater\/"},"modified":"2024-02-27T14:53:16","modified_gmt":"2024-02-27T14:53:16","slug":"thermoplongeurs-amovibles-en-triflex","status":"publish","type":"page","link":"https:\/\/tri-volt.com\/fr\/industriel\/thermoplongeurs-amovibles-en-triflex\/","title":{"rendered":"Thermoplongeurs amovibles en Triflex"},"content":{"rendered":"<p><span style=\"font-weight: 400;\">Les thermoplongeurs amovibles en Triflex s&rsquo;installent facilement en posant le r\u00e9chauffeur sur la base du r\u00e9servoir ou en le montant sur la paroi du r\u00e9servoir. Les r\u00e9chauffeurs en Triflex peuvent \u00eatre fabriqu\u00e9s en acier, en acier inoxydable ou en Inconel si n\u00e9cessaire.<\/span><\/p>\n<p><span style=\"font-weight: 400;\">L\u2019\u00e9l\u00e9ment chauff\u00e9 est un tube de 1.90 pouce de diam\u00e8tre. Le tube est soud\u00e9 \u00e0 la fois du c\u00f4t\u00e9 humide et du c\u00f4t\u00e9 sec. Les bo\u00eetiers NEMA 1 \u00e0 4 et HAZLOC sont disponibles pour ce r\u00e9chauffeur. Des rainures peuvent \u00eatre usin\u00e9es sur le tube pour cr\u00e9er une plus grande surface afin de r\u00e9duire la densit\u00e9 des watts. Notre longueur maximale standard (dimension B) est de 96&Prime;<\/span><\/p>\n<p><span style=\"font-weight: 400;\">Les Industries Trivolt propose \u00e9galement deux traitements anti-corrosion sp\u00e9cifiques pour notre r\u00e9chauffeur Triflex sp\u00e9cialement con\u00e7u. L&rsquo;un de ces produits est le TVC-01, un rev\u00eatement c\u00e9ramique qui r\u00e9siste \u00e0 des temp\u00e9ratures sup\u00e9rieures \u00e0 2400\u00b0F, ainsi que notre TV-01, avec une infusion dans l&rsquo;acier ou l&rsquo;inox contre les sels, les acides ou les environnements tr\u00e8s difficiles, tant sur le plan chimique que m\u00e9canique.<\/span><\/p>\n<table id=\"products\" style=\"width: 100%;\" cellspacing=\"1\" cellpadding=\"1\" align=\"center\">\n<tbody>\n<tr>\n<td><!--<a href=\"https:\/\/tri-volt.com\/wp-content\/uploads\/2018\/10\/triflex-ovs-vr.pdf\" target=\"PDFfiles\" rel=\"noopener\"><img loading=\"lazy\" decoding=\"async\" src=\"https:\/\/tri-volt.com\/wp-content\/themes\/trivolt\/images\/icone_doc_pdf.png\" alt=\"pdf\" width=\"24\" height=\"24\" \/>\u00a0TRIFLEX OVS VR<\/a>--><\/td>\n<td><!--<a href=\"https:\/\/tri-volt.com\/wp-content\/uploads\/2018\/10\/triflex-ovs-hr.pdf\" target=\"PDFfiles\" rel=\"noopener\"><img loading=\"lazy\" decoding=\"async\" src=\"https:\/\/tri-volt.com\/wp-content\/themes\/trivolt\/images\/icone_doc_pdf.png\" alt=\"pdf\" width=\"24\" height=\"24\" \/>\u00a0TRIFLEX OVS HR<\/a>--><\/td>\n<\/tr>\n<tr>\n<td valign=\"top\" width=\"347\">\n<div class=\"theimage ovs\"><span class=\"title\">OVS 1<\/span><br \/>\n<img loading=\"lazy\" decoding=\"async\" class=\"alignnone size-medium wp-image-1871\" src=\"https:\/\/tri-volt.com\/wp-content\/uploads\/2015\/05\/ovs-1-2-300x159.jpg\" alt=\"\" width=\"300\" height=\"159\" srcset=\"https:\/\/tri-volt.com\/wp-content\/uploads\/2015\/05\/ovs-1-2-300x159.jpg 300w, https:\/\/tri-volt.com\/wp-content\/uploads\/2015\/05\/ovs-1-2-768x408.jpg 768w, https:\/\/tri-volt.com\/wp-content\/uploads\/2015\/05\/ovs-1-2-1024x544.jpg 1024w, https:\/\/tri-volt.com\/wp-content\/uploads\/2015\/05\/ovs-1-2.jpg 1708w\" sizes=\"auto, (max-width: 300px) 100vw, 300px\" \/><\/div>\n<ul>\n<li>Installation sur le c\u00f4t\u00e9. Montage mural<\/li>\n<li>Support de stabilisation<\/li>\n<li>Capteurs de processus et \u00e0 limite \u00e9lev\u00e9e disponibles<\/li>\n<li>Diff\u00e9rents traitements anticorrosion disponibles<\/li>\n<li>Voir le tableau pour la s\u00e9lection des mat\u00e9riaux<\/li>\n<li>Monophas\u00e9 ou triphas\u00e9 208 volts jusqu&rsquo;\u00e0 600 volts<\/li>\n<\/ul>\n<\/td>\n<td valign=\"top\" width=\"347\">\n<div class=\"theimage ovs\"><span class=\"title\">OVS 2<\/span><br \/>\n<img loading=\"lazy\" decoding=\"async\" class=\"alignnone size-medium wp-image-1872\" src=\"https:\/\/tri-volt.com\/wp-content\/uploads\/2015\/05\/ovs-1l-300x159.jpg\" alt=\"\" width=\"300\" height=\"159\" srcset=\"https:\/\/tri-volt.com\/wp-content\/uploads\/2015\/05\/ovs-1l-300x159.jpg 300w, https:\/\/tri-volt.com\/wp-content\/uploads\/2015\/05\/ovs-1l-768x408.jpg 768w, https:\/\/tri-volt.com\/wp-content\/uploads\/2015\/05\/ovs-1l-1024x544.jpg 1024w, https:\/\/tri-volt.com\/wp-content\/uploads\/2015\/05\/ovs-1l.jpg 1708w\" sizes=\"auto, (max-width: 300px) 100vw, 300px\" \/><\/div>\n<ul>\n<li>Installation du r\u00e9servoir inf\u00e9rieur sur le c\u00f4t\u00e9<\/li>\n<li>Support de stabilisation<\/li>\n<li>Capteurs de processus et \u00e0 limite \u00e9lev\u00e9e disponibles<\/li>\n<li>Diff\u00e9rents traitements anticorrosion disponibles<\/li>\n<li>Voir le tableau pour la s\u00e9lection des mat\u00e9riaux<\/li>\n<li>Monophas\u00e9 ou triphas\u00e9 208 volts jusqu&rsquo;\u00e0 600 volts<\/li>\n<\/ul>\n<\/td>\n<\/tr>\n<tr>\n<td valign=\"top\" width=\"347\">\n<div class=\"theimage ovs\"><span class=\"title\">OVS 3<\/span><br \/>\n<img loading=\"lazy\" decoding=\"async\" class=\"alignnone size-medium wp-image-1873\" src=\"https:\/\/tri-volt.com\/wp-content\/uploads\/2015\/05\/ovs-3-2-300x159.jpg\" alt=\"\" width=\"300\" height=\"159\" srcset=\"https:\/\/tri-volt.com\/wp-content\/uploads\/2015\/05\/ovs-3-2-300x159.jpg 300w, https:\/\/tri-volt.com\/wp-content\/uploads\/2015\/05\/ovs-3-2-768x408.jpg 768w, https:\/\/tri-volt.com\/wp-content\/uploads\/2015\/05\/ovs-3-2-1024x544.jpg 1024w, https:\/\/tri-volt.com\/wp-content\/uploads\/2015\/05\/ovs-3-2.jpg 1708w\" sizes=\"auto, (max-width: 300px) 100vw, 300px\" \/><\/div>\n<ul>\n<li>Installation de 3 jambes sur le c\u00f4t\u00e9. Montage mural<\/li>\n<li>Support de stabilisation \u00e0 l&rsquo;int\u00e9rieur et \u00e0 l&rsquo;ext\u00e9rieur du r\u00e9servoir<\/li>\n<li>Disponible avec un syst\u00e8me de contr\u00f4le int\u00e9gr\u00e9 pour une temp\u00e9rature pr\u00e9cise<\/li>\n<li>Capteurs de processus et \u00e0 limite \u00e9lev\u00e9e disponibles<\/li>\n<li>Diff\u00e9rents traitements anticorrosion disponibles<\/li>\n<li>Voir le tableau pour la s\u00e9lection des mat\u00e9riaux<\/li>\n<li>Monophas\u00e9 ou triphas\u00e9 208 volts jusqu&rsquo;\u00e0 600 volts<\/li>\n<\/ul>\n<\/td>\n<td valign=\"top\" width=\"347\">\n<div class=\"theimage ovs\"><span class=\"title\">OVS 4<\/span><br \/>\n<img loading=\"lazy\" decoding=\"async\" class=\"alignnone size-medium wp-image-1874\" src=\"https:\/\/tri-volt.com\/wp-content\/uploads\/2015\/05\/ovs-3l-300x159.jpg\" alt=\"\" width=\"300\" height=\"159\" srcset=\"https:\/\/tri-volt.com\/wp-content\/uploads\/2015\/05\/ovs-3l-300x159.jpg 300w, https:\/\/tri-volt.com\/wp-content\/uploads\/2015\/05\/ovs-3l-768x408.jpg 768w, https:\/\/tri-volt.com\/wp-content\/uploads\/2015\/05\/ovs-3l-1024x544.jpg 1024w, https:\/\/tri-volt.com\/wp-content\/uploads\/2015\/05\/ovs-3l.jpg 1708w\" sizes=\"auto, (max-width: 300px) 100vw, 300px\" \/><\/div>\n<ul>\n<li>Installation de 3 jambes sur le r\u00e9servoir inf\u00e9rieur lat\u00e9ral<\/li>\n<li>Support de stabilisation \u00e0 l&rsquo;int\u00e9rieur et \u00e0 l&rsquo;ext\u00e9rieur du r\u00e9servoir<\/li>\n<li>Disponible avec un syst\u00e8me de contr\u00f4le int\u00e9gr\u00e9 pour une temp\u00e9rature pr\u00e9cise<\/li>\n<li>Capteurs de processus et \u00e0 limite \u00e9lev\u00e9e disponibles<\/li>\n<li>Diff\u00e9rents traitements anticorrosion disponibles<\/li>\n<li>Voir le tableau pour la s\u00e9lection des mat\u00e9riaux<\/li>\n<li>Monophas\u00e9 ou triphas\u00e9 208 volts jusqu&rsquo;\u00e0 600 volts<\/li>\n<\/ul>\n<\/td>\n<\/tr>\n<tr>\n<td valign=\"top\" width=\"347\">\n<div class=\"theimage ovs\"><span class=\"title\">OVS 5<\/span><br \/>\n<img loading=\"lazy\" decoding=\"async\" class=\"alignnone size-medium wp-image-1875\" src=\"https:\/\/tri-volt.com\/wp-content\/uploads\/2015\/05\/ovs-3lv-300x159.jpg\" alt=\"\" width=\"300\" height=\"159\" srcset=\"https:\/\/tri-volt.com\/wp-content\/uploads\/2015\/05\/ovs-3lv-300x159.jpg 300w, https:\/\/tri-volt.com\/wp-content\/uploads\/2015\/05\/ovs-3lv-768x408.jpg 768w, https:\/\/tri-volt.com\/wp-content\/uploads\/2015\/05\/ovs-3lv-1024x544.jpg 1024w, https:\/\/tri-volt.com\/wp-content\/uploads\/2015\/05\/ovs-3lv.jpg 1708w\" sizes=\"auto, (max-width: 300px) 100vw, 300px\" \/><\/div>\n<ul>\n<li>Installation de 3 jambes sur le r\u00e9servoir inf\u00e9rieur lat\u00e9ral<\/li>\n<li>Support de stabilisation \u00e0 l&rsquo;int\u00e9rieur et \u00e0 l&rsquo;ext\u00e9rieur du r\u00e9servoir<\/li>\n<li>Disponible avec un syst\u00e8me de contr\u00f4le int\u00e9gr\u00e9 pour une temp\u00e9rature pr\u00e9cise<\/li>\n<li>Capteurs de processus et \u00e0 limite \u00e9lev\u00e9e\u00a0disponibles<\/li>\n<li>Diff\u00e9rents traitements anticorrosion disponibles<\/li>\n<li>Voir le tableau pour la s\u00e9lection des mat\u00e9riaux<\/li>\n<li>Monophas\u00e9 ou triphas\u00e9 208 volts jusqu&rsquo;\u00e0 600 volts<\/li>\n<\/ul>\n<\/td>\n<td valign=\"top\" width=\"347\">\n<div class=\"theimage ovs\"><span class=\"title\">OVS 6<\/span><br \/>\n<img loading=\"lazy\" decoding=\"async\" class=\"alignnone size-medium wp-image-1876\" src=\"https:\/\/tri-volt.com\/wp-content\/uploads\/2015\/05\/ovs-plate-triflex-2-300x159.jpg\" alt=\"\" width=\"300\" height=\"159\" srcset=\"https:\/\/tri-volt.com\/wp-content\/uploads\/2015\/05\/ovs-plate-triflex-2-300x159.jpg 300w, https:\/\/tri-volt.com\/wp-content\/uploads\/2015\/05\/ovs-plate-triflex-2-768x408.jpg 768w, https:\/\/tri-volt.com\/wp-content\/uploads\/2015\/05\/ovs-plate-triflex-2-1024x544.jpg 1024w, https:\/\/tri-volt.com\/wp-content\/uploads\/2015\/05\/ovs-plate-triflex-2.jpg 1708w\" sizes=\"auto, (max-width: 300px) 100vw, 300px\" \/><\/div>\n<ul>\n<li>Installation d&rsquo;un disque chauffant sur le r\u00e9servoir inf\u00e9rieur lat\u00e9ral<\/li>\n<li>Disponible en version ronde, carr\u00e9e ou rectangulaire<\/li>\n<li>Grande surface dissipant une chaleur uniforme<\/li>\n<li>Support de stabilisation \u00e0 l&rsquo;int\u00e9rieur et \u00e0 l&rsquo;ext\u00e9rieur du r\u00e9servoir<\/li>\n<li>Disponible avec un syst\u00e8me de contr\u00f4le int\u00e9gr\u00e9 pour une temp\u00e9rature pr\u00e9cise<\/li>\n<li>Capteurs de processus et \u00e0 limite \u00e9lev\u00e9e disponibles<\/li>\n<li>Diff\u00e9rents traitements anticorrosion disponibles<\/li>\n<li>Voir le tableau pour la s\u00e9lection des mat\u00e9riaux<\/li>\n<li>Monophas\u00e9 ou triphas\u00e9 208 volts jusqu&rsquo;\u00e0 600 volts<\/li>\n<\/ul>\n<\/td>\n<\/tr>\n<tr>\n<td valign=\"top\" width=\"347\">\n<div class=\"theimage ovs\"><span class=\"title\">OVS 1R<\/span><br \/>\n<img decoding=\"async\" class=\"alignnone size-full wp-image-1989\" src=\"https:\/\/tri-volt.com\/wp-content\/uploads\/2015\/05\/OVS-0001R-ISO-1.jpg\" alt=\"\" width=\"300\" \/><\/div>\n<ul>\n<li>Installation de 3 jambes sur le c\u00f4t\u00e9. Montage murale<\/li>\n<li>Chauffages rempla\u00e7ables<\/li>\n<li>Support de stabilisation \u00e0 l&rsquo;int\u00e9rieur et \u00e0 l&rsquo;ext\u00e9rieur du r\u00e9servoir<\/li>\n<li>Disponible avec un syst\u00e8me de contr\u00f4le int\u00e9gr\u00e9 pour une temp\u00e9rature pr\u00e9cise<\/li>\n<li>Capteurs de processus et \u00e0 limite \u00e9lev\u00e9e disponibles<\/li>\n<li>Diff\u00e9rents traitements anticorrosion disponibles<\/li>\n<li>Voir le tableau pour la s\u00e9lection des mat\u00e9riaux<\/li>\n<li>Monophas\u00e9 ou triphas\u00e9 208 volts jusqu&rsquo;\u00e0 600 volts<\/li>\n<\/ul>\n<\/td>\n<td valign=\"top\" width=\"347\">\n<div class=\"theimage ovs\"><span class=\"title\">OVS 2R<\/span><br \/>\n<img decoding=\"async\" class=\"alignnone size-full wp-image-1989\" src=\"https:\/\/tri-volt.com\/wp-content\/uploads\/2015\/05\/OVS-0002R-ISO-1.jpg\" alt=\"\" width=\"300\" \/><\/div>\n<ul>\n<li>Installation de 3 jambes sur le r\u00e9servoir inf\u00e9rieur lat\u00e9ral<\/li>\n<li>Chauffages rempla\u00e7ables<\/li>\n<li>Support de stabilisation \u00e0 l&rsquo;int\u00e9rieur et \u00e0 l&rsquo;ext\u00e9rieur du r\u00e9servoir<\/li>\n<li>Disponible avec un syst\u00e8me de contr\u00f4le int\u00e9gr\u00e9 pour une temp\u00e9rature pr\u00e9cise<\/li>\n<li>Capteurs de processus et \u00e0 limite \u00e9lev\u00e9e\u00a0disponibles<\/li>\n<li>Diff\u00e9rents traitements anticorrosion disponibles<\/li>\n<li>Voir le tableau pour la s\u00e9lection des mat\u00e9riaux<\/li>\n<li>Monophas\u00e9 ou triphas\u00e9 208 volts jusqu&rsquo;\u00e0 600 volts<\/li>\n<\/ul>\n<\/td>\n<\/tr>\n<\/tbody>\n<\/table>\n","protected":false},"excerpt":{"rendered":"<p>Les thermoplongeurs amovibles en Triflex s&rsquo;installent facilement en posant le r\u00e9chauffeur sur la base du r\u00e9servoir ou en le montant sur la paroi du r\u00e9servoir. Les r\u00e9chauffeurs en Triflex peuvent \u00eatre fabriqu\u00e9s en acier, en acier inoxydable ou en Inconel si n\u00e9cessaire. L\u2019\u00e9l\u00e9ment chauff\u00e9 est un tube de 1.90 pouce de diam\u00e8tre. Le tube est [&hellip;]<\/p>\n","protected":false},"author":12,"featured_media":0,"parent":2909,"menu_order":0,"comment_status":"open","ping_status":"open","template":"","meta":{"footnotes":""},"class_list":["post-3008","page","type-page","status-publish","hentry"],"aioseo_notices":[],"_links":{"self":[{"href":"https:\/\/tri-volt.com\/fr\/wp-json\/wp\/v2\/pages\/3008","targetHints":{"allow":["GET"]}}],"collection":[{"href":"https:\/\/tri-volt.com\/fr\/wp-json\/wp\/v2\/pages"}],"about":[{"href":"https:\/\/tri-volt.com\/fr\/wp-json\/wp\/v2\/types\/page"}],"author":[{"embeddable":true,"href":"https:\/\/tri-volt.com\/fr\/wp-json\/wp\/v2\/users\/12"}],"replies":[{"embeddable":true,"href":"https:\/\/tri-volt.com\/fr\/wp-json\/wp\/v2\/comments?post=3008"}],"version-history":[{"count":12,"href":"https:\/\/tri-volt.com\/fr\/wp-json\/wp\/v2\/pages\/3008\/revisions"}],"predecessor-version":[{"id":3551,"href":"https:\/\/tri-volt.com\/fr\/wp-json\/wp\/v2\/pages\/3008\/revisions\/3551"}],"up":[{"embeddable":true,"href":"https:\/\/tri-volt.com\/fr\/wp-json\/wp\/v2\/pages\/2909"}],"wp:attachment":[{"href":"https:\/\/tri-volt.com\/fr\/wp-json\/wp\/v2\/media?parent=3008"}],"curies":[{"name":"wp","href":"https:\/\/api.w.org\/{rel}","templated":true}]}}