{"id":3047,"date":"2023-11-17T20:18:38","date_gmt":"2023-11-17T20:18:38","guid":{"rendered":"https:\/\/tri-volt.com\/home\/"},"modified":"2023-11-29T20:55:14","modified_gmt":"2023-11-29T20:55:14","slug":"home","status":"publish","type":"page","link":"https:\/\/tri-volt.com\/fr\/","title":{"rendered":"Accueil"},"content":{"rendered":"<div class=\"productRow\">\n<div class=\"productData\">\n<div class=\"imageDiv\"><a href=\"https:\/\/tri-volt.com\/industrial\/\"><img loading=\"lazy\" decoding=\"async\" class=\"alignnone size-full wp-image-2987 ima_pad\" src=\"https:\/\/tri-volt.com\/wp-content\/uploads\/2023\/11\/pic.jpg\" alt=\"\" width=\"132\" height=\"76\" \/><\/a><\/div>\n<h3 style=\"line-height: 20px; padding-top: 5px;\"><a style=\"color: #343c91; text-decoration: none;\" href=\"https:\/\/tri-volt.com\/fr\/industriel\/\">Industriel<\/a><\/h3>\n<p>TriVolt Industries est un fournisseur de chauffages \u00e9lectriques et de capteurs. Nous intervenons dans diff\u00e9rents types de march\u00e9s, tels que la fabrication par injection et extrusion, l&#8217;emballage, la fabrication de moules par pression et soufflage, l&rsquo;extrusion de caoutchouc, les fabricants de moules, l&rsquo;industrie chimique, alimentaire, ferroviaire, et bien d&rsquo;autres. Nous introduisons continuellement de nouveaux produits dans notre gamme existante de chauffages \u00e9lectriques, de capteurs et de r\u00e9gulateurs, con\u00e7us pour am\u00e9liorer la valeur et la qualit\u00e9 de Trivolt en tant que fabricant et fournisseur.<\/p>\n<p>&nbsp;<\/p>\n<p><a href=\"https:\/\/tri-volt.com\/industrial\/\">EN SAVOIR PLUS &gt; <\/a><\/p>\n<\/div>\n<div class=\"productData\">\n<div class=\"imageDiv\"><a href=\"https:\/\/tri-volt.com\/energy\"><img loading=\"lazy\" decoding=\"async\" class=\"alignnone size-full wp-image-2993 ima_pad\" src=\"https:\/\/tri-volt.com\/wp-content\/uploads\/2023\/11\/pic3.jpg\" alt=\"\" width=\"133\" height=\"76\" \/><\/a><\/div>\n<h3><a style=\"color: #343c91; text-decoration: none;\" href=\"https:\/\/tri-volt.com\/fr\/energie\">Energie<\/a><\/h3>\n<p>Soutenant notre gamme d&rsquo;\u00e9l\u00e9ments chauffants \u00e9lectriques, nous proposons une large vari\u00e9t\u00e9 d&rsquo;accessoires. TriVolt a \u00e9tabli des partenariats \u00e0 succ\u00e8s avec nos fournisseurs pour r\u00e9pondre \u00e0 toutes les exigences d&rsquo;assemblage de nos clients. Cela inclut des fils et des gaines haute temp\u00e9rature, des cosses et des fiches terminales haute temp\u00e9rature, des \u00e9crous en c\u00e9ramique haute temp\u00e9rature, ainsi que des r\u00e9gulateurs de temp\u00e9rature.<\/p>\n<p>&nbsp;<\/p>\n<p><a href=\"https:\/\/tri-volt.com\/energy\">EN SAVOIR PLUS &gt;<\/a><\/p>\n<\/div>\n<div class=\"productData\">\n<div class=\"imageDiv\"><a href=\"https:\/\/tri-volt.com\/quality-assurance-certifications\"><img loading=\"lazy\" decoding=\"async\" class=\"alignnone size-full wp-image-2996 ima_pad\" src=\"https:\/\/tri-volt.com\/wp-content\/uploads\/2023\/11\/certifications-logo.png\" alt=\"\" width=\"230\" height=\"76\" \/><\/a><\/div>\n<h3><a style=\"color: #343c91; text-decoration: none;\" href=\"https:\/\/tri-volt.com\/fr\/a-propos\/assurance-de-la-qualite-et-certifications\/\">Assurance Qualit\u00e9<\/a><\/h3>\n<p>Nous mettons en place un processus interne de qualit\u00e9 rigoureux qui garantit la livraison syst\u00e9matique d&rsquo;un produit fiable \u00e0 nos clients. Chaque chauffage fait l&rsquo;objet de diff\u00e9rents tests visant \u00e0 maximiser son efficacit\u00e9.<\/p>\n<p>&nbsp;<\/p>\n<p><a href=\"https:\/\/tri-volt.com\/fr\/a-propos\/assurance-de-la-qualite-et-certifications\/\">EN SAVOIR PLUS &gt;<\/a><\/p>\n<\/div>\n<\/div>\n","protected":false},"excerpt":{"rendered":"<p>Industriel TriVolt Industries est un fournisseur de chauffages \u00e9lectriques et de capteurs. Nous intervenons dans diff\u00e9rents types de march\u00e9s, tels que la fabrication par injection et extrusion, l&#8217;emballage, la fabrication de moules par pression et soufflage, l&rsquo;extrusion de caoutchouc, les fabricants de moules, l&rsquo;industrie chimique, alimentaire, ferroviaire, et bien d&rsquo;autres. Nous introduisons continuellement de nouveaux [&hellip;]<\/p>\n","protected":false},"author":18,"featured_media":0,"parent":0,"menu_order":0,"comment_status":"closed","ping_status":"closed","template":"","meta":{"footnotes":""},"class_list":["post-3047","page","type-page","status-publish","hentry"],"aioseo_notices":[],"_links":{"self":[{"href":"https:\/\/tri-volt.com\/fr\/wp-json\/wp\/v2\/pages\/3047","targetHints":{"allow":["GET"]}}],"collection":[{"href":"https:\/\/tri-volt.com\/fr\/wp-json\/wp\/v2\/pages"}],"about":[{"href":"https:\/\/tri-volt.com\/fr\/wp-json\/wp\/v2\/types\/page"}],"author":[{"embeddable":true,"href":"https:\/\/tri-volt.com\/fr\/wp-json\/wp\/v2\/users\/18"}],"replies":[{"embeddable":true,"href":"https:\/\/tri-volt.com\/fr\/wp-json\/wp\/v2\/comments?post=3047"}],"version-history":[{"count":5,"href":"https:\/\/tri-volt.com\/fr\/wp-json\/wp\/v2\/pages\/3047\/revisions"}],"predecessor-version":[{"id":3306,"href":"https:\/\/tri-volt.com\/fr\/wp-json\/wp\/v2\/pages\/3047\/revisions\/3306"}],"wp:attachment":[{"href":"https:\/\/tri-volt.com\/fr\/wp-json\/wp\/v2\/media?parent=3047"}],"curies":[{"name":"wp","href":"https:\/\/api.w.org\/{rel}","templated":true}]}}