{"id":3049,"date":"2012-10-30T13:57:58","date_gmt":"2012-10-30T13:57:58","guid":{"rendered":"https:\/\/tri-volt.com\/energy\/"},"modified":"2024-02-27T14:56:03","modified_gmt":"2024-02-27T14:56:03","slug":"energie","status":"publish","type":"page","link":"https:\/\/tri-volt.com\/fr\/energie\/","title":{"rendered":"Energie"},"content":{"rendered":"<p><span style=\"font-weight: 400;\">TriVolt comprend les d\u00e9fis li\u00e9s \u00e0 la mise en place d&rsquo;\u00e9quipements de traitement des liquides et des gaz, rentables et respectueux de l&rsquo;environnement. Nous fabriquons une vari\u00e9t\u00e9 de r\u00e9chauffeurs \u00e9lectriques sp\u00e9cifiquement con\u00e7us pour r\u00e9pondre \u00e0 ces responsabilit\u00e9s, tels que les thermoplongeurs Aluma-Finn, les thermoplongeurs \u00e0 bouchon filet\u00e9 et \u00e0 bride, les thermoplongeurs \u00e0 bande c\u00e9ramique haute temp\u00e9rature HT-1200, les thermoplongeurs \u00e0 bande mica haute temp\u00e9rature HT-950, les \u00e9l\u00e9ments tubulaires, les thermocouples isol\u00e9s MGO.<\/span><br \/>\n<!--\n<a href=\"https:\/\/tri-volt.com\/wp-content\/uploads\/2012\/10\/trivolt_oil_and_gas_2016.pdf\" target=\"_blank\" rel=\"noopener\"><img loading=\"lazy\" decoding=\"async\" src=\"https:\/\/tri-volt.com\/wp-content\/themes\/trivolt\/images\/icone_doc_pdf.png\" alt=\"pdf\" width=\"24\" height=\"24\" \/> T\u00e9l\u00e9charger la brochure &gt;<\/a>\n--><br \/>\n&nbsp;<\/p>\n<p><strong>Tous les produits TriVolt ont subi des tests internes stricts et des tests CSA. CAN\/CSA-C22.2 No. 72-10 (2013) et UL 499 Treizi\u00e8me \u00c9ditions; Classe 2871-02 et 2871-82. Certification HazLoc en attente.<\/strong><\/p>\n","protected":false},"excerpt":{"rendered":"<p>TriVolt comprend les d\u00e9fis li\u00e9s \u00e0 la mise en place d&rsquo;\u00e9quipements de traitement des liquides et des gaz, rentables et respectueux de l&rsquo;environnement. Nous fabriquons une vari\u00e9t\u00e9 de r\u00e9chauffeurs \u00e9lectriques sp\u00e9cifiquement con\u00e7us pour r\u00e9pondre \u00e0 ces responsabilit\u00e9s, tels que les thermoplongeurs Aluma-Finn, les thermoplongeurs \u00e0 bouchon filet\u00e9 et \u00e0 bride, les thermoplongeurs \u00e0 bande c\u00e9ramique [&hellip;]<\/p>\n","protected":false},"author":12,"featured_media":3406,"parent":0,"menu_order":0,"comment_status":"open","ping_status":"open","template":"","meta":{"footnotes":""},"class_list":["post-3049","page","type-page","status-publish","has-post-thumbnail","hentry"],"aioseo_notices":[],"_links":{"self":[{"href":"https:\/\/tri-volt.com\/fr\/wp-json\/wp\/v2\/pages\/3049","targetHints":{"allow":["GET"]}}],"collection":[{"href":"https:\/\/tri-volt.com\/fr\/wp-json\/wp\/v2\/pages"}],"about":[{"href":"https:\/\/tri-volt.com\/fr\/wp-json\/wp\/v2\/types\/page"}],"author":[{"embeddable":true,"href":"https:\/\/tri-volt.com\/fr\/wp-json\/wp\/v2\/users\/12"}],"replies":[{"embeddable":true,"href":"https:\/\/tri-volt.com\/fr\/wp-json\/wp\/v2\/comments?post=3049"}],"version-history":[{"count":7,"href":"https:\/\/tri-volt.com\/fr\/wp-json\/wp\/v2\/pages\/3049\/revisions"}],"predecessor-version":[{"id":3554,"href":"https:\/\/tri-volt.com\/fr\/wp-json\/wp\/v2\/pages\/3049\/revisions\/3554"}],"wp:featuredmedia":[{"embeddable":true,"href":"https:\/\/tri-volt.com\/fr\/wp-json\/wp\/v2\/media\/3406"}],"wp:attachment":[{"href":"https:\/\/tri-volt.com\/fr\/wp-json\/wp\/v2\/media?parent=3049"}],"curies":[{"name":"wp","href":"https:\/\/api.w.org\/{rel}","templated":true}]}}