{"id":3071,"date":"2012-03-13T13:09:04","date_gmt":"2012-03-13T13:09:04","guid":{"rendered":"https:\/\/tri-volt.com\/site-map\/"},"modified":"2023-11-22T21:57:02","modified_gmt":"2023-11-22T21:57:02","slug":"plan-de-site","status":"publish","type":"page","link":"https:\/\/tri-volt.com\/fr\/plan-de-site\/","title":{"rendered":"Plan de Site"},"content":{"rendered":"<div id=\"sitemap\"><ul><li><a href=\"https:\/\/tri-volt.com\/fr\/a-propos\/\">\u00c0 Propos<\/a>\n<ul class='children'>\n\t<li><a href=\"https:\/\/tri-volt.com\/fr\/a-propos\/assurance-de-la-qualite-et-certifications\/\">Assurance de la qualit\u00e9 et certifications<\/a><\/li>\n\t<li><a href=\"https:\/\/tri-volt.com\/fr\/a-propos\/termes-et-conditions\/\">Termes et conditions<\/a><\/li>\n<\/ul>\n<\/li>\n<li><a href=\"https:\/\/tri-volt.com\/fr\/accessories\/\">Accessories<\/a>\n<ul class='children'>\n\t<li><a href=\"https:\/\/tri-volt.com\/fr\/accessories\/composants-de-moulage\/\">Composants de moulage<\/a><\/li>\n\t<li><a href=\"https:\/\/tri-volt.com\/fr\/accessories\/fils-manchonnage-et-connecteurs\/\">Fils, manchonnage et connecteurs<\/a><\/li>\n\t<li><a href=\"https:\/\/tri-volt.com\/fr\/accessories\/produits-de-securite\/\">Produits de s\u00e9curit\u00e9<\/a><\/li>\n\t<li><a href=\"https:\/\/tri-volt.com\/fr\/accessories\/transducteurs-de-presse\/\">Transducteurs de presse<\/a><\/li>\n<\/ul>\n<\/li>\n<li><a href=\"https:\/\/tri-volt.com\/fr\/\">Accueil<\/a><\/li>\n<li><a href=\"https:\/\/tri-volt.com\/fr\/actualites\/\">Actualit\u00e9s<\/a><\/li>\n<li><a href=\"https:\/\/tri-volt.com\/fr\/agents\/\">Agents<\/a><\/li>\n<li><a href=\"https:\/\/tri-volt.com\/fr\/bandes-chauffantes-a-lepreuve-de-lhumidite\/\">Bandes chauffantes \u00e0 l\u2019\u00e9preuve de l\u2019humidit\u00e9<\/a><\/li>\n<li><a href=\"https:\/\/tri-volt.com\/fr\/bandes-chauffantes-a-lepreuve-de-lhumidite-f\/\">Bandes chauffantes \u00e0 l\u2019\u00e9preuve de l\u2019humidit\u00e9 (F)<\/a><\/li>\n<li><a href=\"https:\/\/tri-volt.com\/fr\/chauffage-aluma\/\">Chauffage Aluma<\/a><\/li>\n<li><a href=\"https:\/\/tri-volt.com\/fr\/conduit-a-boudin-ouverte\/\">Conduit \u00e0 boudin ouverte<\/a><\/li>\n<li><a href=\"https:\/\/tri-volt.com\/fr\/contact\/\">Contact<\/a><\/li>\n<li><a href=\"https:\/\/tri-volt.com\/fr\/durabilite\/\">Durabilit\u00e9<\/a><\/li>\n<li><a href=\"https:\/\/tri-volt.com\/fr\/energie\/\">Energie<\/a>\n<ul class='children'>\n\t<li><a href=\"https:\/\/tri-volt.com\/fr\/energie\/bande-ceramique-ht-1200\/\">Bande c\u00e9ramique HT-1200<\/a><\/li>\n\t<li><a href=\"https:\/\/tri-volt.com\/fr\/energie\/bande-de-mica-ht-950\/\">Bande de mica HT-950<\/a><\/li>\n\t<li><a href=\"https:\/\/tri-volt.com\/fr\/energie\/bouchon-a-vis-et-immersion-a-bride\/\">Bouchon \u00e0 vis et immersion \u00e0 bride<\/a><\/li>\n\t<li><a href=\"https:\/\/tri-volt.com\/fr\/energie\/thermocouples-mgo\/\">Thermocouples MGO<\/a><\/li>\n\t<li><a href=\"https:\/\/tri-volt.com\/fr\/energie\/thermoplongeur-a-ailettes-aluma\/\">Thermoplongeur \u00e0 ailettes Aluma<\/a>\n\t<ul class='children'>\n\t\t<li><a href=\"https:\/\/tri-volt.com\/fr\/energie\/thermoplongeur-a-ailettes-aluma\/boite-a-bornes\/\">Bo\u00eete \u00e0 bornes<\/a><\/li>\n\t\t<li><a href=\"https:\/\/tri-volt.com\/fr\/energie\/thermoplongeur-a-ailettes-aluma\/boitier-nema-1-150-lbs-acier-inoxydable\/\">Bo\u00eetier Nema 1 \u2013 150 lbs \u2013 Acier inoxydable<\/a><\/li>\n\t\t<li><a href=\"https:\/\/tri-volt.com\/fr\/energie\/thermoplongeur-a-ailettes-aluma\/boitier-nema-1-150-lbs-aluminum\/\">Bo\u00eetier Nema 1 \u2013 150 lbs \u2013 Aluminum<\/a><\/li>\n\t\t<li><a href=\"https:\/\/tri-volt.com\/fr\/energie\/thermoplongeur-a-ailettes-aluma\/boitier-nema-1-300-lbs-aluminum\/\">Bo\u00eetier Nema 1 \u2013\u00a0300 lbs \u2013 Aluminum<\/a><\/li>\n\t\t<li><a href=\"https:\/\/tri-volt.com\/fr\/energie\/thermoplongeur-a-ailettes-aluma\/boitier-nema-4x-12k-7-150-lbs-aluminium\/\">Bo\u00eetier Nema 4x-12k-7 \u2013 150 lbs, Aluminium<\/a><\/li>\n\t\t<li><a href=\"https:\/\/tri-volt.com\/fr\/energie\/thermoplongeur-a-ailettes-aluma\/boitier-nema-4x-12k-7-300-lbs-aluminium\/\">Bo\u00eetier Nema 4x-12k-7 \u2013 300 lbs, Aluminium<\/a><\/li>\n\t\t<li><a href=\"https:\/\/tri-volt.com\/fr\/energie\/thermoplongeur-a-ailettes-aluma\/boitier-nema-7-150-lbs-aluminum\/\">Bo\u00eetier Nema 7 \u2013 150 lbs \u2013 Aluminum<\/a><\/li>\n\t\t<li><a href=\"https:\/\/tri-volt.com\/fr\/energie\/thermoplongeur-a-ailettes-aluma\/boitier-nema-7-300-lbs-aluminum\/\">Bo\u00eetier Nema 7 \u2013 300 lbs \u2013 Aluminum<\/a><\/li>\n\t\t<li><a href=\"https:\/\/tri-volt.com\/fr\/energie\/thermoplongeur-a-ailettes-aluma\/immersion-a-ailettes-en-acier-inoxydable-300-par-pouce-carre\/\">Immersion \u00e0 ailettes en acier inoxydable 300 par pouce carr\u00e9<\/a><\/li>\n\t\t<li><a href=\"https:\/\/tri-volt.com\/fr\/energie\/thermoplongeur-a-ailettes-aluma\/prise-a-tete-hexagonale-npt-de-3-pouces\/\">Prise \u00e0 t\u00eate hexagonale NPT de 3 pouces<\/a><\/li>\n\t<\/ul>\n<\/li>\n\t<li><a href=\"https:\/\/tri-volt.com\/fr\/energie\/thermoplongeur-a-ailettes-en-acier-inoxydable\/\">Thermoplongeur \u00e0 ailettes en acier inoxydable<\/a>\n\t<ul class='children'>\n\t\t<li><a href=\"https:\/\/tri-volt.com\/fr\/energie\/thermoplongeur-a-ailettes-en-acier-inoxydable\/boitier-nema-1-150-lbs-inoxydable\/\">Bo\u00eetier Nema 1 \u2013 150 lbs \u2013 Inoxydable<\/a><\/li>\n\t\t<li><a href=\"https:\/\/tri-volt.com\/fr\/energie\/thermoplongeur-a-ailettes-en-acier-inoxydable\/boitier-nema-1-300-lbs-inoxydable\/\">Bo\u00eetier Nema 1 \u2013 300 lbs \u2013 Inoxydable<\/a><\/li>\n\t\t<li><a href=\"https:\/\/tri-volt.com\/fr\/energie\/thermoplongeur-a-ailettes-en-acier-inoxydable\/boitier-nema-4x-12k-7-150-lbs-acier-inoxydable\/\">Bo\u00eetier Nema 4x-12k-7 \u2013 150 lbs, acier inoxydable<\/a><\/li>\n\t\t<li><a href=\"https:\/\/tri-volt.com\/fr\/energie\/thermoplongeur-a-ailettes-en-acier-inoxydable\/boitier-nema-4x-12k-7-300-lbs-acier-inoxydable\/\">Bo\u00eetier Nema 4x-12k-7 \u2013 300 lbs, acier inoxydable<\/a><\/li>\n\t\t<li><a href=\"https:\/\/tri-volt.com\/fr\/energie\/thermoplongeur-a-ailettes-en-acier-inoxydable\/boitier-nema-7-150-lbs-inoxydable\/\">Bo\u00eetier Nema 7 &#8211; 150 lbs &#8211; Inoxydable<\/a><\/li>\n\t\t<li><a href=\"https:\/\/tri-volt.com\/fr\/energie\/thermoplongeur-a-ailettes-en-acier-inoxydable\/boitier-nema-7-300-lbs-inoxydable\/\">Bo\u00eetier Nema 7 &#8211; 300 lbs &#8211; Inoxydable<\/a><\/li>\n\t<\/ul>\n<\/li>\n<\/ul>\n<\/li>\n<li><a href=\"https:\/\/tri-volt.com\/fr\/industriel\/\">Industriel<\/a>\n<ul class='children'>\n\t<li><a href=\"https:\/\/tri-volt.com\/fr\/industriel\/aluminium-moule\/\">Aluminium moul\u00e9<\/a><\/li>\n\t<li><a href=\"https:\/\/tri-volt.com\/fr\/industriel\/bande-chauffante-au-mica\/\">Bande chauffante au mica<\/a><\/li>\n\t<li><a href=\"https:\/\/tri-volt.com\/fr\/industriel\/bande-chauffante-etanche-a-lhumidite\/\">Bande chauffante \u00e9tanche \u00e0 l&rsquo;humidit\u00e9<\/a><\/li>\n\t<li><a href=\"https:\/\/tri-volt.com\/fr\/industriel\/bande-chauffante-ssh\/\">Bande chauffante SSH<\/a><\/li>\n\t<li><a href=\"https:\/\/tri-volt.com\/fr\/industriel\/bandes-chauffantes-a-ailettes-en-canal\/\">Bandes chauffantes \u00e0 ailettes &#038; en canal<\/a><\/li>\n\t<li><a href=\"https:\/\/tri-volt.com\/fr\/industriel\/bobines-chauffantes\/\">Bobines chauffantes<\/a>\n\t<ul class='children'>\n\t\t<li><a href=\"https:\/\/tri-volt.com\/fr\/industriel\/bobines-chauffantes\/accessoires\/\">Accessoires<\/a><\/li>\n\t\t<li><a href=\"https:\/\/tri-volt.com\/fr\/industriel\/bobines-chauffantes\/configuration\/\">Configuration<\/a><\/li>\n\t\t<li><a href=\"https:\/\/tri-volt.com\/fr\/industriel\/bobines-chauffantes\/options\/\">Options<\/a><\/li>\n\t\t<li><a href=\"https:\/\/tri-volt.com\/fr\/industriel\/bobines-chauffantes\/tailles-standard\/\">Tailles standard<\/a><\/li>\n\t<\/ul>\n<\/li>\n\t<li><a href=\"https:\/\/tri-volt.com\/fr\/industriel\/bouchon-a-vis-et-immersion-a-bride\/\">Bouchon \u00e0 vis et immersion \u00e0 bride<\/a>\n\t<ul class='children'>\n\t\t<li><a href=\"https:\/\/tri-volt.com\/fr\/industriel\/bouchon-a-vis-et-immersion-a-bride\/rechauffeurs-a-circulation\/\">R\u00e9chauffeurs \u00e0 circulation<\/a><\/li>\n\t\t<li><a href=\"https:\/\/tri-volt.com\/fr\/industriel\/bouchon-a-vis-et-immersion-a-bride\/thermoplongeur-a-bride-carree\/\">Thermoplongeur \u00e0 bride carr\u00e9e<\/a><\/li>\n\t<\/ul>\n<\/li>\n\t<li><a href=\"https:\/\/tri-volt.com\/fr\/industriel\/canal-resistant-a-lhumidite\/\">Canal r\u00e9sistant \u00e0 l&rsquo;humidit\u00e9<\/a><\/li>\n\t<li><a href=\"https:\/\/tri-volt.com\/fr\/industriel\/capteurs\/\">Capteurs<\/a><\/li>\n\t<li><a href=\"https:\/\/tri-volt.com\/fr\/industriel\/cartouche-chauffante\/\">Cartouche Chauffante<\/a>\n\t<ul class='children'>\n\t\t<li><a href=\"https:\/\/tri-volt.com\/fr\/industriel\/cartouche-chauffante\/accessoires\/\">Accessoires<\/a><\/li>\n\t\t<li><a href=\"https:\/\/tri-volt.com\/fr\/industriel\/cartouche-chauffante\/options-speciales\/\">Options sp\u00e9ciales<\/a><\/li>\n\t\t<li><a href=\"https:\/\/tri-volt.com\/fr\/industriel\/cartouche-chauffante\/options-standards\/\">Options standards<\/a><\/li>\n\t\t<li><a href=\"https:\/\/tri-volt.com\/fr\/industriel\/cartouche-chauffante\/tailles-et-stock-standard\/\">Tailles et stock standard<\/a><\/li>\n\t\t<li><a href=\"https:\/\/tri-volt.com\/fr\/industriel\/cartouche-chauffante\/types-de-cartouches\/\">Types de cartouches<\/a><\/li>\n\t<\/ul>\n<\/li>\n\t<li><a href=\"https:\/\/tri-volt.com\/fr\/industriel\/chauffe-bande-au-mica\/\">Chauffe-bande au mica<\/a><\/li>\n\t<li><a href=\"https:\/\/tri-volt.com\/fr\/industriel\/chauffe-bande-etanche-a-lhumidite\/\">Chauffe-bande \u00e9tanche \u00e0 l&rsquo;humidit\u00e9<\/a><\/li>\n\t<li><a href=\"https:\/\/tri-volt.com\/fr\/industriel\/chauffe-plaque\/\">Chauffe-plaque<\/a><\/li>\n\t<li><a href=\"https:\/\/tri-volt.com\/fr\/industriel\/nouveaux-produits\/\">Nouveaux Produits<\/a><\/li>\n\t<li><a href=\"https:\/\/tri-volt.com\/fr\/industriel\/panneau-de-controle\/\">Panneau de contr\u00f4le<\/a><\/li>\n\t<li><a href=\"https:\/\/tri-volt.com\/fr\/industriel\/rechauffeur-de-bande-de-puissance\/\">R\u00e9chauffeur de bande de puissance<\/a><\/li>\n\t<li><a href=\"https:\/\/tri-volt.com\/fr\/industriel\/rechauffeur-en-aluminium-moule\/\">R\u00e9chauffeur en aluminium moul\u00e9<\/a><\/li>\n\t<li><a href=\"https:\/\/tri-volt.com\/fr\/industriel\/rechauffeurs-a-bande-en-ceramique\/\">R\u00e9chauffeurs \u00e0 bande en c\u00e9ramique<\/a><\/li>\n\t<li><a href=\"https:\/\/tri-volt.com\/fr\/industriel\/rechauffeurs-a-cartouche-fendue\/\">R\u00e9chauffeurs \u00e0 cartouche fendue<\/a><\/li>\n\t<li><a href=\"https:\/\/tri-volt.com\/fr\/industriel\/rechauffeurs-tubulaires\/\">R\u00e9chauffeurs tubulaires<\/a>\n\t<ul class='children'>\n\t\t<li><a href=\"https:\/\/tri-volt.com\/fr\/industriel\/rechauffeurs-tubulaires\/rechauffeur-tubulaire-a-ailettes\/\">R\u00e9chauffeur tubulaire \u00e0 ailettes<\/a><\/li>\n\t<\/ul>\n<\/li>\n\t<li><a href=\"https:\/\/tri-volt.com\/fr\/industriel\/systemes\/\">Syst\u00e8mes<\/a><\/li>\n\t<li><a href=\"https:\/\/tri-volt.com\/fr\/industriel\/thermocouples\/\">Thermocouples<\/a>\n\t<ul class='children'>\n\t\t<li><a href=\"https:\/\/tri-volt.com\/fr\/industriel\/thermocouples\/modele-a-compression-a-90-degres\/\">Mod\u00e8le \u00e0 compression \u00e0 90 degr\u00e9s<\/a><\/li>\n\t\t<li><a href=\"https:\/\/tri-volt.com\/fr\/industriel\/thermocouples\/tc-a-baionnette-standard\/\">TC \u00e0 ba\u00efonnette standard<\/a><\/li>\n\t\t<li><a href=\"https:\/\/tri-volt.com\/fr\/industriel\/thermocouples\/tc-a-borne-en-anneau\/\">TC \u00e0 borne en anneau<\/a><\/li>\n\t\t<li><a href=\"https:\/\/tri-volt.com\/fr\/industriel\/thermocouples\/tc-a-boulons\/\">TC \u00e0 boulons<\/a><\/li>\n\t\t<li><a href=\"https:\/\/tri-volt.com\/fr\/industriel\/thermocouples\/tc-a-cale\/\">TC \u00e0 cale<\/a><\/li>\n\t<\/ul>\n<\/li>\n\t<li><a href=\"https:\/\/tri-volt.com\/fr\/industriel\/thermolateur\/\">Thermolateur<\/a><\/li>\n\t<li><a href=\"https:\/\/tri-volt.com\/fr\/industriel\/thermoplongeur-en-triflex\/\">Thermoplongeur en Triflex<\/a><\/li>\n\t<li><a href=\"https:\/\/tri-volt.com\/fr\/industriel\/thermoplongeurs-amovibles-en-triflex\/\">Thermoplongeurs amovibles en Triflex<\/a><\/li>\n<\/ul>\n<\/li>\n<li><a href=\"https:\/\/tri-volt.com\/fr\/kit-de-montage\/\">Kit de montage<\/a><\/li>\n<li><a href=\"https:\/\/tri-volt.com\/fr\/plan-de-site\/\">Plan de Site<\/a><\/li>\n<li><a href=\"https:\/\/tri-volt.com\/fr\/portail-des-entreprises\/\">Portail des entreprises<\/a>\n<ul class='children'>\n\t<li><a href=\"https:\/\/tri-volt.com\/fr\/portail-des-entreprises\/formulaires-de-commande\/\">Formulaires de commande<\/a><\/li>\n\t<li><a href=\"https:\/\/tri-volt.com\/fr\/portail-des-entreprises\/rechauffeurs-et-capteurs-standard\/\">R\u00e9chauffeurs et capteurs standard<\/a><\/li>\n\t<li><a href=\"https:\/\/tri-volt.com\/fr\/portail-des-entreprises\/services\/\">Services<\/a><\/li>\n<\/ul>\n<\/li>\n<li><a href=\"https:\/\/tri-volt.com\/fr\/produits\/\">Produits<\/a><\/li>\n<li><a href=\"https:\/\/tri-volt.com\/fr\/rechauffeur-de-carter-de-manivelle\/\">R\u00e9chauffeur de carter de manivelle<\/a><\/li>\n<li><a href=\"https:\/\/tri-volt.com\/fr\/rechauffeur-du-rail-de-porte\/\">R\u00e9chauffeur du rail de porte<\/a><\/li>\n<li><a href=\"https:\/\/tri-volt.com\/fr\/rechauffeur-rainure-en-triflex\/\">R\u00e9chauffeur rainur\u00e9 en Triflex<\/a><\/li>\n<li><a href=\"https:\/\/tri-volt.com\/fr\/rechauffeurs-a-seuil\/\">R\u00e9chauffeurs \u00e0 seuil<\/a><\/li>\n<li><a href=\"https:\/\/tri-volt.com\/fr\/rechauffeurs-a-ventilateurs\/\">R\u00e9chauffeurs \u00e0 ventilateurs<\/a><\/li>\n<li><a href=\"https:\/\/tri-volt.com\/fr\/chauffage-de-poche-de-porte\/\">R\u00e9chauffeurs de poche de porte<\/a><\/li>\n<li><a href=\"https:\/\/tri-volt.com\/fr\/residentiel\/\">R\u00e9sidentiel<\/a><\/li>\n<li><a href=\"https:\/\/tri-volt.com\/fr\/systemes-de-chauffage-au-sol\/\">Syst\u00e8mes de chauffage au sol<\/a><\/li>\n<li><a href=\"https:\/\/tri-volt.com\/fr\/thermoplongeurs\/\">Thermoplongeurs<\/a><\/li>\n<li><a href=\"https:\/\/tri-volt.com\/fr\/transport\/\">Transport<\/a><\/li>\n<li><a href=\"https:\/\/tri-volt.com\/fr\/vaporisateurs\/\">Vaporisateurs<\/a><\/li>\n<li><a href=\"https:\/\/tri-volt.com\/fr\/vue-densemble\/\">Vue d&rsquo;ensemble<\/a><\/li>\n<\/ul><\/div>\n","protected":false},"excerpt":{"rendered":"","protected":false},"author":12,"featured_media":0,"parent":0,"menu_order":0,"comment_status":"open","ping_status":"open","template":"","meta":{"footnotes":""},"class_list":["post-3071","page","type-page","status-publish","hentry"],"aioseo_notices":[],"_links":{"self":[{"href":"https:\/\/tri-volt.com\/fr\/wp-json\/wp\/v2\/pages\/3071","targetHints":{"allow":["GET"]}}],"collection":[{"href":"https:\/\/tri-volt.com\/fr\/wp-json\/wp\/v2\/pages"}],"about":[{"href":"https:\/\/tri-volt.com\/fr\/wp-json\/wp\/v2\/types\/page"}],"author":[{"embeddable":true,"href":"https:\/\/tri-volt.com\/fr\/wp-json\/wp\/v2\/users\/12"}],"replies":[{"embeddable":true,"href":"https:\/\/tri-volt.com\/fr\/wp-json\/wp\/v2\/comments?post=3071"}],"version-history":[{"count":1,"href":"https:\/\/tri-volt.com\/fr\/wp-json\/wp\/v2\/pages\/3071\/revisions"}],"predecessor-version":[{"id":3072,"href":"https:\/\/tri-volt.com\/fr\/wp-json\/wp\/v2\/pages\/3071\/revisions\/3072"}],"wp:attachment":[{"href":"https:\/\/tri-volt.com\/fr\/wp-json\/wp\/v2\/media?parent=3071"}],"curies":[{"name":"wp","href":"https:\/\/api.w.org\/{rel}","templated":true}]}}