{"id":3081,"date":"2012-03-08T22:46:10","date_gmt":"2012-03-08T22:46:10","guid":{"rendered":"https:\/\/tri-volt.com\/mps-heater\/"},"modified":"2023-12-06T19:09:43","modified_gmt":"2023-12-06T19:09:43","slug":"bandes-chauffantes-a-lepreuve-de-lhumidite","status":"publish","type":"page","link":"https:\/\/tri-volt.com\/fr\/bandes-chauffantes-a-lepreuve-de-lhumidite\/","title":{"rendered":"Bandes chauffantes \u00e0 l\u2019\u00e9preuve de l\u2019humidit\u00e9"},"content":{"rendered":"<h3><span style=\"font-weight: 400;\">Bandes chauffantes \u00e0 l\u2019\u00e9preuve de l\u2019humidit\u00e9<\/span><\/h3>\n<p><span style=\"font-weight: 400;\">Les bandes chauffantes \u00e0 l\u2019\u00e9preuve de l\u2019humidit\u00e9 sont con\u00e7ues pour faire partie du syst\u00e8me de chauffage du sol dans les voitures de train de voyageurs. La structure sans soudure est disponible en acier ou en acier inoxydable.<\/span><\/p>\n<p><span style=\"font-weight: 400;\">Notre traitement TR-65 est disponible pour les deux mat\u00e9riaux. Ce traitement emp\u00eache la rouille d&rsquo;attaquer l&rsquo;\u00e9l\u00e9ment chauffant. Les r\u00e9sultats des tests en bain de sel sont disponibles.<\/span><\/p>\n<ul>\n<li style=\"list-style-type: none;\">\n<ul>\n<li style=\"font-weight: 400;\" aria-level=\"1\"><span style=\"font-weight: 400;\">R\u00e9sistance totale \u00e0 l&rsquo;humidit\u00e9 et au givre<\/span><\/li>\n<li style=\"font-weight: 400;\" aria-level=\"1\"><span style=\"font-weight: 400;\">Longueur maximale de 120 pouces<\/span><\/li>\n<li style=\"font-weight: 400;\" aria-level=\"1\"><span style=\"font-weight: 400;\">La largeur de l&rsquo;\u00e9l\u00e9ment chauffant standard est de 1,5 pouces.<\/span><\/li>\n<li style=\"font-weight: 400;\" aria-level=\"1\"><span style=\"font-weight: 400;\">Tension nominale maximale de 750 volts (douilles isolantes \u00e0 distance si n\u00e9cessaire)<\/span><\/li>\n<li style=\"font-weight: 400;\" aria-level=\"1\"><span style=\"font-weight: 400;\">Jusqu&rsquo;\u00e0 25 watts par pouce carr\u00e9<\/span><\/li>\n<li style=\"font-weight: 400;\" aria-level=\"1\"><span style=\"font-weight: 400;\">Les bornes et les extr\u00e9mit\u00e9s des fils sont herm\u00e9tiquement scell\u00e9es<\/span><\/li>\n<li style=\"font-weight: 400;\" aria-level=\"1\"><span style=\"font-weight: 400;\">Les bornes de fils sont renforc\u00e9es pour r\u00e9sister \u00e0 un couple de 40 pouces\/livres, le plus \u00e9lev\u00e9 de l&rsquo;industrie, afin de garantir des connexions \u00e9lectriques solides.<\/span><\/li>\n<li style=\"font-weight: 400;\" aria-level=\"1\"><span style=\"font-weight: 400;\">Les bornes de fils peuvent \u00eatre positionn\u00e9es dans n&rsquo;importe quelle configuration<\/span><\/li>\n<li style=\"font-weight: 400;\" aria-level=\"1\"><span style=\"font-weight: 400;\">Des terminaisons pour fil de plomb sont \u00e9galement disponibles<\/span><\/li>\n<li style=\"font-weight: 400;\" aria-level=\"1\"><span style=\"font-weight: 400;\">Plusieurs types de traitements contre les environnements corrosifs sont disponibles.<\/span><\/li>\n<\/ul>\n<\/li>\n<\/ul>\n<p><a href=\"https:\/\/tri-volt.com\/wp-content\/uploads\/2015\/01\/TriVolt-MPSheater-handout.pdf\" target=\"_blank\" rel=\"noopener\"><img loading=\"lazy\" decoding=\"async\" src=\"https:\/\/tri-volt.com\/wp-content\/themes\/trivolt\/images\/icone_doc_pdf.png\" alt=\"pdf\" width=\"24\" height=\"24\" \/> T\u00c9L\u00c9CHARGER LA BROCHURE &gt; <\/a><\/p>\n<p><a href=\"https:\/\/tri-volt.com\/wp-content\/uploads\/2012\/03\/trivolt-moisture-proof-strip-heaters.jpg\"><img loading=\"lazy\" decoding=\"async\" class=\"alignnone size-full wp-image-199\" title=\"TriVolt-Moisture-Proof-Strip-Heaters\" src=\"https:\/\/tri-volt.com\/wp-content\/uploads\/2012\/03\/trivolt-moisture-proof-strip-heaters.jpg\" alt=\"\" width=\"500\" height=\"260\" srcset=\"https:\/\/tri-volt.com\/wp-content\/uploads\/2012\/03\/trivolt-moisture-proof-strip-heaters.jpg 500w, https:\/\/tri-volt.com\/wp-content\/uploads\/2012\/03\/trivolt-moisture-proof-strip-heaters-300x156.jpg 300w\" sizes=\"auto, (max-width: 500px) 100vw, 500px\" \/><\/a><\/p>\n","protected":false},"excerpt":{"rendered":"<p>Bandes chauffantes \u00e0 l\u2019\u00e9preuve de l\u2019humidit\u00e9 Les bandes chauffantes \u00e0 l\u2019\u00e9preuve de l\u2019humidit\u00e9 sont con\u00e7ues pour faire partie du syst\u00e8me de chauffage du sol dans les voitures de train de voyageurs. La structure sans soudure est disponible en acier ou en acier inoxydable. Notre traitement TR-65 est disponible pour les deux mat\u00e9riaux. Ce traitement emp\u00eache [&hellip;]<\/p>\n","protected":false},"author":12,"featured_media":0,"parent":0,"menu_order":0,"comment_status":"open","ping_status":"open","template":"","meta":{"footnotes":""},"class_list":["post-3081","page","type-page","status-publish","hentry"],"aioseo_notices":[],"_links":{"self":[{"href":"https:\/\/tri-volt.com\/fr\/wp-json\/wp\/v2\/pages\/3081","targetHints":{"allow":["GET"]}}],"collection":[{"href":"https:\/\/tri-volt.com\/fr\/wp-json\/wp\/v2\/pages"}],"about":[{"href":"https:\/\/tri-volt.com\/fr\/wp-json\/wp\/v2\/types\/page"}],"author":[{"embeddable":true,"href":"https:\/\/tri-volt.com\/fr\/wp-json\/wp\/v2\/users\/12"}],"replies":[{"embeddable":true,"href":"https:\/\/tri-volt.com\/fr\/wp-json\/wp\/v2\/comments?post=3081"}],"version-history":[{"count":5,"href":"https:\/\/tri-volt.com\/fr\/wp-json\/wp\/v2\/pages\/3081\/revisions"}],"predecessor-version":[{"id":3433,"href":"https:\/\/tri-volt.com\/fr\/wp-json\/wp\/v2\/pages\/3081\/revisions\/3433"}],"wp:attachment":[{"href":"https:\/\/tri-volt.com\/fr\/wp-json\/wp\/v2\/media?parent=3081"}],"curies":[{"name":"wp","href":"https:\/\/api.w.org\/{rel}","templated":true}]}}