{"id":3085,"date":"2012-03-08T22:46:29","date_gmt":"2012-03-08T22:46:29","guid":{"rendered":"https:\/\/tri-volt.com\/mps-f-heater\/"},"modified":"2023-11-23T23:18:09","modified_gmt":"2023-11-23T23:18:09","slug":"bandes-chauffantes-a-lepreuve-de-lhumidite-f","status":"publish","type":"page","link":"https:\/\/tri-volt.com\/fr\/bandes-chauffantes-a-lepreuve-de-lhumidite-f\/","title":{"rendered":"Bandes chauffantes \u00e0 l\u2019\u00e9preuve de l\u2019humidit\u00e9 (F)"},"content":{"rendered":"<h3>Bande chauffante \u00e9tanche \u00e0 l&rsquo;humidit\u00e9 avec dissipateur thermique int\u00e9gr\u00e9 en aluminium<\/h3>\n<p><b><\/b><span style=\"font-weight: 400;\">Ces \u00e9l\u00e9ments chauffants sont bas\u00e9s sur nos bandes chauffantes \u00e0 l&rsquo;\u00e9preuve de l&rsquo;humidit\u00e9, avec des dissipateurs de chaleur r\u00e9duisant la temp\u00e9rature afin de r\u00e9duire le nombre de watts par pouce carr\u00e9 et d&rsquo;abaisser la temp\u00e9rature de la peau.<\/span><\/p>\n<p><span style=\"font-weight: 400;\">Le dissipateur thermique est une extrusion d&rsquo;aluminium adapt\u00e9e m\u00e9caniquement \u00e0 l&rsquo;\u00e9l\u00e9ment chauffant pour un ajustement serr\u00e9 et une dissipation uniforme de la chaleur.<\/span><\/p>\n<ul>\n<li style=\"font-weight: 400;\" aria-level=\"1\"><span style=\"font-weight: 400;\">Les dissipateurs thermiques sont propos\u00e9s avec des ailettes sur\u00e9lev\u00e9es pour une surface et un flux d&rsquo;air maximums.<\/span><\/li>\n<li style=\"font-weight: 400;\" aria-level=\"1\"><span style=\"font-weight: 400;\">Extrud\u00e9 jusqu&rsquo;\u00e0 un maximum de 3,25 pouces<\/span><\/li>\n<\/ul>\n<p><a href=\"https:\/\/tri-volt.com\/wp-content\/uploads\/2012\/03\/trivolt_rail-industry_mps-grooved-heater.jpg\"><img loading=\"lazy\" decoding=\"async\" class=\"alignnone size-full wp-image-201\" title=\"Trivolt-MPS-Grooved-Heater\" src=\"https:\/\/tri-volt.com\/wp-content\/uploads\/2012\/03\/trivolt_rail-industry_mps-grooved-heater.jpg\" alt=\"\" width=\"500\" height=\"281\" srcset=\"https:\/\/tri-volt.com\/wp-content\/uploads\/2012\/03\/trivolt_rail-industry_mps-grooved-heater.jpg 500w, https:\/\/tri-volt.com\/wp-content\/uploads\/2012\/03\/trivolt_rail-industry_mps-grooved-heater-300x168.jpg 300w\" sizes=\"auto, (max-width: 500px) 100vw, 500px\" \/><\/a><a href=\"https:\/\/tri-volt.com\/wp-content\/uploads\/2012\/03\/trivolt_rail-industry_mps-flat-finned-heater.jpg\"><img loading=\"lazy\" decoding=\"async\" class=\"alignnone size-full wp-image-202\" title=\"Trivolt-MPS-Flat-Finned-Heater\" src=\"https:\/\/tri-volt.com\/wp-content\/uploads\/2012\/03\/trivolt_rail-industry_mps-flat-finned-heater.jpg\" alt=\"\" width=\"500\" height=\"281\" srcset=\"https:\/\/tri-volt.com\/wp-content\/uploads\/2012\/03\/trivolt_rail-industry_mps-flat-finned-heater.jpg 500w, https:\/\/tri-volt.com\/wp-content\/uploads\/2012\/03\/trivolt_rail-industry_mps-flat-finned-heater-300x168.jpg 300w\" sizes=\"auto, (max-width: 500px) 100vw, 500px\" \/><\/a><a href=\"https:\/\/tri-volt.com\/wp-content\/uploads\/2012\/03\/trivolt_rail-industry_mps-flat-heater.jpg\"><img loading=\"lazy\" decoding=\"async\" class=\"alignnone wp-image-204\" title=\"Trivolt-MPS-Flat-Heater\" src=\"https:\/\/tri-volt.com\/wp-content\/uploads\/2012\/03\/trivolt_rail-industry_mps-flat-heater.jpg\" alt=\"\" width=\"500\" height=\"281\" srcset=\"https:\/\/tri-volt.com\/wp-content\/uploads\/2012\/03\/trivolt_rail-industry_mps-flat-heater.jpg 500w, https:\/\/tri-volt.com\/wp-content\/uploads\/2012\/03\/trivolt_rail-industry_mps-flat-heater-300x168.jpg 300w\" sizes=\"auto, (max-width: 500px) 100vw, 500px\" \/><\/a><\/p>\n","protected":false},"excerpt":{"rendered":"<p>Bande chauffante \u00e9tanche \u00e0 l&rsquo;humidit\u00e9 avec dissipateur thermique int\u00e9gr\u00e9 en aluminium Ces \u00e9l\u00e9ments chauffants sont bas\u00e9s sur nos bandes chauffantes \u00e0 l&rsquo;\u00e9preuve de l&rsquo;humidit\u00e9, avec des dissipateurs de chaleur r\u00e9duisant la temp\u00e9rature afin de r\u00e9duire le nombre de watts par pouce carr\u00e9 et d&rsquo;abaisser la temp\u00e9rature de la peau. Le dissipateur thermique est une extrusion [&hellip;]<\/p>\n","protected":false},"author":12,"featured_media":0,"parent":0,"menu_order":0,"comment_status":"open","ping_status":"open","template":"","meta":{"footnotes":""},"class_list":["post-3085","page","type-page","status-publish","hentry"],"aioseo_notices":[],"_links":{"self":[{"href":"https:\/\/tri-volt.com\/fr\/wp-json\/wp\/v2\/pages\/3085","targetHints":{"allow":["GET"]}}],"collection":[{"href":"https:\/\/tri-volt.com\/fr\/wp-json\/wp\/v2\/pages"}],"about":[{"href":"https:\/\/tri-volt.com\/fr\/wp-json\/wp\/v2\/types\/page"}],"author":[{"embeddable":true,"href":"https:\/\/tri-volt.com\/fr\/wp-json\/wp\/v2\/users\/12"}],"replies":[{"embeddable":true,"href":"https:\/\/tri-volt.com\/fr\/wp-json\/wp\/v2\/comments?post=3085"}],"version-history":[{"count":4,"href":"https:\/\/tri-volt.com\/fr\/wp-json\/wp\/v2\/pages\/3085\/revisions"}],"predecessor-version":[{"id":3097,"href":"https:\/\/tri-volt.com\/fr\/wp-json\/wp\/v2\/pages\/3085\/revisions\/3097"}],"wp:attachment":[{"href":"https:\/\/tri-volt.com\/fr\/wp-json\/wp\/v2\/media?parent=3085"}],"curies":[{"name":"wp","href":"https:\/\/api.w.org\/{rel}","templated":true}]}}