{"id":3090,"date":"2012-03-08T22:46:44","date_gmt":"2012-03-08T22:46:44","guid":{"rendered":"https:\/\/tri-volt.com\/aluma-heater\/"},"modified":"2023-11-23T21:03:17","modified_gmt":"2023-11-23T21:03:17","slug":"chauffage-aluma","status":"publish","type":"page","link":"https:\/\/tri-volt.com\/fr\/chauffage-aluma\/","title":{"rendered":"Chauffage Aluma"},"content":{"rendered":"<h3>Aluma-Heat\u00ae and Aluma-Heat\u00ae Light<\/h3>\n<p><span style=\"font-weight: 400;\">Le mod\u00e8le ALUMA-HEAT\u00ae de Trivolt est fabriqu\u00e9 \u00e0 l&rsquo;aide d&rsquo;un aluminium extrud\u00e9 sur mesure.<\/span><\/p>\n<p><span style=\"font-weight: 400;\">Il s&rsquo;agit d&rsquo;un appareil de chauffage tr\u00e8s l\u00e9ger, ce qui le rend facile \u00e0 manipuler et \u00e0 installer. Le d\u00e9lai entre la temp\u00e9rature chaude et la temp\u00e9rature froide de la peau est consid\u00e9rablement r\u00e9duit par rapport aux \u00e9l\u00e9ments chauffants traditionnels. La construction robuste et les diff\u00e9rents profils de cet appareil de chauffage offrent de nombreux avantages au constructeur automobile, tant sur le plan \u00e9lectrique que sur le plan m\u00e9canique.<\/span><\/p>\n<ul>\n<li style=\"font-weight: 400;\" aria-level=\"1\"><span style=\"font-weight: 400;\">Fabriqu\u00e9 en aluminium extrud\u00e9 6065T1<\/span><\/li>\n<li style=\"font-weight: 400;\" aria-level=\"1\"><span style=\"font-weight: 400;\">Construction l\u00e9g\u00e8re<\/span><\/li>\n<li style=\"font-weight: 400;\" aria-level=\"1\"><span style=\"font-weight: 400;\">Les multiples ailettes permettent d&rsquo;obtenir une temp\u00e9rature de peau tr\u00e8s basse et des flux d&rsquo;air efficaces qui maximisent la surface de dissipation de la chaleur.<\/span><\/li>\n<li style=\"font-weight: 400;\" aria-level=\"1\"><span style=\"font-weight: 400;\">Installation et montage faciles<\/span><\/li>\n<li style=\"font-weight: 400;\" aria-level=\"1\"><span style=\"font-weight: 400;\">Longueur maximale de 60 pouces<\/span><\/li>\n<li style=\"font-weight: 400;\" aria-level=\"1\"><span style=\"font-weight: 400;\">Disponible en 2 profils ;<\/span><\/li>\n<li style=\"font-weight: 400;\" aria-level=\"1\"><span style=\"font-weight: 400;\">3,25 x 0,525 pouces avec un noyau de 1 pouce comprenant des ailettes sur\u00e9lev\u00e9es pour une exposition maximale de la surface et du flux d&rsquo;air<\/span><\/li>\n<li style=\"font-weight: 400;\" aria-level=\"1\"><span style=\"font-weight: 400;\">3,25 x 0,50 pouces avec un noyau de 1,5 pouce<\/span><\/li>\n<li style=\"font-weight: 400;\" aria-level=\"1\"><span style=\"font-weight: 400;\">Les profils ont un noyau solide, ce qui les rend robustes et permet de minimiser les supports de montage.<\/span><\/li>\n<li style=\"font-weight: 400;\" aria-level=\"1\"><span style=\"font-weight: 400;\">Ils peuvent \u00eatre fabriqu\u00e9s \u00e0 toutes les tensions applicables et jusqu&rsquo;\u00e0 25 watts par pouce carr\u00e9.<\/span><\/li>\n<li style=\"font-weight: 400;\" aria-level=\"1\"><span style=\"font-weight: 400;\">Extrusions optionnelles voir images ci-dessous<\/span><\/li>\n<li style=\"font-weight: 400;\" aria-level=\"1\"><span style=\"font-weight: 400;\">Les extrusions peuvent \u00eatre anodis\u00e9es contre la corrosion<\/span><\/li>\n<li style=\"font-weight: 400;\" aria-level=\"1\"><span style=\"font-weight: 400;\">Les \u00e9l\u00e9ments chauffants peuvent \u00eatre empil\u00e9s jusqu&rsquo;\u00e0 3 \u00e0 la fois avec des bagues en t\u00e9flon dans les fentes usin\u00e9es pour tenir compte de la dilatation thermique.<\/span><\/li>\n<li style=\"font-weight: 400;\" aria-level=\"1\"><span style=\"font-weight: 400;\">Un joint haute temp\u00e9rature peut \u00eatre install\u00e9 entre la bague en t\u00e9flon et l&rsquo;ensemble de l&rsquo;\u00e9l\u00e9ment chauffant pour r\u00e9duire le bruit caus\u00e9 par la dilatation.<\/span><\/li>\n<li style=\"font-weight: 400;\" aria-level=\"1\"><span style=\"font-weight: 400;\">Des terminaux ou des terminaisons de fils sont disponibles.<\/span><\/li>\n<\/ul>\n<p><span style=\"font-weight: 400;\">Nos bagues en t\u00e9flon sont fabriqu\u00e9es \u00e0 partir de t\u00e9flon m\u00e9canique et peuvent r\u00e9sister \u00e0 des temp\u00e9ratures allant jusqu&rsquo;\u00e0 450 degr\u00e9s F. Ils r\u00e9sistent aux chocs et aux vibrations de la voiture pendant l&rsquo;utilisation et r\u00e9solvent le probl\u00e8me constant des fissures et des ruptures associ\u00e9es aux bagues d&rsquo;isolation secondaire en c\u00e9ramique et en porcelaine.<\/span><\/p>\n<p><span style=\"font-weight: 400;\">Ces bagues en t\u00e9flon ont \u00e9t\u00e9 utilis\u00e9es avec succ\u00e8s sur le terrain depuis plus de 10 ans avec des r\u00e9sultats remarquables.<\/span><\/p>\n<p>&nbsp;<\/p>\n<p><a href=\"https:\/\/tri-volt.com\/wp-content\/uploads\/2012\/03\/trivolt_rail-industry_aluma-family-finned-heater.jpg\"><img loading=\"lazy\" decoding=\"async\" class=\"alignnone wp-image-207\" title=\"Trivolt-Aluma-Family-Finned-Heater\" src=\"https:\/\/tri-volt.com\/wp-content\/uploads\/2012\/03\/trivolt_rail-industry_aluma-family-finned-heater.jpg\" alt=\"\" width=\"500\" height=\"324\" srcset=\"https:\/\/tri-volt.com\/wp-content\/uploads\/2012\/03\/trivolt_rail-industry_aluma-family-finned-heater.jpg 500w, https:\/\/tri-volt.com\/wp-content\/uploads\/2012\/03\/trivolt_rail-industry_aluma-family-finned-heater-300x194.jpg 300w\" sizes=\"auto, (max-width: 500px) 100vw, 500px\" \/><\/a><a href=\"https:\/\/tri-volt.com\/wp-content\/uploads\/2012\/03\/trivolt_rail-industry_aluma-finned-heaters.jpg\"><img loading=\"lazy\" decoding=\"async\" class=\"alignnone size-full wp-image-210\" title=\"Trivolt-Aluma-Finned-Heater\" src=\"https:\/\/tri-volt.com\/wp-content\/uploads\/2012\/03\/trivolt_rail-industry_aluma-finned-heater.jpg\" alt=\"\" width=\"500\" height=\"303\" \/><\/a><a href=\"https:\/\/tri-volt.com\/wp-content\/uploads\/2012\/03\/trivolt_rail-industry_aluma-grooved-heaters.jpg\"><img loading=\"lazy\" decoding=\"async\" class=\"alignnone size-full wp-image-211\" title=\"Trivolt-Aluma-Grooved-Heater\" src=\"https:\/\/tri-volt.com\/wp-content\/uploads\/2012\/03\/trivolt_rail-industry_aluma-grooved-heater.jpg\" alt=\"\" width=\"500\" height=\"298\" \/><\/a><\/p>\n","protected":false},"excerpt":{"rendered":"<p>Aluma-Heat\u00ae and Aluma-Heat\u00ae Light Le mod\u00e8le ALUMA-HEAT\u00ae de Trivolt est fabriqu\u00e9 \u00e0 l&rsquo;aide d&rsquo;un aluminium extrud\u00e9 sur mesure. Il s&rsquo;agit d&rsquo;un appareil de chauffage tr\u00e8s l\u00e9ger, ce qui le rend facile \u00e0 manipuler et \u00e0 installer. Le d\u00e9lai entre la temp\u00e9rature chaude et la temp\u00e9rature froide de la peau est consid\u00e9rablement r\u00e9duit par rapport aux [&hellip;]<\/p>\n","protected":false},"author":12,"featured_media":0,"parent":0,"menu_order":0,"comment_status":"open","ping_status":"open","template":"","meta":{"footnotes":""},"class_list":["post-3090","page","type-page","status-publish","hentry"],"aioseo_notices":[],"_links":{"self":[{"href":"https:\/\/tri-volt.com\/fr\/wp-json\/wp\/v2\/pages\/3090","targetHints":{"allow":["GET"]}}],"collection":[{"href":"https:\/\/tri-volt.com\/fr\/wp-json\/wp\/v2\/pages"}],"about":[{"href":"https:\/\/tri-volt.com\/fr\/wp-json\/wp\/v2\/types\/page"}],"author":[{"embeddable":true,"href":"https:\/\/tri-volt.com\/fr\/wp-json\/wp\/v2\/users\/12"}],"replies":[{"embeddable":true,"href":"https:\/\/tri-volt.com\/fr\/wp-json\/wp\/v2\/comments?post=3090"}],"version-history":[{"count":2,"href":"https:\/\/tri-volt.com\/fr\/wp-json\/wp\/v2\/pages\/3090\/revisions"}],"predecessor-version":[{"id":3092,"href":"https:\/\/tri-volt.com\/fr\/wp-json\/wp\/v2\/pages\/3090\/revisions\/3092"}],"wp:attachment":[{"href":"https:\/\/tri-volt.com\/fr\/wp-json\/wp\/v2\/media?parent=3090"}],"curies":[{"name":"wp","href":"https:\/\/api.w.org\/{rel}","templated":true}]}}