{"id":3095,"date":"2012-03-08T22:47:00","date_gmt":"2012-03-08T22:47:00","guid":{"rendered":"https:\/\/tri-volt.com\/threshold-heater\/"},"modified":"2023-11-24T16:14:42","modified_gmt":"2023-11-24T16:14:42","slug":"rechauffeurs-a-seuil","status":"publish","type":"page","link":"https:\/\/tri-volt.com\/fr\/rechauffeurs-a-seuil\/","title":{"rendered":"R\u00e9chauffeurs \u00e0 seuil"},"content":{"rendered":"<p><span style=\"font-weight: 400;\">Les r\u00e9chauffeurs \u00e0 seuil sont install\u00e9s sous le panneau de pied pour emp\u00eacher l&rsquo;accumulation de neige et le gel, ce qui permet \u00e0 la porte de fonctionner librement. Ces chauffages sont con\u00e7us et fabriqu\u00e9s pour r\u00e9sister \u00e0 l&rsquo;humidit\u00e9 et aux applications difficiles. Les chauffages de seuil peuvent \u00e9galement \u00eatre trait\u00e9s pour \u00e9viter les dommages caus\u00e9s par des mat\u00e9riaux corrosifs tels que le sel.<\/span><\/p>\n<ul>\n<li style=\"font-weight: 400;\" aria-level=\"1\"><span style=\"font-weight: 400;\">Fabriqu\u00e9 en extrusion d&rsquo;aluminium 6065T1<\/span><\/li>\n<li style=\"font-weight: 400;\" aria-level=\"1\"><span style=\"font-weight: 400;\">Extr\u00e9mit\u00e9s enti\u00e8rement herm\u00e9tiques avec t\u00e9flon m\u00e9canique, \u00e9poxy et silicone haute temp\u00e9rature<\/span><\/li>\n<li style=\"font-weight: 400;\" aria-level=\"1\"><span style=\"font-weight: 400;\">Longueur maximale de 60 pouces<\/span><\/li>\n<li style=\"font-weight: 400;\" aria-level=\"1\"><span style=\"font-weight: 400;\">Tension nominale maximale de 600 volts ac<\/span><\/li>\n<li style=\"font-weight: 400;\" aria-level=\"1\"><span style=\"font-weight: 400;\">Jusqu&rsquo;\u00e0 25 watts par pouce carr\u00e9<\/span><\/li>\n<li style=\"font-weight: 400;\" aria-level=\"1\"><span style=\"font-weight: 400;\">Peut \u00eatre fabriqu\u00e9 avec n&rsquo;importe quelle configuration de fil<\/span><\/li>\n<li style=\"font-weight: 400;\" aria-level=\"1\"><span style=\"font-weight: 400;\">Section transversale aux standard de l\u2019industrie de 0,5 pouce de haut et de 1 pouce de large<\/span><\/li>\n<li style=\"font-weight: 400;\" aria-level=\"1\"><span style=\"font-weight: 400;\">Conceptions personnalis\u00e9es pour s&rsquo;adapter \u00e0 toutes les installations existantes<\/span><\/li>\n<\/ul>\n<p><span style=\"font-weight: 400;\">Ces \u00e9l\u00e9ments de chauffage de seuil sont compatibles avec tous les mod\u00e8les de voitures et peuvent remplacer les \u00e9l\u00e9ments de chauffage de seuil existants sur le march\u00e9.<\/span><\/p>\n<p><a href=\"https:\/\/tri-volt.com\/wp-content\/uploads\/2012\/03\/trivolt_threshold-heaters.jpg\"><img loading=\"lazy\" decoding=\"async\" class=\"alignnone size-full wp-image-217\" title=\"TriVolt-Threshold-Heaters\" src=\"https:\/\/tri-volt.com\/wp-content\/uploads\/2012\/03\/trivolt_threshold-heaters.jpg\" alt=\"\" width=\"500\" height=\"221\" srcset=\"https:\/\/tri-volt.com\/wp-content\/uploads\/2012\/03\/trivolt_threshold-heaters.jpg 500w, https:\/\/tri-volt.com\/wp-content\/uploads\/2012\/03\/trivolt_threshold-heaters-300x132.jpg 300w\" sizes=\"auto, (max-width: 500px) 100vw, 500px\" \/><\/a><\/p>\n","protected":false},"excerpt":{"rendered":"<p>Les r\u00e9chauffeurs \u00e0 seuil sont install\u00e9s sous le panneau de pied pour emp\u00eacher l&rsquo;accumulation de neige et le gel, ce qui permet \u00e0 la porte de fonctionner librement. Ces chauffages sont con\u00e7us et fabriqu\u00e9s pour r\u00e9sister \u00e0 l&rsquo;humidit\u00e9 et aux applications difficiles. Les chauffages de seuil peuvent \u00e9galement \u00eatre trait\u00e9s pour \u00e9viter les dommages caus\u00e9s [&hellip;]<\/p>\n","protected":false},"author":12,"featured_media":0,"parent":0,"menu_order":0,"comment_status":"open","ping_status":"open","template":"","meta":{"footnotes":""},"class_list":["post-3095","page","type-page","status-publish","hentry"],"aioseo_notices":[],"_links":{"self":[{"href":"https:\/\/tri-volt.com\/fr\/wp-json\/wp\/v2\/pages\/3095","targetHints":{"allow":["GET"]}}],"collection":[{"href":"https:\/\/tri-volt.com\/fr\/wp-json\/wp\/v2\/pages"}],"about":[{"href":"https:\/\/tri-volt.com\/fr\/wp-json\/wp\/v2\/types\/page"}],"author":[{"embeddable":true,"href":"https:\/\/tri-volt.com\/fr\/wp-json\/wp\/v2\/users\/12"}],"replies":[{"embeddable":true,"href":"https:\/\/tri-volt.com\/fr\/wp-json\/wp\/v2\/comments?post=3095"}],"version-history":[{"count":3,"href":"https:\/\/tri-volt.com\/fr\/wp-json\/wp\/v2\/pages\/3095\/revisions"}],"predecessor-version":[{"id":3139,"href":"https:\/\/tri-volt.com\/fr\/wp-json\/wp\/v2\/pages\/3095\/revisions\/3139"}],"wp:attachment":[{"href":"https:\/\/tri-volt.com\/fr\/wp-json\/wp\/v2\/media?parent=3095"}],"curies":[{"name":"wp","href":"https:\/\/api.w.org\/{rel}","templated":true}]}}