{"id":3098,"date":"2012-03-08T22:47:20","date_gmt":"2012-03-08T22:47:20","guid":{"rendered":"https:\/\/tri-volt.com\/open-coil-duct\/"},"modified":"2023-11-28T21:41:59","modified_gmt":"2023-11-28T21:41:59","slug":"conduit-a-boudin-ouverte","status":"publish","type":"page","link":"https:\/\/tri-volt.com\/fr\/conduit-a-boudin-ouverte\/","title":{"rendered":"Conduit \u00e0 boudin ouverte"},"content":{"rendered":"<p><span style=\"font-weight: 400;\">Pour syst\u00e8me HVAC.<\/span><\/p>\n<p><b>Ces unit\u00e9s de chauffage a\u00e9rien peuvent \u00eatre fabriqu\u00e9es avec des options de serpentin ouvert, tubulaire et tubulaire \u00e0 ailettes.<\/b><\/p>\n<p><span style=\"font-weight: 400;\">Conception de bobine ouverte<\/span><\/p>\n<ul>\n<li style=\"font-weight: 400;\" aria-level=\"1\"><span style=\"font-weight: 400;\">Les cadres de montage et toute la quincaillerie sont fabriqu\u00e9s en acier inoxydable 304.<\/span><\/li>\n<li style=\"font-weight: 400;\" aria-level=\"1\"><span style=\"font-weight: 400;\">Le fil de r\u00e9sistance est un fil Kanthal\u00ae 60\/15 en Nickel et en chrome<\/span><\/li>\n<li style=\"font-weight: 400;\" aria-level=\"1\"><span style=\"font-weight: 400;\">Le fil de r\u00e9sistance est con\u00e7u avec la temp\u00e9rature nominale la plus \u00e9lev\u00e9e, ce qui augmente le facteur de s\u00e9curit\u00e9.<\/span><\/li>\n<li style=\"font-weight: 400;\" aria-level=\"1\"><span style=\"font-weight: 400;\">Les supports c\u00e9ramiques \u00e0 clip en C offrent une excellente isolation di\u00e9lectrique.<\/span><\/li>\n<li style=\"font-weight: 400;\" aria-level=\"1\"><span style=\"font-weight: 400;\">Les barres structurelles pour les clips sont con\u00e7ues pour un assemblage facile et l\u00e9ger.<\/span><\/li>\n<li style=\"font-weight: 400;\" aria-level=\"1\"><span style=\"font-weight: 400;\">Tous les cadres de montage et les supports sont d\u00e9coup\u00e9s au laser pour un ajustement de haute pr\u00e9cision.<\/span><\/li>\n<\/ul>\n<p><span style=\"font-weight: 400;\">Conception tubulaire et tubulaire \u00e0 ailettes<\/span><\/p>\n<ul>\n<li style=\"font-weight: 400;\" aria-level=\"1\"><span style=\"font-weight: 400;\">Les cadres de montage et toute la quincaillerie sont fabriqu\u00e9s en acier inoxydable 304.<\/span><\/li>\n<li style=\"font-weight: 400;\" aria-level=\"1\"><span style=\"font-weight: 400;\">\u00c9l\u00e9ments chauffants \u00e0 isolation min\u00e9rale pour une r\u00e9sistance m\u00e9canique sup\u00e9rieure, r\u00e9sistants aux chocs et aux vibrations.<\/span><\/li>\n<\/ul>\n<p><a href=\"https:\/\/tri-volt.com\/wp-content\/uploads\/2012\/03\/trivolt_rail_industry_open-coil-duct-fan.jpg\"><img loading=\"lazy\" decoding=\"async\" class=\"alignnone size-full wp-image-187\" title=\"TriVolt-Open-Coil-Duct-Fan\" src=\"https:\/\/tri-volt.com\/wp-content\/uploads\/2012\/03\/trivolt_rail_industry_open-coil-duct-fan.jpg\" alt=\"\" width=\"500\" height=\"572\" srcset=\"https:\/\/tri-volt.com\/wp-content\/uploads\/2012\/03\/trivolt_rail_industry_open-coil-duct-fan.jpg 500w, https:\/\/tri-volt.com\/wp-content\/uploads\/2012\/03\/trivolt_rail_industry_open-coil-duct-fan-262x300.jpg 262w\" sizes=\"auto, (max-width: 500px) 100vw, 500px\" \/><\/a><a href=\"https:\/\/tri-volt.com\/wp-content\/uploads\/2012\/03\/trivolt_rail_industry_open-coil-duct.jpg\"><img loading=\"lazy\" decoding=\"async\" class=\"alignnone size-full wp-image-188\" title=\"TriVolt-Open-Coil-Duct\" src=\"https:\/\/tri-volt.com\/wp-content\/uploads\/2012\/03\/trivolt_rail_industry_open-coil-duct.jpg\" alt=\"\" width=\"500\" height=\"812\" srcset=\"https:\/\/tri-volt.com\/wp-content\/uploads\/2012\/03\/trivolt_rail_industry_open-coil-duct.jpg 500w, https:\/\/tri-volt.com\/wp-content\/uploads\/2012\/03\/trivolt_rail_industry_open-coil-duct-184x300.jpg 184w\" sizes=\"auto, (max-width: 500px) 100vw, 500px\" \/><\/a><\/p>\n","protected":false},"excerpt":{"rendered":"<p>Pour syst\u00e8me HVAC. Ces unit\u00e9s de chauffage a\u00e9rien peuvent \u00eatre fabriqu\u00e9es avec des options de serpentin ouvert, tubulaire et tubulaire \u00e0 ailettes. Conception de bobine ouverte Les cadres de montage et toute la quincaillerie sont fabriqu\u00e9s en acier inoxydable 304. Le fil de r\u00e9sistance est un fil Kanthal\u00ae 60\/15 en Nickel et en chrome Le [&hellip;]<\/p>\n","protected":false},"author":12,"featured_media":0,"parent":0,"menu_order":0,"comment_status":"open","ping_status":"open","template":"","meta":{"footnotes":""},"class_list":["post-3098","page","type-page","status-publish","hentry"],"aioseo_notices":[],"_links":{"self":[{"href":"https:\/\/tri-volt.com\/fr\/wp-json\/wp\/v2\/pages\/3098","targetHints":{"allow":["GET"]}}],"collection":[{"href":"https:\/\/tri-volt.com\/fr\/wp-json\/wp\/v2\/pages"}],"about":[{"href":"https:\/\/tri-volt.com\/fr\/wp-json\/wp\/v2\/types\/page"}],"author":[{"embeddable":true,"href":"https:\/\/tri-volt.com\/fr\/wp-json\/wp\/v2\/users\/12"}],"replies":[{"embeddable":true,"href":"https:\/\/tri-volt.com\/fr\/wp-json\/wp\/v2\/comments?post=3098"}],"version-history":[{"count":5,"href":"https:\/\/tri-volt.com\/fr\/wp-json\/wp\/v2\/pages\/3098\/revisions"}],"predecessor-version":[{"id":3255,"href":"https:\/\/tri-volt.com\/fr\/wp-json\/wp\/v2\/pages\/3098\/revisions\/3255"}],"wp:attachment":[{"href":"https:\/\/tri-volt.com\/fr\/wp-json\/wp\/v2\/media?parent=3098"}],"curies":[{"name":"wp","href":"https:\/\/api.w.org\/{rel}","templated":true}]}}