{"id":3104,"date":"2012-03-08T22:47:37","date_gmt":"2012-03-08T22:47:37","guid":{"rendered":"https:\/\/tri-volt.com\/door-pocket-heaters\/"},"modified":"2023-11-24T16:16:20","modified_gmt":"2023-11-24T16:16:20","slug":"chauffage-de-poche-de-porte","status":"publish","type":"page","link":"https:\/\/tri-volt.com\/fr\/chauffage-de-poche-de-porte\/","title":{"rendered":"R\u00e9chauffeurs de poche de porte"},"content":{"rendered":"<p><span style=\"font-weight: 400;\">Ces r\u00e9chauffeurs sont con\u00e7us pour \u00e9viter le gel des composants m\u00e9caniques et \u00e9lectriques qui actionnent les m\u00e9canismes des portes.<\/span><\/p>\n<p><span style=\"font-weight: 400;\">Le r\u00e9chauffeurs de poche de porte Trivolt est fabriqu\u00e9 \u00e0 partir de notre \u00e9l\u00e9ment chauffant Aluma-Heat. Sa construction offre une plus grande surface de chauffe que les \u00e9l\u00e9ments chauffants traditionnels de type tubulaire \u00e0 ailettes. Il est con\u00e7u pour \u00e9liminer la cong\u00e9lation des composants m\u00e9caniques et \u00e9lectriques qui actionnent les portes.<\/span><\/p>\n<ul>\n<li style=\"list-style-type: none;\">\n<ul>\n<li style=\"font-weight: 400;\" aria-level=\"1\"><span style=\"font-weight: 400;\">L&rsquo;\u00e9l\u00e9ment chauffant est mont\u00e9 sur une plaque ph\u00e9nolique et offre l&rsquo;option de bornes \u00e0 vis ou de terminaison par fil.<\/span><\/li>\n<li style=\"font-weight: 400;\" aria-level=\"1\"><span style=\"font-weight: 400;\">Construction l\u00e9g\u00e8re<\/span><\/li>\n<li style=\"font-weight: 400;\" aria-level=\"1\"><span style=\"font-weight: 400;\">Installation et montage faciles<\/span><\/li>\n<li style=\"font-weight: 400;\" aria-level=\"1\"><span style=\"font-weight: 400;\">Les extrusions Aluma-Heat\u00ae en forme d&rsquo;ailette offrent une plus grande surface de chaleur, ce qui permet de r\u00e9duire la temp\u00e9rature de la peau.<\/span><\/li>\n<li style=\"font-weight: 400;\" aria-level=\"1\"><span style=\"font-weight: 400;\">Ce mod\u00e8le est soumis \u00e0 un test de r\u00e9sistance di\u00e9lectrique plus \u00e9lev\u00e9 que les \u00e9l\u00e9ments chauffants tubulaires \u00e0 ailettes standard.<\/span><\/li>\n<li style=\"font-weight: 400;\" aria-level=\"1\"><span style=\"font-weight: 400;\">Tension nominale maximale de 750 volts (douilles isolantes secondaires utilis\u00e9es le cas \u00e9ch\u00e9ant)<\/span><\/li>\n<li style=\"font-weight: 400;\" aria-level=\"1\"><span style=\"font-weight: 400;\">Jusqu&rsquo;\u00e0 25 watts par pouce carr\u00e9<\/span><\/li>\n<li style=\"font-weight: 400;\" aria-level=\"1\"><span style=\"font-weight: 400;\">Tous les avantages des \u00e9l\u00e9ments chauffants Aluma-Heat\u00ae et Aluma-Heat\u00ae Light s&rsquo;appliquent aux chauffages de poche. Pour plus d&rsquo;options, voir Aluma-Heat\u00ae.<\/span><\/li>\n<\/ul>\n<\/li>\n<\/ul>\n<p><a href=\"https:\/\/tri-volt.com\/wp-content\/uploads\/2012\/03\/trivolt_rail_industry_door-pocket.jpg\"><img loading=\"lazy\" decoding=\"async\" class=\"alignnone size-full wp-image-174\" title=\"TriVolt-Door-Pocket\" src=\"https:\/\/tri-volt.com\/wp-content\/uploads\/2012\/03\/trivolt_rail_industry_door-pocket.jpg\" alt=\"\" width=\"550\" height=\"360\" srcset=\"https:\/\/tri-volt.com\/wp-content\/uploads\/2012\/03\/trivolt_rail_industry_door-pocket.jpg 550w, https:\/\/tri-volt.com\/wp-content\/uploads\/2012\/03\/trivolt_rail_industry_door-pocket-300x196.jpg 300w\" sizes=\"auto, (max-width: 550px) 100vw, 550px\" \/><\/a><\/p>\n<p><a href=\"https:\/\/tri-volt.com\/wp-content\/uploads\/2012\/03\/trivolt_rail_industry_door-pocket-heaters-tubular.jpg\"><img loading=\"lazy\" decoding=\"async\" class=\"alignnone size-full wp-image-175\" title=\"TriVolt-Tubular\" src=\"https:\/\/tri-volt.com\/wp-content\/uploads\/2012\/03\/trivolt_rail_industry_door-pocket-heaters-tubular.jpg\" alt=\"\" width=\"472\" height=\"324\" srcset=\"https:\/\/tri-volt.com\/wp-content\/uploads\/2012\/03\/trivolt_rail_industry_door-pocket-heaters-tubular.jpg 472w, https:\/\/tri-volt.com\/wp-content\/uploads\/2012\/03\/trivolt_rail_industry_door-pocket-heaters-tubular-300x205.jpg 300w\" sizes=\"auto, (max-width: 472px) 100vw, 472px\" \/><\/a><\/p>\n","protected":false},"excerpt":{"rendered":"<p>Ces r\u00e9chauffeurs sont con\u00e7us pour \u00e9viter le gel des composants m\u00e9caniques et \u00e9lectriques qui actionnent les m\u00e9canismes des portes. Le r\u00e9chauffeurs de poche de porte Trivolt est fabriqu\u00e9 \u00e0 partir de notre \u00e9l\u00e9ment chauffant Aluma-Heat. Sa construction offre une plus grande surface de chauffe que les \u00e9l\u00e9ments chauffants traditionnels de type tubulaire \u00e0 ailettes. Il [&hellip;]<\/p>\n","protected":false},"author":12,"featured_media":0,"parent":0,"menu_order":0,"comment_status":"open","ping_status":"open","template":"","meta":{"footnotes":""},"class_list":["post-3104","page","type-page","status-publish","hentry"],"aioseo_notices":[],"_links":{"self":[{"href":"https:\/\/tri-volt.com\/fr\/wp-json\/wp\/v2\/pages\/3104","targetHints":{"allow":["GET"]}}],"collection":[{"href":"https:\/\/tri-volt.com\/fr\/wp-json\/wp\/v2\/pages"}],"about":[{"href":"https:\/\/tri-volt.com\/fr\/wp-json\/wp\/v2\/types\/page"}],"author":[{"embeddable":true,"href":"https:\/\/tri-volt.com\/fr\/wp-json\/wp\/v2\/users\/12"}],"replies":[{"embeddable":true,"href":"https:\/\/tri-volt.com\/fr\/wp-json\/wp\/v2\/comments?post=3104"}],"version-history":[{"count":3,"href":"https:\/\/tri-volt.com\/fr\/wp-json\/wp\/v2\/pages\/3104\/revisions"}],"predecessor-version":[{"id":3140,"href":"https:\/\/tri-volt.com\/fr\/wp-json\/wp\/v2\/pages\/3104\/revisions\/3140"}],"wp:attachment":[{"href":"https:\/\/tri-volt.com\/fr\/wp-json\/wp\/v2\/media?parent=3104"}],"curies":[{"name":"wp","href":"https:\/\/api.w.org\/{rel}","templated":true}]}}