{"id":3107,"date":"2012-03-08T22:47:55","date_gmt":"2012-03-08T22:47:55","guid":{"rendered":"https:\/\/tri-volt.com\/fan-heaters\/"},"modified":"2023-11-24T16:27:39","modified_gmt":"2023-11-24T16:27:39","slug":"rechauffeurs-a-ventilateurs","status":"publish","type":"page","link":"https:\/\/tri-volt.com\/fr\/rechauffeurs-a-ventilateurs\/","title":{"rendered":"R\u00e9chauffeurs \u00e0 ventilateurs"},"content":{"rendered":"<p><span style=\"font-weight: 400;\">Les r\u00e9chauffeurs con\u00e7us sur mesure pour le chauffage des cabines, des toilettes, des vestibules et des si\u00e8ges sont con\u00e7us \u00e0 l&rsquo;aide des meilleures technologies applicables, notamment ;<\/span><\/p>\n<ul>\n<li style=\"font-weight: 400;\" aria-level=\"1\"><span style=\"font-weight: 400;\">Ventilateur centrifuge \u00e0 roulement \u00e0 billes ou axial<\/span><\/li>\n<li style=\"font-weight: 400;\" aria-level=\"1\"><span style=\"font-weight: 400;\">\u00c9l\u00e9ments chauffants \u00e0 serpentin ouvert, tubulaires ou \u00e0 ailettes tubulaires<\/span><\/li>\n<li style=\"font-weight: 400;\" aria-level=\"1\"><span style=\"font-weight: 400;\">Dispositifs int\u00e9gr\u00e9s de contr\u00f4le et de s\u00e9curit\u00e9 en cas de surchauffe<\/span><\/li>\n<li style=\"font-weight: 400;\" aria-level=\"1\"><span style=\"font-weight: 400;\">Fusibles et\/ou liaisons thermiques int\u00e9gr\u00e9s<\/span><\/li>\n<li style=\"font-weight: 400;\" aria-level=\"1\"><span style=\"font-weight: 400;\">Tous les cadres et supports de montage sont d\u00e9coup\u00e9s au laser pour un ajustement de haute pr\u00e9cision et sont con\u00e7us sur mesure pour s&rsquo;adapter facilement \u00e0 l&rsquo;application du client.<\/span><\/li>\n<\/ul>\n<p><a href=\"https:\/\/tri-volt.com\/wp-content\/uploads\/2014\/11\/trivolt_rail-industry_fan-heaters-2014.jpg\"><img loading=\"lazy\" decoding=\"async\" class=\"alignnone size-full wp-image-194\" title=\"TriVolt-Fan-Heaters\" src=\"https:\/\/tri-volt.com\/wp-content\/uploads\/2014\/11\/trivolt_rail-industry_fan-heaters-2014.jpg\" alt=\"\" width=\"500\" height=\"380\" \/><\/a><a href=\"https:\/\/tri-volt.com\/wp-content\/uploads\/2014\/11\/trivolt_rail-industry_fan-heaters2-2014.jpg\"><img loading=\"lazy\" decoding=\"async\" class=\"alignnone size-full wp-image-192\" title=\"TriVolt-Fan-Heater\" src=\"https:\/\/tri-volt.com\/wp-content\/uploads\/2014\/11\/trivolt_rail-industry_fan-heaters2-2014.jpg\" alt=\"\" width=\"500\" height=\"380\" \/><\/a><\/p>\n<p>&nbsp;<\/p>\n","protected":false},"excerpt":{"rendered":"<p>Les r\u00e9chauffeurs con\u00e7us sur mesure pour le chauffage des cabines, des toilettes, des vestibules et des si\u00e8ges sont con\u00e7us \u00e0 l&rsquo;aide des meilleures technologies applicables, notamment ; Ventilateur centrifuge \u00e0 roulement \u00e0 billes ou axial \u00c9l\u00e9ments chauffants \u00e0 serpentin ouvert, tubulaires ou \u00e0 ailettes tubulaires Dispositifs int\u00e9gr\u00e9s de contr\u00f4le et de s\u00e9curit\u00e9 en cas de [&hellip;]<\/p>\n","protected":false},"author":12,"featured_media":0,"parent":0,"menu_order":0,"comment_status":"open","ping_status":"open","template":"","meta":{"footnotes":""},"class_list":["post-3107","page","type-page","status-publish","hentry"],"aioseo_notices":[],"_links":{"self":[{"href":"https:\/\/tri-volt.com\/fr\/wp-json\/wp\/v2\/pages\/3107","targetHints":{"allow":["GET"]}}],"collection":[{"href":"https:\/\/tri-volt.com\/fr\/wp-json\/wp\/v2\/pages"}],"about":[{"href":"https:\/\/tri-volt.com\/fr\/wp-json\/wp\/v2\/types\/page"}],"author":[{"embeddable":true,"href":"https:\/\/tri-volt.com\/fr\/wp-json\/wp\/v2\/users\/12"}],"replies":[{"embeddable":true,"href":"https:\/\/tri-volt.com\/fr\/wp-json\/wp\/v2\/comments?post=3107"}],"version-history":[{"count":3,"href":"https:\/\/tri-volt.com\/fr\/wp-json\/wp\/v2\/pages\/3107\/revisions"}],"predecessor-version":[{"id":3141,"href":"https:\/\/tri-volt.com\/fr\/wp-json\/wp\/v2\/pages\/3107\/revisions\/3141"}],"wp:attachment":[{"href":"https:\/\/tri-volt.com\/fr\/wp-json\/wp\/v2\/media?parent=3107"}],"curies":[{"name":"wp","href":"https:\/\/api.w.org\/{rel}","templated":true}]}}