{"id":3112,"date":"2012-03-08T22:48:50","date_gmt":"2012-03-08T22:48:50","guid":{"rendered":"https:\/\/tri-volt.com\/floor-heating-systems\/"},"modified":"2023-11-24T00:13:54","modified_gmt":"2023-11-24T00:13:54","slug":"systemes-de-chauffage-au-sol","status":"publish","type":"page","link":"https:\/\/tri-volt.com\/fr\/systemes-de-chauffage-au-sol\/","title":{"rendered":"Syst\u00e8mes de chauffage au sol"},"content":{"rendered":"<p><span style=\"font-weight: 400;\">La combinaison d&rsquo;une plinthe \u00e0 profil bas et d&rsquo;un effet de chemin\u00e9e tr\u00e8s efficace maximise les watts install\u00e9s par pied sans temp\u00e9ratures excessives de la grille. Le d\u00e9flecteur interne con\u00e7u sur mesure dissipe efficacement la chaleur pour maintenir une temp\u00e9rature uniforme sur le gril.<\/span><\/p>\n<ul>\n<li style=\"font-weight: 400;\" aria-level=\"1\"><span style=\"font-weight: 400;\">Les planchers chauffants Trivolt sont con\u00e7us et fabriqu\u00e9s sur mesure pour r\u00e9pondre aux besoins du client en termes d&rsquo;espace et de puissance.<\/span><\/li>\n<li style=\"font-weight: 400;\" aria-level=\"1\"><span style=\"font-weight: 400;\">Les plinthes peuvent \u00eatre construites avec des ventilateurs int\u00e9gr\u00e9s pour augmenter le d\u00e9bit d&rsquo;air et permettre des puissances plus \u00e9lev\u00e9es si n\u00e9cessaire.<\/span><\/li>\n<li style=\"font-weight: 400;\" aria-level=\"1\"><span style=\"font-weight: 400;\">Les mod\u00e8les Trivolt respectent ou d\u00e9passent les exigences de temp\u00e9rature de la nouvelle grille de chemin de fer de 125 deg. F.<\/span><\/li>\n<li style=\"font-weight: 400;\" aria-level=\"1\"><span style=\"font-weight: 400;\">Les \u00e9l\u00e9ments chauffants Aluma-Heat\u00ae, propri\u00e9t\u00e9 de Trivolt, sont int\u00e9gralement mont\u00e9s avec des bagues en t\u00e9flon pour permettre la dilatation et \u00e9liminer le bruit.<\/span><\/li>\n<li style=\"font-weight: 400;\" aria-level=\"1\"><span style=\"font-weight: 400;\">Les disjoncteurs thermiques \u00e0 haute temp\u00e9rature int\u00e9gr\u00e9s garantissent le fonctionnement s\u00fbr des \u00e9l\u00e9ments chauffants Trivolt dans toutes les conditions d&rsquo;utilisation.<\/span><\/li>\n<li style=\"font-weight: 400;\" aria-level=\"1\"><span style=\"font-weight: 400;\">Finitions de l&rsquo;armoire selon les besoins du client, allant de l&rsquo;acier inoxydable bross\u00e9 aux finitions color\u00e9es en \u00e9poxy haute temp\u00e9rature.<\/span><\/li>\n<li style=\"font-weight: 400;\" aria-level=\"1\"><span style=\"font-weight: 400;\">Un ou plusieurs \u00e9tages de chauffage.<\/span><\/li>\n<li style=\"font-weight: 400;\" aria-level=\"1\"><span style=\"font-weight: 400;\">Toute tension standard mondiale en monophas\u00e9 ou triphas\u00e9.<\/span><\/li>\n<li style=\"font-weight: 400;\" aria-level=\"1\"><span style=\"font-weight: 400;\">Les chauffages Trivolt peuvent \u00eatre assembl\u00e9s avec des fils et des connecteurs personnalis\u00e9s ou des points de connexion internes du client.<\/span><\/li>\n<li style=\"font-weight: 400;\" aria-level=\"1\"><span style=\"font-weight: 400;\">Les planchers chauffants Trivolt peuvent \u00eatre con\u00e7us pour \u00eatre adapt\u00e9s aux applications de remise \u00e0 neuf des wagons ou pour \u00eatre utilis\u00e9s dans des armoires architecturales enti\u00e8rement nouvelles et \u00e9l\u00e9gantes.<\/span><\/li>\n<\/ul>\n<p><br style=\"font-weight: 400;\" \/><\/p>\n<p><a href=\"https:\/\/tri-volt.com\/wp-content\/uploads\/2012\/03\/trivolt_rail-industry_floor-heating-2204.jpg\"><img loading=\"lazy\" decoding=\"async\" class=\"alignnone size-full wp-image-240\" style=\"float: left;\" title=\"floor-heating-2204\" src=\"https:\/\/tri-volt.com\/wp-content\/uploads\/2012\/03\/trivolt_rail-industry_floor-heating-2204.jpg\" alt=\"\" width=\"675\" height=\"575\" srcset=\"https:\/\/tri-volt.com\/wp-content\/uploads\/2012\/03\/trivolt_rail-industry_floor-heating-2204.jpg 675w, https:\/\/tri-volt.com\/wp-content\/uploads\/2012\/03\/trivolt_rail-industry_floor-heating-2204-300x255.jpg 300w\" sizes=\"auto, (max-width: 675px) 100vw, 675px\" \/><\/a><\/p>\n<p>&nbsp;<\/p>\n<p><a href=\"https:\/\/tri-volt.com\/wp-content\/uploads\/2012\/03\/trivolt_rail-industry_floor-heating-2195.jpg\"><img loading=\"lazy\" decoding=\"async\" class=\"alignleft size-full wp-image-239\" title=\"floor-heating-2195\" src=\"https:\/\/tri-volt.com\/wp-content\/uploads\/2012\/03\/trivolt_rail-industry_floor-heating-2195.jpg\" alt=\"\" width=\"675\" height=\"417\" srcset=\"https:\/\/tri-volt.com\/wp-content\/uploads\/2012\/03\/trivolt_rail-industry_floor-heating-2195.jpg 675w, https:\/\/tri-volt.com\/wp-content\/uploads\/2012\/03\/trivolt_rail-industry_floor-heating-2195-300x185.jpg 300w\" sizes=\"auto, (max-width: 675px) 100vw, 675px\" \/><\/a><\/p>\n<p>&nbsp;<\/p>\n<p>&nbsp;<\/p>\n<p>&nbsp;<\/p>\n<p>&nbsp;<\/p>\n","protected":false},"excerpt":{"rendered":"<p>La combinaison d&rsquo;une plinthe \u00e0 profil bas et d&rsquo;un effet de chemin\u00e9e tr\u00e8s efficace maximise les watts install\u00e9s par pied sans temp\u00e9ratures excessives de la grille. Le d\u00e9flecteur interne con\u00e7u sur mesure dissipe efficacement la chaleur pour maintenir une temp\u00e9rature uniforme sur le gril. Les planchers chauffants Trivolt sont con\u00e7us et fabriqu\u00e9s sur mesure pour [&hellip;]<\/p>\n","protected":false},"author":12,"featured_media":0,"parent":0,"menu_order":0,"comment_status":"open","ping_status":"open","template":"","meta":{"footnotes":""},"class_list":["post-3112","page","type-page","status-publish","hentry"],"aioseo_notices":[],"_links":{"self":[{"href":"https:\/\/tri-volt.com\/fr\/wp-json\/wp\/v2\/pages\/3112","targetHints":{"allow":["GET"]}}],"collection":[{"href":"https:\/\/tri-volt.com\/fr\/wp-json\/wp\/v2\/pages"}],"about":[{"href":"https:\/\/tri-volt.com\/fr\/wp-json\/wp\/v2\/types\/page"}],"author":[{"embeddable":true,"href":"https:\/\/tri-volt.com\/fr\/wp-json\/wp\/v2\/users\/12"}],"replies":[{"embeddable":true,"href":"https:\/\/tri-volt.com\/fr\/wp-json\/wp\/v2\/comments?post=3112"}],"version-history":[{"count":1,"href":"https:\/\/tri-volt.com\/fr\/wp-json\/wp\/v2\/pages\/3112\/revisions"}],"predecessor-version":[{"id":3113,"href":"https:\/\/tri-volt.com\/fr\/wp-json\/wp\/v2\/pages\/3112\/revisions\/3113"}],"wp:attachment":[{"href":"https:\/\/tri-volt.com\/fr\/wp-json\/wp\/v2\/media?parent=3112"}],"curies":[{"name":"wp","href":"https:\/\/api.w.org\/{rel}","templated":true}]}}