{"id":3123,"date":"2012-03-14T04:20:45","date_gmt":"2012-03-14T04:20:45","guid":{"rendered":"https:\/\/tri-volt.com\/mounting-kit\/"},"modified":"2023-11-24T15:49:56","modified_gmt":"2023-11-24T15:49:56","slug":"kit-de-montage","status":"publish","type":"page","link":"https:\/\/tri-volt.com\/fr\/kit-de-montage\/","title":{"rendered":"Kit de montage"},"content":{"rendered":"<ul>\n<li>Remplacement direct des bagues en c\u00e9ramique existantes<\/li>\n<li>Fabriqu\u00e9 avec du T\u00e9flon m\u00e9canique<\/li>\n<li>Ne se fissure pas et ne se dess\u00e8che pas<\/li>\n<\/ul>\n<p><a href=\"https:\/\/tri-volt.com\/wp-content\/uploads\/2012\/03\/trivolt_rail-industry_mounting-kit.jpg\"><img loading=\"lazy\" decoding=\"async\" class=\"alignnone size-full wp-image-221\" title=\"Trivolt-Mounting-Kit\" src=\"https:\/\/tri-volt.com\/wp-content\/uploads\/2012\/03\/trivolt_rail-industry_mounting-kit.jpg\" alt=\"\" width=\"700\" height=\"275\" \/><\/a><\/p>\n<p>&nbsp;<\/p>\n","protected":false},"excerpt":{"rendered":"<p>Remplacement direct des bagues en c\u00e9ramique existantes Fabriqu\u00e9 avec du T\u00e9flon m\u00e9canique Ne se fissure pas et ne se dess\u00e8che pas &nbsp;<\/p>\n","protected":false},"author":12,"featured_media":0,"parent":0,"menu_order":0,"comment_status":"open","ping_status":"open","template":"","meta":{"footnotes":""},"class_list":["post-3123","page","type-page","status-publish","hentry"],"aioseo_notices":[],"_links":{"self":[{"href":"https:\/\/tri-volt.com\/fr\/wp-json\/wp\/v2\/pages\/3123","targetHints":{"allow":["GET"]}}],"collection":[{"href":"https:\/\/tri-volt.com\/fr\/wp-json\/wp\/v2\/pages"}],"about":[{"href":"https:\/\/tri-volt.com\/fr\/wp-json\/wp\/v2\/types\/page"}],"author":[{"embeddable":true,"href":"https:\/\/tri-volt.com\/fr\/wp-json\/wp\/v2\/users\/12"}],"replies":[{"embeddable":true,"href":"https:\/\/tri-volt.com\/fr\/wp-json\/wp\/v2\/comments?post=3123"}],"version-history":[{"count":2,"href":"https:\/\/tri-volt.com\/fr\/wp-json\/wp\/v2\/pages\/3123\/revisions"}],"predecessor-version":[{"id":3125,"href":"https:\/\/tri-volt.com\/fr\/wp-json\/wp\/v2\/pages\/3123\/revisions\/3125"}],"wp:attachment":[{"href":"https:\/\/tri-volt.com\/fr\/wp-json\/wp\/v2\/media?parent=3123"}],"curies":[{"name":"wp","href":"https:\/\/api.w.org\/{rel}","templated":true}]}}