{"id":3134,"date":"2012-03-08T23:03:50","date_gmt":"2012-03-08T23:03:50","guid":{"rendered":"https:\/\/tri-volt.com\/industriel\/duct-heater\/"},"modified":"2023-11-24T16:02:27","modified_gmt":"2023-11-24T16:02:27","slug":"canal-resistant-a-lhumidite","status":"publish","type":"page","link":"https:\/\/tri-volt.com\/fr\/industriel\/canal-resistant-a-lhumidite\/","title":{"rendered":"Canal r\u00e9sistant \u00e0 l&rsquo;humidit\u00e9"},"content":{"rendered":"","protected":false},"excerpt":{"rendered":"","protected":false},"author":12,"featured_media":0,"parent":2909,"menu_order":0,"comment_status":"open","ping_status":"open","template":"","meta":{"footnotes":""},"class_list":["post-3134","page","type-page","status-publish","hentry"],"aioseo_notices":[],"_links":{"self":[{"href":"https:\/\/tri-volt.com\/fr\/wp-json\/wp\/v2\/pages\/3134","targetHints":{"allow":["GET"]}}],"collection":[{"href":"https:\/\/tri-volt.com\/fr\/wp-json\/wp\/v2\/pages"}],"about":[{"href":"https:\/\/tri-volt.com\/fr\/wp-json\/wp\/v2\/types\/page"}],"author":[{"embeddable":true,"href":"https:\/\/tri-volt.com\/fr\/wp-json\/wp\/v2\/users\/12"}],"replies":[{"embeddable":true,"href":"https:\/\/tri-volt.com\/fr\/wp-json\/wp\/v2\/comments?post=3134"}],"version-history":[{"count":1,"href":"https:\/\/tri-volt.com\/fr\/wp-json\/wp\/v2\/pages\/3134\/revisions"}],"predecessor-version":[{"id":3135,"href":"https:\/\/tri-volt.com\/fr\/wp-json\/wp\/v2\/pages\/3134\/revisions\/3135"}],"up":[{"embeddable":true,"href":"https:\/\/tri-volt.com\/fr\/wp-json\/wp\/v2\/pages\/2909"}],"wp:attachment":[{"href":"https:\/\/tri-volt.com\/fr\/wp-json\/wp\/v2\/media?parent=3134"}],"curies":[{"name":"wp","href":"https:\/\/api.w.org\/{rel}","templated":true}]}}