{"id":3184,"date":"2012-03-08T22:57:34","date_gmt":"2012-03-08T22:57:34","guid":{"rendered":"https:\/\/tri-volt.com\/industriel\/mica-strip-heater\/"},"modified":"2023-11-27T19:32:13","modified_gmt":"2023-11-27T19:32:13","slug":"bande-chauffante-au-mica","status":"publish","type":"page","link":"https:\/\/tri-volt.com\/fr\/industriel\/bande-chauffante-au-mica\/","title":{"rendered":"Bande chauffante au mica"},"content":{"rendered":"<p><span style=\"font-weight: 400;\">Les bandes chauffantes isol\u00e9es au mica sont fabriqu\u00e9es exactement comme les chauffe-bande au mica, mais elles ne sont pas rondes. Elles peuvent \u00eatre construites dans une vari\u00e9t\u00e9 de dimensions, de tensions et de puissances avec diff\u00e9rentes options telles que des trous de montage, des d\u00e9coupes et des encoches. La gamme de configurations disponibles offre une grande flexibilit\u00e9 pour le c\u00e2blage sur le terrain. Avec des capacit\u00e9s de temp\u00e9rature de la gaine allant jusqu&rsquo;\u00e0 800\u00b0F, une distribution uniforme de la chaleur et une construction fine permettent des temps de chauffe rapides. Ces r\u00e9chauffeurs sont id\u00e9aux pour les plaques chauffantes, les \u00e9quipements de scellage, l&rsquo;estampage \u00e0 chaud, les matrices et les moules, ainsi que pour les applications au traitement des mati\u00e8res plastiques.<\/span><\/p>\n<p><span style=\"font-weight: 400;\">Pour les applications \u00e0 plus haute temp\u00e9rature, Trivolt fabrique des r\u00e9chauffeurs \u00e0 plaques en c\u00e9ramique qui peuvent r\u00e9pondre aux exigences.<\/span><\/p>\n<p><span style=\"font-weight: 400;\">Les industries Trivolt adopte un syst\u00e8me de contr\u00f4le de qualit\u00e9 interne strict (QMSM-2009). Chaque appareil de chauffage est test\u00e9 pour sa r\u00e9sistance et sa tenue di\u00e9lectrique. Tous nos appareils de chauffage sont approuv\u00e9s par les marquages CSA, UL et CE.<\/span><\/p>\n<div id=\"box-specs\" style=\"height: 168px;\">\n<ul id=\"tabs\">\n<li class=\"selected\" title=\"tab-1\"><strong>Applications<\/strong><\/li>\n<li title=\"tab-2\"><strong>Sp\u00e9cifications<\/strong><\/li>\n<li title=\"tab-3\"><strong>Connexions \u00e9lectriques<\/strong><\/li>\n<li title=\"tab-4\"><strong>Bo\u00eetier du terminal<\/strong><\/li>\n<li title=\"tab-5\"><strong>Trous<\/strong><\/li>\n<\/ul>\n<div id=\"tab-cont\" style=\"height: 168px;\">\n<div id=\"tab-1\" class=\"thetab\">\n<ul>\n<li>Extrusion plastique<\/li>\n<li>Moulage par injection<\/li>\n<li>Moulage par soufflage<\/li>\n<li>Moulage sous pression<\/li>\n<li>Mousse structurelle<\/li>\n<li>Industrie alimentaire<\/li>\n<li>Chauffage des conteneurs, des tuyaux et des r\u00e9servoirs<\/li>\n<li>Emballage<\/li>\n<li>Industries chimiques, p\u00e9troli\u00e8res et gazi\u00e8res<\/li>\n<li>Armoire chauffante<\/li>\n<\/ul>\n<\/div>\n<div id=\"tab-2\" class=\"thetab\">\n<ul>\n<li>Mat\u00e9riau ext\u00e9rieur : acier inoxydable<\/li>\n<li>Mat\u00e9riau int\u00e9rieur : Fil en nichrome et mat\u00e9riau isolant en fibre c\u00e9ramique<\/li>\n<li>Temp\u00e9rature de la gaine : jusqu&rsquo;\u00e0 800\u00b0F<\/li>\n<li>Densit\u00e9 maximale en watts : 35 watts\/pouce carr\u00e9<\/li>\n<li>Largeur standard minimale : 1&Prime; (consulter l&rsquo;usine pour une largeur inf\u00e9rieure)<\/li>\n<li>Longueur standard minimale : 4&Prime; (consulter l&rsquo;usine pour une largeur inf\u00e9rieure)<\/li>\n<li>\u00c9paisseur : 0,205&Prime; +\/- 0,003&Prime;<\/li>\n<\/ul>\n<\/div>\n<div id=\"tab-3\" class=\"thetab\">\n<ul>\n<li>Borne de poteau<\/li>\n<li>Manchon en fibre de verre<\/li>\n<li>Tresse m\u00e9tallique (SS)<\/li>\n<li>C\u00e2ble d&rsquo;armure (AC)<\/li>\n<li>Fils en t\u00e9flon<\/li>\n<li>Fil en silicone<\/li>\n<li>Poteau de mise \u00e0 la terre<\/li>\n<li>Double tension<\/li>\n<\/ul>\n<\/div>\n<div id=\"tab-4\" class=\"thetab\">\n<ul>\n<li>Bo\u00eete \u00e0 bornes<\/li>\n<li>Bornier avec bloc c\u00e9ramique<\/li>\n<li>Prise europ\u00e9enne<\/li>\n<li>Prise europ\u00e9enne avec bo\u00eete \u00e0 bornes<\/li>\n<li>Couvercles de poteaux en c\u00e9ramique<\/li>\n<li>Capuchon en laiton pour appareil de chauffage avec sorties de c\u00e2ble \u00e0 angle diff\u00e9rent<\/li>\n<li>Adaptateurs et raccords<\/li>\n<\/ul>\n<\/div>\n<div id=\"tab-5\" class=\"thetab\">\n<ul>\n<li>Trous de fixation<\/li>\n<li>Encoches<\/li>\n<li>D\u00e9coupe carr\u00e9e<\/li>\n<\/ul>\n<\/div>\n<\/div>\n<\/div>\n<table id=\"products\" style=\"width: 100%;\" cellspacing=\"1\" cellpadding=\"1\" align=\"center\">\n<tbody>\n<tr>\n<td valign=\"top\" width=\"234\">\n<div class=\"theimage\"><span class=\"title\">SM1<\/span><br \/>\n<img decoding=\"async\" title=\"\" src=\"https:\/\/tri-volt.com\/wp-content\/uploads\/2012\/images\/sm1.jpg\" alt=\"\" \/><\/div>\n<ul>\n<li>Le fil sort de l&rsquo;\u00e9paisseur (bord) de l&rsquo;\u00e9l\u00e9ment chauffant.<\/li>\n<li>Le fil est prot\u00e9g\u00e9 par un manchon en fibre de verre haute temp\u00e9rature.<\/li>\n<li>Un trou de montage est disponible.<\/li>\n<li>Fabriqu\u00e9 en acier inoxydable 304 2b.<\/li>\n<li>La puissance maximale est de 35 watts\/pouce carr\u00e9.<\/li>\n<li>Temp\u00e9rature de fonctionnement entre 700 et 800\u00b0F.<\/li>\n<\/ul>\n<\/td>\n<td valign=\"top\" width=\"234\">\n<div class=\"theimage\"><span class=\"title\">SM2<\/span><br \/>\n<img decoding=\"async\" title=\"\" src=\"https:\/\/tri-volt.com\/wp-content\/uploads\/2012\/images\/sm2.jpg\" alt=\"\" \/><\/div>\n<ul>\n<li>La sortie du fil se fait par le haut de l&rsquo;appareil.<\/li>\n<li>Le fil est prot\u00e9g\u00e9 par un manchon en fibre de verre haute temp\u00e9rature et un ressort.<\/li>\n<li>Un trou de montage est disponible.<\/li>\n<li>Fabriqu\u00e9 en acier inoxydable 304 2b.<\/li>\n<li>La puissance maximale est de 35 watts\/pouce carr\u00e9.<\/li>\n<li>Temp\u00e9rature de fonctionnement entre 700 et 800\u00b0F.<\/li>\n<\/ul>\n<\/td>\n<td valign=\"top\" width=\"234\">\n<div class=\"theimage\"><span class=\"title\">SM3<\/span><br \/>\n<img decoding=\"async\" title=\"\" src=\"https:\/\/tri-volt.com\/wp-content\/uploads\/2012\/images\/sm3.jpg\" alt=\"\" \/><\/div>\n<ul>\n<li style=\"list-style-type: none;\">\n<ul>\n<li>Borne en acier inoxydable 10-32 \u00e0 chaque extr\u00e9mit\u00e9 de l&rsquo;appareil.<\/li>\n<li>Un trou de montage est disponible.<\/li>\n<li>Fabriqu\u00e9 en acier inoxydable 304 2b.<\/li>\n<li>La puissance maximale est de 35 watts\/pouce carr\u00e9.<\/li>\n<li>Temp\u00e9rature de fonctionnement entre 700 et 800\u00b0F.<\/li>\n<\/ul>\n<\/li>\n<\/ul>\n<\/td>\n<\/tr>\n<tr>\n<td valign=\"top\" width=\"234\">\n<div class=\"theimage\"><span class=\"title\">SM4<\/span><br \/>\n<img decoding=\"async\" title=\"\" src=\"https:\/\/tri-volt.com\/wp-content\/uploads\/2012\/images\/sm4.jpg\" alt=\"\" \/><\/div>\n<ul>\n<li>Borne en acier inoxydable 10-32 sur le m\u00eame c\u00f4t\u00e9 de l&rsquo;appareil.<\/li>\n<li>Un trou de montage est disponible.<\/li>\n<li>Fabriqu\u00e9 en acier inoxydable 304 2b.<\/li>\n<li>La puissance maximale est de 35 watts\/pouce carr\u00e9.<\/li>\n<li>Temp\u00e9rature de fonctionnement entre 700 et 800\u00b0F.<\/li>\n<\/ul>\n<\/td>\n<td valign=\"top\" width=\"234\">\n<div class=\"theimage\"><span class=\"title\">SMAC<\/span><br \/>\n<img decoding=\"async\" title=\"\" src=\"https:\/\/tri-volt.com\/wp-content\/uploads\/2012\/images\/smac.jpg\" alt=\"\" \/><\/div>\n<ul>\n<li>La sortie du c\u00e2ble se fait par le haut de l&rsquo;appareil.<\/li>\n<li>Le fil est prot\u00e9g\u00e9 par un c\u00e2ble d&rsquo;armure de verrouillage en acier inoxydable (AC).<\/li>\n<li>Un trou de montage est disponible.<\/li>\n<li>Fabriqu\u00e9 en acier inoxydable 304 2b.<\/li>\n<li>La puissance maximale est de 35 watts\/pouce carr\u00e9.<\/li>\n<li>Temp\u00e9rature de fonctionnement entre 700 et 800\u00b0F.<\/li>\n<\/ul>\n<\/td>\n<td valign=\"top\" width=\"234\">\n<div class=\"theimage\"><span class=\"title\">SMSS<\/span><br \/>\n<img decoding=\"async\" title=\"\" src=\"https:\/\/tri-volt.com\/wp-content\/uploads\/2012\/images\/smss.jpg\" alt=\"\" \/><\/div>\n<ul>\n<li>La sortie du fil se fait par le haut de l&rsquo;appareil.<\/li>\n<li>Le fil est prot\u00e9g\u00e9 par une tresse en acier inoxydable (SS), un manchon haute temp\u00e9rature et un ressort.<\/li>\n<li>Un trou de montage est disponible.<\/li>\n<li>Fabriqu\u00e9 en acier inoxydable 304 2b.<\/li>\n<li>La puissance maximale est de 35 watts\/pouce carr\u00e9.<\/li>\n<li>Temp\u00e9rature de fonctionnement entre 700 et 800\u00b0F.<\/li>\n<\/ul>\n<\/td>\n<\/tr>\n<\/tbody>\n<\/table>\n","protected":false},"excerpt":{"rendered":"<p>Les bandes chauffantes isol\u00e9es au mica sont fabriqu\u00e9es exactement comme les chauffe-bande au mica, mais elles ne sont pas rondes. Elles peuvent \u00eatre construites dans une vari\u00e9t\u00e9 de dimensions, de tensions et de puissances avec diff\u00e9rentes options telles que des trous de montage, des d\u00e9coupes et des encoches. La gamme de configurations disponibles offre une [&hellip;]<\/p>\n","protected":false},"author":12,"featured_media":0,"parent":2909,"menu_order":0,"comment_status":"open","ping_status":"open","template":"","meta":{"footnotes":""},"class_list":["post-3184","page","type-page","status-publish","hentry"],"aioseo_notices":[],"_links":{"self":[{"href":"https:\/\/tri-volt.com\/fr\/wp-json\/wp\/v2\/pages\/3184","targetHints":{"allow":["GET"]}}],"collection":[{"href":"https:\/\/tri-volt.com\/fr\/wp-json\/wp\/v2\/pages"}],"about":[{"href":"https:\/\/tri-volt.com\/fr\/wp-json\/wp\/v2\/types\/page"}],"author":[{"embeddable":true,"href":"https:\/\/tri-volt.com\/fr\/wp-json\/wp\/v2\/users\/12"}],"replies":[{"embeddable":true,"href":"https:\/\/tri-volt.com\/fr\/wp-json\/wp\/v2\/comments?post=3184"}],"version-history":[{"count":7,"href":"https:\/\/tri-volt.com\/fr\/wp-json\/wp\/v2\/pages\/3184\/revisions"}],"predecessor-version":[{"id":3227,"href":"https:\/\/tri-volt.com\/fr\/wp-json\/wp\/v2\/pages\/3184\/revisions\/3227"}],"up":[{"embeddable":true,"href":"https:\/\/tri-volt.com\/fr\/wp-json\/wp\/v2\/pages\/2909"}],"wp:attachment":[{"href":"https:\/\/tri-volt.com\/fr\/wp-json\/wp\/v2\/media?parent=3184"}],"curies":[{"name":"wp","href":"https:\/\/api.w.org\/{rel}","templated":true}]}}