{"id":3201,"date":"2012-03-08T23:01:17","date_gmt":"2012-03-08T23:01:17","guid":{"rendered":"https:\/\/tri-volt.com\/industriel\/moisture-proof-band-heater\/"},"modified":"2023-11-28T21:51:22","modified_gmt":"2023-11-28T21:51:22","slug":"chauffe-bande-etanche-a-lhumidite","status":"publish","type":"page","link":"https:\/\/tri-volt.com\/fr\/industriel\/chauffe-bande-etanche-a-lhumidite\/","title":{"rendered":"Chauffe-bande \u00e9tanche \u00e0 l&rsquo;humidit\u00e9"},"content":{"rendered":"<p>&nbsp;<\/p>\n<p><span style=\"font-weight: 400;\">La bande chauffante anti-humidit\u00e9 des industries Trivolt est con\u00e7ue pour r\u00e9sister aux \u00e9claboussures intermittentes d&rsquo;eau ou aux d\u00e9versements de plastique sur la bande chauffante. Toutes les extr\u00e9mit\u00e9s et les bords sont enti\u00e8rement scell\u00e9s \u00e0 l&rsquo;aide de notre soudeuse rotative. Toutes les terminaisons sont scell\u00e9es par un capuchon en laiton bras\u00e9 \u00e0 l&rsquo;argent sur tout le pourtour. Tous les r\u00e9chauffeurs MPB sont fabriqu\u00e9s en acier inoxydable 304 2b de calibre 24. Pour les conditions s\u00e9v\u00e8res d&rsquo;exposition \u00e0 l&rsquo;eau ou au plastique, les industries Trivolt propose le MPBI. Le MPBI est identique au MPB mais nous immergeons compl\u00e8tement le r\u00e9chauffeur sous l&rsquo;eau pour nous assurer que toutes les soudures et tous les joints sont scell\u00e9s \u00e0 100 %.<\/span><\/p>\n<p><span style=\"font-weight: 400;\">Les industries Trivolt adopte un syst\u00e8me de contr\u00f4le de qualit\u00e9 interne strict (QMSM-2009). Chaque appareil de chauffage est test\u00e9 pour sa r\u00e9sistance et sa tenue di\u00e9lectrique. Tous nos appareils de chauffage sont approuv\u00e9s par les marquages CSA, UL et CE.<\/span><\/p>\n<div id=\"box-specs\" style=\"height: 150px;\">\n<ul id=\"tabs\">\n<li class=\"selected lcenter\" title=\"tab-1\"><strong>Applications<\/strong><\/li>\n<li class=\"lcenter\" title=\"tab-2\"><strong>Sp\u00e9cifications<\/strong><\/li>\n<li class=\"lcenter\" title=\"tab-3\"><strong>Construction<\/strong><\/li>\n<li title=\"tab-4\"><b>Connexions \u00e9lectrique<\/b><\/li>\n<li title=\"tab-6\"><strong>M\u00e9thodes de serrage<\/strong><\/li>\n<li class=\"lcenter\" title=\"tab-7\"><strong>Trous<\/strong><\/li>\n<\/ul>\n<div id=\"tab-cont\" style=\"height: 140px;\">\n<div id=\"tab-1\" class=\"thetab\">\n<ul>\n<li>Environnement humide.<\/li>\n<li>Embouts de buse (fil mis \u00e0 la terre).<\/li>\n<li>Application ext\u00e9rieure.<\/li>\n<\/ul>\n<\/div>\n<div id=\"tab-2\" class=\"thetab\">\n<ul>\n<li>Densit\u00e9 maximale en watts : 35 watts\/pouce carr\u00e9<\/li>\n<li>Temp\u00e9rature de la gaine : jusqu&rsquo;\u00e0 800\u00b0F.<\/li>\n<\/ul>\n<\/div>\n<div id=\"tab-3\" class=\"thetab\">\n<ul>\n<li>Construction en 1 pi\u00e8ce.<\/li>\n<li>Construction en 2 pi\u00e8ces conception sp\u00e9ciale.<\/li>\n<li>Diam\u00e8tre minimum de 1,5 pouce.<\/li>\n<li>Largeur minimale de 1,5 pouce.<\/li>\n<\/ul>\n<\/div>\n<div id=\"tab-4\" class=\"thetab\">\n<ul>\n<li>Fil de plomb.<\/li>\n<li>Tresse en acier inoxydable.<\/li>\n<li>C\u00e2ble d&rsquo;armure.<\/li>\n<\/ul>\n<\/div>\n<div id=\"tab-5\" class=\"thetab\">\n<ul>\n<li>texte \u00e0 venir<\/li>\n<\/ul>\n<\/div>\n<div id=\"tab-6\" class=\"thetab\">\n<ul>\n<li>\u00c9crou \u00e0 barillet \u00e0 sangle compl\u00e8te<\/li>\n<li>Languette de montage<\/li>\n<\/ul>\n<\/div>\n<div id=\"tab-7\" class=\"thetab\">\n<ul>\n<li>3\/8&Prime;<\/li>\n<li>1\/2&Prime;<\/li>\n<li>5\/8&Prime;<\/li>\n<li>3\/4&Prime;<\/li>\n<li>1&Prime;<\/li>\n<\/ul>\n<\/div>\n<\/div>\n<\/div>\n<table id=\"products\" style=\"width: 100%;\" cellspacing=\"1\" cellpadding=\"1\" align=\"center\">\n<tbody>\n<tr>\n<td valign=\"top\" width=\"347\">\n<div class=\"theimage\" style=\"width: 347px;\"><span class=\"title\">MPB-1<\/span><br \/>\n<img decoding=\"async\" title=\"\" src=\"https:\/\/tri-volt.com\/wp-content\/uploads\/2015\/09\/MPB-1.jpg\" alt=\"\" width=\"345\" \/><\/div>\n<ul>\n<li>\n<p class=\"p1\">Capuchon en laiton bras\u00e9 \u00e0 l&rsquo;argent sur tout le pourtour<\/p>\n<\/li>\n<li>\n<p class=\"p1\">Sortie de tresse en acier inoxydable (fil de terre)<\/p>\n<\/li>\n<li>\n<p class=\"p1\">Fil de plomb, fil droit<\/p>\n<\/li>\n<li>\n<p class=\"p1\">Possibilit\u00e9 de sceller le fil avec une gaine thermor\u00e9tractable en caoutchouc ou un manchon en t\u00e9flon<\/p>\n<\/li>\n<li>\n<p class=\"p1\">Diam\u00e8tre minimum de 1,5 pouce<\/p>\n<\/li>\n<li>\n<p class=\"p1\">Largeur maximale de 6 pouces<\/p>\n<\/li>\n<\/ul>\n<\/td>\n<td valign=\"top\" width=\"347\">\n<div class=\"theimage\" style=\"width: 347px;\"><span class=\"title\">MPB-2<\/span><br \/>\n<img decoding=\"async\" title=\"\" src=\"https:\/\/tri-volt.com\/wp-content\/uploads\/2015\/09\/MPB-2.jpg\" alt=\"\" width=\"345\" \/><\/div>\n<ul>\n<li>\n<p class=\"p1\">Capuchon en laiton \u00e0 angle droit bras\u00e9 \u00e0 l&rsquo;argent sur tout le pourtour<\/p>\n<\/li>\n<li>\n<p class=\"p1\">Le capuchon peut \u00eatre tourn\u00e9 \u00e0 90 &#8211; 180 &#8211; 270 ou 360 degr\u00e9s<\/p>\n<\/li>\n<li>\n<p class=\"p1\">Sortie de tresse en acier inoxydable (fil de terre)<\/p>\n<\/li>\n<li>\n<p class=\"p1\">Fil de sortie droit<\/p>\n<\/li>\n<li>\n<p class=\"p1\">Possibilit\u00e9 de sceller le fil avec une gaine thermor\u00e9tractable en caoutchouc ou un manchon en t\u00e9flon<\/p>\n<\/li>\n<li>\n<p class=\"p1\">Diam\u00e8tre minimum de 1,5 pouce<\/p>\n<\/li>\n<li>\n<p class=\"p1\">Largeur maximale de 6 pouces<\/p>\n<\/li>\n<\/ul>\n<\/td>\n<\/tr>\n<tr>\n<td valign=\"top\" width=\"347\">\n<div class=\"theimage\" style=\"width: 347px;\"><span class=\"title\">MPB-3<\/span><br \/>\n<img decoding=\"async\" title=\"\" src=\"https:\/\/tri-volt.com\/wp-content\/uploads\/2015\/09\/MPB-3.jpg\" alt=\"\" width=\"345\" \/><\/div>\n<ul>\n<li>\n<p class=\"p1\">Capuchon en laiton bras\u00e9 \u00e0 l&rsquo;argent sur tout le pourtour<\/p>\n<\/li>\n<li>\n<p class=\"p1\">Sortie de c\u00e2ble arm\u00e9 en acier inoxydable (fil mis \u00e0 la terre)<\/p>\n<\/li>\n<li>\n<p class=\"p1\">Fil de plomb, fil droit<\/p>\n<\/li>\n<li>\n<p class=\"p1\">Possibilit\u00e9 de sceller le fil avec un manchon en t\u00e9flon<\/p>\n<\/li>\n<li>\n<p class=\"p1\">Diam\u00e8tre minimum de 1,5 pouce<\/p>\n<\/li>\n<li>\n<p class=\"p1\">Diam\u00e8tre maximum de 6 pouces<\/p>\n<\/li>\n<\/ul>\n<\/td>\n<td valign=\"top\" width=\"347\">\n<div class=\"theimage\" style=\"width: 347px;\"><span class=\"title\">MPB-4<\/span><br \/>\n<img decoding=\"async\" title=\"\" src=\"https:\/\/tri-volt.com\/wp-content\/uploads\/2015\/09\/MPB-4.jpg\" alt=\"\" width=\"345\" \/><\/div>\n<ul>\n<li>\n<p class=\"p1\">Capuchon en laiton brais\u00e9 \u00e0 l&rsquo;argent sur tout le pourtour<\/p>\n<\/li>\n<li>\n<p class=\"p1\">Sprite de c\u00e2ble arm\u00e9 en acier inoxydable (fil mis \u00e0 la terre)<\/p>\n<\/li>\n<li>\n<p class=\"p1\">Fil de plomb, fil droit<\/p>\n<\/li>\n<li>\n<p class=\"p1\">Possibilit\u00e9 de sceller le fil avec un manchon en T\u00e9flon<\/p>\n<\/li>\n<li>\n<p class=\"p1\">Diam\u00e8tre minimum de 1,5 pouces<\/p>\n<\/li>\n<li>\n<p class=\"p1\">Diam\u00e8tre minimum de 6 pouces<\/p>\n<\/li>\n<\/ul>\n<\/td>\n<\/tr>\n<tr>\n<td valign=\"top\" width=\"347\">\n<div class=\"theimage2\" style=\"width: 347px;\"><span class=\"title\">Soudure rotative autour du bord<\/span><img decoding=\"async\" title=\"\" src=\"https:\/\/tri-volt.com\/wp-content\/uploads\/2015\/09\/MPB-Detail-RotaryWeld.jpg\" alt=\"\" width=\"345\" \/><\/div>\n<ul>\n<li>Bords soud\u00e9s par rotation, enti\u00e8rement scell\u00e9s, r\u00e9sistants \u00e0 l&rsquo;humidit\u00e9<\/li>\n<\/ul>\n<\/td>\n<td valign=\"top\" width=\"347\">\n<div class=\"theimage2\" style=\"width: 347px;\"><span class=\"title\" style=\"font-size: 11px;\">Brasure argent\u00e9e autour du capuchon en laiton<\/span><img decoding=\"async\" title=\"\" src=\"https:\/\/tri-volt.com\/wp-content\/uploads\/2015\/09\/MPB-Detail-SilverBraze.jpg\" alt=\"\" width=\"345\" \/><\/div>\n<ul>\n<li>Le capuchon en laiton et la t\u00f4le de l&rsquo;appareil sont correctement nettoy\u00e9s avant d&rsquo;argenter tout autour du capuchon.<\/li>\n<\/ul>\n<\/td>\n<\/tr>\n<tr>\n<td valign=\"top\" width=\"347\">\n<div class=\"theimage2\" style=\"width: 347px;\"><span class=\"title\">Extr\u00e9mit\u00e9s scell\u00e9es<\/span><img decoding=\"async\" title=\"\" src=\"https:\/\/tri-volt.com\/wp-content\/uploads\/2015\/09\/MPB-Detail-SealedEnds.jpg\" alt=\"\" width=\"345\" \/><\/div>\n<ul>\n<li>Toutes les extr\u00e9mit\u00e9s sont munies d&rsquo;un insert en acier soud\u00e9 par points \u00e0 la position.<\/li>\n<\/ul>\n<\/td>\n<td valign=\"top\" width=\"347\">\n<div class=\"theimage2\" style=\"width: 347px;\"><span class=\"title\">Coupe transversale<\/span><img decoding=\"async\" title=\"\" src=\"https:\/\/tri-volt.com\/wp-content\/uploads\/2015\/09\/MPB-Detail-CrossSection.jpg\" alt=\"\" width=\"345\" \/><\/div>\n<ul>\n<li>Option de .125 et .187<\/li>\n<\/ul>\n<\/td>\n<\/tr>\n<\/tbody>\n<\/table>\n","protected":false},"excerpt":{"rendered":"<p>&nbsp; La bande chauffante anti-humidit\u00e9 des industries Trivolt est con\u00e7ue pour r\u00e9sister aux \u00e9claboussures intermittentes d&rsquo;eau ou aux d\u00e9versements de plastique sur la bande chauffante. Toutes les extr\u00e9mit\u00e9s et les bords sont enti\u00e8rement scell\u00e9s \u00e0 l&rsquo;aide de notre soudeuse rotative. Toutes les terminaisons sont scell\u00e9es par un capuchon en laiton bras\u00e9 \u00e0 l&rsquo;argent sur tout [&hellip;]<\/p>\n","protected":false},"author":12,"featured_media":0,"parent":2909,"menu_order":0,"comment_status":"open","ping_status":"open","template":"","meta":{"footnotes":""},"class_list":["post-3201","page","type-page","status-publish","hentry"],"aioseo_notices":[],"_links":{"self":[{"href":"https:\/\/tri-volt.com\/fr\/wp-json\/wp\/v2\/pages\/3201","targetHints":{"allow":["GET"]}}],"collection":[{"href":"https:\/\/tri-volt.com\/fr\/wp-json\/wp\/v2\/pages"}],"about":[{"href":"https:\/\/tri-volt.com\/fr\/wp-json\/wp\/v2\/types\/page"}],"author":[{"embeddable":true,"href":"https:\/\/tri-volt.com\/fr\/wp-json\/wp\/v2\/users\/12"}],"replies":[{"embeddable":true,"href":"https:\/\/tri-volt.com\/fr\/wp-json\/wp\/v2\/comments?post=3201"}],"version-history":[{"count":17,"href":"https:\/\/tri-volt.com\/fr\/wp-json\/wp\/v2\/pages\/3201\/revisions"}],"predecessor-version":[{"id":3256,"href":"https:\/\/tri-volt.com\/fr\/wp-json\/wp\/v2\/pages\/3201\/revisions\/3256"}],"up":[{"embeddable":true,"href":"https:\/\/tri-volt.com\/fr\/wp-json\/wp\/v2\/pages\/2909"}],"wp:attachment":[{"href":"https:\/\/tri-volt.com\/fr\/wp-json\/wp\/v2\/media?parent=3201"}],"curies":[{"name":"wp","href":"https:\/\/api.w.org\/{rel}","templated":true}]}}