{"id":3211,"date":"2012-03-08T23:01:47","date_gmt":"2012-03-08T23:01:47","guid":{"rendered":"https:\/\/tri-volt.com\/industriel\/ssh-strip-heater\/"},"modified":"2023-11-27T21:20:26","modified_gmt":"2023-11-27T21:20:26","slug":"bande-chauffante-ssh","status":"publish","type":"page","link":"https:\/\/tri-volt.com\/fr\/industriel\/bande-chauffante-ssh\/","title":{"rendered":"Bande chauffante SSH"},"content":{"rendered":"<p><span style=\"font-weight: 400;\">Les r\u00e9chauffeurs SSH sont des bandes chauffantes sp\u00e9cialement con\u00e7ues pour les applications n\u00e9cessitant des temp\u00e9ratures de fonctionnement et des densit\u00e9s plus \u00e9lev\u00e9es. Ces r\u00e9chauffeurs fonctionnent avec une temp\u00e9rature de gaine allant jusqu&rsquo;\u00e0 900\u00b0 F. La densit\u00e9 maximale est de 30 watts par pouce carr\u00e9 en fonction de l&rsquo;application.<\/span><\/p>\n<p><span style=\"font-weight: 400;\">Les bandes chauffantes SSH sont fabriqu\u00e9es en acier inoxydable de qualit\u00e9 #304, avec un fil de r\u00e9sistance de qualit\u00e9 Nichrome 80 et un ruban c\u00e9ramique.<\/span><\/p>\n<p><span style=\"font-weight: 400;\">Les bandes chauffantes SSH peuvent \u00eatre fabriqu\u00e9es pour n&rsquo;importe quelle tension, puissance, monophas\u00e9 ou double circuit et pour diff\u00e9rentes dimensions. Les dimensions peuvent varier de 1&Prime; \u00e0 6&Prime; de largeur maximale avec une longueur maximale de 60&Prime; (nous consulter pour des longueurs plus importantes). Plusieurs styles de connexions \u00e9lectriques et de bo\u00eetiers du terminal sont propos\u00e9s.<\/span><\/p>\n<p><span style=\"font-weight: 400;\">Les industries Trivolt adopte un syst\u00e8me de contr\u00f4le de qualit\u00e9 interne strict (QMSM-2009). Chaque appareil de chauffage est test\u00e9 pour sa r\u00e9sistance et sa tenue di\u00e9lectrique. Tous nos appareils de chauffage sont approuv\u00e9s par les marquages CSA, UL et CE.<\/span><\/p>\n<div id=\"box-specs\" style=\"height: 198px;\">\n<ul id=\"tabs\">\n<li class=\"selected lcenter\" title=\"tab-1\"><strong>Applications<\/strong><\/li>\n<li class=\"lcenter\" title=\"tab-2\"><strong>Sp\u00e9cifications<\/strong><\/li>\n<li title=\"tab-3\"><b>Connexions \u00e9lectrique<\/b><\/li>\n<li title=\"tab-4\"><strong>Bo\u00eetier du terminal<\/strong><\/li>\n<li class=\"lcenter\" title=\"tab-5\"><strong>Trous<\/strong><\/li>\n<\/ul>\n<div id=\"tab-cont\" style=\"height: 198px;\">\n<div id=\"tab-1\" class=\"thetab\">\n<ul>\n<li>Chauffage de l&rsquo;air conventionnel<\/li>\n<li>Plaques chauffantes<\/li>\n<li>Armoire chauffante<\/li>\n<li>Chauffage de confort<\/li>\n<li>Industrie du transit<\/li>\n<li>Banques de charge<\/li>\n<\/ul><\/div>\n<div id=\"tab-2\" class=\"thetab\">\n<ul>\n<li>Mat\u00e9riau ext\u00e9rieur : Acier inoxydable 304b<\/li>\n<li>Mat\u00e9riau int\u00e9rieur : Fil de r\u00e9sistance en nichrome de qualit\u00e9 80<\/li>\n<li>Temp\u00e9rature de la gaine : jusqu&rsquo;\u00e0 800\u00b0 F<\/li>\n<li>Densit\u00e9 maximale en watts : 40 watts\/pouce carr\u00e9<\/li>\n<li>Largeur standard minimale : 1&Prime;<\/li>\n<li>Largeur standard maximale : 6&Prime;<\/li>\n<li>Longueur maximale : 60&Prime;<\/li>\n<li>\u00c9paisseur : 0,350&Prime; &#8211; 0,375&Prime;<\/li>\n<\/ul><\/div>\n<div id=\"tab-3\" class=\"thetab\">\n<ul>\n<li>Borne de poteau<\/li>\n<li>C\u00e2blage haute temp\u00e9rature<\/li>\n<li>Tresse m\u00e9tallique (SS)<\/li>\n<li>C\u00e2ble d&rsquo;armure (AC)<\/li>\n<li>Poteau de terre<\/li>\n<li>Monophas\u00e9<\/li>\n<li>Triphas\u00e9<\/li>\n<li>Double circuit<\/li>\n<\/ul>\n<p style=\"margin: 16px 0 7px -17px;\"><strong>Connexion \u00e9lectrique sp\u00e9ciale<\/strong><\/p>\n<ul>\n<li>Fil conducteur<\/li>\n<\/ul><\/div>\n<div id=\"tab-4\" class=\"thetab\">\n<ul>\n<li style=\"list-style-type: none;\">\n<ul>\n<li>Bo\u00eete \u00e0 bornes<\/li>\n<li>Bornier avec bo\u00eete en c\u00e9ramique<\/li>\n<li>Prise europ\u00e9enne<\/li>\n<li>Prise europ\u00e9enne avec bo\u00eete \u00e0 bornes<\/li>\n<li>Couvercles de poteaux en c\u00e9ramique<\/li>\n<li>Capuchon en laiton pour connexion \u00e9tanche<\/li>\n<\/ul>\n<\/li>\n<\/ul><\/div>\n<div id=\"tab-5\" class=\"thetab\">\n<ul>\n<li>Trous de fixation<\/li>\n<li>Trous pour thermocouples (TC)<\/li>\n<\/ul><\/div>\n<\/p><\/div>\n<\/div>\n<table id=\"products\" style=\"width: 100%;\" cellspacing=\"1\" cellpadding=\"1\" align=\"center\">\n<tbody>\n<tr>\n<td valign=\"top\" width=\"234\">\n<div class=\"theimage\"><span class=\"title\">SSH1<\/span><br \/>\n        <img decoding=\"async\" title=\"\" src=\"https:\/\/tri-volt.com\/wp-content\/uploads\/2013\/12\/trivolt_ssh-strip-heater_ssh1.jpg\" alt=\"\" width=\"234\" \/><\/div>\n<ul>\n<li>Borne en acier inoxydable 10-32 \u00e0 chaque extr\u00e9mit\u00e9 de l&rsquo;appareil.<\/li>\n<li>Trou de montage.<\/li>\n<li>Fabriqu\u00e9 en acier inoxydable 304 2b.<\/li>\n<li>Maximum : 40 watts\/pouce carr\u00e9.<\/li>\n<li>Temp\u00e9rature maximale de la gaine 900\u00b0 F.<\/li>\n<li>Largeurs disponibles : 1-6&Prime;.<\/li>\n<li>Longueur maximale : 60&Prime; (nous consulter pour des longueurs plus importantes).<\/li>\n<\/ul>\n<\/td>\n<td valign=\"top\" width=\"234\">\n<div class=\"theimage\"><span class=\"title\">SSH2<\/span><br \/>\n        <img decoding=\"async\" title=\"\" src=\"https:\/\/tri-volt.com\/wp-content\/uploads\/2013\/12\/trivolt_ssh-strip-heater_ssh2.jpg\" alt=\"\" width=\"234\" \/><\/div>\n<ul>\n<li>Bornes en acier inoxydable 10-32 sur le m\u00eame c\u00f4t\u00e9 de l&rsquo;appareil.<\/li>\n<li>Trou de montage.<\/li>\n<li>Fabriqu\u00e9 en acier inoxydable 304 2b.<\/li>\n<li>Maximum : 40 watts\/pouce carr\u00e9.<\/li>\n<li>Temp\u00e9rature maximale de la gaine 900\u00b0 F.<\/li>\n<li>Largeurs disponibles : 1-6&Prime;.<\/li>\n<li>Longueur maximale : 60&Prime; (nous consulter pour des longueurs plus importantes).<\/li>\n<\/ul>\n<\/td>\n<td valign=\"top\" width=\"234\">\n<div class=\"theimage\"><span class=\"title\">SSH3<\/span><br \/>\n        <img decoding=\"async\" title=\"\" src=\"https:\/\/tri-volt.com\/wp-content\/uploads\/2013\/12\/trivolt_ssh-strip-heater_ssh3.jpg\" alt=\"\" width=\"234\" \/><\/div>\n<ul>\n<li>Bornes en acier inoxydable 10-32 au milieu de l&rsquo;appareil.<\/li>\n<li>Trou de montage.<\/li>\n<li>Fabriqu\u00e9 en acier inoxydable 304 2b.<\/li>\n<li>Maximum : 40 watts\/pouce carr\u00e9.<\/li>\n<li>Temp\u00e9rature maximale de la gaine 900\u00b0 F.<\/li>\n<li>Largeurs disponibles : 1-6&Prime;.<\/li>\n<li>Longueur maximale : 60&Prime; (nous consulter pour des longueurs plus importantes).<\/li>\n<\/ul>\n<\/td>\n<\/tr>\n<tr>\n<td valign=\"top\" width=\"234\">\n<div class=\"theimage\"><span class=\"title\">SSH4<\/span><br \/>\n        <img decoding=\"async\" title=\"\" src=\"https:\/\/tri-volt.com\/wp-content\/uploads\/2013\/12\/trivolt_ssh-strip-heater_ssh4.jpg\" alt=\"\" width=\"234\" \/><\/div>\n<ul>\n<li>Borne en acier inoxydable 10-32 sur le m\u00eame c\u00f4t\u00e9 de l&rsquo;appareil pour les circuits doubles ou triphas\u00e9s.<\/li>\n<li>Trou de montage.<\/li>\n<li>Fabriqu\u00e9 en acier inoxydable 304 2b.<\/li>\n<li>Maximum : 40 watts\/pouce carr\u00e9.<\/li>\n<li>Temp\u00e9rature maximale de la gaine 900\u00b0 F.<\/li>\n<li>Largeurs disponibles : 1-6&Prime;.<\/li>\n<li>Longueur maximale : 60&Prime; (nous consulter pour des longueurs plus importantes).<\/li>\n<\/ul>\n<\/td>\n<td valign=\"top\" width=\"234\">\n<div class=\"theimage\"><span class=\"title\">SSH5<\/span><br \/>\n        <img decoding=\"async\" title=\"\" src=\"https:\/\/tri-volt.com\/wp-content\/uploads\/2013\/12\/trivolt_ssh-strip-heater_ssh5.jpg\" alt=\"\" width=\"234\" \/><\/div>\n<ul>\n<li>Le fil sort par le haut de l&rsquo;appareil.<\/li>\n<li>Le fil est prot\u00e9g\u00e9 par une tresse en acier inoxydable (SS), un manchon haute temp\u00e9rature et un ressort.<\/li>\n<li>Trou de montage.<\/li>\n<li>Fabriqu\u00e9 en acier inoxydable 304 2b.<\/li>\n<li>Maximum : 40 watts\/pouce carr\u00e9.<\/li>\n<li>Temp\u00e9rature maximale de la gaine 900\u00b0 F.<\/li>\n<li>Largeurs disponibles : 1-6&Prime;.<\/li>\n<li>Longueur maximale : 60&Prime; (nous consulter pour des longueurs plus importantes).<\/li>\n<\/ul>\n<\/td>\n<td valign=\"top\" width=\"234\">\n<div class=\"theimage\"><span class=\"title\">SSH6<\/span><br \/>\n        <img decoding=\"async\" title=\"\" src=\"https:\/\/tri-volt.com\/wp-content\/uploads\/2013\/12\/trivolt_ssh-strip-heater_ssh6.jpg\" alt=\"\" width=\"234\" \/><\/div>\n<ul>\n<li>Le fil sort par le haut de l&rsquo;appareil.<\/li>\n<li>Le fil est prot\u00e9g\u00e9 par un c\u00e2ble d&rsquo;armure de verrouillage en acier inoxydable (AC).<\/li>\n<li>Trou de montage.<\/li>\n<li>Fabriqu\u00e9 en acier inoxydable 304 2b.<\/li>\n<li>Maximum : 40 watts\/pouce carr\u00e9.<\/li>\n<li>Temp\u00e9rature maximale de la gaine 900\u00b0 F.<\/li>\n<li>Largeurs disponibles : 1-6&Prime;.<\/li>\n<li>Longueur maximale : 60&Prime; (nous consulter pour des longueurs plus importantes).<\/li>\n<\/ul>\n<\/td>\n<\/tr>\n<tr>\n<td valign=\"top\" width=\"234\">\n<div class=\"theimage\"><span class=\"title\">SSH7<\/span><br \/>\n        <img decoding=\"async\" title=\"\" src=\"https:\/\/tri-volt.com\/wp-content\/uploads\/2013\/12\/trivolt_ssh-strip-heater_ssh7.jpg\" alt=\"\" width=\"234\" \/><\/div>\n<ul>\n<li style=\"list-style-type: none;\">\n<ul>\n<li>Prise europ\u00e9enne \u00e0 l&rsquo;une des extr\u00e9mit\u00e9s de l&rsquo;appareil.<\/li>\n<li>Trou de montage.<\/li>\n<li>Fabriqu\u00e9 en acier inoxydable 304 2b.<\/li>\n<li>Maximum : 40 watts\/pouce carr\u00e9.<\/li>\n<li>Temp\u00e9rature maximale de la gaine 900\u00b0 F.<\/li>\n<li>Largeurs disponibles : 1-6&Prime;.<\/li>\n<li>Longueur maximale : 60&Prime; (nous consulter pour des longueurs plus importantes).<\/li>\n<\/ul>\n<\/li>\n<\/ul>\n<table align=\"center\">\n<tbody>\n<tr>\n<td valign=\"top\" width=\"360\"><\/td>\n<td valign=\"top\" width=\"236\"><\/td>\n<\/tr>\n<\/tbody>\n<\/table>\n<\/td>\n<\/tr>\n<tr>\n<td colspan=\"3\">\n<table align=\"center\">\n<tbody>\n<tr>\n<td valign=\"top\" width=\"360\">\n<div class=\"theimage2\"><span class=\"title\">SSH Config 1<\/span><br \/>\n              <img decoding=\"async\" title=\"\" src=\"https:\/\/tri-volt.com\/wp-content\/uploads\/2013\/01\/ch_config1.jpg\" alt=\"\" \/><\/div>\n<ul>\n<li>Option de montage<\/li>\n<li>L&rsquo;extr\u00e9mit\u00e9 \u00e9cras\u00e9e a une profondeur de 1&Prime; x 1,40&Prime;.<\/li>\n<li>La taille de la fente est de 0,525&Prime; de large x 0,90&Prime; de long.<\/li>\n<li>Des kits de montage sont disponibles.<\/li>\n<\/ul>\n<\/td>\n<td valign=\"top\" width=\"236\">\n<div class=\"theimage2\"><span class=\"title\">SSH Config 2<\/span><br \/>\n              <img decoding=\"async\" title=\"\" src=\"https:\/\/tri-volt.com\/wp-content\/uploads\/2013\/01\/ch_config2.jpg\" alt=\"\" \/><\/div>\n<ul>\n<li>Option de montage<\/li>\n<li>L&rsquo;extr\u00e9mit\u00e9 \u00e9cras\u00e9e a une profondeur de 1&Prime; x 1,40&Prime;.<\/li>\n<li>La taille de la fente est un trou de 0,675&Prime; de diam\u00e8tre.<\/li>\n<li>Des kits de montage sont disponibles.<\/li>\n<\/ul>\n<\/td>\n<\/tr>\n<\/tbody>\n<\/table>\n<\/td>\n<\/tr>\n<tr>\n<td colspan=\"3\">\n<table align=\"center\">\n<tbody>\n<tr>\n<td valign=\"top\" width=\"360\">\n<div class=\"theimage2\"><span class=\"title\">SSH Config 3<\/span><br \/>\n              <img decoding=\"async\" title=\"\" src=\"https:\/\/tri-volt.com\/wp-content\/uploads\/2013\/01\/ch_config3.jpg\" alt=\"\" \/><\/div>\n<ul>\n<li>Option de montage<\/li>\n<li>L&rsquo;extr\u00e9mit\u00e9 \u00e9cras\u00e9e a une profondeur de 1&Prime; x 1,40&Prime;.<\/li>\n<li>La taille de la fente est de 0,315&Prime; de large x 0,50&Prime; de long.<\/li>\n<li>Des kits de montage sont disponibles.<\/li>\n<\/ul>\n<\/td>\n<td valign=\"top\" width=\"236\">\n<div class=\"theimage2\"><span class=\"title\">SSH Config 4<\/span><br \/>\n              <img decoding=\"async\" title=\"\" src=\"https:\/\/tri-volt.com\/wp-content\/uploads\/2013\/01\/ch_config4.jpg\" alt=\"\" \/><\/div>\n<ul>\n<li>Option de montage<\/li>\n<li>L&rsquo;extr\u00e9mit\u00e9 \u00e9cras\u00e9e a une profondeur de 1&Prime; x 1,40&Prime;.<\/li>\n<li>La taille de la fente est de 0,50&Prime; de large x 0,687&Prime; de long.<\/li>\n<li>Des kits de montage sont disponibles<\/li>\n<\/ul>\n<\/td>\n<\/tr>\n<\/tbody>\n<\/table>\n<\/td>\n<\/tr>\n<\/tbody>\n<\/table>\n","protected":false},"excerpt":{"rendered":"<p>Les r\u00e9chauffeurs SSH sont des bandes chauffantes sp\u00e9cialement con\u00e7ues pour les applications n\u00e9cessitant des temp\u00e9ratures de fonctionnement et des densit\u00e9s plus \u00e9lev\u00e9es. Ces r\u00e9chauffeurs fonctionnent avec une temp\u00e9rature de gaine allant jusqu&rsquo;\u00e0 900\u00b0 F. La densit\u00e9 maximale est de 30 watts par pouce carr\u00e9 en fonction de l&rsquo;application. Les bandes chauffantes SSH sont fabriqu\u00e9es en [&hellip;]<\/p>\n","protected":false},"author":12,"featured_media":0,"parent":2909,"menu_order":0,"comment_status":"open","ping_status":"open","template":"","meta":{"footnotes":""},"class_list":["post-3211","page","type-page","status-publish","hentry"],"aioseo_notices":[],"_links":{"self":[{"href":"https:\/\/tri-volt.com\/fr\/wp-json\/wp\/v2\/pages\/3211","targetHints":{"allow":["GET"]}}],"collection":[{"href":"https:\/\/tri-volt.com\/fr\/wp-json\/wp\/v2\/pages"}],"about":[{"href":"https:\/\/tri-volt.com\/fr\/wp-json\/wp\/v2\/types\/page"}],"author":[{"embeddable":true,"href":"https:\/\/tri-volt.com\/fr\/wp-json\/wp\/v2\/users\/12"}],"replies":[{"embeddable":true,"href":"https:\/\/tri-volt.com\/fr\/wp-json\/wp\/v2\/comments?post=3211"}],"version-history":[{"count":14,"href":"https:\/\/tri-volt.com\/fr\/wp-json\/wp\/v2\/pages\/3211\/revisions"}],"predecessor-version":[{"id":3240,"href":"https:\/\/tri-volt.com\/fr\/wp-json\/wp\/v2\/pages\/3211\/revisions\/3240"}],"up":[{"embeddable":true,"href":"https:\/\/tri-volt.com\/fr\/wp-json\/wp\/v2\/pages\/2909"}],"wp:attachment":[{"href":"https:\/\/tri-volt.com\/fr\/wp-json\/wp\/v2\/media?parent=3211"}],"curies":[{"name":"wp","href":"https:\/\/api.w.org\/{rel}","templated":true}]}}