{"id":3231,"date":"2012-03-08T23:02:13","date_gmt":"2012-03-08T23:02:13","guid":{"rendered":"https:\/\/tri-volt.com\/industriel\/finned-channel-strip-heater\/"},"modified":"2023-11-30T20:14:06","modified_gmt":"2023-11-30T20:14:06","slug":"bandes-chauffantes-a-ailettes-en-canal","status":"publish","type":"page","link":"https:\/\/tri-volt.com\/fr\/industriel\/bandes-chauffantes-a-ailettes-en-canal\/","title":{"rendered":"Bandes chauffantes \u00e0 ailettes &#038; en canal"},"content":{"rendered":"<p><span style=\"font-weight: 400;\">Les bandes chauffantes sont con\u00e7ues pour fournir une chaleur fiable et efficace sur les surfaces planes et dans les espaces restreints. Le tube rectangulaire est lamin\u00e9 \u00e0 froid. Notre tube sans soudure offre une construction robuste adapt\u00e9e aux applications de chauffage industriel telles que les matrices et les moules, le r\u00e9chauffement des aliments, le chauffage des r\u00e9servoirs et des plateaux, l&#8217;emballage et les fours. Le tube subit un traitement \u00e0 l&rsquo;oxyde noir qui rend la surface exempte de rouille.<\/span><\/p>\n<p><span style=\"font-weight: 400;\">Trivolt fabrique les bandes chauffantes en canal avec un fil de r\u00e9sistance haute temp\u00e9rature en nickel-chrome enroul\u00e9 et espac\u00e9 sur la largeur de la longueur chauff\u00e9e, ce qui distribue une chaleur uniforme sur toute la surface sp\u00e9cifi\u00e9e de la bande chauffante. Le fil de r\u00e9sistance en nickel-chrome est entour\u00e9 d&rsquo;isolateurs en c\u00e9ramique et compact\u00e9 avec de l&rsquo;oxyde de magn\u00e9sium pour un excellent transfert de chaleur. La gaine peut atteindre des temp\u00e9ratures allant jusqu&rsquo;\u00e0 800\u00b0 F. Diverses configurations et options de terminaison sont disponibles, ainsi que des languettes de montage.<\/span><\/p>\n<p><span style=\"font-weight: 400;\">Pour les applications de chauffage de l&rsquo;air telles que le chauffage des conduits, les fours de s\u00e9chage, le chauffage de l&rsquo;air et les d\u00e9shumidificateurs, Trivolt fabrique des bandes chauffantes en canal \u00e0 ailettes. Les bandes chauffantes en canal \u00e0 ailettes sont fabriqu\u00e9es avec des ailettes en acier et trait\u00e9s avec de l&rsquo;oxyde noir. Les ailettes sont sp\u00e9cialement con\u00e7ues pour offrir une surface de contact maximale qui dissipe la chaleur rapidement et efficacement.<\/span><\/p>\n<p><span style=\"font-weight: 400;\">Les industries Trivolt adopte un syst\u00e8me de contr\u00f4le de qualit\u00e9 interne strict (QMSM-2009). Chaque appareil de chauffage est test\u00e9 pour sa r\u00e9sistance et sa tenue di\u00e9lectrique. Tous nos appareils de chauffage sont approuv\u00e9s par les marquages CSA, UL et CE.<\/span><\/p>\n<div id=\"box-specs\" style=\"height: 198px;\">\n<ul id=\"tabs\">\n<li class=\"selected\" title=\"tab-1\"><strong>Applications<\/strong><\/li>\n<li title=\"tab-2\"><strong>Sp\u00e9cifications<\/strong><\/li>\n<li title=\"tab-3\"><span style=\"color: #000000;\"><span style=\"caret-color: #000000;\"><b>Connexions \u00e9lectriques<\/b><\/span><\/span><\/li>\n<li title=\"tab-4\"><span style=\"color: #000000;\"><span style=\"caret-color: #000000;\"><b>Bo\u00eetier du terminal<\/b><\/span><\/span><\/li>\n<li title=\"tab-5\"><strong>Trous<\/strong><\/li>\n<\/ul>\n<div id=\"tab-cont\" style=\"height: 198px;\">\n<div id=\"tab-1\" class=\"thetab\">\n<ul>\n<li>Extrusion plastique<\/li>\n<li>Moulage par injection<\/li>\n<li>Moulage par soufflage<\/li>\n<li>Moulage sous pression<\/li>\n<li>Mousse structurelle<\/li>\n<li>Industrie alimentaire<\/li>\n<li>Emballage<\/li>\n<li>Industrie chimique, p\u00e9troli\u00e8re et gazi\u00e8re<\/li>\n<li>Armoire chauffante<\/li>\n<li>Chauffage de gaine<\/li>\n<li>Chauffage des plateaux<\/li>\n<li>Chauffage de l&rsquo;air<\/li>\n<\/ul>\n<\/div>\n<div id=\"tab-2\" class=\"thetab\">\n<ul>\n<li>Mat\u00e9riau ext\u00e9rieur : acier de 1,5&Prime; de large x 3\/8&Prime; d&rsquo;\u00e9paisseur. L&rsquo;acier inoxydable est disponible en option.<\/li>\n<li>Trait\u00e9e \u00e0 l&rsquo;oxyde noir, la surface est exempte de rouille.<\/li>\n<li>Mat\u00e9riau int\u00e9rieur : Fil en nickel-chrome, isolateurs en c\u00e9ramique et MGO.<\/li>\n<li>Temp\u00e9rature de la gaine : jusqu&rsquo;\u00e0 800\u00b0 F<\/li>\n<li>Densit\u00e9 maximale en watts : 25 watts\/pouce carr\u00e9 selon l&rsquo;application.<\/li>\n<li>Longueur standard minimale : 60&Prime; (consulter l&rsquo;usine pour des longueurs sup\u00e9rieures).<\/li>\n<\/ul>\n<\/div>\n<div id=\"tab-3\" class=\"thetab\">\n<ul>\n<li>Borne de poteau<\/li>\n<li>Poteau de mise \u00e0 terre<\/li>\n<li>Double tension<\/li>\n<li>Triphas\u00e9<\/li>\n<\/ul>\n<p style=\"margin: 16px 0 7px -17px;\"><strong>Connexion \u00e9lectrique sp\u00e9ciale<\/strong><\/p>\n<ul>\n<li>Fil conducteur<\/li>\n<\/ul>\n<\/div>\n<div id=\"tab-4\" class=\"thetab\">\n<ul>\n<li>Bo\u00eete \u00e0 bornes<\/li>\n<li>Bornier avec bloc en c\u00e9ramique<\/li>\n<li>Couvercles de poteaux en c\u00e9ramique<\/li>\n<\/ul>\n<p style=\"margin: 16px 0 7px -17px;\"><strong>Bo\u00eetier terminal sp\u00e9cial<\/strong><\/p>\n<ul>\n<li>Prise Europ\u00e9enne<\/li>\n<li>Prise Europ\u00e9enne avec bo\u00eete \u00e0 bornes<\/li>\n<li>Capuchon en laiton pour les chauffages avec des sorties de c\u00e2bles \u00e0 angles diff\u00e9rents<\/li>\n<\/ul>\n<\/div>\n<div id=\"tab-5\" class=\"thetab\">\n<ul>\n<li>Languettes de montage<\/li>\n<li>Trous<\/li>\n<\/ul>\n<\/div>\n<\/div>\n<\/div>\n<table id=\"products\" style=\"width: 100%;\" cellspacing=\"1\" cellpadding=\"1\" align=\"center\">\n<tbody>\n<tr>\n<td valign=\"top\" width=\"234\">\n<div class=\"theimage\"><span class=\"title\">CH1<\/span><br \/>\n<img decoding=\"async\" title=\"\" src=\"https:\/\/tri-volt.com\/wp-content\/uploads\/2013\/01\/ch1.jpg\" alt=\"\" \/><\/div>\n<ul>\n<li>Des bornes en acier inoxydable 10-32 sont situ\u00e9es de chaque c\u00f4t\u00e9 de l&rsquo;appareil.<\/li>\n<li>Le tube rectangulaire a une largeur de 1,5&Prime; et une \u00e9paisseur de 3\/8&Prime;.<\/li>\n<li>Longueur maximale de 60&Prime; (pour une plus grande longueur, consulter Trivolt).<\/li>\n<li>Enti\u00e8rement scell\u00e9.<\/li>\n<li>Surface inoxydable.<\/li>\n<li>4 options diff\u00e9rentes de fentes de montage sont disponibles. (Voir ci-dessous pour les options de configuration CH_1, 2, 3 &amp; 4).<\/li>\n<li>La puissance maximale est de 25 watts\/pouce carr\u00e9.<\/li>\n<li>Temp\u00e9rature de surface entre 650\u00b0 et 800\u00b0 F.<\/li>\n<\/ul>\n<\/td>\n<td valign=\"top\" width=\"234\">\n<div class=\"theimage\"><span class=\"title\">CH2<\/span><br \/>\n<img decoding=\"async\" title=\"\" src=\"https:\/\/tri-volt.com\/wp-content\/uploads\/2013\/01\/ch2.jpg\" alt=\"\" \/><\/div>\n<ul>\n<li>Bornes en acier inoxydable 10-32 situ\u00e9es d&rsquo;un c\u00f4t\u00e9 de l&rsquo;appareil.<\/li>\n<li>Le tube rectangulaire a une largeur de 1,5&Prime; et une \u00e9paisseur de 3\/8&Prime;.<\/li>\n<li>Longueur maximale de 60&Prime; (pour une plus grande longueur, consulter Trivolt).<\/li>\n<li>Enti\u00e8rement scell\u00e9.<\/li>\n<li>Surface inoxydable.<\/li>\n<li>4 options diff\u00e9rentes de fentes de montage sont disponibles. (Voir ci-dessous pour les options CH Config_1, 2, 3 &amp; 4).<\/li>\n<li>La puissance maximale est de 25 watts\/pouce carr\u00e9.<\/li>\n<li>Temp\u00e9rature de surface entre 650\u00b0 et 800\u00b0 F.<\/li>\n<\/ul>\n<\/td>\n<td valign=\"top\" width=\"234\">\n<div class=\"theimage\"><span class=\"title\">CH3<\/span><br \/>\n<img decoding=\"async\" title=\"\" src=\"https:\/\/tri-volt.com\/wp-content\/uploads\/2013\/01\/ch3.jpg\" alt=\"\" \/><\/div>\n<ul>\n<li>Les bornes en acier inoxydable 10-32 sont situ\u00e9es d&rsquo;un c\u00f4t\u00e9 de l&rsquo;appareil en position diagonale.<\/li>\n<li>Le tube rectangulaire a une largeur de 1,5&Prime; et une \u00e9paisseur de 3\/8&Prime;.<\/li>\n<li>Longueur maximale de 60&Prime; (pour une plus grande longueur, consulter Trivolt).<\/li>\n<li>Enti\u00e8rement scell\u00e9.<\/li>\n<li>Surface inoxydable.<\/li>\n<li>4 options diff\u00e9rentes de fentes de montage sont disponibles. (Voir ci-dessous pour les options CH Config_1, 2, 3 &amp; 4).<\/li>\n<li>La puissance maximale est de 25 watts\/pouce carr\u00e9.<\/li>\n<li>Temp\u00e9rature de surface entre 650\u00b0 et 800\u00b0 F.<\/li>\n<\/ul>\n<\/td>\n<\/tr>\n<tr>\n<td valign=\"top\" width=\"234\">\n<div class=\"theimage\"><span class=\"title\">CH4<\/span><br \/>\n<img decoding=\"async\" title=\"\" src=\"https:\/\/tri-volt.com\/wp-content\/uploads\/2013\/01\/ch4.jpg\" alt=\"\" \/><\/div>\n<ul>\n<li>Bornes en acier inoxydable 10-32 situ\u00e9es au centre de l&rsquo;appareil.<\/li>\n<li>Le tube rectangulaire a une largeur de 1,5&Prime; et une \u00e9paisseur de 3\/8&Prime;.<\/li>\n<li>Longueur maximale de 60&Prime; (pour une plus grande longueur, consulter Trivolt).<\/li>\n<li>Enti\u00e8rement scell\u00e9.<\/li>\n<li>Surface inoxydable.<\/li>\n<li>4 options diff\u00e9rentes de fentes de montage sont disponibles. (Voir ci-dessous pour les options CH Config_1, 2, 3 &amp; 4).<\/li>\n<li>La puissance maximale est de 25 watts\/pouce carr\u00e9.<\/li>\n<li>Temp\u00e9rature de surface entre 650\u00b0 et 800\u00b0 F.<\/li>\n<\/ul>\n<\/td>\n<td valign=\"top\" width=\"234\">\n<div class=\"theimage\"><span class=\"title\">CH5<\/span><br \/>\n<img decoding=\"async\" title=\"\" src=\"https:\/\/tri-volt.com\/wp-content\/uploads\/2013\/01\/ch5.jpg\" alt=\"\" \/><\/div>\n<ul>\n<li>Les bornes en acier inoxydable 10-32 sont situ\u00e9es d&rsquo;un c\u00f4t\u00e9 de l&rsquo;appareil et sont accompagn\u00e9es d&rsquo;une bo\u00eete \u00e0 bornes.<\/li>\n<li>Le tube rectangulaire a une largeur de 1,5&Prime; et une \u00e9paisseur de 3\/8&Prime;.<\/li>\n<li>Longueur maximale de 60&Prime; (pour une plus grande longueur, consulter Trivolt).<\/li>\n<li>Enti\u00e8rement scell\u00e9.<\/li>\n<li>Surface inoxydable.<\/li>\n<li>4 options diff\u00e9rentes de fentes de montage sont disponibles. (Voir ci-dessous pour les options CH Config_1, 2, 3 &amp; 4).<\/li>\n<li>La puissance maximale est de 25 watts\/pouce carr\u00e9.<\/li>\n<li>Temp\u00e9rature de surface entre 650\u00b0 et 800\u00b0 F.<\/li>\n<\/ul>\n<\/td>\n<td valign=\"top\" width=\"234\">\n<div class=\"theimage\"><span class=\"title\">CH6<\/span><br \/>\n<img decoding=\"async\" title=\"\" src=\"https:\/\/tri-volt.com\/wp-content\/uploads\/2013\/01\/ch6.jpg\" alt=\"\" \/><\/div>\n<ul>\n<li>Option triphas\u00e9e ou bi-tension<\/li>\n<li>Bornes en acier inoxydable 10-32 situ\u00e9es d&rsquo;un c\u00f4t\u00e9 de l&rsquo;appareil.<\/li>\n<li>Le tube rectangulaire a une largeur de 1,5&Prime; et une \u00e9paisseur de 3\/8&Prime;.<\/li>\n<li>Longueur maximale de 60&Prime; (pour une plus grande longueur, consulter Trivolt).<\/li>\n<li>Enti\u00e8rement scell\u00e9.<\/li>\n<li>Surface inoxydable.<\/li>\n<li>4 options diff\u00e9rentes de fentes de montage sont disponibles. (Voir ci-dessous pour les options CH Config_1, 2, 3 &amp; 4).<\/li>\n<li>La puissance maximale est de 25 watts\/pouce carr\u00e9.<\/li>\n<li>Temp\u00e9rature de surface entre 650\u00b0 et 800\u00b0 F.<\/li>\n<\/ul>\n<\/td>\n<\/tr>\n<tr>\n<td valign=\"top\" width=\"234\">\n<div class=\"theimage\"><span class=\"title\">FCS1<\/span><br \/>\n<img decoding=\"async\" title=\"\" src=\"https:\/\/tri-volt.com\/wp-content\/uploads\/2013\/01\/fcs1.jpg\" alt=\"\" \/><\/div>\n<ul>\n<li>Bande en canal \u00e0 ailettes<\/li>\n<li>Des bornes en acier inoxydable 10-32 sont situ\u00e9es de chaque c\u00f4t\u00e9 de l&rsquo;appareil.<\/li>\n<li>Le tube rectangulaire a une largeur de 1,5&Prime; et une \u00e9paisseur de 3\/8&Prime;.<\/li>\n<li>Les ailettes sont fabriqu\u00e9es en acier de calibre 20, 2&Prime; de long x 1,375&Prime; de large.<\/li>\n<li>Longueur maximale de 60&Prime; (pour une plus grande longueur, consulter Trivolt).<\/li>\n<li>Enti\u00e8rement scell\u00e9.<\/li>\n<li>Surface inoxydable.<\/li>\n<li>4 options diff\u00e9rentes de fentes de montage sont disponibles. (Voir ci-dessous pour les options CH Config_1, 2, 3 &amp; 4).<\/li>\n<li>La puissance maximale est de 25 watts\/pouce carr\u00e9.<\/li>\n<li>Temp\u00e9rature de surface entre 650\u00b0 et 800\u00b0 F.<\/li>\n<\/ul>\n<\/td>\n<td valign=\"top\" width=\"234\">\n<div class=\"theimage\"><span class=\"title\">FCS2<\/span><br \/>\n<img decoding=\"async\" title=\"\" src=\"https:\/\/tri-volt.com\/wp-content\/uploads\/2013\/01\/fcs2.jpg\" alt=\"\" \/><\/div>\n<ul>\n<li>Bande en canal \u00e0 ailettes<\/li>\n<li>Bornes en acier inoxydable 10-32 situ\u00e9es d&rsquo;un c\u00f4t\u00e9 de l&rsquo;appareil.<\/li>\n<li>Le tube rectangulaire a une largeur de 1,5&Prime; et une \u00e9paisseur de 3\/8&Prime;.<\/li>\n<li>Les ailettes sont fabriqu\u00e9es en acier de calibre 20, 2&Prime; de long x 1,375&Prime; de large.<\/li>\n<li>Longueur maximale de 60&Prime; (pour une plus grande longueur, consulter Trivolt).<\/li>\n<li>Enti\u00e8rement scell\u00e9.<\/li>\n<li>Surface inoxydable.<\/li>\n<li>4 options diff\u00e9rentes de fentes de montage sont disponibles. (Voir ci-dessous pour les options CH Config_1, 2, 3 &amp; 4).<\/li>\n<li>La puissance maximale est de 25 watts\/pouce carr\u00e9.<\/li>\n<li>Temp\u00e9rature de surface entre 650\u00b0 et 800\u00b0 F.<\/li>\n<\/ul>\n<\/td>\n<td valign=\"top\" width=\"234\">\n<div class=\"theimage\"><span class=\"title\">FCS3<\/span><br \/>\n<img decoding=\"async\" title=\"\" src=\"https:\/\/tri-volt.com\/wp-content\/uploads\/2013\/01\/fcs3.jpg\" alt=\"\" \/><\/div>\n<ul>\n<li>Bande en canal \u00e0 ailettes<\/li>\n<li>Bornes en acier inoxydable 10-32 situ\u00e9es d&rsquo;un c\u00f4t\u00e9 de l&rsquo;appareil en position diagonale.<\/li>\n<li>Le tube rectangulaire a une largeur de 1,5&Prime; et une \u00e9paisseur de 3\/8&Prime;.<\/li>\n<li>Les ailettes sont fabriqu\u00e9es en acier de calibre 20, 2&Prime; de long x 1,375&Prime; de large.<\/li>\n<li>Longueur maximale de 60&Prime; (pour une plus grande longueur, consulter Trivolt).<\/li>\n<li>Enti\u00e8rement scell\u00e9.<\/li>\n<li>Surface inoxydable.<\/li>\n<li>4 options diff\u00e9rentes de fentes de montage sont disponibles. (Voir ci-dessous pour les options CH Config_1, 2, 3 &amp; 4).<\/li>\n<li>La puissance maximale est de 25 watts\/pouce carr\u00e9.<\/li>\n<li>Temp\u00e9rature de surface entre 650\u00b0 et 800\u00b0 F.<\/li>\n<\/ul>\n<\/td>\n<\/tr>\n<tr>\n<td valign=\"top\" width=\"234\">\n<div class=\"theimage\"><span class=\"title\">FCS4<\/span><br \/>\n<img decoding=\"async\" title=\"\" src=\"https:\/\/tri-volt.com\/wp-content\/uploads\/2013\/01\/fcs4.jpg\" alt=\"\" \/><\/div>\n<ul>\n<li>Bande en canal \u00e0 ailettes<\/li>\n<li>Bornes en acier inoxydable 10-32 situ\u00e9es au centre de l&rsquo;appareil.<\/li>\n<li>Le tube rectangulaire a une largeur de 1,5&Prime; et une \u00e9paisseur de 3\/8&Prime;.<\/li>\n<li>Les ailettes sont fabriqu\u00e9es en acier de calibre 20, 2&Prime; de long x 1,375&Prime; de large.<\/li>\n<li>Longueur maximale de 60&Prime; (pour une plus grande longueur, consulter Trivolt).<\/li>\n<li>Enti\u00e8rement scell\u00e9.<\/li>\n<li>Surface inoxydable.<\/li>\n<li>4 options diff\u00e9rentes de fentes de montage sont disponibles. (Voir ci-dessous pour les options CH Config_1, 2, 3 &amp; 4).<\/li>\n<li>La puissance maximale est de 25 watts\/pouce carr\u00e9.<\/li>\n<li>Temp\u00e9rature de surface entre 650\u00b0 et 800\u00b0 F.<\/li>\n<\/ul>\n<\/td>\n<td valign=\"top\" width=\"234\">\n<div class=\"theimage\"><span class=\"title\">FCS5<\/span><br \/>\n<img decoding=\"async\" title=\"\" src=\"https:\/\/tri-volt.com\/wp-content\/uploads\/2013\/01\/fcs5.jpg\" alt=\"\" \/><\/div>\n<ul>\n<li>Bande en canal \u00e0 ailettes<\/li>\n<li>Bornes en acier inoxydable 10-32 situ\u00e9es d&rsquo;un c\u00f4t\u00e9 de l&rsquo;appareil et accompagn\u00e9es d&rsquo;une bo\u00eete \u00e0 bornes.<\/li>\n<li>Le tube rectangulaire a une largeur de 1,5&Prime; et une \u00e9paisseur de 3\/8&Prime;.<\/li>\n<li>Les ailettes sont fabriqu\u00e9es en acier de calibre 20, 2&Prime; de long x 1,375&Prime; de large.<\/li>\n<li>Longueur maximale de 60&Prime; (pour une plus grande longueur, consulter Trivolt).<\/li>\n<li>Enti\u00e8rement scell\u00e9.<\/li>\n<li>Surface inoxydable.<\/li>\n<li>4 options diff\u00e9rentes de fentes de montage sont disponibles. (Voir ci-dessous pour les options CH Config_1, 2, 3 &amp; 4).<\/li>\n<li>La puissance maximale est de 25 watts\/pouce carr\u00e9.<\/li>\n<li>Temp\u00e9rature de surface entre 650\u00b0 et 800\u00b0 F.<\/li>\n<\/ul>\n<\/td>\n<td valign=\"top\" width=\"234\">\n<div class=\"theimage\"><span class=\"title\">FCS6<\/span><br \/>\n<img decoding=\"async\" title=\"\" src=\"https:\/\/tri-volt.com\/wp-content\/uploads\/2013\/01\/fcs6.jpg\" alt=\"\" \/><\/div>\n<ul>\n<li>Bande en canal \u00e0 ailettes<\/li>\n<li>Option triphas\u00e9e ou bi-tension<\/li>\n<li>Bornes en acier inoxydable 10-32 situ\u00e9es d&rsquo;un c\u00f4t\u00e9 de l&rsquo;appareil.<\/li>\n<li>Le tube rectangulaire a une largeur de 1,5&Prime; et une \u00e9paisseur de 3\/8&Prime;.<\/li>\n<li>Les ailettes sont fabriqu\u00e9es en acier de calibre 20, 2&Prime; de long x 1,375&Prime; de large.<\/li>\n<li>Longueur maximale de 60&Prime; (pour une plus grande longueur, consulter Trivolt).<\/li>\n<li>Enti\u00e8rement scell\u00e9.<\/li>\n<li>Surface inoxydable.<\/li>\n<li>4 options diff\u00e9rentes de fentes de montage sont disponibles. (Voir ci-dessous pour les options CH Config_1, 2, 3 &amp; 4).<\/li>\n<li>La puissance maximale est de 25 watts\/pouce carr\u00e9.<\/li>\n<li>Temp\u00e9rature de surface entre 650\u00b0 et 800\u00b0 F.<\/li>\n<\/ul>\n<\/td>\n<\/tr>\n<tr>\n<td colspan=\"3\">\n<table align=\"center\">\n<tbody>\n<tr>\n<td valign=\"top\" width=\"360\">\n<div class=\"theimage2\"><span class=\"title\">Configuration CH 1<\/span><br \/>\n<img decoding=\"async\" title=\"\" src=\"https:\/\/tri-volt.com\/wp-content\/uploads\/2013\/01\/ch_config1.jpg\" alt=\"\" \/><\/div>\n<ul>\n<li style=\"list-style-type: none;\">\n<ul>\n<li>Option de montage<\/li>\n<li>L&rsquo;extr\u00e9mit\u00e9 \u00e9cras\u00e9e a une profondeur de 1&Prime; x 1,40&Prime;.<\/li>\n<li>La taille de la fente est de 0,525&Prime; de large x 0,90&Prime; de long.<\/li>\n<li>Des kits de montage sont disponibles.<\/li>\n<\/ul>\n<\/li>\n<\/ul>\n<\/td>\n<td valign=\"top\" width=\"236\">\n<div class=\"theimage2\"><span class=\"title\">Configuration CH 2<\/span><br \/>\n<img decoding=\"async\" title=\"\" src=\"https:\/\/tri-volt.com\/wp-content\/uploads\/2013\/01\/ch_config2.jpg\" alt=\"\" \/><\/div>\n<ul>\n<li>Option de montage<\/li>\n<li>L&rsquo;extr\u00e9mit\u00e9 \u00e9cras\u00e9e a une profondeur de 1&Prime; x 1,40&Prime;.<\/li>\n<li>La taille de la fente est un trou de 0,675&Prime; de diam\u00e8tre.<\/li>\n<li>Des kits de montage sont disponibles.<\/li>\n<\/ul>\n<\/td>\n<\/tr>\n<\/tbody>\n<\/table>\n<\/td>\n<\/tr>\n<tr>\n<td colspan=\"3\">\n<table align=\"center\">\n<tbody>\n<tr>\n<td valign=\"top\" width=\"360\">\n<div class=\"theimage2\"><span class=\"title\">Configuration CH 3<\/span><br \/>\n<img decoding=\"async\" title=\"\" src=\"https:\/\/tri-volt.com\/wp-content\/uploads\/2013\/01\/ch_config3.jpg\" alt=\"\" \/><\/div>\n<ul>\n<li>Option de montage<\/li>\n<li>L&rsquo;extr\u00e9mit\u00e9 \u00e9cras\u00e9e a une profondeur de 1&Prime; x 1,40&Prime;.<\/li>\n<li>La taille de la fente est de 0,315&Prime; de large x 0,50&Prime; de long.<\/li>\n<li>Des kits de montage sont disponibles.<\/li>\n<\/ul>\n<\/td>\n<td valign=\"top\" width=\"236\">\n<div class=\"theimage2\"><span class=\"title\">Configuration CH 4<\/span><br \/>\n<img decoding=\"async\" title=\"\" src=\"https:\/\/tri-volt.com\/wp-content\/uploads\/2013\/01\/ch_config4.jpg\" alt=\"\" \/><\/div>\n<ul>\n<li>Option de montage<\/li>\n<li>L&rsquo;extr\u00e9mit\u00e9 \u00e9cras\u00e9e a une profondeur de 1&Prime; x 1,40&Prime;.<\/li>\n<li>La taille de la fente est de 0,50&Prime; de large x 0,687&Prime; de long.<\/li>\n<li>Des kits de montage sont disponibles<\/li>\n<\/ul>\n<\/td>\n<\/tr>\n<\/tbody>\n<\/table>\n<\/td>\n<\/tr>\n<\/tbody>\n<\/table>\n","protected":false},"excerpt":{"rendered":"<p>Les bandes chauffantes sont con\u00e7ues pour fournir une chaleur fiable et efficace sur les surfaces planes et dans les espaces restreints. Le tube rectangulaire est lamin\u00e9 \u00e0 froid. Notre tube sans soudure offre une construction robuste adapt\u00e9e aux applications de chauffage industriel telles que les matrices et les moules, le r\u00e9chauffement des aliments, le chauffage [&hellip;]<\/p>\n","protected":false},"author":12,"featured_media":0,"parent":2909,"menu_order":0,"comment_status":"open","ping_status":"open","template":"","meta":{"footnotes":""},"class_list":["post-3231","page","type-page","status-publish","hentry"],"aioseo_notices":[],"_links":{"self":[{"href":"https:\/\/tri-volt.com\/fr\/wp-json\/wp\/v2\/pages\/3231","targetHints":{"allow":["GET"]}}],"collection":[{"href":"https:\/\/tri-volt.com\/fr\/wp-json\/wp\/v2\/pages"}],"about":[{"href":"https:\/\/tri-volt.com\/fr\/wp-json\/wp\/v2\/types\/page"}],"author":[{"embeddable":true,"href":"https:\/\/tri-volt.com\/fr\/wp-json\/wp\/v2\/users\/12"}],"replies":[{"embeddable":true,"href":"https:\/\/tri-volt.com\/fr\/wp-json\/wp\/v2\/comments?post=3231"}],"version-history":[{"count":7,"href":"https:\/\/tri-volt.com\/fr\/wp-json\/wp\/v2\/pages\/3231\/revisions"}],"predecessor-version":[{"id":3396,"href":"https:\/\/tri-volt.com\/fr\/wp-json\/wp\/v2\/pages\/3231\/revisions\/3396"}],"up":[{"embeddable":true,"href":"https:\/\/tri-volt.com\/fr\/wp-json\/wp\/v2\/pages\/2909"}],"wp:attachment":[{"href":"https:\/\/tri-volt.com\/fr\/wp-json\/wp\/v2\/media?parent=3231"}],"curies":[{"name":"wp","href":"https:\/\/api.w.org\/{rel}","templated":true}]}}