{"id":3242,"date":"2012-03-08T23:04:19","date_gmt":"2012-03-08T23:04:19","guid":{"rendered":"https:\/\/tri-volt.com\/industriel\/moisture-proof-strip-heater\/"},"modified":"2023-11-29T18:16:24","modified_gmt":"2023-11-29T18:16:24","slug":"bande-chauffante-etanche-a-lhumidite","status":"publish","type":"page","link":"https:\/\/tri-volt.com\/fr\/industriel\/bande-chauffante-etanche-a-lhumidite\/","title":{"rendered":"Bande chauffante \u00e9tanche \u00e0 l&rsquo;humidit\u00e9"},"content":{"rendered":"<p><span style=\"font-weight: 400;\">La bande chauffante anti-humidit\u00e9 de Trivolt industries est con\u00e7ue pour r\u00e9sister aux \u00e9claboussures intermittentes d&rsquo;eau ou aux d\u00e9versements de plastique sur la bande chauffante. Toutes les extr\u00e9mit\u00e9s et les bords sont enti\u00e8rement scell\u00e9s \u00e0 l&rsquo;aide de notre soudeuse rotative. Toutes les terminaisons sont scell\u00e9es par un capuchon en laiton bras\u00e9 \u00e0 l&rsquo;argent sur tout le pourtour. Tous les r\u00e9chauffeurs MPB sont fabriqu\u00e9s en acier inoxydable 304 2b de calibre 24. Pour les conditions s\u00e9v\u00e8res d&rsquo;exposition \u00e0 l&rsquo;eau ou au plastique, les industries Trivolt proposent le MPBI. Le MPBI est identique au MPB mais nous immergeons compl\u00e8tement le r\u00e9chauffeur sous l&rsquo;eau pour nous assurer que toutes les soudures et tous les joints sont scell\u00e9s \u00e0 100 %.<\/span><\/p>\n<p><span style=\"font-weight: 400;\">Les industries Trivolt adopte un syst\u00e8me de contr\u00f4le de qualit\u00e9 interne strict (QMSM-2009). Chaque appareil de chauffage est test\u00e9 pour sa r\u00e9sistance et sa tenue di\u00e9lectrique. Tous nos appareils de chauffage sont approuv\u00e9s par les marquages CSA, UL et CE.<\/span><\/p>\n<div id=\"box-specs\" style=\"height: 150px;\">\n<ul id=\"tabs\">\n<li class=\"selected lcenter\" title=\"tab-1\"><strong>Applications<\/strong><\/li>\n<li class=\"lcenter\" title=\"tab-2\"><strong>Sp\u00e9cifications<\/strong><\/li>\n<li class=\"lcenter\" title=\"tab-3\"><strong>Construction<\/strong><\/li>\n<li title=\"tab-4\"><span style=\"color: #000000;\"><span style=\"caret-color: #000000;\"><b>Connexions \u00e9lectrique<\/b><\/span><\/span><\/li>\n<li title=\"tab-6\"><span style=\"color: #000000;\"><span style=\"caret-color: #000000;\"><b>M\u00e9thodes de serrage<\/b><\/span><\/span><\/li>\n<li class=\"lcenter\" title=\"tab-7\"><strong>Trous<\/strong><\/li>\n<\/ul>\n<div id=\"tab-cont\" style=\"height: 140px;\">\n<div id=\"tab-1\" class=\"thetab\">\n<ul>\n<li>Environnement humide<\/li>\n<li>Embouts de buse (fil de terre)<\/li>\n<li>Application ext\u00e9rieure<\/li>\n<\/ul>\n<\/div>\n<div id=\"tab-2\" class=\"thetab\">\n<ul>\n<li>Densit\u00e9 maximale en watts : 35 watts\/pouce carr\u00e9<\/li>\n<li>Temp\u00e9rature de la gaine : jusqu&rsquo;\u00e0 800\u00b0F.<\/li>\n<\/ul>\n<\/div>\n<div id=\"tab-3\" class=\"thetab\">\n<ul>\n<li>Construction en 1 pi\u00e8ce<\/li>\n<li>Longueur maximale de 60 pouces<\/li>\n<li>1,5 pouce de largeur minimum<\/li>\n<li>6 pouces de largeur maximum<\/li>\n<\/ul>\n<\/div>\n<div id=\"tab-4\" class=\"thetab\">\n<ul>\n<li>Fil conducteur<\/li>\n<li>Tresse en acier inoxydable<\/li>\n<li>C\u00e2ble d&rsquo;armure<\/li>\n<\/ul>\n<\/div>\n<div id=\"tab-5\" class=\"thetab\">\n<ul>\n<li>texte \u00e0 venir<\/li>\n<\/ul>\n<\/div>\n<div id=\"tab-6\" class=\"thetab\">\n<ul>\n<li>\u00c9crou \u00e0 barillet \u00e0 sangle compl\u00e8te<\/li>\n<li>Languette de montage<\/li>\n<\/ul>\n<\/div>\n<div id=\"tab-7\" class=\"thetab\">\n<ul>\n<li>3\/8&Prime;<\/li>\n<li>1\/2&Prime;<\/li>\n<li>5\/8&Prime;<\/li>\n<li>3\/4&Prime;<\/li>\n<li>1&Prime;<\/li>\n<\/ul>\n<\/div>\n<\/div>\n<\/div>\n<table id=\"products\" style=\"width: 100%;\" cellspacing=\"1\" cellpadding=\"1\" align=\"center\">\n<tbody>\n<tr>\n<td valign=\"top\" width=\"347\">\n<div class=\"theimage\" style=\"width: 347px;\"><span class=\"title\">MPSH-1<\/span><br \/>\n<img decoding=\"async\" title=\"\" src=\"https:\/\/tri-volt.com\/wp-content\/uploads\/2015\/09\/MPSH-1.jpg\" alt=\"\" width=\"345\" \/><\/div>\n<ul>\n<li style=\"list-style-type: none;\">\n<ul>\n<li>Capuchon en laiton bras\u00e9 \u00e0 l&rsquo;argent sur tout le pourtour<\/li>\n<li>Sortie de la tresse en acier inoxydable (fil mis \u00e0 la terre)<\/li>\n<li>sortie directe du fil<\/li>\n<li>Possibilit\u00e9 de sceller le fil avec une gaine thermor\u00e9tractable en caoutchouc ou un manchon en t\u00e9flon<\/li>\n<li>Longueur maximale de 60 pouces<\/li>\n<li>1,5 pouce de largeur minimum<\/li>\n<li>Largeur maximum de 6 pouces<\/li>\n<\/ul>\n<\/li>\n<\/ul>\n<\/td>\n<td valign=\"top\" width=\"347\">\n<div class=\"theimage\" style=\"width: 347px;\"><span class=\"title\">MPSH-2<\/span><br \/>\n<img decoding=\"async\" title=\"\" src=\"https:\/\/tri-volt.com\/wp-content\/uploads\/2015\/09\/MPSH-2.jpg\" alt=\"\" width=\"345\" \/><\/div>\n<ul>\n<li>Capuchon en laiton \u00e0 angle droit, bras\u00e9 \u00e0 l&rsquo;argent sur tout le pourtour<\/li>\n<li>Le capuchon peut \u00eatre tourn\u00e9 \u00e0 90 &#8211; 180 &#8211; 270 ou 360 degr\u00e9s<\/li>\n<li>Sortie de la tresse en acier inoxydable (fil mis \u00e0 la terre)<\/li>\n<li>Sortie directe du fil<\/li>\n<li>Possibilit\u00e9 de sceller le fil avec une gaine thermor\u00e9tractable en caoutchouc ou un manchon en t\u00e9flon<\/li>\n<li>Longueur maximale de 60 pouces<\/li>\n<li>Largeur minimale de 1,5 pouce<\/li>\n<li>Largeur maximum de 6 pouces<\/li>\n<\/ul>\n<\/td>\n<\/tr>\n<tr>\n<td valign=\"top\" width=\"347\">\n<div class=\"theimage\" style=\"width: 347px;\"><span class=\"title\">MPSH-3<\/span><br \/>\n<img decoding=\"async\" title=\"\" src=\"https:\/\/tri-volt.com\/wp-content\/uploads\/2015\/09\/MPSH-3.jpg\" alt=\"\" width=\"345\" \/><\/div>\n<ul>\n<li>Capuchon en laiton bras\u00e9 \u00e0 l&rsquo;argent sur tout le pourtour<\/li>\n<li>Sortie du c\u00e2ble d&rsquo;armure en acier inoxydable (fil mis \u00e0 la terre)<\/li>\n<li>Sortie droite du fil<\/li>\n<li>Possibilit\u00e9 de sceller le fil avec un manchon en t\u00e9flon<\/li>\n<li>Longueur maximale de 60 pouces<\/li>\n<li>Largeur minimale de 1,5 pouce<\/li>\n<li>Largeur maximum de 6 pouces<\/li>\n<\/ul>\n<\/td>\n<td valign=\"top\" width=\"347\">\n<div class=\"theimage\" style=\"width: 347px;\"><span class=\"title\">MPSH-4<\/span><br \/>\n<img decoding=\"async\" title=\"\" src=\"https:\/\/tri-volt.com\/wp-content\/uploads\/2015\/09\/MPSH-4.jpg\" alt=\"\" width=\"345\" \/><\/div>\n<ul>\n<li>Capuchon droit en laiton bras\u00e9 \u00e0 l&rsquo;argent sur tout le pourtour<\/li>\n<li>Sortie du c\u00e2ble d&rsquo;armure en acier inoxydable (fil mis \u00e0 la terre)<\/li>\n<li>Sortie droite du fil<\/li>\n<li>Possibilit\u00e9 de sceller le fil avec un manchon en t\u00e9flon<\/li>\n<li>Longueur maximale de 60 pouces<\/li>\n<li>Largeur minimale de 1,5 pouce<\/li>\n<li>Largeur maximum de 6 pouces<\/li>\n<\/ul>\n<\/td>\n<\/tr>\n<tr>\n<td valign=\"top\" width=\"347\">\n<div class=\"theimage\" style=\"width: 347px;\"><span class=\"title\">MPSH-5<\/span><br \/>\n<img decoding=\"async\" title=\"\" src=\"https:\/\/tri-volt.com\/wp-content\/uploads\/2015\/09\/MPSH-5.jpg\" alt=\"\" width=\"345\" \/><\/div>\n<ul>\n<li>Capuchon en laiton bras\u00e9 \u00e0 l&rsquo;argent sur tout le pourtour<\/li>\n<li>Sortie de la tresse en acier inoxydable (fil mis \u00e0 la terre)<\/li>\n<li>Sortie droite du fil<\/li>\n<li>Possibilit\u00e9 de sceller le fil avec un manchon en t\u00e9flon<\/li>\n<li>Longueur maximale de 60 pouces<\/li>\n<li>Largeur minimale de 1,5 pouce<\/li>\n<li>Largeur maximum de 6 pouces<\/li>\n<\/ul>\n<\/td>\n<\/tr>\n<\/tbody>\n<\/table>\n","protected":false},"excerpt":{"rendered":"<p>La bande chauffante anti-humidit\u00e9 de Trivolt industries est con\u00e7ue pour r\u00e9sister aux \u00e9claboussures intermittentes d&rsquo;eau ou aux d\u00e9versements de plastique sur la bande chauffante. Toutes les extr\u00e9mit\u00e9s et les bords sont enti\u00e8rement scell\u00e9s \u00e0 l&rsquo;aide de notre soudeuse rotative. Toutes les terminaisons sont scell\u00e9es par un capuchon en laiton bras\u00e9 \u00e0 l&rsquo;argent sur tout le [&hellip;]<\/p>\n","protected":false},"author":12,"featured_media":0,"parent":2909,"menu_order":0,"comment_status":"open","ping_status":"open","template":"","meta":{"footnotes":""},"class_list":["post-3242","page","type-page","status-publish","hentry"],"aioseo_notices":[],"_links":{"self":[{"href":"https:\/\/tri-volt.com\/fr\/wp-json\/wp\/v2\/pages\/3242","targetHints":{"allow":["GET"]}}],"collection":[{"href":"https:\/\/tri-volt.com\/fr\/wp-json\/wp\/v2\/pages"}],"about":[{"href":"https:\/\/tri-volt.com\/fr\/wp-json\/wp\/v2\/types\/page"}],"author":[{"embeddable":true,"href":"https:\/\/tri-volt.com\/fr\/wp-json\/wp\/v2\/users\/12"}],"replies":[{"embeddable":true,"href":"https:\/\/tri-volt.com\/fr\/wp-json\/wp\/v2\/comments?post=3242"}],"version-history":[{"count":6,"href":"https:\/\/tri-volt.com\/fr\/wp-json\/wp\/v2\/pages\/3242\/revisions"}],"predecessor-version":[{"id":3272,"href":"https:\/\/tri-volt.com\/fr\/wp-json\/wp\/v2\/pages\/3242\/revisions\/3272"}],"up":[{"embeddable":true,"href":"https:\/\/tri-volt.com\/fr\/wp-json\/wp\/v2\/pages\/2909"}],"wp:attachment":[{"href":"https:\/\/tri-volt.com\/fr\/wp-json\/wp\/v2\/media?parent=3242"}],"curies":[{"name":"wp","href":"https:\/\/api.w.org\/{rel}","templated":true}]}}