{"id":3250,"date":"2014-04-08T03:01:31","date_gmt":"2014-04-08T03:01:31","guid":{"rendered":"https:\/\/tri-volt.com\/options\/"},"modified":"2023-11-28T05:37:29","modified_gmt":"2023-11-28T05:37:29","slug":"options","status":"publish","type":"page","link":"https:\/\/tri-volt.com\/fr\/industriel\/bobines-chauffantes\/options\/","title":{"rendered":"Options"},"content":{"rendered":"<table id=\"products\" style=\"width: 100%;\" cellspacing=\"1\" cellpadding=\"1\" align=\"center\">\n<tbody>\n<tr>\n<td valign=\"top\" width=\"234\">\n<div class=\"theimage\" style=\"width: 347px;\"><span class=\"title\">RCF_OPT_0<\/span><br \/>\n<img decoding=\"async\" title=\"\" src=\"https:\/\/tri-volt.com\/wp-content\/uploads\/2014\/04\/rcf_opt_1.jpg\" alt=\"\" width=\"345\" \/><\/div>\n<ul>\n<li>C\u00e2bles isol\u00e9s au t\u00e9flon<\/li>\n<\/ul>\n<\/td>\n<td valign=\"top\" width=\"234\">\n<div class=\"theimage\" style=\"width: 347px;\"><span class=\"title\">RCF_OPT_1<\/span><br \/>\n<img decoding=\"async\" title=\"\" src=\"https:\/\/tri-volt.com\/wp-content\/uploads\/2014\/04\/rcf_opt_11.jpg\" alt=\"\" width=\"345\" \/><\/div>\n<ul>\n<li>C\u00e2bles isol\u00e9s au t\u00e9flon, gaine en fibre de verre silicon\u00e9e et fil de terre<\/li>\n<\/ul>\n<\/td>\n<\/tr>\n<tr>\n<td valign=\"top\" width=\"234\">\n<div class=\"theimage\" style=\"width: 347px;\"><span class=\"title\">RCF_OPT_2<\/span><br \/>\n<img decoding=\"async\" title=\"\" src=\"https:\/\/tri-volt.com\/wp-content\/uploads\/2014\/04\/rcf_opt_2.jpg\" alt=\"\" width=\"345\" \/><\/div>\n<ul>\n<li>C\u00e2bles isol\u00e9s au t\u00e9flon, tresse en acier inoxydable (SS) et fil de terre<\/li>\n<\/ul>\n<\/td>\n<td valign=\"top\" width=\"234\">\n<div class=\"theimage\" style=\"width: 347px;\"><span class=\"title\">RCF_OPT_3<\/span><br \/>\n<img decoding=\"async\" title=\"\" src=\"https:\/\/tri-volt.com\/wp-content\/uploads\/2014\/04\/rcf_opt_3.jpg\" alt=\"\" width=\"345\" \/><\/div>\n<ul>\n<li>C\u00e2bles isol\u00e9s au t\u00e9flon et c\u00e2ble d&rsquo;armure (AC) et fil de terre<\/li>\n<\/ul>\n<\/td>\n<\/tr>\n<\/tbody>\n<\/table>\n","protected":false},"excerpt":{"rendered":"<p>RCF_OPT_0 C\u00e2bles isol\u00e9s au t\u00e9flon RCF_OPT_1 C\u00e2bles isol\u00e9s au t\u00e9flon, gaine en fibre de verre silicon\u00e9e et fil de terre RCF_OPT_2 C\u00e2bles isol\u00e9s au t\u00e9flon, tresse en acier inoxydable (SS) et fil de terre RCF_OPT_3 C\u00e2bles isol\u00e9s au t\u00e9flon et c\u00e2ble d&rsquo;armure (AC) et fil de terre<\/p>\n","protected":false},"author":12,"featured_media":0,"parent":3267,"menu_order":0,"comment_status":"open","ping_status":"open","template":"","meta":{"footnotes":""},"class_list":["post-3250","page","type-page","status-publish","hentry"],"aioseo_notices":[],"_links":{"self":[{"href":"https:\/\/tri-volt.com\/fr\/wp-json\/wp\/v2\/pages\/3250","targetHints":{"allow":["GET"]}}],"collection":[{"href":"https:\/\/tri-volt.com\/fr\/wp-json\/wp\/v2\/pages"}],"about":[{"href":"https:\/\/tri-volt.com\/fr\/wp-json\/wp\/v2\/types\/page"}],"author":[{"embeddable":true,"href":"https:\/\/tri-volt.com\/fr\/wp-json\/wp\/v2\/users\/12"}],"replies":[{"embeddable":true,"href":"https:\/\/tri-volt.com\/fr\/wp-json\/wp\/v2\/comments?post=3250"}],"version-history":[{"count":2,"href":"https:\/\/tri-volt.com\/fr\/wp-json\/wp\/v2\/pages\/3250\/revisions"}],"predecessor-version":[{"id":3252,"href":"https:\/\/tri-volt.com\/fr\/wp-json\/wp\/v2\/pages\/3250\/revisions\/3252"}],"up":[{"embeddable":true,"href":"https:\/\/tri-volt.com\/fr\/wp-json\/wp\/v2\/pages\/3267"}],"wp:attachment":[{"href":"https:\/\/tri-volt.com\/fr\/wp-json\/wp\/v2\/media?parent=3250"}],"curies":[{"name":"wp","href":"https:\/\/api.w.org\/{rel}","templated":true}]}}