{"id":3253,"date":"2012-11-21T06:27:13","date_gmt":"2012-11-21T06:27:13","guid":{"rendered":"https:\/\/tri-volt.com\/industriel\/thermocouples\/"},"modified":"2023-11-29T18:20:42","modified_gmt":"2023-11-29T18:20:42","slug":"thermocouples","status":"publish","type":"page","link":"https:\/\/tri-volt.com\/fr\/industriel\/thermocouples\/","title":{"rendered":"Thermocouples"},"content":{"rendered":"<p><span style=\"font-weight: 400;\">Les industries Trivolt poss\u00e8dent une vaste exp\u00e9rience dans la conception et la fabrication de thermocouples et de capteurs. Nos thermocouples peuvent \u00eatre adapt\u00e9s aux applications du client dans une vari\u00e9t\u00e9 d&rsquo;industries telles que l&rsquo;industrie chimique et p\u00e9trochimique, la transmission du gaz, l&rsquo;industrie pharmaceutique, l&rsquo;industrie alimentaire, l&rsquo;industrie du transport et l&rsquo;industrie du plastique.<\/span><\/p>\n<p><span style=\"font-weight: 400;\">TriVolt peut recommander les solutions les plus efficaces pour r\u00e9pondre aux besoins de vos applications, des thermocouples \u00e0 ba\u00efonnette standard aux thermocouples \u00e0 isolation min\u00e9rale. Les thermocouples peuvent \u00eatre utilis\u00e9s \u00e0 des temp\u00e9ratures allant de 200\u00b0 \u00e0 1250\u00b0C (392\u00b0 \u00e0 2282\u00b0 F).<\/span><\/p>\n<p><span style=\"font-weight: 400;\">Nos assemblages de thermocouples offrent une grande vari\u00e9t\u00e9 de styles de terminaison et de raccords de montage. Les diam\u00e8tres disponibles pour les thermocouples \u00e0 isolation min\u00e9rale sont de 0,04&Prime;, 0,06&Prime;, 0,125&Prime;, 0,187&Prime; et 0,25&Prime;. Les thermocouples standard sont propos\u00e9s dans les diam\u00e8tres 0,125&Prime;, 0,187&Prime; et 0,25&Prime;.<\/span><\/p>\n<p><span style=\"font-weight: 400;\">Tous les thermocouples sont propos\u00e9s en acier inoxydable et en Inconel.<\/span><\/p>\n<p><span style=\"font-weight: 400;\">Les industries Trivolt adopte un syst\u00e8me de contr\u00f4le de qualit\u00e9 interne strict (QMSM-2009). Chaque appareil de chauffage est test\u00e9 pour sa r\u00e9sistance et sa tenue di\u00e9lectrique. Tous nos appareils de chauffage sont approuv\u00e9s par les marquages CSA, UL et CE.<\/span><\/p>\n<div id=\"box-specs\" style=\"height: 198px;\">\n<ul id=\"tabs\">\n<li class=\"selected\" title=\"tab-1\"><strong>Applications<\/strong><\/li>\n<li title=\"tab-2\"><strong>Sp\u00e9cifications<\/strong><\/li>\n<li title=\"tab-3\"><strong>Calibrage<\/strong><\/li>\n<li title=\"tab-4\"><strong>Connexions<\/strong><\/li>\n<\/ul>\n<div id=\"tab-cont\" style=\"height: 198px;\">\n<div id=\"tab-1\" class=\"thetab\">\n<ul>\n<li>Extrusion plastique<\/li>\n<li>Moulage par injection<\/li>\n<li>Moulage par soufflage<\/li>\n<li>Moulage sous pression<\/li>\n<li>Mousse structurelle<\/li>\n<li>Caoutchouc<\/li>\n<li>Emballage<\/li>\n<li>Industries chimiques, p\u00e9troli\u00e8res et gazi\u00e8res<\/li>\n<li>Industrie chimique<\/li>\n<li>Industrie alimentaire<\/li>\n<\/ul>\n<\/div>\n<div id=\"tab-2\" class=\"thetab\">\n<ul>\n<li>Diam\u00e8tres disponibles pour les tubes et les fils : 0,125&Prime;, 0,187&Prime; et 0,25&Prime;.<\/li>\n<li>Diam\u00e8tres disponibles pour l&rsquo;isolant min\u00e9ral : 0,04&Prime;, 0,06&Prime;, 0,125&Prime;, 0,187&Prime; et 0,25&Prime;.<\/li>\n<li>Tubes : acier inoxydable ou Inconel.<\/li>\n<\/ul>\n<\/div>\n<div id=\"tab-3\" class=\"thetab\">\n<ul>\n<li>Type J : plage de temp\u00e9rature de 0\u00b0C \u00e0 750\u00b0C (32\u00b0F \u00e0 1382\u00b0F)<\/li>\n<li>Type K : plage de temp\u00e9rature de -200\u00b0C \u00e0 1250\u00b0C (392\u00b0F \u00e0 2282\u00b0F)<\/li>\n<li>Pour tout autre calibrages, veuillez consulter l&rsquo;usine<\/li>\n<\/ul>\n<\/div>\n<div id=\"tab-4\" class=\"thetab\">\n<ul>\n<li>Cordons divis\u00e9s standard<\/li>\n<li>Cordons divis\u00e9s standard avec cosses<\/li>\n<li>Connecteur masculin<\/li>\n<li>Connecteur f\u00e9minin<\/li>\n<li>Bo\u00eetier en fonte de fer<\/li>\n<\/ul>\n<\/div>\n<\/div>\n<\/div>\n","protected":false},"excerpt":{"rendered":"<p>Les industries Trivolt poss\u00e8dent une vaste exp\u00e9rience dans la conception et la fabrication de thermocouples et de capteurs. Nos thermocouples peuvent \u00eatre adapt\u00e9s aux applications du client dans une vari\u00e9t\u00e9 d&rsquo;industries telles que l&rsquo;industrie chimique et p\u00e9trochimique, la transmission du gaz, l&rsquo;industrie pharmaceutique, l&rsquo;industrie alimentaire, l&rsquo;industrie du transport et l&rsquo;industrie du plastique. TriVolt peut recommander [&hellip;]<\/p>\n","protected":false},"author":12,"featured_media":0,"parent":2909,"menu_order":0,"comment_status":"open","ping_status":"open","template":"","meta":{"footnotes":""},"class_list":["post-3253","page","type-page","status-publish","hentry"],"aioseo_notices":[],"_links":{"self":[{"href":"https:\/\/tri-volt.com\/fr\/wp-json\/wp\/v2\/pages\/3253","targetHints":{"allow":["GET"]}}],"collection":[{"href":"https:\/\/tri-volt.com\/fr\/wp-json\/wp\/v2\/pages"}],"about":[{"href":"https:\/\/tri-volt.com\/fr\/wp-json\/wp\/v2\/types\/page"}],"author":[{"embeddable":true,"href":"https:\/\/tri-volt.com\/fr\/wp-json\/wp\/v2\/users\/12"}],"replies":[{"embeddable":true,"href":"https:\/\/tri-volt.com\/fr\/wp-json\/wp\/v2\/comments?post=3253"}],"version-history":[{"count":3,"href":"https:\/\/tri-volt.com\/fr\/wp-json\/wp\/v2\/pages\/3253\/revisions"}],"predecessor-version":[{"id":3276,"href":"https:\/\/tri-volt.com\/fr\/wp-json\/wp\/v2\/pages\/3253\/revisions\/3276"}],"up":[{"embeddable":true,"href":"https:\/\/tri-volt.com\/fr\/wp-json\/wp\/v2\/pages\/2909"}],"wp:attachment":[{"href":"https:\/\/tri-volt.com\/fr\/wp-json\/wp\/v2\/media?parent=3253"}],"curies":[{"name":"wp","href":"https:\/\/api.w.org\/{rel}","templated":true}]}}