{"id":3260,"date":"2013-11-20T06:31:15","date_gmt":"2013-11-20T06:31:15","guid":{"rendered":"https:\/\/tri-volt.com\/energie\/thermocouples-mgo\/"},"modified":"2023-11-29T00:07:23","modified_gmt":"2023-11-29T00:07:23","slug":"thermocouples-mgo","status":"publish","type":"page","link":"https:\/\/tri-volt.com\/fr\/energie\/thermocouples-mgo\/","title":{"rendered":"Thermocouples MGO"},"content":{"rendered":"<p><span style=\"font-weight: 400;\">Les thermocouples \u00e0 isolation min\u00e9rale de Trivolt offrent une r\u00e9ponse rapide, sont tr\u00e8s durables et supportent facilement les applications \u00e0 haute temp\u00e9rature.<\/span><\/p>\n<p><span style=\"font-weight: 400;\">Ces thermocouples \u00e0 gaine m\u00e9tallique de haute qualit\u00e9 sont remplis d&rsquo;oxyde de magn\u00e9sium compact\u00e9 et peuvent \u00eatre form\u00e9s sur mesure autour d&rsquo;un rayon.<\/span><\/p>\n<p><span style=\"font-weight: 400;\">Trivolt peut fabriquer tous les calibrages de temp\u00e9rature standard en utilisant n&rsquo;importe quel mat\u00e9riau de gaine. Par exemple, un calibrage de type \u00ab\u00a0K\u00a0\u00bb avec une gaine en inconel pour une application allant jusqu&rsquo;\u00e0 2100\u00b0 F.<\/span><\/p>\n<p><span style=\"font-weight: 400;\">Nous proposons des diam\u00e8tres standard de minimum 1 mm \u00e0 maximum 0,5&Prime;.<\/span><\/p>\n<p><span style=\"font-weight: 400;\">Les industries Trivolt adopte un syst\u00e8me de contr\u00f4le de qualit\u00e9 interne strict (QMSM-2009). Chaque appareil de chauffage est test\u00e9 pour sa r\u00e9sistance et sa tenue di\u00e9lectrique. Tous nos appareils de chauffage sont approuv\u00e9s par les marquages CSA, UL et CE.<\/span><\/p>\n<p><img loading=\"lazy\" decoding=\"async\" class=\"alignleft size-full wp-image-516\" src=\"https:\/\/tri-volt.com\/wp-content\/uploads\/2013\/11\/trivolt_oil-gas_thermocouples-mgo-straight-sphere-tip.jpg\" alt=\"TriVolt-TC-Straight-Sphere-Tip\" width=\"500\" height=\"155\" srcset=\"https:\/\/tri-volt.com\/wp-content\/uploads\/2013\/11\/trivolt_oil-gas_thermocouples-mgo-straight-sphere-tip.jpg 500w, https:\/\/tri-volt.com\/wp-content\/uploads\/2013\/11\/trivolt_oil-gas_thermocouples-mgo-straight-sphere-tip-300x93.jpg 300w\" sizes=\"auto, (max-width: 500px) 100vw, 500px\" \/><\/p>\n","protected":false},"excerpt":{"rendered":"<p>Les thermocouples \u00e0 isolation min\u00e9rale de Trivolt offrent une r\u00e9ponse rapide, sont tr\u00e8s durables et supportent facilement les applications \u00e0 haute temp\u00e9rature. Ces thermocouples \u00e0 gaine m\u00e9tallique de haute qualit\u00e9 sont remplis d&rsquo;oxyde de magn\u00e9sium compact\u00e9 et peuvent \u00eatre form\u00e9s sur mesure autour d&rsquo;un rayon. Trivolt peut fabriquer tous les calibrages de temp\u00e9rature standard en [&hellip;]<\/p>\n","protected":false},"author":12,"featured_media":2324,"parent":3049,"menu_order":0,"comment_status":"open","ping_status":"closed","template":"","meta":{"footnotes":""},"class_list":["post-3260","page","type-page","status-publish","has-post-thumbnail","hentry"],"aioseo_notices":[],"_links":{"self":[{"href":"https:\/\/tri-volt.com\/fr\/wp-json\/wp\/v2\/pages\/3260","targetHints":{"allow":["GET"]}}],"collection":[{"href":"https:\/\/tri-volt.com\/fr\/wp-json\/wp\/v2\/pages"}],"about":[{"href":"https:\/\/tri-volt.com\/fr\/wp-json\/wp\/v2\/types\/page"}],"author":[{"embeddable":true,"href":"https:\/\/tri-volt.com\/fr\/wp-json\/wp\/v2\/users\/12"}],"replies":[{"embeddable":true,"href":"https:\/\/tri-volt.com\/fr\/wp-json\/wp\/v2\/comments?post=3260"}],"version-history":[{"count":2,"href":"https:\/\/tri-volt.com\/fr\/wp-json\/wp\/v2\/pages\/3260\/revisions"}],"predecessor-version":[{"id":3262,"href":"https:\/\/tri-volt.com\/fr\/wp-json\/wp\/v2\/pages\/3260\/revisions\/3262"}],"up":[{"embeddable":true,"href":"https:\/\/tri-volt.com\/fr\/wp-json\/wp\/v2\/pages\/3049"}],"wp:featuredmedia":[{"embeddable":true,"href":"https:\/\/tri-volt.com\/fr\/wp-json\/wp\/v2\/media\/2324"}],"wp:attachment":[{"href":"https:\/\/tri-volt.com\/fr\/wp-json\/wp\/v2\/media?parent=3260"}],"curies":[{"name":"wp","href":"https:\/\/api.w.org\/{rel}","templated":true}]}}