{"id":3264,"date":"2013-11-20T06:31:54","date_gmt":"2013-11-20T06:31:54","guid":{"rendered":"https:\/\/tri-volt.com\/energie\/aluma-fin-immersion-heaters\/"},"modified":"2024-02-27T15:41:11","modified_gmt":"2024-02-27T15:41:11","slug":"thermoplongeur-a-ailettes-aluma","status":"publish","type":"page","link":"https:\/\/tri-volt.com\/fr\/energie\/thermoplongeur-a-ailettes-aluma\/","title":{"rendered":"Thermoplongeur \u00e0 ailettes Aluma"},"content":{"rendered":"<p><span style=\"font-weight: 400;\">Le thermoplongeur \u00e0 ailettes Aluma est sp\u00e9cialement con\u00e7u pour les applications de surface \u00e0 faible densit\u00e9 de puissance. Disponibles en aluminium (T-6360), en acier au carbone standard, en acier inoxydable et en mat\u00e9riaux exotiques tels que le titane, les ailettes peuvent \u00eatre extrud\u00e9es ou usin\u00e9es par CNC en fonction du mat\u00e9riau choisi. Plus pr\u00e9cis\u00e9ment, les ailettes sont extrud\u00e9es verticalement lorsqu&rsquo;elles sont en aluminium et usin\u00e9es horizontalement par CNC pour tous les autres mat\u00e9riaux. Cette technologie permet d&rsquo;augmenter la surface par pouce carr\u00e9 tout en augmentant la puissance par pouce lin\u00e9aire, mais en maintenant de faibles densit\u00e9s de watt sur la surface.<\/span><\/p>\n<p><span style=\"font-weight: 400;\">Les thermoplongeurs \u00e0 ailettes Aluma peuvent servir les clients de diverses industries entourant le p\u00e9trole et le gaz, les s\u00e9cheurs de gaz, les turbines \u00e0 gaz, la chimie, l&rsquo;\u00e9nergie, l&rsquo;asphalte, la marine et d&rsquo;autres industries qui n\u00e9cessitent le chauffage d&rsquo;un liquide par circulation ou par stagnation.<\/span><\/p>\n<p><span style=\"font-weight: 400;\">Les diff\u00e9rents types de liquides qui peuvent \u00eatre chauff\u00e9s avec les chauffages Aluma sont l&rsquo;huile, le benz\u00e8ne, le glycol, l&rsquo;asphalte, l&rsquo;ac\u00e9tone, les huiles min\u00e9rales, l&rsquo;eau de mer et l&rsquo;air.<\/span><\/p>\n<p><span style=\"font-weight: 400;\">Tous les r\u00e9chauffeurs sont disponibles en version monophas\u00e9e et triphas\u00e9e, avec des tensions allant de 208 \u00e0 600 V et une capacit\u00e9 maximale de 96 kW. TriVolt peut proposer plusieurs \u00e9tages par appareil de chauffage, selon les besoins.<\/span><\/p>\n<p><span style=\"font-weight: 400;\">Les r\u00e9chauffeurs TriVolt peuvent \u00eatre mont\u00e9s sur une bride allant de 3&Prime; \u00e0 10&Prime; sur une zone de 150 \u00e0 300 PSI ; tandis que pour les applications \u00e0 plus haute pression, TriVolt travaille en collaboration avec le CWSB-ASME pour une certification s\u00e9par\u00e9e. Le thermoplongeur \u00e0 ailettes Aluma peut fonctionner jusqu&rsquo;\u00e0 25 watts par pouce carr\u00e9 en fonction de la particularit\u00e9 de l&rsquo;application, des dimensions m\u00e9caniques et des temp\u00e9ratures de fonctionnement.<\/span><\/p>\n<p><span style=\"font-weight: 400;\">Lorsque l&rsquo;espace est limit\u00e9, TriVolt peut proposer notre bouchon \u00e0 vis hexagonal NPT de 3&Prime;. Cette option n&rsquo;est propos\u00e9e que pour les mat\u00e9riaux standard en acier au carbone, en acier inoxydable et en titane.<\/span><\/p>\n<p><span style=\"font-weight: 400;\">Tous les appareils de chauffage sont disponibles avec des bo\u00eetiers NEMA 1 et 4 conformes aux certifications CSA-CUS et HazLoc.<\/span><\/p>\n<p><span style=\"font-weight: 400;\">Le logiciel innovant de simulation de travail solide de TriVolt est utilis\u00e9 pour d\u00e9terminer le mat\u00e9riau exact et la puissance par pouce carr\u00e9 requise pour toute application.<\/span><\/p>\n<p><strong>Tous les produits TriVolt ont \u00e9t\u00e9 soumis \u00e0 des tests internes et CSA rigoureux, CAN\/CSA-C22.2 No. 72-10 (2013) et UL 499 Thirteenth Editions ; Class 2871-02 et 2871-82. Certification HazLoc en attente.<\/strong><\/p>\n<div id=\"box-specs\" style=\"height: 198px;\">\n<ul id=\"tabs\">\n<li class=\"selected\" title=\"tab-1\"><strong>Sp\u00e9cifications<\/strong><\/li>\n<li title=\"tab-2\"><strong>Construction<\/strong><\/li>\n<li title=\"tab-3\"><span style=\"color: #000000;\"><span style=\"caret-color: #000000;\"><b>Connexions \u00e9lectriques<\/b><\/span><\/span><\/li>\n<li title=\"tab-4\"><span style=\"color: #000000;\"><span style=\"caret-color: #000000;\"><b>Bo\u00eetier du terminal<\/b><\/span><\/span><\/li>\n<li title=\"tab-5\"><span style=\"color: #000000;\"><span style=\"caret-color: #000000;\"><b>M\u00e9thodes de serrage<\/b><\/span><\/span><\/li>\n<\/ul>\n<div id=\"tab-cont\" style=\"height: 198px;\"><\/div>\n<\/div>\n<table id=\"products\" style=\"width: 100%;\" cellspacing=\"1\" cellpadding=\"1\" align=\"center\">\n<tbody>\n<tr>\n<td valign=\"top\" width=\"234\">\n<div class=\"theimage\">\n<span class=\"title\">NEMA 1<\/span><br \/>\n&nbsp;<\/div>\n<div>\n<br \/>\n<!--\n<a href=\"https:\/\/tri-volt.com\/wp-content\/uploads\/2013\/11\/aluma-nema-1.pdf\" target=\"PDFfiles\" rel=\"noopener\"><img loading=\"lazy\" decoding=\"async\" src=\"https:\/\/tri-volt.com\/wp-content\/themes\/trivolt\/images\/icone_doc_pdf.png\" alt=\"pdf\" width=\"24\" height=\"24\" \/>\u00a0ALUMA NEMA 1 - 3\"<\/a>\n-->\n<\/div>\n<\/td>\n<td valign=\"top\" width=\"234\">\n<div class=\"theimage\">\n<span class=\"title\">NEMA 4<\/span><br \/>\n&nbsp;<\/div>\n<div>\n<br \/>\n<!--\n<a href=\"https:\/\/tri-volt.com\/wp-content\/uploads\/2013\/11\/aluma-nema-4-1.pdf\" target=\"PDFfiles\" rel=\"noopener\"><img loading=\"lazy\" decoding=\"async\" src=\"https:\/\/tri-volt.com\/wp-content\/themes\/trivolt\/images\/icone_doc_pdf.png\" alt=\"pdf\" width=\"24\" height=\"24\" \/>\u00a0ALUMA NEMA 4 - 3\"<\/a>\n\n\n<a href=\"https:\/\/tri-volt.com\/wp-content\/uploads\/2013\/11\/aluma-nema-4-2.pdf\" target=\"PDFfiles\" rel=\"noopener\"><img loading=\"lazy\" decoding=\"async\" src=\"https:\/\/tri-volt.com\/wp-content\/themes\/trivolt\/images\/icone_doc_pdf.png\" alt=\"pdf\" width=\"24\" height=\"24\" \/>\u00a0ALUMA NEMA 4 - 6\"<\/a>\n\n\n<a href=\"https:\/\/tri-volt.com\/wp-content\/uploads\/2013\/11\/aluma-nema-4-3.pdf\" target=\"PDFfiles\" rel=\"noopener\"><img loading=\"lazy\" decoding=\"async\" src=\"https:\/\/tri-volt.com\/wp-content\/themes\/trivolt\/images\/icone_doc_pdf.png\" alt=\"pdf\" width=\"24\" height=\"24\" \/>\u00a0ALUMA NEMA 4 - 8\"<\/a>\n\n\n<a href=\"https:\/\/tri-volt.com\/wp-content\/uploads\/2013\/11\/aluma-nema-4-4.pdf\" target=\"PDFfiles\" rel=\"noopener\"><img loading=\"lazy\" decoding=\"async\" src=\"https:\/\/tri-volt.com\/wp-content\/themes\/trivolt\/images\/icone_doc_pdf.png\" alt=\"pdf\" width=\"24\" height=\"24\" \/>\u00a0ALUMA NEMA 4 - 10\"<\/a>\n-->\n<\/div>\n<\/td>\n<td valign=\"top\" width=\"234\">\n<div class=\"theimage\">\n<span class=\"title\">NEMA 7<\/span><br \/>\n&nbsp;<\/div>\n<div>\n<br \/>\n<!--\n<a href=\"https:\/\/tri-volt.com\/wp-content\/uploads\/2013\/11\/aluma-nema-7-1.pdf\" target=\"PDFfiles\" rel=\"noopener\"><img loading=\"lazy\" decoding=\"async\" src=\"https:\/\/tri-volt.com\/wp-content\/themes\/trivolt\/images\/icone_doc_pdf.png\" alt=\"pdf\" width=\"24\" height=\"24\" \/>\u00a0ALUMA NEMA 7 - 3\"<\/a>\n\n\n<a href=\"https:\/\/tri-volt.com\/wp-content\/uploads\/2013\/11\/aluma-nema-7-2.pdf\" target=\"PDFfiles\" rel=\"noopener\"><img loading=\"lazy\" decoding=\"async\" src=\"https:\/\/tri-volt.com\/wp-content\/themes\/trivolt\/images\/icone_doc_pdf.png\" alt=\"pdf\" width=\"24\" height=\"24\" \/>\u00a0ALUMA NEMA 7 - 6\"<\/a>\n\n\n<a href=\"https:\/\/tri-volt.com\/wp-content\/uploads\/2013\/11\/aluma-nema-7-3.pdf\" target=\"PDFfiles\" rel=\"noopener\"><img loading=\"lazy\" decoding=\"async\" src=\"https:\/\/tri-volt.com\/wp-content\/themes\/trivolt\/images\/icone_doc_pdf.png\" alt=\"pdf\" width=\"24\" height=\"24\" \/>\u00a0ALUMA NEMA 7 - 8\"<\/a>\n\n\n<a href=\"https:\/\/tri-volt.com\/wp-content\/uploads\/2013\/11\/aluma-nema-7-4.pdf\" target=\"PDFfiles\" rel=\"noopener\"><img loading=\"lazy\" decoding=\"async\" src=\"https:\/\/tri-volt.com\/wp-content\/themes\/trivolt\/images\/icone_doc_pdf.png\" alt=\"pdf\" width=\"24\" height=\"24\" \/>\u00a0ALUMA NEMA 7 - 10\"<\/a>\n-->\n<\/div>\n<\/td>\n<\/tr>\n<\/tbody>\n<\/table>\n","protected":false},"excerpt":{"rendered":"<p>Le thermoplongeur \u00e0 ailettes Aluma est sp\u00e9cialement con\u00e7u pour les applications de surface \u00e0 faible densit\u00e9 de puissance. Disponibles en aluminium (T-6360), en acier au carbone standard, en acier inoxydable et en mat\u00e9riaux exotiques tels que le titane, les ailettes peuvent \u00eatre extrud\u00e9es ou usin\u00e9es par CNC en fonction du mat\u00e9riau choisi. Plus pr\u00e9cis\u00e9ment, les [&hellip;]<\/p>\n","protected":false},"author":12,"featured_media":2324,"parent":3049,"menu_order":0,"comment_status":"open","ping_status":"closed","template":"","meta":{"footnotes":""},"class_list":["post-3264","page","type-page","status-publish","has-post-thumbnail","hentry"],"aioseo_notices":[],"_links":{"self":[{"href":"https:\/\/tri-volt.com\/fr\/wp-json\/wp\/v2\/pages\/3264","targetHints":{"allow":["GET"]}}],"collection":[{"href":"https:\/\/tri-volt.com\/fr\/wp-json\/wp\/v2\/pages"}],"about":[{"href":"https:\/\/tri-volt.com\/fr\/wp-json\/wp\/v2\/types\/page"}],"author":[{"embeddable":true,"href":"https:\/\/tri-volt.com\/fr\/wp-json\/wp\/v2\/users\/12"}],"replies":[{"embeddable":true,"href":"https:\/\/tri-volt.com\/fr\/wp-json\/wp\/v2\/comments?post=3264"}],"version-history":[{"count":12,"href":"https:\/\/tri-volt.com\/fr\/wp-json\/wp\/v2\/pages\/3264\/revisions"}],"predecessor-version":[{"id":3556,"href":"https:\/\/tri-volt.com\/fr\/wp-json\/wp\/v2\/pages\/3264\/revisions\/3556"}],"up":[{"embeddable":true,"href":"https:\/\/tri-volt.com\/fr\/wp-json\/wp\/v2\/pages\/3049"}],"wp:featuredmedia":[{"embeddable":true,"href":"https:\/\/tri-volt.com\/fr\/wp-json\/wp\/v2\/media\/2324"}],"wp:attachment":[{"href":"https:\/\/tri-volt.com\/fr\/wp-json\/wp\/v2\/media?parent=3264"}],"curies":[{"name":"wp","href":"https:\/\/api.w.org\/{rel}","templated":true}]}}