{"id":3267,"date":"2014-04-08T02:58:05","date_gmt":"2014-04-08T02:58:05","guid":{"rendered":"https:\/\/tri-volt.com\/industriel\/coil-heater\/"},"modified":"2023-11-29T20:33:44","modified_gmt":"2023-11-29T20:33:44","slug":"bobines-chauffantes","status":"publish","type":"page","link":"https:\/\/tri-volt.com\/fr\/industriel\/bobines-chauffantes\/","title":{"rendered":"Bobines chauffantes"},"content":{"rendered":"<p><span style=\"font-weight: 400;\">Les bobines chauffantes sont de petits \u00e9l\u00e9ments chauffants lin\u00e9aires qui peuvent prendre diff\u00e9rentes formes et configurations. Les bobines chauffantes sont des \u00e9l\u00e9ments chauffants tr\u00e8s performants qui permettent d&rsquo;obtenir une puissance \u00e9lev\u00e9e dans un espace limit\u00e9.<\/span><\/p>\n<p><span style=\"font-weight: 400;\">La possibilit\u00e9 de fa\u00e7onner les \u00e9l\u00e9ments chauffants enroul\u00e9s \u00e0 froid permet de chauffer des pi\u00e8ces de formes diff\u00e9rentes. Ces r\u00e9chauffeurs sont g\u00e9n\u00e9ralement utilis\u00e9s dans les buses et les canaux chauds des industries du plastique et de l&#8217;emballage, mais aussi dans les industries ferroviaire, chimique (traitement du caoutchouc), les industries de l&rsquo;automobile et du verre, l&rsquo;estampage \u00e0 chaud, les fonderies et les processus de traitement du bois.<\/span><\/p>\n<p><span style=\"font-weight: 400;\">Pendant l&rsquo;enroulement, l&rsquo;\u00e9cart entre les tours de la bobine peut \u00eatre modifi\u00e9 pour compenser les pertes de chaleur \u00e0 chaque extr\u00e9mit\u00e9 de la bobine ou pour ins\u00e9rer l&rsquo;\u00e9l\u00e9ment chauffant dans des fentes. Les \u00e9l\u00e9ments chauffants enroul\u00e9s peuvent \u00e9galement \u00eatre moul\u00e9s en aluminium ou en bronze.<\/span><\/p>\n<p><span style=\"font-weight: 400;\">Le mat\u00e9riau de la gaine de la bobine chauffante est en acier inoxydable ; le fil de r\u00e9sistance en nichrome 80\/20 est utilis\u00e9 pour une temp\u00e9rature de fusion de 1400\u00b0C et il est fabriqu\u00e9 avec un isolant min\u00e9ral fortement comprim\u00e9 (MGO). La temp\u00e9rature maximale de fonctionnement est de 650\u00b0C ou 1200\u00b0F pour la gaine en acier inoxydable et de 260\u00b0C pour la connexion et les c\u00e2bles.<\/span><\/p>\n<p><span style=\"font-weight: 400;\">Les r\u00e9chauffeurs enroul\u00e9s peuvent s&rsquo;accommoder \u00e0 des capteurs thermocouples de type \u00ab\u00a0J\u00a0\u00bb ou \u00ab\u00a0K\u00a0\u00bb. Ils peuvent \u00e9galement \u00eatre fabriqu\u00e9s avec une configuration de puissance distribu\u00e9e.<\/span><\/p>\n<p><span style=\"font-weight: 400;\">Les industries Trivolt adopte un syst\u00e8me de contr\u00f4le de qualit\u00e9 interne strict (QMSM-2009). Chaque appareil de chauffage est test\u00e9 pour sa r\u00e9sistance et sa tenue di\u00e9lectrique. Tous nos appareils de chauffage sont approuv\u00e9s par les marquages CSA, UL et CE.<\/span><\/p>\n<div id=\"box-specs\" style=\"height: 241px;\">\n<ul id=\"tabs\">\n<li class=\"selected\" title=\"tab-1\"><strong>Applications<\/strong><\/li>\n<li title=\"tab-2\"><strong>Sp\u00e9cifications<\/strong><\/li>\n<li title=\"tab-3\"><strong>Constructions<\/strong><\/li>\n<li title=\"tab-4\"><span style=\"color: #000000;\"><span style=\"caret-color: #000000;\"><b>Diff\u00e9rents types<\/b><\/span><\/span><\/li>\n<li title=\"tab-5\"><strong>Options<\/strong><\/li>\n<\/ul>\n<div id=\"tab-cont\" style=\"height: 218px;\">\n<div id=\"tab-1\" class=\"thetab\">\n<ul>\n<li>Moulage par injection<\/li>\n<li>Moulage par soufflage<\/li>\n<li>Moulage par pression<\/li>\n<li>Mousse structurelle<\/li>\n<li>Industrie alimentaire<\/li>\n<li>Emballage<\/li>\n<li>Produits chimiques (traitement du caoutchouc)<\/li>\n<\/ul>\n<\/div>\n<div id=\"tab-2\" class=\"thetab\">\n<ul>\n<li>Temp\u00e9rature de la gaine : jusqu&rsquo;\u00e0 1200\u00b0 F<\/li>\n<li>Tension de la bobine droite : 1250v<\/li>\n<li>Tension de la bobine form\u00e9e : 1000v<\/li>\n<li>Tension entre le c\u00e2ble et le TC : 600v<\/li>\n<\/ul>\n<\/div>\n<div id=\"tab-3\" class=\"thetab\">\n<ul>\n<li>En acier inoxydable<\/li>\n<li>Diam\u00e8tre int\u00e9rieur minimum : 0,375&Prime; ou 10 mm (consulter l&rsquo;usine pour une largeur inf\u00e9rieure)<\/li>\n<li>Diam\u00e8tre standard des ronds : 0,07&Prime; ou 1,8 mm et 0,145&Prime; ou 3,7 mm<\/li>\n<li>Tol\u00e9rances sur le diam\u00e8tre : +\/- 0,1 mm<\/li>\n<li>Tol\u00e9rances sur la longueur : +\/- 5%<\/li>\n<li>Tol\u00e9rances sur la puissance : +\/-10%<\/li>\n<\/ul>\n<p>&nbsp;<\/p>\n<\/div>\n<div id=\"tab-4\" class=\"thetab\">\n<ul>\n<li>Manchon en fibre de verre<\/li>\n<li>Tresse m\u00e9tallique (SS)<\/li>\n<li>C\u00e2ble d&rsquo;armure (AC)<\/li>\n<li>Fils en t\u00e9flon<\/li>\n<li>Fil de silicone<\/li>\n<li>Fil de terre<\/li>\n<\/ul>\n<\/div>\n<div id=\"tab-5\" class=\"thetab\">\n<ul>\n<li>Pince rapide<\/li>\n<li>Pince de serrage<\/li>\n<li>Bague en acier inoxydable<\/li>\n<li>Bague en bronze avec couvercle en acier inoxydable<\/li>\n<\/ul>\n<\/div>\n<\/div>\n<\/div>\n<h3 id=\"conditions\">Recommandations g\u00e9n\u00e9rales:<\/h3>\n<ul>\n<li>Ne pas remodeler un r\u00e9chauffeur qui a d\u00e9j\u00e0 \u00e9t\u00e9 form\u00e9.<\/li>\n<li>Le r\u00e9chauffeur enroul\u00e9 doit \u00eatre serr\u00e9 sur la partie chauff\u00e9e.<\/li>\n<li>L\u2019\u00e9l\u00e9ment chauffant du r\u00e9chauffeur enroul\u00e9 doit \u00eatre connect\u00e9 \u00e0 la terre.<\/li>\n<li>Si le r\u00e9chauffeur n\u2019a pas \u00e9t\u00e9 utilis\u00e9 depuis longtemps, chauffez-le progressivement pendant de courtes p\u00e9riodes. Cela permettra d\u2019extraire l\u2019humidit\u00e9 de l\u2019\u00e9l\u00e9ment.<\/li>\n<li>Prot\u00e9ger les c\u00e2bles et les connexions contre toute intrusion de mat\u00e9riau et ne pas d\u00e9passer les temp\u00e9ratures recommand\u00e9es de 260\u00b0C\/500\u00b0F en continu.<\/li>\n<\/ul>\n","protected":false},"excerpt":{"rendered":"<p>Les bobines chauffantes sont de petits \u00e9l\u00e9ments chauffants lin\u00e9aires qui peuvent prendre diff\u00e9rentes formes et configurations. Les bobines chauffantes sont des \u00e9l\u00e9ments chauffants tr\u00e8s performants qui permettent d&rsquo;obtenir une puissance \u00e9lev\u00e9e dans un espace limit\u00e9. La possibilit\u00e9 de fa\u00e7onner les \u00e9l\u00e9ments chauffants enroul\u00e9s \u00e0 froid permet de chauffer des pi\u00e8ces de formes diff\u00e9rentes. Ces r\u00e9chauffeurs [&hellip;]<\/p>\n","protected":false},"author":12,"featured_media":0,"parent":2909,"menu_order":0,"comment_status":"open","ping_status":"open","template":"","meta":{"footnotes":""},"class_list":["post-3267","page","type-page","status-publish","hentry"],"aioseo_notices":[],"_links":{"self":[{"href":"https:\/\/tri-volt.com\/fr\/wp-json\/wp\/v2\/pages\/3267","targetHints":{"allow":["GET"]}}],"collection":[{"href":"https:\/\/tri-volt.com\/fr\/wp-json\/wp\/v2\/pages"}],"about":[{"href":"https:\/\/tri-volt.com\/fr\/wp-json\/wp\/v2\/types\/page"}],"author":[{"embeddable":true,"href":"https:\/\/tri-volt.com\/fr\/wp-json\/wp\/v2\/users\/12"}],"replies":[{"embeddable":true,"href":"https:\/\/tri-volt.com\/fr\/wp-json\/wp\/v2\/comments?post=3267"}],"version-history":[{"count":5,"href":"https:\/\/tri-volt.com\/fr\/wp-json\/wp\/v2\/pages\/3267\/revisions"}],"predecessor-version":[{"id":3297,"href":"https:\/\/tri-volt.com\/fr\/wp-json\/wp\/v2\/pages\/3267\/revisions\/3297"}],"up":[{"embeddable":true,"href":"https:\/\/tri-volt.com\/fr\/wp-json\/wp\/v2\/pages\/2909"}],"wp:attachment":[{"href":"https:\/\/tri-volt.com\/fr\/wp-json\/wp\/v2\/media?parent=3267"}],"curies":[{"name":"wp","href":"https:\/\/api.w.org\/{rel}","templated":true}]}}