{"id":3269,"date":"2013-11-20T06:40:21","date_gmt":"2013-11-20T06:40:21","guid":{"rendered":"https:\/\/tri-volt.com\/energie\/ceramic-band-ht-1200\/"},"modified":"2023-11-29T18:46:02","modified_gmt":"2023-11-29T18:46:02","slug":"bande-ceramique-ht-1200","status":"publish","type":"page","link":"https:\/\/tri-volt.com\/fr\/energie\/bande-ceramique-ht-1200\/","title":{"rendered":"Bande c\u00e9ramique HT-1200"},"content":{"rendered":"<p><span style=\"font-weight: 400;\">Les chauffe-bande en c\u00e9ramique des industries Trivolt sont sp\u00e9cifiquement con\u00e7us pour des applications \u00e0 haute temp\u00e9rature de fonctionnement, typiquement de 1200\u00b0 \u00e0 1400\u00b0 F. (Voir l&rsquo;image ci-dessous).<\/span><\/p>\n<p><span style=\"font-weight: 400;\">Les bandes c\u00e9ramiques sont fabriqu\u00e9es avec un couvercle en acier inoxydable et sont isol\u00e9es par des fibres \u00e0 haute temp\u00e9rature pour \u00e9viter les pertes de chaleur, ce qui augmente leur efficacit\u00e9 et r\u00e9duit les co\u00fbts d&rsquo;exploitation.<\/span><\/p>\n<p><span style=\"font-weight: 400;\">L&#8217;embo\u00eetement des sections en c\u00e9ramique rend ces appareils flexibles, avec une bonne conductivit\u00e9 thermique et moins de probl\u00e8mes de dilatation.<\/span><\/p>\n<p><span style=\"font-weight: 400;\">Cette flexibilit\u00e9 rend le montage autour d&rsquo;un tonneau moins critique que celui d&rsquo;une bande de mica et facilite l&rsquo;installation tout en assurant une longue dur\u00e9e de vie.<\/span><\/p>\n<p><span style=\"font-weight: 400;\">Les chauffe-bande en c\u00e9ramique HT1200 peuvent \u00eatre fabriqu\u00e9es dans n&rsquo;importe quelle tension, puissance, en monophas\u00e9 ou triphas\u00e9 et dans diff\u00e9rents diam\u00e8tres. Nous recommandons une largeur maximale de 6&Prime; et une densit\u00e9 maximale de 35 watts par pouce carr\u00e9.<\/span><\/p>\n<p><span style=\"font-weight: 400;\">Nous offrons une s\u00e9lection multiple de bo\u00eetes \u00e0 bornes dans n&rsquo;importe quel emplacement de chauffage requis et pouvons inclure des fils de connexion \u00e0 haute temp\u00e9rature de n&rsquo;importe quelle longueur.<\/span><\/p>\n<p><span style=\"font-weight: 400;\">Les industries Trivolt adopte un syst\u00e8me de contr\u00f4le de qualit\u00e9 interne strict (QMSM-2009). Chaque appareil de chauffage est test\u00e9 pour sa r\u00e9sistance et sa tenue di\u00e9lectrique. Tous nos appareils de chauffage sont approuv\u00e9s par les marquages CSA, UL et CE.<\/span><\/p>\n<div id=\"box-specs\" style=\"height: 198px;\">\n<ul id=\"tabs\">\n<li class=\"selected\" title=\"tab-1\"><strong><strong>Sp\u00e9cifications<\/strong><\/strong><\/li>\n<li title=\"tab-2\"><strong>Construction<\/strong><\/li>\n<li title=\"tab-3\"><span style=\"color: #000000;\"><span style=\"caret-color: #000000;\"><b>Connexions \u00e9lectriques<\/b><\/span><\/span><\/li>\n<li title=\"tab-4\"><span style=\"color: #000000;\"><span style=\"caret-color: #000000;\"><b>Bo\u00eetier du terminal\u00a0<\/b><\/span><\/span><\/li>\n<li title=\"tab-5\"><span style=\"color: #000000;\"><span style=\"caret-color: #000000;\"><b>M\u00e9thodes de serrage<\/b><\/span><\/span><\/li>\n<\/ul>\n<div id=\"tab-cont\" style=\"height: 198px;\">\n<div id=\"tab-1\" class=\"thetab\">\n<ul>\n<li>La puissance maximale par pouce carr\u00e9 est d\u00e9termin\u00e9e par le diam\u00e8tre, la largeur et l&rsquo;application.<\/li>\n<li>Fabriqu\u00e9 avec des c\u00e9ramiques de st\u00e9atite<\/li>\n<li>Temp\u00e9rature (HT)<\/li>\n<li>Les r\u00e9sistances c\u00e9ramiques HT sont enroul\u00e9es avec du fil Kanthal\u00ae A1.<\/li>\n<li>La temp\u00e9rature de fonctionnement du HT est de 1200\u00b0 F jusqu&rsquo;\u00e0 un maximum de 1400\u00b0 F.<\/li>\n<\/ul>\n<\/div>\n<div id=\"tab-2\" class=\"thetab\">\n<ul>\n<li>Construction en 1 ou 2 pi\u00e8ces<\/li>\n<li>Couvercle ext\u00e9rieur : acier inoxydable 3042b de calibre 24<\/li>\n<li>Largeur maximale recommand\u00e9e : 6&Prime;.<\/li>\n<li>Epaisseur : 0.5&Prime;<\/li>\n<li>\u00c9cart r\u00e9gulier : 0.375&Prime;<\/li>\n<\/ul>\n<\/div>\n<div id=\"tab-3\" class=\"thetab\">\n<ul>\n<li>Borne de poste<\/li>\n<li>Tresse m\u00e9tallique (SS)<\/li>\n<li>C\u00e2ble d&rsquo;armure (AC)<\/li>\n<li>Poteau de sol<\/li>\n<li>Double tension<\/li>\n<li>Monophas\u00e9<\/li>\n<li>Triphas\u00e9<\/li>\n<\/ul>\n<\/div>\n<div id=\"tab-4\" class=\"thetab\">\n<ul>\n<li>Bo\u00eete \u00e0 bornes<\/li>\n<li>Bo\u00eete \u00e0 bornes avec bloc c\u00e9ramique<\/li>\n<\/ul>\n<\/div>\n<div id=\"tab-5\" class=\"thetab\">\n<ul>\n<li>Construction standard de l&rsquo;\u00e9crou \u00e0 barillet 10-32<\/li>\n<li>\u00c9crou \u00e0 barillet 10-32 \u00e0 ressort<\/li>\n<li>Loquet et trunion \u00e0 ressort<\/li>\n<\/ul>\n<\/div>\n<\/div>\n<\/div>\n<p><img loading=\"lazy\" decoding=\"async\" class=\"alignleft size-full wp-image-504\" src=\"https:\/\/tri-volt.com\/wp-content\/uploads\/2013\/11\/trivolt_oil-gas_ceramic-band-latch-heater.jpg\" alt=\"TriVolt-Ceramic-Latch-heater\" width=\"500\" height=\"343\" srcset=\"https:\/\/tri-volt.com\/wp-content\/uploads\/2013\/11\/trivolt_oil-gas_ceramic-band-latch-heater.jpg 500w, https:\/\/tri-volt.com\/wp-content\/uploads\/2013\/11\/trivolt_oil-gas_ceramic-band-latch-heater-300x205.jpg 300w\" sizes=\"auto, (max-width: 500px) 100vw, 500px\" \/><\/p>\n","protected":false},"excerpt":{"rendered":"<p>Les chauffe-bande en c\u00e9ramique des industries Trivolt sont sp\u00e9cifiquement con\u00e7us pour des applications \u00e0 haute temp\u00e9rature de fonctionnement, typiquement de 1200\u00b0 \u00e0 1400\u00b0 F. (Voir l&rsquo;image ci-dessous). Les bandes c\u00e9ramiques sont fabriqu\u00e9es avec un couvercle en acier inoxydable et sont isol\u00e9es par des fibres \u00e0 haute temp\u00e9rature pour \u00e9viter les pertes de chaleur, ce qui [&hellip;]<\/p>\n","protected":false},"author":12,"featured_media":0,"parent":3049,"menu_order":0,"comment_status":"open","ping_status":"open","template":"","meta":{"footnotes":""},"class_list":["post-3269","page","type-page","status-publish","hentry"],"aioseo_notices":[],"_links":{"self":[{"href":"https:\/\/tri-volt.com\/fr\/wp-json\/wp\/v2\/pages\/3269","targetHints":{"allow":["GET"]}}],"collection":[{"href":"https:\/\/tri-volt.com\/fr\/wp-json\/wp\/v2\/pages"}],"about":[{"href":"https:\/\/tri-volt.com\/fr\/wp-json\/wp\/v2\/types\/page"}],"author":[{"embeddable":true,"href":"https:\/\/tri-volt.com\/fr\/wp-json\/wp\/v2\/users\/12"}],"replies":[{"embeddable":true,"href":"https:\/\/tri-volt.com\/fr\/wp-json\/wp\/v2\/comments?post=3269"}],"version-history":[{"count":7,"href":"https:\/\/tri-volt.com\/fr\/wp-json\/wp\/v2\/pages\/3269\/revisions"}],"predecessor-version":[{"id":3273,"href":"https:\/\/tri-volt.com\/fr\/wp-json\/wp\/v2\/pages\/3269\/revisions\/3273"}],"up":[{"embeddable":true,"href":"https:\/\/tri-volt.com\/fr\/wp-json\/wp\/v2\/pages\/3049"}],"wp:attachment":[{"href":"https:\/\/tri-volt.com\/fr\/wp-json\/wp\/v2\/media?parent=3269"}],"curies":[{"name":"wp","href":"https:\/\/api.w.org\/{rel}","templated":true}]}}