{"id":3284,"date":"2013-11-20T06:44:51","date_gmt":"2013-11-20T06:44:51","guid":{"rendered":"https:\/\/tri-volt.com\/energie\/mica-band-ht-950\/"},"modified":"2023-11-29T19:09:54","modified_gmt":"2023-11-29T19:09:54","slug":"bande-de-mica-ht-950","status":"publish","type":"page","link":"https:\/\/tri-volt.com\/fr\/energie\/bande-de-mica-ht-950\/","title":{"rendered":"Bande de mica HT-950"},"content":{"rendered":"<p><span style=\"font-weight: 400;\">Les chauffe-bande en mica haute temp\u00e9rature HT-950 des industries Trivolt sont sp\u00e9cifiquement con\u00e7us pour fonctionner dans des conditions de temp\u00e9rature extr\u00eames. Ces chauffages fonctionnent entre 950 et 1100\u00b0 F en continu. (Voir l&rsquo;image ci-dessous.)<\/span><\/p>\n<p><span style=\"font-weight: 400;\">Les chauffe-bande en mica haute temp\u00e9rature sont fabriqu\u00e9es en acier inoxydable #304 et utilisent un fil de r\u00e9sistance Nichrome 80.<\/span><\/p>\n<p><span style=\"font-weight: 400;\">Les chauffe-bande HT-950 \u00e0 haute temp\u00e9rature en mica peuvent \u00eatre fabriqu\u00e9es pour n&rsquo;importe quelle tension, n&rsquo;importe quelle puissance, en monophas\u00e9 ou en triphas\u00e9 et pour diff\u00e9rents diam\u00e8tres. Trivolt recommande une largeur maximale de 6 pouces et une densit\u00e9 maximale de 35 watts par pouce carr\u00e9.<\/span><\/p>\n<p><span style=\"font-weight: 400;\">Plusieurs styles de bo\u00eetes \u00e0 bornes sont disponibles pour tous les emplacements de chauffage et nous pouvons fournir et installer des fils de connexion \u00e0 haute temp\u00e9rature de la longueur requise.<\/span><\/p>\n<p><span style=\"font-weight: 400;\">Les industries Trivolt adopte un syst\u00e8me de contr\u00f4le de qualit\u00e9 interne strict (QMSM-2009). Chaque appareil de chauffage est test\u00e9 pour sa r\u00e9sistance et sa tenue di\u00e9lectrique. Tous nos appareils de chauffage sont approuv\u00e9s par les marquages CSA, UL et CE.<\/span><\/p>\n<div id=\"box-specs\" style=\"height: 198px;\">\n<ul id=\"tabs\">\n<li class=\"selected\" title=\"tab-1\"><strong><strong>Sp\u00e9cifications<\/strong><\/strong><\/li>\n<li title=\"tab-2\"><strong>Construction<\/strong><\/li>\n<li title=\"tab-3\"><strong>Connexions \u00e9lectriques<\/strong><\/li>\n<li title=\"tab-4\"><strong>Bo\u00eetier du terminal<\/strong><\/li>\n<li title=\"tab-5\"><strong>M\u00e9thodes de serrage<\/strong><\/li>\n<\/ul>\n<div id=\"tab-cont\" style=\"height: 198px;\">\n<div id=\"tab-1\" class=\"thetab\">\n<ul>\n<li style=\"list-style-type: none;\">\n<ul>\n<li>Densit\u00e9 maximale en watts : 35 watts\/po\u00b2.<\/li>\n<li>La temp\u00e9rature de fonctionnement du HT est comprise entre 950\u00b0 et 1100\u00b0 F en continu.<\/li>\n<li>La densit\u00e9 maximale de watts et la temp\u00e9rature nominale peuvent varier en fonction de l&rsquo;application.<\/li>\n<\/ul>\n<\/li>\n<\/ul>\n<\/div>\n<div id=\"tab-2\" class=\"thetab\">\n<ul>\n<li>Construction en 1 ou 2 pi\u00e8ces<\/li>\n<li>Mat\u00e9riau ext\u00e9rieur : acier inoxydable 3042b de calibre 24<\/li>\n<li>Mat\u00e9riau int\u00e9rieur : Fil de nickel chrome<\/li>\n<li>Largeur maximale recommand\u00e9e : 6&Prime;.<\/li>\n<li>\u00c9paisseur : 0,205&Prime; +\/- 0,003&Prime;<\/li>\n<li>\u00c9cart r\u00e9gulier : 0.375&Prime;<\/li>\n<\/ul>\n<\/div>\n<div id=\"tab-3\" class=\"thetab\">\n<ul>\n<li>Borne de poste<\/li>\n<li>Tresse m\u00e9tallique (SS)<\/li>\n<li>C\u00e2ble d&rsquo;armure (AC)<\/li>\n<li>Poteau de sol<\/li>\n<li>Double tension<\/li>\n<li>Monophas\u00e9<\/li>\n<li>Triphas\u00e9<\/li>\n<\/ul>\n<\/div>\n<div id=\"tab-4\" class=\"thetab\">\n<ul>\n<li>Bo\u00eete \u00e0 bornes<\/li>\n<li>Bo\u00eete \u00e0 bornes avec bloc c\u00e9ramique<\/li>\n<\/ul>\n<\/div>\n<div id=\"tab-5\" class=\"thetab\">\n<ul>\n<li>\u00c9crou \u00e0 barillet standard 10-32<\/li>\n<li>\u00c9crou \u00e0 barillet 10-32 \u00e0 ressort<\/li>\n<li>Loquet et trunion \u00e0 ressort<\/li>\n<\/ul>\n<\/div>\n<\/div>\n<\/div>\n<p><img loading=\"lazy\" decoding=\"async\" class=\"alignleft size-full wp-image-503\" src=\"https:\/\/tri-volt.com\/wp-content\/uploads\/2013\/11\/trivolt-bx-mica-band.jpg\" alt=\"TriVolt-BX-Mica-Band\" width=\"500\" height=\"346\" srcset=\"https:\/\/tri-volt.com\/wp-content\/uploads\/2013\/11\/trivolt-bx-mica-band.jpg 500w, https:\/\/tri-volt.com\/wp-content\/uploads\/2013\/11\/trivolt-bx-mica-band-300x207.jpg 300w\" sizes=\"auto, (max-width: 500px) 100vw, 500px\" \/><\/p>\n","protected":false},"excerpt":{"rendered":"<p>Les chauffe-bande en mica haute temp\u00e9rature HT-950 des industries Trivolt sont sp\u00e9cifiquement con\u00e7us pour fonctionner dans des conditions de temp\u00e9rature extr\u00eames. Ces chauffages fonctionnent entre 950 et 1100\u00b0 F en continu. (Voir l&rsquo;image ci-dessous.) Les chauffe-bande en mica haute temp\u00e9rature sont fabriqu\u00e9es en acier inoxydable #304 et utilisent un fil de r\u00e9sistance Nichrome 80. Les [&hellip;]<\/p>\n","protected":false},"author":12,"featured_media":0,"parent":3049,"menu_order":0,"comment_status":"open","ping_status":"open","template":"","meta":{"footnotes":""},"class_list":["post-3284","page","type-page","status-publish","hentry"],"aioseo_notices":[],"_links":{"self":[{"href":"https:\/\/tri-volt.com\/fr\/wp-json\/wp\/v2\/pages\/3284","targetHints":{"allow":["GET"]}}],"collection":[{"href":"https:\/\/tri-volt.com\/fr\/wp-json\/wp\/v2\/pages"}],"about":[{"href":"https:\/\/tri-volt.com\/fr\/wp-json\/wp\/v2\/types\/page"}],"author":[{"embeddable":true,"href":"https:\/\/tri-volt.com\/fr\/wp-json\/wp\/v2\/users\/12"}],"replies":[{"embeddable":true,"href":"https:\/\/tri-volt.com\/fr\/wp-json\/wp\/v2\/comments?post=3284"}],"version-history":[{"count":2,"href":"https:\/\/tri-volt.com\/fr\/wp-json\/wp\/v2\/pages\/3284\/revisions"}],"predecessor-version":[{"id":3286,"href":"https:\/\/tri-volt.com\/fr\/wp-json\/wp\/v2\/pages\/3284\/revisions\/3286"}],"up":[{"embeddable":true,"href":"https:\/\/tri-volt.com\/fr\/wp-json\/wp\/v2\/pages\/3049"}],"wp:attachment":[{"href":"https:\/\/tri-volt.com\/fr\/wp-json\/wp\/v2\/media?parent=3284"}],"curies":[{"name":"wp","href":"https:\/\/api.w.org\/{rel}","templated":true}]}}