{"id":3298,"date":"2014-11-13T16:29:32","date_gmt":"2014-11-13T16:29:32","guid":{"rendered":"https:\/\/tri-volt.com\/industriel\/screw-plug-and-flanged-immersion\/"},"modified":"2023-11-29T21:49:49","modified_gmt":"2023-11-29T21:49:49","slug":"bouchon-a-vis-et-immersion-a-bride","status":"publish","type":"page","link":"https:\/\/tri-volt.com\/fr\/industriel\/bouchon-a-vis-et-immersion-a-bride\/","title":{"rendered":"Bouchon \u00e0 vis et immersion \u00e0 bride"},"content":{"rendered":"<p><span style=\"font-weight: 400;\">Les industries Trivolt proposent une gamme compl\u00e8te de thermoplongeurs avec des raccords \u00e0 vis ou \u00e0 brides.<\/span><\/p>\n<p><span style=\"font-weight: 400;\">Les r\u00e9chauffeurs \u00e0 bouchon filet\u00e9 sont disponibles dans toutes les tensions et puissances requises. Les manchons \u00e0 vis standard disponibles vont de 1&Prime; \u00e0 2-1\/2&Prime; NPT, ou filetage standard. Le mat\u00e9riau de la bague peut aller du laiton \u00e0 l&rsquo;acier inoxydable en fonction des besoins.<\/span><\/p>\n<p><span style=\"font-weight: 400;\">Les thermoplongeurs \u00e0 bride sont \u00e9galement disponibles dans toutes les tensions, puissances et en monophas\u00e9 ou triphas\u00e9.<\/span><\/p>\n<p><span style=\"font-weight: 400;\">Les dimensions standard des brides vont de 2\u201d \u00e0 14&Prime; et la pression maximale est de 150 PSI.<\/span><\/p>\n<p><span style=\"font-weight: 400;\">Les mat\u00e9riaux de gaine standard vont du cuivre \u00e0 l&rsquo;Inconel en passant par des mat\u00e9riaux de gaine exotiques tels que le titane.<\/span><\/p>\n<p><span style=\"font-weight: 400;\">Les diam\u00e8tres de la gaine peuvent varier de 0,315&Prime;, 0,375&Prime;, 0,440&Prime; en fonction de la tension et de l&rsquo;application.<\/span><\/p>\n<p><span style=\"font-weight: 400;\">Des bo\u00eetes \u00e0 bornes standard sont disponibles pour les zones dangereuses Nema 1, Nema 4, Nema 12 et Nema 7.<\/span><\/p>\n<p><span style=\"font-weight: 400;\">Les r\u00e9chauffeurs tubulaires Trivolt sont disponibles dans toutes les formes et peuvent \u00eatre fournis avec des ailettes et des bagues de montage.<\/span><\/p>\n<p><span style=\"font-weight: 400;\">Les industries Trivolt adopte un syst\u00e8me de contr\u00f4le de qualit\u00e9 interne strict (QMSM-2009). Chaque appareil de chauffage est test\u00e9 pour sa r\u00e9sistance et sa tenue di\u00e9lectrique. Tous nos appareils de chauffage sont approuv\u00e9s par les marquages CSA, UL et CE.<\/span><\/p>\n<p><a name=\"products\"><\/a><br \/>\n<img loading=\"lazy\" decoding=\"async\" class=\"alignleft size-full wp-image-506\" src=\"https:\/\/tri-volt.com\/wp-content\/uploads\/2013\/11\/trivolt_oil-gas_flanged-heater-take-2.jpg\" alt=\"TriVolt-Flanged-Heater-Take-2\" width=\"500\" height=\"311\" srcset=\"https:\/\/tri-volt.com\/wp-content\/uploads\/2013\/11\/trivolt_oil-gas_flanged-heater-take-2.jpg 500w, https:\/\/tri-volt.com\/wp-content\/uploads\/2013\/11\/trivolt_oil-gas_flanged-heater-take-2-300x186.jpg 300w\" sizes=\"auto, (max-width: 500px) 100vw, 500px\" \/><br \/>\n<img loading=\"lazy\" decoding=\"async\" class=\"alignleft size-full wp-image-509\" src=\"https:\/\/tri-volt.com\/wp-content\/uploads\/2013\/11\/trivolt_oil-gas_screw-plug-heater-take-2.jpg\" alt=\"TriVolt-Screwplug-Heater-take-2\" width=\"500\" height=\"284\" srcset=\"https:\/\/tri-volt.com\/wp-content\/uploads\/2013\/11\/trivolt_oil-gas_screw-plug-heater-take-2.jpg 500w, https:\/\/tri-volt.com\/wp-content\/uploads\/2013\/11\/trivolt_oil-gas_screw-plug-heater-take-2-300x170.jpg 300w\" sizes=\"auto, (max-width: 500px) 100vw, 500px\" \/><\/p>\n","protected":false},"excerpt":{"rendered":"<p>Les industries Trivolt proposent une gamme compl\u00e8te de thermoplongeurs avec des raccords \u00e0 vis ou \u00e0 brides. Les r\u00e9chauffeurs \u00e0 bouchon filet\u00e9 sont disponibles dans toutes les tensions et puissances requises. Les manchons \u00e0 vis standard disponibles vont de 1&Prime; \u00e0 2-1\/2&Prime; NPT, ou filetage standard. Le mat\u00e9riau de la bague peut aller du laiton [&hellip;]<\/p>\n","protected":false},"author":12,"featured_media":0,"parent":2909,"menu_order":0,"comment_status":"open","ping_status":"closed","template":"","meta":{"footnotes":""},"class_list":["post-3298","page","type-page","status-publish","hentry"],"aioseo_notices":[],"_links":{"self":[{"href":"https:\/\/tri-volt.com\/fr\/wp-json\/wp\/v2\/pages\/3298","targetHints":{"allow":["GET"]}}],"collection":[{"href":"https:\/\/tri-volt.com\/fr\/wp-json\/wp\/v2\/pages"}],"about":[{"href":"https:\/\/tri-volt.com\/fr\/wp-json\/wp\/v2\/types\/page"}],"author":[{"embeddable":true,"href":"https:\/\/tri-volt.com\/fr\/wp-json\/wp\/v2\/users\/12"}],"replies":[{"embeddable":true,"href":"https:\/\/tri-volt.com\/fr\/wp-json\/wp\/v2\/comments?post=3298"}],"version-history":[{"count":4,"href":"https:\/\/tri-volt.com\/fr\/wp-json\/wp\/v2\/pages\/3298\/revisions"}],"predecessor-version":[{"id":3309,"href":"https:\/\/tri-volt.com\/fr\/wp-json\/wp\/v2\/pages\/3298\/revisions\/3309"}],"up":[{"embeddable":true,"href":"https:\/\/tri-volt.com\/fr\/wp-json\/wp\/v2\/pages\/2909"}],"wp:attachment":[{"href":"https:\/\/tri-volt.com\/fr\/wp-json\/wp\/v2\/media?parent=3298"}],"curies":[{"name":"wp","href":"https:\/\/api.w.org\/{rel}","templated":true}]}}