{"id":3305,"date":"2015-05-07T19:57:33","date_gmt":"2015-05-07T19:57:33","guid":{"rendered":"https:\/\/tri-volt.com\/industriel\/triflex-immersion-heater\/"},"modified":"2024-02-27T14:50:26","modified_gmt":"2024-02-27T14:50:26","slug":"thermoplongeur-en-triflex","status":"publish","type":"page","link":"https:\/\/tri-volt.com\/fr\/industriel\/thermoplongeur-en-triflex\/","title":{"rendered":"Thermoplongeur en Triflex"},"content":{"rendered":"<div id=\"box-specs\">\n<p><span style=\"font-weight: 400;\">Les thermoplongeurs Tri-flex peuvent \u00eatre mont\u00e9s sur un bouchon \u00e0 vis ou une bride. Le r\u00e9chauffeur Tri-flex peut \u00eatre fabriqu\u00e9 en acier, en acier inoxydable ou en Inconel si n\u00e9cessaire.<\/span><\/p>\n<p><span style=\"font-weight: 400;\">Le bouchon \u00e0 vis Tri-flex peut \u00eatre fabriqu\u00e9 et mont\u00e9 sur 2&Prime; Npt, 2,5&Prime; NPT et 3&Prime; NPT en acier inoxydable et en acier. Tous les tubes sont mont\u00e9s sur une fiche hexagonale de 3000 livres. Le thermoplongeur \u00e0 bride Tri-flex peut \u00eatre mont\u00e9 sur une bride de 2&Prime; \u00e0 36&Prime; sur des brides de 150, 300 et 600 lb en acier inoxydable et en acier.<\/span><\/p>\n<p><span style=\"font-weight: 400;\">L\u2019\u00e9l\u00e9ment chauff\u00e9 est un tube de 1,90 pouce de diam\u00e8tre. Le tube est soud\u00e9 TIG sur le c\u00f4t\u00e9 humide et sec. Les bo\u00eetiers NEMA 1-4 et HAZLOC sont disponibles pour cet appareil de chauffage. Des rainures peuvent \u00eatre usin\u00e9es sur le tube pour cr\u00e9er plus de surface \u00e0 une densit\u00e9 de watt inf\u00e9rieure. Notre longueur maximale standard (dimension B) est de 96 po.<\/span><\/p>\n<p><span style=\"font-weight: 400;\">Les industries Trivolt disposent \u00e9galement de deux traitements anti-corrosion sp\u00e9ciaux sp\u00e9cialement con\u00e7us pour notre r\u00e9chauffeur Tri-flex. Un produit est le TVC-01, un rev\u00eatement c\u00e9ramique qui r\u00e9siste \u00e0 des temp\u00e9ratures sup\u00e9rieures \u00e0 2400 \u00ba F, et notre TV-01, et l\u2019infusion dans l\u2019acier ou l\u2019acier inoxydable contre les sels, les acides ou les environnements tr\u00e8s difficiles chimiquement et m\u00e9caniquement.<\/span><\/p>\n<div id=\"box-specs\">\n<ul id=\"tabs\">\n<li class=\"selected\" title=\"tab-1\"><strong>Applications<\/strong><\/li>\n<li title=\"tab-2\"><strong>Sp\u00e9cifications<\/strong><\/li>\n<li title=\"tab-3\"><strong>Construction<\/strong><\/li>\n<li title=\"tab-4\"><span style=\"color: #000000;\"><span style=\"caret-color: #000000;\"><b>Connexions \u00e9lectriques<\/b><\/span><\/span><\/li>\n<li title=\"tab-5\"><strong>Bo\u00eetier du terminal<\/strong><\/li>\n<li title=\"tab-6\"><strong>M\u00e9thodes de serrage<\/strong><\/li>\n<\/ul>\n<div id=\"tab-cont\" style=\"height: 140px;\">\n<div id=\"tab-1\" class=\"thetab\">\n<ul>\n<li>\n<div class=\"context-result\">\n<div class=\"text\">\n<div><span class=\"text__translation\" dir=\"ltr\">Chauffer des liquides<\/span><\/div>\n<\/div>\n<\/div>\n<\/li>\n<li>Gaz<\/li>\n<li>Huiles<\/li>\n<\/ul>\n<\/div>\n<div id=\"tab-2\" class=\"thetab\">\n<ul>\n<li>de 3 watts par pouce carr\u00e9 jusqu\u2019\u00e0 35 par pouce carr\u00e9<\/li>\n<li>Temp\u00e9rature de fonctionnement jusqu\u2019\u00e0 700 \u00ba F.<\/li>\n<\/ul>\n<\/div>\n<div id=\"tab-3\" class=\"thetab\">\n<ul>\n<li>Acier inoxydable 304-316<\/li>\n<li>Acier<\/li>\n<li>Alliages exotiques<\/li>\n<\/ul>\n<\/div>\n<div id=\"tab-4\" class=\"thetab\">\n<ul>\n<li style=\"list-style-type: none;\">\n<ul>\n<li>Extremit\u00e9 de borne<\/li>\n<li>Bornier<\/li>\n<li>Fil conducteur avec extension de c\u00e2ble blind\u00e9<\/li>\n<li>208 volt \u00e0 600 volt<\/li>\n<li>Monophas\u00e9 et triphas\u00e9<\/li>\n<\/ul>\n<\/li>\n<\/ul>\n<\/div>\n<div id=\"tab-5\" class=\"thetab\">\n<ul>\n<li>Nema 1 \u2022 Nema 4 \u2022 Nema 4x<\/li>\n<li>Hazloc<\/li>\n<\/ul>\n<\/div>\n<div id=\"tab-6\" class=\"thetab\">\n<ul>\n<li>Bouchon \u00e0 vis 2&prime; NPT et grand<\/li>\n<li>Bride de 2 pouces et plus<\/li>\n<li>Disponible en 150Lbs et plus<\/li>\n<\/ul>\n<\/div>\n<\/div>\n<\/div>\n<table id=\"products\" style=\"width: 100%;\" cellspacing=\"1\" cellpadding=\"1\" align=\"center\">\n<tbody>\n<tr>\n<td valign=\"top\" width=\"234\">\n<div class=\"theimage\"><span class=\"title\">Bouchon \u00e0 vis<\/span><br \/>\n<img loading=\"lazy\" decoding=\"async\" class=\"alignnone size-full wp-image-1903\" src=\"https:\/\/tri-volt.com\/wp-content\/uploads\/2015\/05\/triflex-screw-plug_234.jpg\" alt=\"\" width=\"234\" height=\"124\" \/><\/div>\n<ul>\n<li>Mont\u00e9 sur 2&Prime; NPT, 2,5&Prime; NPT et 3&Prime; NPT.<\/li>\n<\/ul>\n<p>&nbsp;<\/td>\n<td valign=\"top\" width=\"234\">\n<div class=\"theimage\">Bouchon \u00e0 vis avec TC<br \/>\n<img loading=\"lazy\" decoding=\"async\" class=\"alignnone size-full wp-image-1904\" src=\"https:\/\/tri-volt.com\/wp-content\/uploads\/2015\/05\/triflex-screw-plug-with-tc_234.jpg\" alt=\"\" width=\"234\" height=\"124\" \/><\/div>\n<ul>\n<li>Mont\u00e9 sur 2&Prime; NPT, 2,5&Prime; NPT et 3&Prime; NPT\u00a0complet avec limite \u00e9lev\u00e9e.<\/li>\n<\/ul>\n<\/td>\n<td valign=\"top\" width=\"234\">\n<div class=\"theimage\"><span class=\"title\">Bride<\/span><br \/>\n<img loading=\"lazy\" decoding=\"async\" class=\"alignnone size-full wp-image-1905\" src=\"https:\/\/tri-volt.com\/wp-content\/uploads\/2015\/05\/triflex-flange_234.jpg\" alt=\"\" width=\"234\" height=\"124\" \/><\/div>\n<ul>\n<li>Mont\u00e9 sur bride de 2&Prime; jusqu\u2019\u00e0 36&Prime;.<\/li>\n<\/ul>\n<\/td>\n<\/tr>\n<tr>\n<td valign=\"top\" width=\"234\">\n<div class=\"theimage\"><span class=\"title\">NEMA 1<\/span><br \/>\n&nbsp;<\/div>\n<p><\/p>\n<div>COMING SOON&#8230;<\/div>\n<\/td>\n<td valign=\"top\" width=\"234\">\n<div class=\"theimage\">\n<span class=\"title\">NEMA 4<\/span><br \/>\n&nbsp;<\/div>\n<div>\n<br \/>\n<!--\n<a href=\"https:\/\/tri-volt.com\/wp-content\/uploads\/2015\/05\/grooved-triflex-nema-4-1.pdf\" target=\"PDFfiles\" rel=\"noopener\"><img loading=\"lazy\" decoding=\"async\" src=\"https:\/\/tri-volt.com\/wp-content\/themes\/trivolt\/images\/icone_doc_pdf.png\" alt=\"pdf\" width=\"24\" height=\"24\" \/>\u00a0Triflex NEMA 4 - 3\"<\/a>\n\n<a href=\"https:\/\/tri-volt.com\/wp-content\/uploads\/2015\/05\/grooved-triflex-nema-4-2.pdf\" target=\"PDFfiles\" rel=\"noopener\"><img loading=\"lazy\" decoding=\"async\" src=\"https:\/\/tri-volt.com\/wp-content\/themes\/trivolt\/images\/icone_doc_pdf.png\" alt=\"pdf\" width=\"24\" height=\"24\" \/>\u00a0Triflex NEMA 4 - 6\"<\/a>\n\n<a href=\"https:\/\/tri-volt.com\/wp-content\/uploads\/2015\/05\/grooved-triflex-nema-4-3.pdf\" target=\"PDFfiles\" rel=\"noopener\"><img loading=\"lazy\" decoding=\"async\" src=\"https:\/\/tri-volt.com\/wp-content\/themes\/trivolt\/images\/icone_doc_pdf.png\" alt=\"pdf\" width=\"24\" height=\"24\" \/>\u00a0Triflex NEMA 4 - 8\"<\/a>\n\n<a href=\"https:\/\/tri-volt.com\/wp-content\/uploads\/2015\/05\/grooved-triflex-nema-4-4.pdf\" target=\"PDFfiles\" rel=\"noopener\"><img loading=\"lazy\" decoding=\"async\" src=\"https:\/\/tri-volt.com\/wp-content\/themes\/trivolt\/images\/icone_doc_pdf.png\" alt=\"pdf\" width=\"24\" height=\"24\" \/>\u00a0Triflex NEMA 4 - 10\"<\/a>\n-->\n<\/div>\n<\/td>\n<td valign=\"top\" width=\"234\">\n<div class=\"theimage\">\n<span class=\"title\">NEMA 7<\/span><br \/>\n&nbsp;<\/div>\n<div>\n<br \/>\n<!--\n<a href=\"https:\/\/tri-volt.com\/wp-content\/uploads\/2015\/05\/grooved-triflex-nema-7-3-in-150-lb.pdf\" target=\"PDFfiles\" rel=\"noopener\"><img loading=\"lazy\" decoding=\"async\" src=\"https:\/\/tri-volt.com\/wp-content\/themes\/trivolt\/images\/icone_doc_pdf.png\" alt=\"pdf\" width=\"24\" height=\"24\" \/>\u00a0Triflex NEMA 7 - 3\"<\/a>\n\n<a href=\"https:\/\/tri-volt.com\/wp-content\/uploads\/2015\/05\/grooved-triflex-nema-7-6-in-150-lb.pdf\" target=\"PDFfiles\" rel=\"noopener\"><img loading=\"lazy\" decoding=\"async\" src=\"https:\/\/tri-volt.com\/wp-content\/themes\/trivolt\/images\/icone_doc_pdf.png\" alt=\"pdf\" width=\"24\" height=\"24\" \/>\u00a0Triflex NEMA 7 - 6\"<\/a>\n\n<a href=\"https:\/\/tri-volt.com\/wp-content\/uploads\/2015\/05\/grooved-triflex-nema-7-8-in-150-lb.pdf\" target=\"PDFfiles\" rel=\"noopener\"><img loading=\"lazy\" decoding=\"async\" src=\"https:\/\/tri-volt.com\/wp-content\/themes\/trivolt\/images\/icone_doc_pdf.png\" alt=\"pdf\" width=\"24\" height=\"24\" \/>\u00a0Triflex NEMA 7 - 8\"<\/a>\n\n<a href=\"https:\/\/tri-volt.com\/wp-content\/uploads\/2015\/05\/grooved-triflex-nema-7-10-in-150-lb.pdf\" target=\"PDFfiles\" rel=\"noopener\"><img loading=\"lazy\" decoding=\"async\" src=\"https:\/\/tri-volt.com\/wp-content\/themes\/trivolt\/images\/icone_doc_pdf.png\" alt=\"pdf\" width=\"24\" height=\"24\" \/>\u00a0Triflex NEMA 7 - 10\"<\/a>\n-->\n<\/div>\n<\/td>\n<\/tr>\n<\/tbody>\n<\/table>\n<\/div>\n","protected":false},"excerpt":{"rendered":"<p>Les thermoplongeurs Tri-flex peuvent \u00eatre mont\u00e9s sur un bouchon \u00e0 vis ou une bride. Le r\u00e9chauffeur Tri-flex peut \u00eatre fabriqu\u00e9 en acier, en acier inoxydable ou en Inconel si n\u00e9cessaire. Le bouchon \u00e0 vis Tri-flex peut \u00eatre fabriqu\u00e9 et mont\u00e9 sur 2&Prime; Npt, 2,5&Prime; NPT et 3&Prime; NPT en acier inoxydable et en acier. Tous [&hellip;]<\/p>\n","protected":false},"author":12,"featured_media":0,"parent":2909,"menu_order":0,"comment_status":"open","ping_status":"open","template":"","meta":{"footnotes":""},"class_list":["post-3305","page","type-page","status-publish","hentry"],"aioseo_notices":[],"_links":{"self":[{"href":"https:\/\/tri-volt.com\/fr\/wp-json\/wp\/v2\/pages\/3305","targetHints":{"allow":["GET"]}}],"collection":[{"href":"https:\/\/tri-volt.com\/fr\/wp-json\/wp\/v2\/pages"}],"about":[{"href":"https:\/\/tri-volt.com\/fr\/wp-json\/wp\/v2\/types\/page"}],"author":[{"embeddable":true,"href":"https:\/\/tri-volt.com\/fr\/wp-json\/wp\/v2\/users\/12"}],"replies":[{"embeddable":true,"href":"https:\/\/tri-volt.com\/fr\/wp-json\/wp\/v2\/comments?post=3305"}],"version-history":[{"count":12,"href":"https:\/\/tri-volt.com\/fr\/wp-json\/wp\/v2\/pages\/3305\/revisions"}],"predecessor-version":[{"id":3547,"href":"https:\/\/tri-volt.com\/fr\/wp-json\/wp\/v2\/pages\/3305\/revisions\/3547"}],"up":[{"embeddable":true,"href":"https:\/\/tri-volt.com\/fr\/wp-json\/wp\/v2\/pages\/2909"}],"wp:attachment":[{"href":"https:\/\/tri-volt.com\/fr\/wp-json\/wp\/v2\/media?parent=3305"}],"curies":[{"name":"wp","href":"https:\/\/api.w.org\/{rel}","templated":true}]}}