{"id":3320,"date":"2014-04-23T02:42:15","date_gmt":"2014-04-23T02:42:15","guid":{"rendered":"https:\/\/tri-volt.com\/industriel\/bobines-chauffantes\/standard-sizes\/"},"modified":"2023-11-29T23:47:48","modified_gmt":"2023-11-29T23:47:48","slug":"tailles-standard","status":"publish","type":"page","link":"https:\/\/tri-volt.com\/fr\/industriel\/bobines-chauffantes\/tailles-standard\/","title":{"rendered":"Tailles standard"},"content":{"rendered":"<p>Stock de r\u00e9chauffeurs bobin\u00e9s standard.<\/p>\n<p><a href=\"https:\/\/tri-volt.com\/wp-content\/uploads\/2014\/04\/std-sizes.jpg\"><img loading=\"lazy\" decoding=\"async\" class=\"size-medium wp-image-767 aligncenter\" src=\"https:\/\/tri-volt.com\/wp-content\/uploads\/2014\/04\/std-sizes-300x145.jpg\" alt=\"std-sizes\" width=\"300\" height=\"145\" srcset=\"https:\/\/tri-volt.com\/wp-content\/uploads\/2014\/04\/std-sizes-300x145.jpg 300w, https:\/\/tri-volt.com\/wp-content\/uploads\/2014\/04\/std-sizes.jpg 364w\" sizes=\"auto, (max-width: 300px) 100vw, 300px\" \/><\/a><\/p>\n<ul>\n<li>Tension standard 230v<\/li>\n<li>La longueur standard des fils de connexion est de 1000mm (39.37&Prime;)<\/li>\n<li>Disponible avec ou sans thermocouple<\/li>\n<li>Sections transversales :\n<ul>\n<li>Circulaire \u00d8 1,8mm et \u00d8 3,7mm<\/li>\n<li>Carr\u00e9 3,3 x 3,3 mm<\/li>\n<li>Rectangulaire 4,5 x 2,5 mm<\/li>\n<\/ul>\n<\/li>\n<\/ul>\n<table class=\"tbinter\" style=\"margin: 30px 0 20px;\" border=\"1\" width=\"100%\">\n<tbody>\n<tr>\n<td colspan=\"3\" align=\"left\" bgcolor=\"#d9d9d9\"><strong>RCF CIRCULAIRE \u00d8 1.8mm<\/strong><\/td>\n<\/tr>\n<tr>\n<td><strong>PUISSANCE (+\/- 10%)<\/strong><\/td>\n<td><strong>LONGUEUR TOTALE EN mm (+\/- 5%)<\/strong><\/td>\n<td><strong>LONGUEUR CHAUFF\u00c9E EN mm<\/strong><\/td>\n<\/tr>\n<tr>\n<td>&#8212;<\/td>\n<td>&#8212;<\/td>\n<td>&#8212;<\/td>\n<\/tr>\n<\/tbody>\n<\/table>\n<table class=\"tbinter\" style=\"margin-bottom: 20px;\" border=\"1\" width=\"100%\">\n<tbody>\n<tr>\n<td colspan=\"5\" align=\"left\" bgcolor=\"#d9d9d9\"><strong>RCF CIRCULAIRE \u00d8 3.7mm<\/strong><\/td>\n<\/tr>\n<tr>\n<td height=\"40\"><strong>PUISSANCE<br \/>\n(+\/- 10%)<\/strong><\/td>\n<td><strong><br \/>\nLONGUEUR TOTALE EN mm (+\/- 5%)<\/strong><\/td>\n<td><strong>LONGUEUR CHAUFF\u00c9E EN<br \/>\nmm<\/strong><\/td>\n<td><strong>SANS<br \/>\nTHERMOCOUPLE<\/strong><\/td>\n<td><strong>AVEC<br \/>\nTHERMOCOUPLE Type J<\/strong><\/td>\n<\/tr>\n<tr>\n<td height=\"24\">200<\/td>\n<td>400<\/td>\n<td>250<\/td>\n<td>R4400S200A<\/td>\n<td>R4400J200A<\/td>\n<\/tr>\n<tr>\n<td height=\"24\">315<\/td>\n<td>550<\/td>\n<td>400<\/td>\n<td>R4550S315A<\/td>\n<td>R4550J315A<\/td>\n<\/tr>\n<tr>\n<td height=\"24\">400<\/td>\n<td height=\"24\">750<\/td>\n<td height=\"24\">600<\/td>\n<td height=\"24\">R4750S400A<\/td>\n<td height=\"24\">R4750J400A<\/td>\n<\/tr>\n<tr>\n<td height=\"24\">500<\/td>\n<td height=\"24\">950<\/td>\n<td height=\"24\">800<\/td>\n<td height=\"24\">R4950S500A<\/td>\n<td height=\"24\">R4950J500A<\/td>\n<\/tr>\n<tr>\n<td height=\"24\">630<\/td>\n<td height=\"24\">1150<\/td>\n<td height=\"24\">1000<\/td>\n<td height=\"24\">R41150S630A<\/td>\n<td height=\"24\">R41150J630A<\/td>\n<\/tr>\n<tr>\n<td height=\"24\">750<\/td>\n<td height=\"24\">1350<\/td>\n<td height=\"24\">1200<\/td>\n<td height=\"24\">R41350S750A<\/td>\n<td height=\"24\">R41350J750A<\/td>\n<\/tr>\n<tr>\n<td height=\"24\">1000<\/td>\n<td height=\"24\">1650<\/td>\n<td height=\"24\">1500<\/td>\n<td height=\"24\">R41650S1000A<\/td>\n<td height=\"24\">R41650J1000A<\/td>\n<\/tr>\n<tr>\n<td height=\"24\">1200<\/td>\n<td height=\"24\">1850<\/td>\n<td height=\"24\">1700<\/td>\n<td height=\"24\">R41850S1200A<\/td>\n<td height=\"24\">R41850J1200A<\/td>\n<\/tr>\n<\/tbody>\n<\/table>\n<table class=\"tbinter\" style=\"margin-bottom: 20px;\" border=\"1\" width=\"100%\">\n<tbody>\n<tr>\n<td colspan=\"5\" align=\"left\" bgcolor=\"#d9d9d9\"><strong>RCF CARR\u00c9 3.3 x 3.3mm<\/strong><\/td>\n<\/tr>\n<tr>\n<td height=\"40\"><strong>PUISSANCE<br \/>\n(+\/- 10%)<\/strong><\/td>\n<td><strong>LONGUEUR TOTALE EN mm (+\/- 5%)<\/strong><\/td>\n<td><strong>LONGUEUR CHAUFF\u00c9E en<br \/>\nmm<\/strong><\/td>\n<td><strong>SANS<br \/>\nTHERMOCOUPLE<\/strong><\/td>\n<td><strong>AVEC<br \/>\nTHERMOCOUPLE Type J<\/strong><\/td>\n<\/tr>\n<tr>\n<td height=\"24\">180<\/td>\n<td height=\"24\">400<\/td>\n<td height=\"24\">300<\/td>\n<td height=\"24\">R33400S180A<\/td>\n<td height=\"24\">R33400J180A<\/td>\n<\/tr>\n<tr>\n<td height=\"24\">250<\/td>\n<td height=\"24\">550<\/td>\n<td height=\"24\">450<\/td>\n<td height=\"24\">R33550S250A<\/td>\n<td height=\"24\">R33550J250A<\/td>\n<\/tr>\n<tr>\n<td height=\"24\">315<\/td>\n<td height=\"24\">650<\/td>\n<td height=\"24\">550<\/td>\n<td height=\"24\">R33650S315A<\/td>\n<td height=\"24\">R33650J315A<\/td>\n<\/tr>\n<tr>\n<td height=\"24\">400<\/td>\n<td height=\"24\">800<\/td>\n<td height=\"24\">700<\/td>\n<td height=\"24\">R33800S400A<\/td>\n<td height=\"24\">R33800J400A<\/td>\n<\/tr>\n<tr>\n<td height=\"24\">500<\/td>\n<td height=\"24\">950<\/td>\n<td height=\"24\">850<\/td>\n<td height=\"24\">R33950S500A<\/td>\n<td height=\"24\">R33950J500A<\/td>\n<\/tr>\n<tr>\n<td height=\"24\">630<\/td>\n<td height=\"24\">1150<\/td>\n<td height=\"24\">1050<\/td>\n<td height=\"24\">R331150S630A<\/td>\n<td height=\"24\">R331150J630A<\/td>\n<\/tr>\n<\/tbody>\n<\/table>\n<table class=\"tbinter\" style=\"margin-bottom: 20px;\" border=\"1\" width=\"100%\">\n<tbody>\n<tr>\n<td colspan=\"5\" align=\"left\" bgcolor=\"#d9d9d9\"><strong>RCF RECTANGULAIRE 4.5 x 2.5mm<\/strong><\/td>\n<\/tr>\n<tr>\n<td height=\"40\"><strong>PUISSANCE<br \/>\n(+\/- 10%)<\/strong><\/td>\n<td><strong>LONGUEUR TOTALE EN<br \/>\nmm (+\/- 5%)<\/strong><\/td>\n<td><strong>LONGUEUR CHAUFF\u00c9E<br \/>\nmm<\/strong><\/td>\n<td><strong>SANS<br \/>\nTHERMOCOUPLE<\/strong><\/td>\n<td><strong>AVEC<br \/>\nTHERMOCOUPLE Type J<\/strong><\/td>\n<\/tr>\n<tr>\n<td height=\"24\">195<\/td>\n<td height=\"24\">340<\/td>\n<td height=\"24\">275<\/td>\n<td height=\"24\">R42R340S195A<\/td>\n<td height=\"24\">R42R340J195A<\/td>\n<\/tr>\n<tr>\n<td height=\"24\">215<\/td>\n<td height=\"24\">370<\/td>\n<td height=\"24\">305<\/td>\n<td height=\"24\">R42R370S215A<\/td>\n<td height=\"24\">R42R370J215A<\/td>\n<\/tr>\n<tr>\n<td height=\"24\">240<\/td>\n<td height=\"24\">425<\/td>\n<td height=\"24\">360<\/td>\n<td height=\"24\">R42R425S240A<\/td>\n<td height=\"24\">R42R425J240A<\/td>\n<\/tr>\n<tr>\n<td height=\"24\">295<\/td>\n<td height=\"24\">475<\/td>\n<td height=\"24\">410<\/td>\n<td height=\"24\">R42R475S295A<\/td>\n<td height=\"24\">R42R475J295A<\/td>\n<\/tr>\n<tr>\n<td height=\"24\">350<\/td>\n<td height=\"24\">550<\/td>\n<td height=\"24\">485<\/td>\n<td height=\"24\">R42R550S350A<\/td>\n<td height=\"24\">R42R550J350A<\/td>\n<\/tr>\n<tr>\n<td height=\"24\">400<\/td>\n<td height=\"24\">610<\/td>\n<td height=\"24\">545<\/td>\n<td height=\"24\">R42R610S400A<\/td>\n<td height=\"24\">R42R610J400A<\/td>\n<\/tr>\n<tr>\n<td height=\"24\">460<\/td>\n<td height=\"24\">690<\/td>\n<td height=\"24\">625<\/td>\n<td height=\"24\">R42R690S460A<\/td>\n<td height=\"24\">R42R690J460A<\/td>\n<\/tr>\n<tr>\n<td height=\"24\">610<\/td>\n<td height=\"24\">850<\/td>\n<td height=\"24\">785<\/td>\n<td height=\"24\">R42R850S610A<\/td>\n<td height=\"24\">R42R850J610A<\/td>\n<\/tr>\n<tr>\n<td height=\"24\">690<\/td>\n<td height=\"24\">990<\/td>\n<td height=\"24\">925<\/td>\n<td height=\"24\">R42R990S690A<\/td>\n<td height=\"24\">R42R990J690A<\/td>\n<\/tr>\n<tr>\n<td height=\"24\">850<\/td>\n<td height=\"24\">1200<\/td>\n<td height=\"24\">1135<\/td>\n<td height=\"24\">R42R1200S850A<\/td>\n<td height=\"24\">R42R1200J850A<\/td>\n<\/tr>\n<tr>\n<td height=\"24\">1100<\/td>\n<td height=\"24\">1600<\/td>\n<td height=\"24\">1535<\/td>\n<td height=\"24\">R42R1600S1100A<\/td>\n<td height=\"24\">R42R1600J1100A<\/td>\n<\/tr>\n<\/tbody>\n<\/table>\n","protected":false},"excerpt":{"rendered":"<p>Stock de r\u00e9chauffeurs bobin\u00e9s standard. Tension standard 230v La longueur standard des fils de connexion est de 1000mm (39.37&Prime;) Disponible avec ou sans thermocouple Sections transversales : Circulaire \u00d8 1,8mm et \u00d8 3,7mm Carr\u00e9 3,3 x 3,3 mm Rectangulaire 4,5 x 2,5 mm RCF CIRCULAIRE \u00d8 1.8mm PUISSANCE (+\/- 10%) LONGUEUR TOTALE EN mm (+\/- [&hellip;]<\/p>\n","protected":false},"author":12,"featured_media":0,"parent":3267,"menu_order":0,"comment_status":"open","ping_status":"open","template":"","meta":{"footnotes":""},"class_list":["post-3320","page","type-page","status-publish","hentry"],"aioseo_notices":[],"_links":{"self":[{"href":"https:\/\/tri-volt.com\/fr\/wp-json\/wp\/v2\/pages\/3320","targetHints":{"allow":["GET"]}}],"collection":[{"href":"https:\/\/tri-volt.com\/fr\/wp-json\/wp\/v2\/pages"}],"about":[{"href":"https:\/\/tri-volt.com\/fr\/wp-json\/wp\/v2\/types\/page"}],"author":[{"embeddable":true,"href":"https:\/\/tri-volt.com\/fr\/wp-json\/wp\/v2\/users\/12"}],"replies":[{"embeddable":true,"href":"https:\/\/tri-volt.com\/fr\/wp-json\/wp\/v2\/comments?post=3320"}],"version-history":[{"count":3,"href":"https:\/\/tri-volt.com\/fr\/wp-json\/wp\/v2\/pages\/3320\/revisions"}],"predecessor-version":[{"id":3323,"href":"https:\/\/tri-volt.com\/fr\/wp-json\/wp\/v2\/pages\/3320\/revisions\/3323"}],"up":[{"embeddable":true,"href":"https:\/\/tri-volt.com\/fr\/wp-json\/wp\/v2\/pages\/3267"}],"wp:attachment":[{"href":"https:\/\/tri-volt.com\/fr\/wp-json\/wp\/v2\/media?parent=3320"}],"curies":[{"name":"wp","href":"https:\/\/api.w.org\/{rel}","templated":true}]}}