{"id":3324,"date":"2014-09-28T20:18:04","date_gmt":"2014-09-28T20:18:04","guid":{"rendered":"https:\/\/tri-volt.com\/energie\/thermoplongeur-a-ailettes-aluma\/nema-1-enclosure\/"},"modified":"2023-11-29T23:54:33","modified_gmt":"2023-11-29T23:54:33","slug":"boitier-nema-1-150-lbs-aluminum","status":"publish","type":"page","link":"https:\/\/tri-volt.com\/fr\/energie\/thermoplongeur-a-ailettes-aluma\/boitier-nema-1-150-lbs-aluminum\/","title":{"rendered":"Bo\u00eetier Nema 1 \u2013 150 lbs \u2013 Aluminum"},"content":{"rendered":"<p><strong>Bride de 3\u201d, 4\u201d, 5\u201d, 6\u201d, 8\u201d et de 10\u201d\u00a0<\/strong><\/p>\n<p><a href=\"https:\/\/tri-volt.com\/wp-content\/uploads\/2015\/10\/alum-3po-flange-150-n1_chart.jpg\" target=\"_blank\" rel=\"noopener\"><img decoding=\"async\" class=\"alignleft wp-image-906\" src=\"https:\/\/tri-volt.com\/wp-content\/uploads\/2015\/10\/alum-3po-flange-150-n1_chart.jpg\" alt=\"Aluma-3inch-flange-150lbs-Nema1\" width=\"100%\" \/><\/a><\/p>\n<p><a href=\"https:\/\/tri-volt.com\/wp-content\/uploads\/2015\/10\/alum-3po-flange-150psi-n1-non-standard.jpg\" target=\"_blank\" rel=\"noopener\"><img decoding=\"async\" class=\"alignleft wp-image-905\" src=\"https:\/\/tri-volt.com\/wp-content\/uploads\/2015\/10\/alum-3po-flange-150psi-n1-non-standard.jpg\" alt=\"Aluma-3inch-flange-150lbs-Nema1-Non-stock\" width=\"100%\" \/><\/a><\/p>\n<p><a href=\"https:\/\/tri-volt.com\/wp-content\/uploads\/2015\/10\/alum-6po-flange-150-n1_chart.jpg\"><img decoding=\"async\" class=\"alignleft size-full wp-image-912\" src=\"https:\/\/tri-volt.com\/wp-content\/uploads\/2015\/10\/alum-6po-flange-150-n1_chart.jpg\" alt=\"Aluma-6inch-flange-150lbs-Nema1\" width=\"100%\" \/><\/a><\/p>\n<p><a href=\"https:\/\/tri-volt.com\/wp-content\/uploads\/2015\/10\/alum-8po-flange-150-n1_chart.jpg\"><img decoding=\"async\" class=\"alignnone size-full wp-image-913\" src=\"https:\/\/tri-volt.com\/wp-content\/uploads\/2015\/10\/alum-8po-flange-150-n1_chart.jpg\" alt=\"Aluma-8inch-flange-150lbs-Nema1\" width=\"100%\" \/><\/a><\/p>\n<p><a href=\"https:\/\/tri-volt.com\/wp-content\/uploads\/2015\/10\/alum-10po-flange-150-n1_chart.jpg\"><img decoding=\"async\" class=\"alignleft size-full wp-image-911\" src=\"https:\/\/tri-volt.com\/wp-content\/uploads\/2015\/10\/alum-10po-flange-150-n1_chart.jpg\" alt=\"Aluma-10inch-flange-150lbs-Nema1\" width=\"100%\" \/><\/a><\/p>\n<p><strong>Tous nos produits ont subi des tests internes stricts et des tests CSA. CAN\/CSA-C22.2 No. 72-10 (2013) et UL 499 Treizi\u00e8me \u00c9ditions; Classe 2871-02 et 2871-82.<\/strong><\/p>\n<p><span style=\"font-weight: 400;\">Les industries Trivolt adopte un syst\u00e8me de contr\u00f4le de qualit\u00e9 interne strict (QMSM-2009). Chaque appareil de chauffage est test\u00e9 pour sa r\u00e9sistance et sa tenue di\u00e9lectrique.Tous nos appareils de chauffage sont approuv\u00e9s par les marquages CSA, UL et CE.<\/span><\/p>\n","protected":false},"excerpt":{"rendered":"<p>Bride de 3\u201d, 4\u201d, 5\u201d, 6\u201d, 8\u201d et de 10\u201d\u00a0 Tous nos produits ont subi des tests internes stricts et des tests CSA. CAN\/CSA-C22.2 No. 72-10 (2013) et UL 499 Treizi\u00e8me \u00c9ditions; Classe 2871-02 et 2871-82. Les industries Trivolt adopte un syst\u00e8me de contr\u00f4le de qualit\u00e9 interne strict (QMSM-2009). Chaque appareil de chauffage est test\u00e9 [&hellip;]<\/p>\n","protected":false},"author":12,"featured_media":0,"parent":3264,"menu_order":0,"comment_status":"open","ping_status":"closed","template":"","meta":{"footnotes":""},"class_list":["post-3324","page","type-page","status-publish","hentry"],"aioseo_notices":[],"_links":{"self":[{"href":"https:\/\/tri-volt.com\/fr\/wp-json\/wp\/v2\/pages\/3324","targetHints":{"allow":["GET"]}}],"collection":[{"href":"https:\/\/tri-volt.com\/fr\/wp-json\/wp\/v2\/pages"}],"about":[{"href":"https:\/\/tri-volt.com\/fr\/wp-json\/wp\/v2\/types\/page"}],"author":[{"embeddable":true,"href":"https:\/\/tri-volt.com\/fr\/wp-json\/wp\/v2\/users\/12"}],"replies":[{"embeddable":true,"href":"https:\/\/tri-volt.com\/fr\/wp-json\/wp\/v2\/comments?post=3324"}],"version-history":[{"count":2,"href":"https:\/\/tri-volt.com\/fr\/wp-json\/wp\/v2\/pages\/3324\/revisions"}],"predecessor-version":[{"id":3326,"href":"https:\/\/tri-volt.com\/fr\/wp-json\/wp\/v2\/pages\/3324\/revisions\/3326"}],"up":[{"embeddable":true,"href":"https:\/\/tri-volt.com\/fr\/wp-json\/wp\/v2\/pages\/3264"}],"wp:attachment":[{"href":"https:\/\/tri-volt.com\/fr\/wp-json\/wp\/v2\/media?parent=3324"}],"curies":[{"name":"wp","href":"https:\/\/api.w.org\/{rel}","templated":true}]}}