{"id":3328,"date":"2014-09-28T20:23:24","date_gmt":"2014-09-28T20:23:24","guid":{"rendered":"https:\/\/tri-volt.com\/energie\/thermoplongeur-a-ailettes-aluma\/nema-1-enclosure-300lbs\/"},"modified":"2023-11-29T23:57:21","modified_gmt":"2023-11-29T23:57:21","slug":"boitier-nema-1-300-lbs-aluminum","status":"publish","type":"page","link":"https:\/\/tri-volt.com\/fr\/energie\/thermoplongeur-a-ailettes-aluma\/boitier-nema-1-300-lbs-aluminum\/","title":{"rendered":"Bo\u00eetier Nema 1 \u2013\u00a0300 lbs \u2013 Aluminum"},"content":{"rendered":"<p><strong>Bride de 3&Prime;, 6\u201d, 8\u201d et de 10&Prime;<\/strong><\/p>\n<p><a href=\"https:\/\/tri-volt.com\/wp-content\/uploads\/2015\/10\/alum-3po-flange-300-n1_chart.jpg\"><img decoding=\"async\" class=\"alignnone size-full wp-image-922\" src=\"https:\/\/tri-volt.com\/wp-content\/uploads\/2015\/10\/alum-3po-flange-300-n1_chart.jpg\" alt=\"TRIVOLT_3po FLANGE 300_CHART\" width=\"100%\" \/><\/a><\/p>\n<p><a href=\"https:\/\/tri-volt.com\/wp-content\/uploads\/2015\/10\/alum-6po-flange-300-n1_chart.jpg\"><img decoding=\"async\" class=\"alignnone size-full wp-image-922\" src=\"https:\/\/tri-volt.com\/wp-content\/uploads\/2015\/10\/alum-6po-flange-300-n1_chart.jpg\" alt=\"TRIVOLT_6po FLANGE 300_CHART\" width=\"100%\" \/><\/a><\/p>\n<p><a href=\"https:\/\/tri-volt.com\/wp-content\/uploads\/2015\/10\/alum-8po-flange-300-n1_chart.jpg\"><img decoding=\"async\" class=\"alignnone size-full wp-image-923\" src=\"https:\/\/tri-volt.com\/wp-content\/uploads\/2015\/10\/alum-8po-flange-300-n1_chart.jpg\" alt=\"TRIVOLT_8inch flange 300 psi\" width=\"100%\" \/><\/a><\/p>\n<p><a href=\"https:\/\/tri-volt.com\/wp-content\/uploads\/2015\/10\/alum-10po-flange-300-n1_chart.jpg\"><img decoding=\"async\" class=\"alignnone size-full wp-image-921\" src=\"https:\/\/tri-volt.com\/wp-content\/uploads\/2015\/10\/alum-10po-flange-300-n1_chart.jpg\" alt=\"TRIVOLT_10 INCH FLANGE 300 psi\" width=\"100%\" \/><\/a><\/p>\n<p><strong>Tous nos produits ont subi des tests internes stricts et des tests CSA. CAN\/CSA-C22.2 No. 72-10 (2013) et UL 499 Treizi\u00e8me \u00c9ditions; Classe 2871-02 et 2871-82.<\/strong><\/p>\n<p><span style=\"font-weight: 400;\">Les industries Trivolt adopte un syst\u00e8me de contr\u00f4le de qualit\u00e9 interne strict (QMSM-2009). Chaque appareil de chauffage est test\u00e9 pour sa r\u00e9sistance et sa tenue di\u00e9lectrique.Tous nos appareils de chauffage sont approuv\u00e9s par les marquages CSA, UL et CE.<\/span><\/p>\n","protected":false},"excerpt":{"rendered":"<p>Bride de 3&Prime;, 6\u201d, 8\u201d et de 10&Prime; Tous nos produits ont subi des tests internes stricts et des tests CSA. CAN\/CSA-C22.2 No. 72-10 (2013) et UL 499 Treizi\u00e8me \u00c9ditions; Classe 2871-02 et 2871-82. Les industries Trivolt adopte un syst\u00e8me de contr\u00f4le de qualit\u00e9 interne strict (QMSM-2009). Chaque appareil de chauffage est test\u00e9 pour sa [&hellip;]<\/p>\n","protected":false},"author":12,"featured_media":0,"parent":3264,"menu_order":0,"comment_status":"open","ping_status":"closed","template":"","meta":{"footnotes":""},"class_list":["post-3328","page","type-page","status-publish","hentry"],"aioseo_notices":[],"_links":{"self":[{"href":"https:\/\/tri-volt.com\/fr\/wp-json\/wp\/v2\/pages\/3328","targetHints":{"allow":["GET"]}}],"collection":[{"href":"https:\/\/tri-volt.com\/fr\/wp-json\/wp\/v2\/pages"}],"about":[{"href":"https:\/\/tri-volt.com\/fr\/wp-json\/wp\/v2\/types\/page"}],"author":[{"embeddable":true,"href":"https:\/\/tri-volt.com\/fr\/wp-json\/wp\/v2\/users\/12"}],"replies":[{"embeddable":true,"href":"https:\/\/tri-volt.com\/fr\/wp-json\/wp\/v2\/comments?post=3328"}],"version-history":[{"count":1,"href":"https:\/\/tri-volt.com\/fr\/wp-json\/wp\/v2\/pages\/3328\/revisions"}],"predecessor-version":[{"id":3329,"href":"https:\/\/tri-volt.com\/fr\/wp-json\/wp\/v2\/pages\/3328\/revisions\/3329"}],"up":[{"embeddable":true,"href":"https:\/\/tri-volt.com\/fr\/wp-json\/wp\/v2\/pages\/3264"}],"wp:attachment":[{"href":"https:\/\/tri-volt.com\/fr\/wp-json\/wp\/v2\/media?parent=3328"}],"curies":[{"name":"wp","href":"https:\/\/api.w.org\/{rel}","templated":true}]}}