{"id":3338,"date":"2014-09-28T20:29:17","date_gmt":"2014-09-28T20:29:17","guid":{"rendered":"https:\/\/tri-volt.com\/energie\/thermoplongeur-a-ailettes-aluma\/stainless-300-psi\/"},"modified":"2023-11-30T00:08:16","modified_gmt":"2023-11-30T00:08:16","slug":"immersion-a-ailettes-en-acier-inoxydable-300-par-pouce-carre","status":"publish","type":"page","link":"https:\/\/tri-volt.com\/fr\/energie\/thermoplongeur-a-ailettes-aluma\/immersion-a-ailettes-en-acier-inoxydable-300-par-pouce-carre\/","title":{"rendered":"Immersion \u00e0 ailettes en acier inoxydable 300 par pouce carr\u00e9"},"content":{"rendered":"<p><strong>3\u201d, 4\u201d, 5\u201d, 6\u201d, 8\u201d et 10\u201d<\/strong><\/p>\n<p><a href=\"https:\/\/tri-volt.com\/wp-content\/uploads\/2014\/09\/trivolt_3inch-flange-300psi-sss-stl.jpg\"><img decoding=\"async\" class=\"alignnone size-full wp-image-952\" src=\"https:\/\/tri-volt.com\/wp-content\/uploads\/2014\/09\/trivolt_3inch-flange-300psi-sss-stl.jpg\" alt=\"TRIVOLT_3inch flange 300psi SSS-STL\" width=\"100%\" srcset=\"https:\/\/tri-volt.com\/wp-content\/uploads\/2014\/09\/trivolt_3inch-flange-300psi-sss-stl.jpg 3000w, https:\/\/tri-volt.com\/wp-content\/uploads\/2014\/09\/trivolt_3inch-flange-300psi-sss-stl-300x168.jpg 300w, https:\/\/tri-volt.com\/wp-content\/uploads\/2014\/09\/trivolt_3inch-flange-300psi-sss-stl-1024x575.jpg 1024w\" sizes=\"(max-width: 3000px) 100vw, 3000px\" \/><\/a><\/p>\n<p><a href=\"https:\/\/tri-volt.com\/wp-content\/uploads\/2014\/09\/trivolt_6inch-flange-300psi-sss-stl.jpg\"><img decoding=\"async\" class=\"alignnone size-full wp-image-953\" src=\"https:\/\/tri-volt.com\/wp-content\/uploads\/2014\/09\/trivolt_6inch-flange-300psi-sss-stl.jpg\" alt=\"TRIVOLT_6inch flange 300psi SSS-STL\" width=\"100%\" srcset=\"https:\/\/tri-volt.com\/wp-content\/uploads\/2014\/09\/trivolt_6inch-flange-300psi-sss-stl.jpg 3000w, https:\/\/tri-volt.com\/wp-content\/uploads\/2014\/09\/trivolt_6inch-flange-300psi-sss-stl-300x168.jpg 300w, https:\/\/tri-volt.com\/wp-content\/uploads\/2014\/09\/trivolt_6inch-flange-300psi-sss-stl-1024x575.jpg 1024w\" sizes=\"(max-width: 3000px) 100vw, 3000px\" \/><\/a><\/p>\n<p><a href=\"https:\/\/tri-volt.com\/wp-content\/uploads\/2014\/09\/trivolt_8inch-flange-300psi-sss-stl.jpg\"><img decoding=\"async\" class=\"alignnone size-full wp-image-954\" src=\"https:\/\/tri-volt.com\/wp-content\/uploads\/2014\/09\/trivolt_8inch-flange-300psi-sss-stl.jpg\" alt=\"TRIVOLT_8inch flange 300psi SSS-STL\" width=\"100%\" srcset=\"https:\/\/tri-volt.com\/wp-content\/uploads\/2014\/09\/trivolt_8inch-flange-300psi-sss-stl.jpg 3000w, https:\/\/tri-volt.com\/wp-content\/uploads\/2014\/09\/trivolt_8inch-flange-300psi-sss-stl-300x168.jpg 300w, https:\/\/tri-volt.com\/wp-content\/uploads\/2014\/09\/trivolt_8inch-flange-300psi-sss-stl-1024x575.jpg 1024w\" sizes=\"(max-width: 3000px) 100vw, 3000px\" \/><\/a><\/p>\n<p><a href=\"https:\/\/tri-volt.com\/wp-content\/uploads\/2014\/09\/trivolt_10inch-flange-300psi-sss-stl.jpg\"><img decoding=\"async\" class=\"alignnone size-full wp-image-951\" src=\"https:\/\/tri-volt.com\/wp-content\/uploads\/2014\/09\/trivolt_10inch-flange-300psi-sss-stl.jpg\" alt=\"TRIVOLT_10inch flange 300psi SSS-STL\" width=\"100%\" srcset=\"https:\/\/tri-volt.com\/wp-content\/uploads\/2014\/09\/trivolt_10inch-flange-300psi-sss-stl.jpg 3000w, https:\/\/tri-volt.com\/wp-content\/uploads\/2014\/09\/trivolt_10inch-flange-300psi-sss-stl-300x168.jpg 300w, https:\/\/tri-volt.com\/wp-content\/uploads\/2014\/09\/trivolt_10inch-flange-300psi-sss-stl-1024x575.jpg 1024w\" sizes=\"(max-width: 3000px) 100vw, 3000px\" \/><\/a><\/p>\n<p><strong>Tous nos produits ont subi des tests internes stricts et des tests CSA. CAN\/CSA-C22.2 No. 72-10 (2013) et UL 499 Treizi\u00e8me \u00c9ditions; Classe 2871-02 et 2871-82.<\/strong><\/p>\n<p><span style=\"font-weight: 400;\">Les industries Trivolt adopte un syst\u00e8me de contr\u00f4le de qualit\u00e9 interne strict (QMSM-2009). Chaque appareil de chauffage est test\u00e9 pour sa r\u00e9sistance et sa tenue di\u00e9lectrique.Tous nos appareils de chauffage sont approuv\u00e9s par les marquages CSA, UL et CE.<\/span><\/p>\n","protected":false},"excerpt":{"rendered":"<p>3\u201d, 4\u201d, 5\u201d, 6\u201d, 8\u201d et 10\u201d Tous nos produits ont subi des tests internes stricts et des tests CSA. CAN\/CSA-C22.2 No. 72-10 (2013) et UL 499 Treizi\u00e8me \u00c9ditions; Classe 2871-02 et 2871-82. Les industries Trivolt adopte un syst\u00e8me de contr\u00f4le de qualit\u00e9 interne strict (QMSM-2009). Chaque appareil de chauffage est test\u00e9 pour sa r\u00e9sistance [&hellip;]<\/p>\n","protected":false},"author":12,"featured_media":0,"parent":3264,"menu_order":0,"comment_status":"open","ping_status":"closed","template":"","meta":{"footnotes":""},"class_list":["post-3338","page","type-page","status-publish","hentry"],"aioseo_notices":[],"_links":{"self":[{"href":"https:\/\/tri-volt.com\/fr\/wp-json\/wp\/v2\/pages\/3338","targetHints":{"allow":["GET"]}}],"collection":[{"href":"https:\/\/tri-volt.com\/fr\/wp-json\/wp\/v2\/pages"}],"about":[{"href":"https:\/\/tri-volt.com\/fr\/wp-json\/wp\/v2\/types\/page"}],"author":[{"embeddable":true,"href":"https:\/\/tri-volt.com\/fr\/wp-json\/wp\/v2\/users\/12"}],"replies":[{"embeddable":true,"href":"https:\/\/tri-volt.com\/fr\/wp-json\/wp\/v2\/comments?post=3338"}],"version-history":[{"count":2,"href":"https:\/\/tri-volt.com\/fr\/wp-json\/wp\/v2\/pages\/3338\/revisions"}],"predecessor-version":[{"id":3340,"href":"https:\/\/tri-volt.com\/fr\/wp-json\/wp\/v2\/pages\/3338\/revisions\/3340"}],"up":[{"embeddable":true,"href":"https:\/\/tri-volt.com\/fr\/wp-json\/wp\/v2\/pages\/3264"}],"wp:attachment":[{"href":"https:\/\/tri-volt.com\/fr\/wp-json\/wp\/v2\/media?parent=3338"}],"curies":[{"name":"wp","href":"https:\/\/api.w.org\/{rel}","templated":true}]}}