{"id":3341,"date":"2014-09-28T20:29:32","date_gmt":"2014-09-28T20:29:32","guid":{"rendered":"https:\/\/tri-volt.com\/energie\/thermoplongeur-a-ailettes-aluma\/3-inch-npt-hex-head-plug\/"},"modified":"2023-11-30T00:14:13","modified_gmt":"2023-11-30T00:14:13","slug":"prise-a-tete-hexagonale-npt-de-3-pouces","status":"publish","type":"page","link":"https:\/\/tri-volt.com\/fr\/energie\/thermoplongeur-a-ailettes-aluma\/prise-a-tete-hexagonale-npt-de-3-pouces\/","title":{"rendered":"Prise \u00e0 t\u00eate hexagonale NPT de 3 pouces"},"content":{"rendered":"<p>Prise \u00e0 t\u00eate hexagonale NPT de 3 pouces (texte \u00e0 venir)<\/p>\n<div id=\"box-specs\" style=\"height: 198px;\">\n<ul id=\"tabs\">\n<li class=\"selected\" title=\"tab-1\"><strong>Sp\u00e9cifications<\/strong><\/li>\n<li title=\"tab-2\"><strong>Construction<\/strong><\/li>\n<li title=\"tab-3\"><strong>Connexions \u00e9lectriques<\/strong><\/li>\n<li title=\"tab-4\"><strong>Bo\u00eetier du terminal<\/strong><\/li>\n<li title=\"tab-5\"><strong>M\u00e9thodes de serrage<\/strong><\/li>\n<\/ul>\n<div id=\"tab-cont\" style=\"height: 198px;\"><\/div>\n<\/div>\n","protected":false},"excerpt":{"rendered":"<p>Prise \u00e0 t\u00eate hexagonale NPT de 3 pouces (texte \u00e0 venir) Sp\u00e9cifications Construction Connexions \u00e9lectriques Bo\u00eetier du terminal M\u00e9thodes de serrage<\/p>\n","protected":false},"author":12,"featured_media":0,"parent":3264,"menu_order":0,"comment_status":"open","ping_status":"closed","template":"","meta":{"footnotes":""},"class_list":["post-3341","page","type-page","status-publish","hentry"],"aioseo_notices":[],"_links":{"self":[{"href":"https:\/\/tri-volt.com\/fr\/wp-json\/wp\/v2\/pages\/3341","targetHints":{"allow":["GET"]}}],"collection":[{"href":"https:\/\/tri-volt.com\/fr\/wp-json\/wp\/v2\/pages"}],"about":[{"href":"https:\/\/tri-volt.com\/fr\/wp-json\/wp\/v2\/types\/page"}],"author":[{"embeddable":true,"href":"https:\/\/tri-volt.com\/fr\/wp-json\/wp\/v2\/users\/12"}],"replies":[{"embeddable":true,"href":"https:\/\/tri-volt.com\/fr\/wp-json\/wp\/v2\/comments?post=3341"}],"version-history":[{"count":2,"href":"https:\/\/tri-volt.com\/fr\/wp-json\/wp\/v2\/pages\/3341\/revisions"}],"predecessor-version":[{"id":3343,"href":"https:\/\/tri-volt.com\/fr\/wp-json\/wp\/v2\/pages\/3341\/revisions\/3343"}],"up":[{"embeddable":true,"href":"https:\/\/tri-volt.com\/fr\/wp-json\/wp\/v2\/pages\/3264"}],"wp:attachment":[{"href":"https:\/\/tri-volt.com\/fr\/wp-json\/wp\/v2\/media?parent=3341"}],"curies":[{"name":"wp","href":"https:\/\/api.w.org\/{rel}","templated":true}]}}