{"id":3344,"date":"2014-09-30T20:43:55","date_gmt":"2014-09-30T20:43:55","guid":{"rendered":"https:\/\/tri-volt.com\/fin-tubular-heaters\/"},"modified":"2023-11-30T14:37:19","modified_gmt":"2023-11-30T14:37:19","slug":"rechauffeur-tubulaire-a-ailettes","status":"publish","type":"page","link":"https:\/\/tri-volt.com\/fr\/industriel\/rechauffeurs-tubulaires\/rechauffeur-tubulaire-a-ailettes\/","title":{"rendered":"R\u00e9chauffeur tubulaire \u00e0 ailettes"},"content":{"rendered":"<table id=\"products\" style=\"width: 100%;\" cellspacing=\"1\" cellpadding=\"1\" align=\"center\">\n<tbody>\n<tr>\n<td valign=\"top\" width=\"347\">\n<div class=\"theimage\" style=\"width: 347px;\"><span class=\"title\">FTE-01 Double \u00e9pingle \u00e0 cheveux<\/span><br \/>\n<img decoding=\"async\" title=\"\" src=\"https:\/\/tri-volt.com\/wp-content\/uploads\/2014\/09\/FTE01.jpg\" alt=\"\" width=\"345\" \/><\/div>\n<ul>\n<li>Tube \u00e0 ailettes en forme de W<\/li>\n<li>Double \u00e9pingle \u00e0 cheveux<\/li>\n<li>Mat\u00e9riau : Incoloy 800 &amp; 840, Inconel et acier inoxydable (SS)<\/li>\n<li>Diam\u00e8tres disponibles : 0,25&Prime;, 0,3125&Prime;, 0,375&Prime;, 0,4375&Prime; et 0,472&Prime; (1\/4, 5\/16, 3\/8, 7\/16, 17\/36)<\/li>\n<li>Diam\u00e8tres disponibles en dimensions m\u00e9triques : 8 mm, 10 mm, 12 mm, 16 mm<\/li>\n<li>Diam\u00e8tre des ailettes : 1,125&Prime; (1-1\/8&Prime;) en acier inoxydable<\/li>\n<li>Options de placage : Zinc et placage au four et au nickel<\/li>\n<li>Des douilles filet\u00e9es et des supports de montage sont disponibles.<\/li>\n<li>Vue de dessus du tube \u00e0 ailettes en forme de W<\/li>\n<\/ul>\n<\/td>\n<td valign=\"top\" width=\"347\">\n<div class=\"theimage\" style=\"width: 347px;\"><span class=\"title\">FTE-02 \u00c9pingle \u00e0 cheveux simple<\/span><br \/>\n<img decoding=\"async\" title=\"\" src=\"https:\/\/tri-volt.com\/wp-content\/uploads\/2014\/09\/FTE02.jpg\" alt=\"\" width=\"345\" \/><\/div>\n<ul>\n<li>Tube \u00e0 ailettes en forme de U<\/li>\n<li>\u00c9pingle \u00e0 cheveux simple<\/li>\n<li>Mat\u00e9riel : Incoloy 800 et 840, Inconel et acier inoxydable (SS)<\/li>\n<li>Diam\u00e8tres disponibles : 0,25 po, 0,3125 po, 0,375 po, 0,4375 po et 0,472 po (1\/4, 5\/16, 3\/8, 7\/16, 17\/36)<\/li>\n<li>Diam\u00e8tres disponibles en tailles m\u00e9triques : 8mm, 10mm, 12mm, 16mm<\/li>\n<li>Diam\u00e8tre des ailettes : 1,125 po (1-1\/8 po) en acier inoxydable<\/li>\n<li>Options de placage : zinc et cuisson et nickelage<\/li>\n<li>Douille filet\u00e9e et supports de montage disponibles<\/li>\n<li>Vue de dessus du tube en forme de U<\/li>\n<\/ul>\n<\/td>\n<\/tr>\n<tr>\n<td valign=\"top\" width=\"347\">\n<div class=\"theimage\" style=\"width: 347px;\"><span class=\"title\">FTE-03 Droit<\/span><br \/>\n<img decoding=\"async\" title=\"\" src=\"https:\/\/tri-volt.com\/wp-content\/uploads\/2014\/09\/FTE03.jpg\" alt=\"\" width=\"345\" \/><\/div>\n<ul>\n<li>Tube \u00e0 ailettes droit<\/li>\n<li>Mat\u00e9riel : Incoloy 800 et 840, Inconel et acier inoxydable (SS)<\/li>\n<li>Diam\u00e8tres disponibles : 0,25 po, 0,3125 po, 0,375 po, 0,4375 po et 0,472 po (1\/4, 5\/16, 3\/8, 7\/16, 17\/36)<\/li>\n<li>Diam\u00e8tres disponibles en tailles m\u00e9triques : 8mm, 10mm, 12mm, 16mm<\/li>\n<li>Diam\u00e8tre des ailettes : 1,125 po (1-1\/8 po) en acier inoxydable<\/li>\n<li>Options de placage : zinc et cuisson et nickelage<\/li>\n<li>Douille filet\u00e9e et supports de montage disponibles<\/li>\n<li>Vue de dessus du tube droit<\/li>\n<\/ul>\n<\/td>\n<td valign=\"top\" width=\"347\">\n<div class=\"theimage\" style=\"width: 347px;\"><span class=\"title\">FTE-04 Ailettes carr\u00e9es<\/span><br \/>\n<img decoding=\"async\" title=\"\" src=\"https:\/\/tri-volt.com\/wp-content\/uploads\/2014\/09\/FTE04.jpg\" alt=\"\" width=\"345\" \/><\/div>\n<ul>\n<li>Tube \u00e0 ailettes en forme de U avec ailettes carr\u00e9es<\/li>\n<li>Mat\u00e9riel : Incoloy 800 et 840, Inconel et acier inoxydable (SS)<\/li>\n<li>Diam\u00e8tres disponibles : 0,25 po, 0,3125 po, 0,375 po, 0,4375 po et 0,472 po (1\/4, 5\/16, 3\/8, 7\/16, 17\/36)<\/li>\n<li>Diam\u00e8tres disponibles en tailles m\u00e9triques : 8mm, 10mm, 12mm, 16mm<\/li>\n<li>Diam\u00e8tre des ailettes : 1,125 po (1-1\/8 po) en acier inoxydable<\/li>\n<li>Options de placage : zinc et cuisson et nickelage<\/li>\n<li>Douille filet\u00e9e et supports de montage disponibles<\/li>\n<\/ul>\n<\/td>\n<\/tr>\n<\/tbody>\n<\/table>\n","protected":false},"excerpt":{"rendered":"<p>FTE-01 Double \u00e9pingle \u00e0 cheveux Tube \u00e0 ailettes en forme de W Double \u00e9pingle \u00e0 cheveux Mat\u00e9riau : Incoloy 800 &amp; 840, Inconel et acier inoxydable (SS) Diam\u00e8tres disponibles : 0,25&Prime;, 0,3125&Prime;, 0,375&Prime;, 0,4375&Prime; et 0,472&Prime; (1\/4, 5\/16, 3\/8, 7\/16, 17\/36) Diam\u00e8tres disponibles en dimensions m\u00e9triques : 8 mm, 10 mm, 12 mm, 16 mm [&hellip;]<\/p>\n","protected":false},"author":12,"featured_media":0,"parent":3378,"menu_order":0,"comment_status":"open","ping_status":"open","template":"","meta":{"footnotes":""},"class_list":["post-3344","page","type-page","status-publish","hentry"],"aioseo_notices":[],"_links":{"self":[{"href":"https:\/\/tri-volt.com\/fr\/wp-json\/wp\/v2\/pages\/3344","targetHints":{"allow":["GET"]}}],"collection":[{"href":"https:\/\/tri-volt.com\/fr\/wp-json\/wp\/v2\/pages"}],"about":[{"href":"https:\/\/tri-volt.com\/fr\/wp-json\/wp\/v2\/types\/page"}],"author":[{"embeddable":true,"href":"https:\/\/tri-volt.com\/fr\/wp-json\/wp\/v2\/users\/12"}],"replies":[{"embeddable":true,"href":"https:\/\/tri-volt.com\/fr\/wp-json\/wp\/v2\/comments?post=3344"}],"version-history":[{"count":3,"href":"https:\/\/tri-volt.com\/fr\/wp-json\/wp\/v2\/pages\/3344\/revisions"}],"predecessor-version":[{"id":3385,"href":"https:\/\/tri-volt.com\/fr\/wp-json\/wp\/v2\/pages\/3344\/revisions\/3385"}],"up":[{"embeddable":true,"href":"https:\/\/tri-volt.com\/fr\/wp-json\/wp\/v2\/pages\/3378"}],"wp:attachment":[{"href":"https:\/\/tri-volt.com\/fr\/wp-json\/wp\/v2\/media?parent=3344"}],"curies":[{"name":"wp","href":"https:\/\/api.w.org\/{rel}","templated":true}]}}