{"id":3353,"date":"2014-09-30T20:57:30","date_gmt":"2014-09-30T20:57:30","guid":{"rendered":"https:\/\/tri-volt.com\/industriel\/thermocouples\/ring-terminal-tc\/"},"modified":"2023-11-30T02:20:30","modified_gmt":"2023-11-30T02:20:30","slug":"tc-a-borne-en-anneau","status":"publish","type":"page","link":"https:\/\/tri-volt.com\/fr\/industriel\/thermocouples\/tc-a-borne-en-anneau\/","title":{"rendered":"TC \u00e0 borne en anneau"},"content":{"rendered":"<table id=\"products-inline\" style=\"width: 100%;\" border=\"1\" cellspacing=\"1\" cellpadding=\"1\" align=\"center\">\n<tbody>\n<tr>\n<td class=\"top-tt-title\" colspan=\"3\" bgcolor=\"#003774\">THERMOCOUPLES \u00c0 ANNEAU<\/td>\n<\/tr>\n<tr>\n<td width=\"140\">TC-J-5-24SS-SL<\/td>\n<td rowspan=\"10\" valign=\"middle\"><img decoding=\"async\" src=\"https:\/\/tri-volt.com\/wp-content\/uploads\/2014\/10\/ring1.jpg\" width=\"350\" \/><\/td>\n<td rowspan=\"10\" valign=\"middle\">\n<ul>\n<li>Borne \u00e0 anneau et tube<\/li>\n<li>Tresse en acier inoxydable (SS)<\/li>\n<li>Cosses 10-32 standard<\/li>\n<li>Type J ou Type K (remplacer J par K dans le num\u00e9ro d&rsquo;article)<\/li>\n<li>Longueurs de c\u00e2ble standard : 24&Prime;, 36&Prime;, 48&Prime;, 60&Prime;, 72&Prime;, 84&Prime;, 96&Prime;, 108&Prime;, 120&Prime; et 144&Prime;<\/li>\n<\/ul>\n<\/td>\n<\/tr>\n<tr>\n<td>TC-J-5-36SS-SL<\/td>\n<\/tr>\n<tr>\n<td>TC-J-5-48SS-SL<\/td>\n<\/tr>\n<tr>\n<td>TC-J-5-60SS-SL<\/td>\n<\/tr>\n<tr>\n<td>TC-J-5-72SS-SL<\/td>\n<\/tr>\n<tr>\n<td>TC-J-5-84SS-SL<\/td>\n<\/tr>\n<tr>\n<td>TC-J-5-96SS-SL<\/td>\n<\/tr>\n<tr>\n<td>TC-J-5-108SS-SL<\/td>\n<\/tr>\n<tr>\n<td>TC-J-5-120SS-SL<\/td>\n<\/tr>\n<tr>\n<td>TC-J-5-144SS-SL<\/td>\n<\/tr>\n<tr>\n<td style=\"padding: 0;\" colspan=\"3\" bgcolor=\"#000000\" height=\"1\"><\/td>\n<\/tr>\n<tr>\n<td width=\"140\">TC-J-5-24SS-PLG<\/td>\n<td rowspan=\"10\" valign=\"middle\"><img decoding=\"async\" src=\"https:\/\/tri-volt.com\/wp-content\/uploads\/2014\/10\/ring2.jpg\" width=\"350\" \/><\/td>\n<td rowspan=\"10\" valign=\"middle\">\n<ul>\n<li>Borne \u00e0 anneau et tube<\/li>\n<li>Tresse en acier inoxydable (SS)<\/li>\n<li>Prise<\/li>\n<li>Type J ou Type K (remplacer J par K dans la r\u00e9f\u00e9rence)<\/li>\n<li>Longueurs de c\u00e2ble standard : 24&Prime;, 36&Prime;, 48&Prime;, 60&Prime;, 72&Prime;, 84&Prime;, 96&Prime;, 108&Prime;, 120&Prime; et 144&Prime;.<\/li>\n<\/ul>\n<\/td>\n<\/tr>\n<tr>\n<td>TC-J-5-36SS-PLG<\/td>\n<\/tr>\n<tr>\n<td>TC-J-5-48SS-PLG<\/td>\n<\/tr>\n<tr>\n<td>TC-J-5-60SS-PLG<\/td>\n<\/tr>\n<tr>\n<td>TC-J-5-72SS-PLG<\/td>\n<\/tr>\n<tr>\n<td>TC-J-5-84SS-PLG<\/td>\n<\/tr>\n<tr>\n<td>TC-J-5-96SS-PLG<\/td>\n<\/tr>\n<tr>\n<td>TC-J-5-108SS-PLG<\/td>\n<\/tr>\n<tr>\n<td>TC-J-5-120SS-PLG<\/td>\n<\/tr>\n<tr>\n<td>TC-J-5-144SS-PLG<\/td>\n<\/tr>\n<tr>\n<td style=\"padding: 0;\" colspan=\"3\" bgcolor=\"#000000\" height=\"1\"><\/td>\n<\/tr>\n<tr>\n<td width=\"140\">TC-J-5-24AC-SL<\/td>\n<td rowspan=\"10\" valign=\"middle\"><img decoding=\"async\" src=\"https:\/\/tri-volt.com\/wp-content\/uploads\/2014\/10\/ring3.jpg\" width=\"350\" \/><\/td>\n<td rowspan=\"10\" valign=\"middle\">\n<ul>\n<li>Borne \u00e0 anneau et tube<\/li>\n<li>C\u00e2ble d&rsquo;armure (AC)<\/li>\n<li>Cosses 10-32 standard<\/li>\n<li>Type J ou Type K (remplacer J par K dans le num\u00e9ro d&rsquo;article)<\/li>\n<li>Longueurs de c\u00e2ble standard : 24&Prime;, 36&Prime;, 48&Prime;, 60&Prime;, 72&Prime;, 84&Prime;, 96&Prime;, 108&Prime;, 120&Prime; et 144&Prime;.<\/li>\n<\/ul>\n<\/td>\n<\/tr>\n<tr>\n<td>TC-J-5-36AC-SL<\/td>\n<\/tr>\n<tr>\n<td>TC-J-5-48AC-SL<\/td>\n<\/tr>\n<tr>\n<td>TC-J-5-60AC-SL<\/td>\n<\/tr>\n<tr>\n<td>TC-J-5-72AC-SL<\/td>\n<\/tr>\n<tr>\n<td>TC-J-5-84AC-SL<\/td>\n<\/tr>\n<tr>\n<td>TC-J-5-96AC-SL<\/td>\n<\/tr>\n<tr>\n<td>TC-J-5-108AC-SL<\/td>\n<\/tr>\n<tr>\n<td>TC-J-5-120AC-SL<\/td>\n<\/tr>\n<tr>\n<td>TC-J-5-144AC-SL<\/td>\n<\/tr>\n<tr>\n<td style=\"padding: 0;\" colspan=\"3\" bgcolor=\"#000000\" height=\"1\"><\/td>\n<\/tr>\n<tr>\n<td width=\"140\">TC-J-5-24AC-PLG<\/td>\n<td rowspan=\"10\" valign=\"middle\"><img decoding=\"async\" src=\"https:\/\/tri-volt.com\/wp-content\/uploads\/2014\/10\/ring4.jpg\" width=\"350\" \/><\/td>\n<td rowspan=\"10\" valign=\"middle\">\n<ul>\n<li>Borne \u00e0 anneau et tube<\/li>\n<li>C\u00e2ble d&rsquo;armure (AC)<\/li>\n<li>Prise<\/li>\n<li>Type J ou Type K (remplacer J par K dans le num\u00e9ro d&rsquo;article)<\/li>\n<li>Longueurs de c\u00e2ble standard : 24&Prime;, 36&Prime;, 48&Prime;, 60&Prime;, 72&Prime;, 84&Prime;, 96&Prime;, 108&Prime;, 120&Prime; et 144&Prime;.<\/li>\n<\/ul>\n<\/td>\n<\/tr>\n<tr>\n<td>TC-J-5-36AC-PLG<\/td>\n<\/tr>\n<tr>\n<td>TC-J-5-48AC-PLG<\/td>\n<\/tr>\n<tr>\n<td>TC-J-5-60AC-PLG<\/td>\n<\/tr>\n<tr>\n<td>TC-J-5-72AC-PLG<\/td>\n<\/tr>\n<tr>\n<td>TC-J-5-84AC-PLG<\/td>\n<\/tr>\n<tr>\n<td>TC-J-5-96AC-PLG<\/td>\n<\/tr>\n<tr>\n<td>TC-J-5-108AC-PLG<\/td>\n<\/tr>\n<tr>\n<td>TC-J-5-120AC-PLG<\/td>\n<\/tr>\n<tr>\n<td>TC-J-5-144AC-PLG<\/td>\n<\/tr>\n<tr>\n<td style=\"padding: 0;\" colspan=\"3\" bgcolor=\"#000000\" height=\"1\"><\/td>\n<\/tr>\n<\/tbody>\n<\/table>\n","protected":false},"excerpt":{"rendered":"<p>THERMOCOUPLES \u00c0 ANNEAU TC-J-5-24SS-SL Borne \u00e0 anneau et tube Tresse en acier inoxydable (SS) Cosses 10-32 standard Type J ou Type K (remplacer J par K dans le num\u00e9ro d&rsquo;article) Longueurs de c\u00e2ble standard : 24&Prime;, 36&Prime;, 48&Prime;, 60&Prime;, 72&Prime;, 84&Prime;, 96&Prime;, 108&Prime;, 120&Prime; et 144&Prime; TC-J-5-36SS-SL TC-J-5-48SS-SL TC-J-5-60SS-SL TC-J-5-72SS-SL TC-J-5-84SS-SL TC-J-5-96SS-SL TC-J-5-108SS-SL TC-J-5-120SS-SL TC-J-5-144SS-SL [&hellip;]<\/p>\n","protected":false},"author":12,"featured_media":0,"parent":3253,"menu_order":0,"comment_status":"open","ping_status":"open","template":"","meta":{"footnotes":""},"class_list":["post-3353","page","type-page","status-publish","hentry"],"aioseo_notices":[],"_links":{"self":[{"href":"https:\/\/tri-volt.com\/fr\/wp-json\/wp\/v2\/pages\/3353","targetHints":{"allow":["GET"]}}],"collection":[{"href":"https:\/\/tri-volt.com\/fr\/wp-json\/wp\/v2\/pages"}],"about":[{"href":"https:\/\/tri-volt.com\/fr\/wp-json\/wp\/v2\/types\/page"}],"author":[{"embeddable":true,"href":"https:\/\/tri-volt.com\/fr\/wp-json\/wp\/v2\/users\/12"}],"replies":[{"embeddable":true,"href":"https:\/\/tri-volt.com\/fr\/wp-json\/wp\/v2\/comments?post=3353"}],"version-history":[{"count":2,"href":"https:\/\/tri-volt.com\/fr\/wp-json\/wp\/v2\/pages\/3353\/revisions"}],"predecessor-version":[{"id":3355,"href":"https:\/\/tri-volt.com\/fr\/wp-json\/wp\/v2\/pages\/3353\/revisions\/3355"}],"up":[{"embeddable":true,"href":"https:\/\/tri-volt.com\/fr\/wp-json\/wp\/v2\/pages\/3253"}],"wp:attachment":[{"href":"https:\/\/tri-volt.com\/fr\/wp-json\/wp\/v2\/media?parent=3353"}],"curies":[{"name":"wp","href":"https:\/\/api.w.org\/{rel}","templated":true}]}}