{"id":3359,"date":"2014-11-13T16:39:20","date_gmt":"2014-11-13T16:39:20","guid":{"rendered":"https:\/\/tri-volt.com\/industriel\/bouchon-a-vis-et-immersion-a-bride\/square-flanged-immersion-heater\/"},"modified":"2023-11-30T02:29:53","modified_gmt":"2023-11-30T02:29:53","slug":"thermoplongeur-a-bride-carree","status":"publish","type":"page","link":"https:\/\/tri-volt.com\/fr\/industriel\/bouchon-a-vis-et-immersion-a-bride\/thermoplongeur-a-bride-carree\/","title":{"rendered":"Thermoplongeur \u00e0 bride carr\u00e9e"},"content":{"rendered":"<p><strong>Thermoplongeur \u00e0 bride carr\u00e9e 6&Prime;x6&Prime; (150psi)<\/strong><\/p>\n<p><a href=\"https:\/\/tri-volt.com\/wp-content\/uploads\/2014\/11\/IM-0002.jpg\" target=\"_blank\" rel=\"noopener\"><img decoding=\"async\" class=\"alignleft wp-image-906\" src=\"https:\/\/tri-volt.com\/wp-content\/uploads\/2014\/11\/IM-0002.jpg\" alt=\"TriVolt-Square-Flanged-6\" width=\"100%\" \/><\/a><\/p>\n<p><strong>Thermoplongeur \u00e0 bride carr\u00e9e 3&Prime;x3&Prime; (150psi)<\/strong><\/p>\n<p><a href=\"https:\/\/tri-volt.com\/wp-content\/uploads\/2014\/11\/IM-0001.jpg\" target=\"_blank\" rel=\"noopener\"><img decoding=\"async\" class=\"alignleft wp-image-906\" src=\"https:\/\/tri-volt.com\/wp-content\/uploads\/2014\/11\/IM-0001.jpg\" alt=\"TriVolt-Square-Flanged-3\" width=\"100%\" \/><\/a><\/p>\n","protected":false},"excerpt":{"rendered":"<p>Thermoplongeur \u00e0 bride carr\u00e9e 6&Prime;x6&Prime; (150psi) Thermoplongeur \u00e0 bride carr\u00e9e 3&Prime;x3&Prime; (150psi)<\/p>\n","protected":false},"author":12,"featured_media":0,"parent":3298,"menu_order":0,"comment_status":"open","ping_status":"closed","template":"","meta":{"footnotes":""},"class_list":["post-3359","page","type-page","status-publish","hentry"],"aioseo_notices":[],"_links":{"self":[{"href":"https:\/\/tri-volt.com\/fr\/wp-json\/wp\/v2\/pages\/3359","targetHints":{"allow":["GET"]}}],"collection":[{"href":"https:\/\/tri-volt.com\/fr\/wp-json\/wp\/v2\/pages"}],"about":[{"href":"https:\/\/tri-volt.com\/fr\/wp-json\/wp\/v2\/types\/page"}],"author":[{"embeddable":true,"href":"https:\/\/tri-volt.com\/fr\/wp-json\/wp\/v2\/users\/12"}],"replies":[{"embeddable":true,"href":"https:\/\/tri-volt.com\/fr\/wp-json\/wp\/v2\/comments?post=3359"}],"version-history":[{"count":2,"href":"https:\/\/tri-volt.com\/fr\/wp-json\/wp\/v2\/pages\/3359\/revisions"}],"predecessor-version":[{"id":3361,"href":"https:\/\/tri-volt.com\/fr\/wp-json\/wp\/v2\/pages\/3359\/revisions\/3361"}],"up":[{"embeddable":true,"href":"https:\/\/tri-volt.com\/fr\/wp-json\/wp\/v2\/pages\/3298"}],"wp:attachment":[{"href":"https:\/\/tri-volt.com\/fr\/wp-json\/wp\/v2\/media?parent=3359"}],"curies":[{"name":"wp","href":"https:\/\/api.w.org\/{rel}","templated":true}]}}